{"id":167,"date":"2022-09-12T20:51:05","date_gmt":"2022-09-12T20:51:05","guid":{"rendered":"https:\/\/nhd.org\/?page_id=167"},"modified":"2023-04-03T16:10:04","modified_gmt":"2023-04-03T16:10:04","slug":"courses","status":"publish","type":"page","link":"https:\/\/nhd.org\/es\/teacher-resources\/courses\/","title":{"rendered":"Cursos"},"content":{"rendered":"","protected":false},"excerpt":{"rendered":"<p class=\"is-style-intro\">National History Day<sup>\u00ae<\/sup> (NHD) ofrece oportunidades de desarrollo profesional para maestros. Estos programas virtuales les permiten a los maestros obtener horas de desarrollo profesional o cr\u00e9ditos de extensi\u00f3n de posgrado. Algunos cursos se enfocan en contenido hist\u00f3rico mientras que otros se enfocan en habilidades de pensamiento hist\u00f3rico y pedagog\u00eda en el sal\u00f3n de clases. NHD tambi\u00e9n ofrece cursos en l\u00ednea dise\u00f1ados espec\u00edficamente para maestros en un estado o distrito escolar en particular. Para m\u00e1s informaci\u00f3n, por favor <a href=\"mailto:programs@nhd.org\">contacta a nuestro equipo<\/a>.  <\/p>","protected":false},"author":2,"featured_media":0,"parent":67,"menu_order":2,"comment_status":"closed","ping_status":"closed","template":"page-post_type-archive.php","meta":{"featured_image_background_position":"","post_type":"resource","query":"{\"resource-type\":\"course\"}","taxonomies":"[{ \"slug\":\"post-topic\", \"label\":\"Topic (Series)\", \"query\":\"by-topic\" }]","per_page":"","columns":"","layout":"","header-background-color":"","header-color":"","show_promoted":true,"show_site_promotions":true,"footnotes":""},"class_list":["post-167","page","type-page","status-publish","hentry"],"yoast_head":"<!-- This site is optimized with the Yoast SEO plugin v27.4 - https:\/\/yoast.com\/product\/yoast-seo-wordpress\/ -->\n<title>Courses - National History Day<\/title>\n<meta name=\"description\" content=\"Professional development for teachers, from historical content to historical thinking skills to classroom pedagogy\" \/>\n<meta name=\"robots\" content=\"index, follow, max-snippet:-1, max-image-preview:large, max-video-preview:-1\" \/>\n<link rel=\"canonical\" href=\"https:\/\/nhd.org\/es\/teacher-resources\/courses\/\" \/>\n<meta property=\"og:locale\" content=\"es_ES\" \/>\n<meta property=\"og:type\" content=\"article\" \/>\n<meta property=\"og:title\" content=\"Courses - National History Day\" \/>\n<meta property=\"og:description\" content=\"Professional development for teachers, from historical content to historical thinking skills to classroom pedagogy\" \/>\n<meta property=\"og:url\" content=\"https:\/\/nhd.org\/es\/teacher-resources\/courses\/\" \/>\n<meta property=\"og:site_name\" content=\"National History Day\" \/>\n<meta property=\"article:publisher\" content=\"https:\/\/www.facebook.com\/nationalhistoryday\/\" \/>\n<meta property=\"article:modified_time\" content=\"2023-04-03T16:10:04+00:00\" \/>\n<meta property=\"og:image\" content=\"https:\/\/nhd.org\/wp-content\/uploads\/2022\/09\/NHD_2022_SocialImage.jpg\" \/>\n\t<meta property=\"og:image:width\" content=\"1200\" \/>\n\t<meta property=\"og:image:height\" content=\"631\" \/>\n\t<meta property=\"og:image:type\" content=\"image\/jpeg\" \/>\n<meta name=\"twitter:card\" content=\"summary_large_image\" \/>\n<meta name=\"twitter:site\" content=\"@NationalHistory\" \/>\n<script type=\"application\/ld+json\" class=\"yoast-schema-graph\">{\"@context\":\"https:\\\/\\\/schema.org\",\"@graph\":[{\"@type\":\"WebPage\",\"@id\":\"https:\\\/\\\/nhd.org\\\/es\\\/teacher-resources\\\/courses\\\/\",\"url\":\"https:\\\/\\\/nhd.org\\\/es\\\/teacher-resources\\\/courses\\\/\",\"name\":\"Courses - National History Day\",\"isPartOf\":{\"@id\":\"https:\\\/\\\/nhd.org\\\/en\\\/#website\"},\"datePublished\":\"2022-09-12T20:51:05+00:00\",\"dateModified\":\"2023-04-03T16:10:04+00:00\",\"description\":\"Professional development for teachers, from historical content to historical thinking skills to classroom pedagogy\",\"breadcrumb\":{\"@id\":\"https:\\\/\\\/nhd.org\\\/es\\\/teacher-resources\\\/courses\\\/#breadcrumb\"},\"inLanguage\":\"es\",\"potentialAction\":[{\"@type\":\"ReadAction\",\"target\":[\"https:\\\/\\\/nhd.org\\\/es\\\/teacher-resources\\\/courses\\\/\"]}]},{\"@type\":\"BreadcrumbList\",\"@id\":\"https:\\\/\\\/nhd.org\\\/es\\\/teacher-resources\\\/courses\\\/#breadcrumb\",\"itemListElement\":[{\"@type\":\"ListItem\",\"position\":1,\"name\":\"Home\",\"item\":\"https:\\\/\\\/nhd.org\\\/en\\\/\"},{\"@type\":\"ListItem\",\"position\":2,\"name\":\"Teacher Resources\",\"item\":\"https:\\\/\\\/nhd.org\\\/en\\\/teacher-resources\\\/\"},{\"@type\":\"ListItem\",\"position\":3,\"name\":\"Courses\"}]},{\"@type\":\"WebSite\",\"@id\":\"https:\\\/\\\/nhd.org\\\/en\\\/#website\",\"url\":\"https:\\\/\\\/nhd.org\\\/en\\\/\",\"name\":\"National History Day\",\"description\":\"National History Day improves the teaching and learning of history.\",\"publisher\":{\"@id\":\"https:\\\/\\\/nhd.org\\\/en\\\/#organization\"},\"potentialAction\":[{\"@type\":\"SearchAction\",\"target\":{\"@type\":\"EntryPoint\",\"urlTemplate\":\"https:\\\/\\\/nhd.org\\\/en\\\/?s={search_term_string}\"},\"query-input\":{\"@type\":\"PropertyValueSpecification\",\"valueRequired\":true,\"valueName\":\"search_term_string\"}}],\"inLanguage\":\"es\"},{\"@type\":\"Organization\",\"@id\":\"https:\\\/\\\/nhd.org\\\/en\\\/#organization\",\"name\":\"National History Day\",\"url\":\"https:\\\/\\\/nhd.org\\\/en\\\/\",\"logo\":{\"@type\":\"ImageObject\",\"inLanguage\":\"es\",\"@id\":\"https:\\\/\\\/nhd.org\\\/en\\\/#\\\/schema\\\/logo\\\/image\\\/\",\"url\":\"https:\\\/\\\/nhd.org\\\/wp-content\\\/uploads\\\/2023\\\/02\\\/NHDLogo_R_web.png\",\"contentUrl\":\"https:\\\/\\\/nhd.org\\\/wp-content\\\/uploads\\\/2023\\\/02\\\/NHDLogo_R_web.png\",\"width\":600,\"height\":503,\"caption\":\"National History Day\"},\"image\":{\"@id\":\"https:\\\/\\\/nhd.org\\\/en\\\/#\\\/schema\\\/logo\\\/image\\\/\"},\"sameAs\":[\"https:\\\/\\\/www.facebook.com\\\/nationalhistoryday\\\/\",\"https:\\\/\\\/x.com\\\/NationalHistory\",\"https:\\\/\\\/www.youtube.com\\\/c\\\/nationalhistoryday\",\"https:\\\/\\\/www.instagram.com\\\/nhdcontest\\\/\"]}]}<\/script>\n<!-- \/ Yoast SEO plugin. -->","yoast_head_json":{"title":"Cursos - National History Day","description":"Desarrollo profesional para docentes, desde el contenido hist\u00f3rico hasta las habilidades de pensamiento hist\u00f3rico y la pedagog\u00eda en el aula.","robots":{"index":"index","follow":"follow","max-snippet":"max-snippet:-1","max-image-preview":"max-image-preview:large","max-video-preview":"max-video-preview:-1"},"canonical":"https:\/\/nhd.org\/es\/teacher-resources\/courses\/","og_locale":"es_ES","og_type":"article","og_title":"Courses - National History Day","og_description":"Professional development for teachers, from historical content to historical thinking skills to classroom pedagogy","og_url":"https:\/\/nhd.org\/es\/teacher-resources\/courses\/","og_site_name":"National History Day","article_publisher":"https:\/\/www.facebook.com\/nationalhistoryday\/","article_modified_time":"2023-04-03T16:10:04+00:00","og_image":[{"width":1200,"height":631,"url":"https:\/\/nhd.org\/wp-content\/uploads\/2022\/09\/NHD_2022_SocialImage.jpg","type":"image\/jpeg"}],"twitter_card":"summary_large_image","twitter_site":"@NationalHistory","schema":{"@context":"https:\/\/schema.org","@graph":[{"@type":"WebPage","@id":"https:\/\/nhd.org\/es\/teacher-resources\/courses\/","url":"https:\/\/nhd.org\/es\/teacher-resources\/courses\/","name":"Cursos - National History Day","isPartOf":{"@id":"https:\/\/nhd.org\/en\/#website"},"datePublished":"2022-09-12T20:51:05+00:00","dateModified":"2023-04-03T16:10:04+00:00","description":"Desarrollo profesional para docentes, desde el contenido hist\u00f3rico hasta las habilidades de pensamiento hist\u00f3rico y la pedagog\u00eda en el aula.","breadcrumb":{"@id":"https:\/\/nhd.org\/es\/teacher-resources\/courses\/#breadcrumb"},"inLanguage":"es","potentialAction":[{"@type":"ReadAction","target":["https:\/\/nhd.org\/es\/teacher-resources\/courses\/"]}]},{"@type":"BreadcrumbList","@id":"https:\/\/nhd.org\/es\/teacher-resources\/courses\/#breadcrumb","itemListElement":[{"@type":"ListItem","position":1,"name":"Home","item":"https:\/\/nhd.org\/en\/"},{"@type":"ListItem","position":2,"name":"Teacher Resources","item":"https:\/\/nhd.org\/en\/teacher-resources\/"},{"@type":"ListItem","position":3,"name":"Courses"}]},{"@type":"WebSite","@id":"https:\/\/nhd.org\/en\/#website","url":"https:\/\/nhd.org\/en\/","name":"National History Day","description":"National History Day mejora la ense\u00f1anza y el aprendizaje de la historia.","publisher":{"@id":"https:\/\/nhd.org\/en\/#organization"},"potentialAction":[{"@type":"SearchAction","target":{"@type":"EntryPoint","urlTemplate":"https:\/\/nhd.org\/en\/?s={search_term_string}"},"query-input":{"@type":"PropertyValueSpecification","valueRequired":true,"valueName":"search_term_string"}}],"inLanguage":"es"},{"@type":"Organization","@id":"https:\/\/nhd.org\/en\/#organization","name":"National History Day","url":"https:\/\/nhd.org\/en\/","logo":{"@type":"ImageObject","inLanguage":"es","@id":"https:\/\/nhd.org\/en\/#\/schema\/logo\/image\/","url":"https:\/\/nhd.org\/wp-content\/uploads\/2023\/02\/NHDLogo_R_web.png","contentUrl":"https:\/\/nhd.org\/wp-content\/uploads\/2023\/02\/NHDLogo_R_web.png","width":600,"height":503,"caption":"National History Day"},"image":{"@id":"https:\/\/nhd.org\/en\/#\/schema\/logo\/image\/"},"sameAs":["https:\/\/www.facebook.com\/nationalhistoryday\/","https:\/\/x.com\/NationalHistory","https:\/\/www.youtube.com\/c\/nationalhistoryday","https:\/\/www.instagram.com\/nhdcontest\/"]}]}},"jetpack_sharing_enabled":true,"_links":{"self":[{"href":"https:\/\/nhd.org\/es\/wp-json\/wp\/v2\/pages\/167","targetHints":{"allow":["GET"]}}],"collection":[{"href":"https:\/\/nhd.org\/es\/wp-json\/wp\/v2\/pages"}],"about":[{"href":"https:\/\/nhd.org\/es\/wp-json\/wp\/v2\/types\/page"}],"author":[{"embeddable":true,"href":"https:\/\/nhd.org\/es\/wp-json\/wp\/v2\/users\/2"}],"replies":[{"embeddable":true,"href":"https:\/\/nhd.org\/es\/wp-json\/wp\/v2\/comments?post=167"}],"version-history":[{"count":11,"href":"https:\/\/nhd.org\/es\/wp-json\/wp\/v2\/pages\/167\/revisions"}],"predecessor-version":[{"id":4936,"href":"https:\/\/nhd.org\/es\/wp-json\/wp\/v2\/pages\/167\/revisions\/4936"}],"up":[{"embeddable":true,"href":"https:\/\/nhd.org\/es\/wp-json\/wp\/v2\/pages\/67"}],"wp:attachment":[{"href":"https:\/\/nhd.org\/es\/wp-json\/wp\/v2\/media?parent=167"}],"curies":[{"name":"palabra clave","href":"https:\/\/api.w.org\/{rel}","templated":true}]}}