{"id":175,"date":"2022-09-12T20:53:15","date_gmt":"2022-09-12T20:53:15","guid":{"rendered":"https:\/\/nhd.org\/?page_id=175"},"modified":"2025-09-02T18:42:14","modified_gmt":"2025-09-02T18:42:14","slug":"theme","status":"publish","type":"page","link":"https:\/\/nhd.org\/es\/contest\/theme\/","title":{"rendered":"Tema"},"content":{"rendered":"<div role=\"region\" aria-labelledby=\"page-title\" class=\"theme-block wp-block-theme-blocks-page-banner full-width has-background has-background-color\" style=\"--background-color:#d7d2cb\"><div class=\"layout\"><h1 class=\"block-title appear-on-scroll\" id=\"page-title\">Tema<\/h1>\n<div class=\"block-content appear-on-scroll\">\n<p  class=\"appear-on-scroll is-style-intro\" >El National History Day anual<sup>\u00ae<\/sup> El tema del concurso est\u00e1 dise\u00f1ado para ayudarte a pensar en un tema de cualquier aspecto de la historia local, regional, nacional o mundial. Con este enfoque, puede comenzar a hacer preguntas que su investigaci\u00f3n lo ayudar\u00e1 a responder, incluida la importancia de su tema en la historia.&nbsp;<\/p>\n<\/div>\n\n<div class=\"block-media appear-on-scroll\" style=\"\">\n<figure  class=\"appear-on-scroll wp-block-image size-full is-resized\" ><img decoding=\"async\" width=\"2560\" height=\"974\" data-src=\"https:\/\/nhd.org\/wp-content\/uploads\/2025\/06\/NHD_2026ThemeBookGraphics_FB_WithText-scaled.jpg\" alt=\"\" class=\"wp-image-8128 lazyload\" style=\"--smush-placeholder-width: 2560px; --smush-placeholder-aspect-ratio: 2560\/974;aspect-ratio:2.62;width:1003px;height:auto\" data-srcset=\"https:\/\/nhd.org\/wp-content\/uploads\/2025\/06\/NHD_2026ThemeBookGraphics_FB_WithText-scaled.jpg 2560w, https:\/\/nhd.org\/wp-content\/uploads\/2025\/06\/NHD_2026ThemeBookGraphics_FB_WithText-300x114.jpg 300w, https:\/\/nhd.org\/wp-content\/uploads\/2025\/06\/NHD_2026ThemeBookGraphics_FB_WithText-1024x390.jpg 1024w, https:\/\/nhd.org\/wp-content\/uploads\/2025\/06\/NHD_2026ThemeBookGraphics_FB_WithText-768x292.jpg 768w, https:\/\/nhd.org\/wp-content\/uploads\/2025\/06\/NHD_2026ThemeBookGraphics_FB_WithText-1536x584.jpg 1536w, https:\/\/nhd.org\/wp-content\/uploads\/2025\/06\/NHD_2026ThemeBookGraphics_FB_WithText-2048x779.jpg 2048w, https:\/\/nhd.org\/wp-content\/uploads\/2025\/06\/NHD_2026ThemeBookGraphics_FB_WithText-18x7.jpg 18w, https:\/\/nhd.org\/wp-content\/uploads\/2025\/06\/NHD_2026ThemeBookGraphics_FB_WithText-1600x609.jpg 1600w, https:\/\/nhd.org\/wp-content\/uploads\/2025\/06\/NHD_2026ThemeBookGraphics_FB_WithText-1000x380.jpg 1000w, https:\/\/nhd.org\/wp-content\/uploads\/2025\/06\/NHD_2026ThemeBookGraphics_FB_WithText-2000x761.jpg 2000w, https:\/\/nhd.org\/wp-content\/uploads\/2025\/06\/NHD_2026ThemeBookGraphics_FB_WithText-400x152.jpg 400w\" data-sizes=\"(max-width: 2560px) 100vw, 2560px\" src=\"data:image\/svg+xml;base64,PHN2ZyB3aWR0aD0iMSIgaGVpZ2h0PSIxIiB4bWxucz0iaHR0cDovL3d3dy53My5vcmcvMjAwMC9zdmciPjwvc3ZnPg==\" \/><\/figure>\n<\/div>\n<div class=\"block-background\"><\/div><\/div><\/div><style>:root { --header-background-color: #d7d2cb }<\/style>\n\n<p  class=\"appear-on-scroll has-no-margin-bottom has-blue-color has-text-color has-medium-font-size\" ><strong>Tema del concurso 2026<\/strong><\/p>\n\n<h2  class=\"appear-on-scroll wp-block-heading has-no-margin-top\"  style=\"font-style:italic;font-weight:600\"><span class=\"text\">Revoluci\u00f3n, Reacci\u00f3n, Reforma <em>en Historia<\/em><\/span><\/h2>\n\n<p class=\"appear-on-scroll\">Para coincidir con la conmemoraci\u00f3n del 250 aniversario de la Declaraci\u00f3n de Independencia, el tema de NHD para 2026 es <em>Revoluci\u00f3n, reacci\u00f3n y reforma en la historia<\/em>Las distinciones entre revoluciones, reacciones y reformas a veces son difusas. Las revoluciones y las reformas suelen ser reacciones a ideas, acciones o acontecimientos. A su vez, las revoluciones y las reformas inspiran reacciones. Pi\u00e9nselo como un efecto domin\u00f3: si uno derriba, derriba al siguiente, que derriba...<\/p>\n\n<p class=\"appear-on-scroll\">La primera pregunta que me viene a la mente es: &quot;\u00bfDeben los estudiantes centrarse en las tres palabras: revoluci\u00f3n, reacci\u00f3n, reforma?&quot;. No, no es necesario que los estudiantes se centren en los tres aspectos del tema. Depende del tema. Si el tema abarca los tres, los estudiantes deben asegurarse de incluirlos.<\/p>\n\n<p class=\"appear-on-scroll\">Los siguientes recursos est\u00e1n disponibles para comenzar a definir su tema y comenzar su investigaci\u00f3n.<\/p>\n\n<div class=\"wp-block-theme-blocks-cards theme-block has-half-margin-bottom is-style-content-width\" style=\"\"><div class=\"query-posts two-across\">\n<div class=\"wp-block-theme-blocks-card theme-block has-background hentry is-style-default has-#f6f1ee-background-color has-image\" style=\"--background-color:#f6f1ee\"><div class=\"layout\"><div class=\"block-image\"><img decoding=\"async\" width=\"400\" height=\"214\" data-src=\"https:\/\/nhd.org\/wp-content\/uploads\/2025\/06\/theme-video-image-400x214.png\" class=\"attachment-logo size-logo lazyload\" alt=\"\" data-srcset=\"https:\/\/nhd.org\/wp-content\/uploads\/2025\/06\/theme-video-image-400x214.png 400w, https:\/\/nhd.org\/wp-content\/uploads\/2025\/06\/theme-video-image-300x160.png 300w, https:\/\/nhd.org\/wp-content\/uploads\/2025\/06\/theme-video-image-1024x548.png 1024w, https:\/\/nhd.org\/wp-content\/uploads\/2025\/06\/theme-video-image-768x411.png 768w, https:\/\/nhd.org\/wp-content\/uploads\/2025\/06\/theme-video-image-1536x821.png 1536w, https:\/\/nhd.org\/wp-content\/uploads\/2025\/06\/theme-video-image-18x10.png 18w, https:\/\/nhd.org\/wp-content\/uploads\/2025\/06\/theme-video-image-1600x856.png 1600w, https:\/\/nhd.org\/wp-content\/uploads\/2025\/06\/theme-video-image-1000x535.png 1000w, https:\/\/nhd.org\/wp-content\/uploads\/2025\/06\/theme-video-image.png 1911w\" data-sizes=\"(max-width: 400px) 100vw, 400px\" src=\"data:image\/svg+xml;base64,PHN2ZyB3aWR0aD0iMSIgaGVpZ2h0PSIxIiB4bWxucz0iaHR0cDovL3d3dy53My5vcmcvMjAwMC9zdmciPjwvc3ZnPg==\" style=\"--smush-placeholder-width: 400px; --smush-placeholder-aspect-ratio: 400\/214;\" \/><\/div><div class=\"block-content\">\n<h2  class=\"appear-on-scroll wp-block-heading has-text-align-center\" ><span class=\"text\">V\u00eddeo de descripci\u00f3n general del tema<\/span><\/h2>\n\n\n<div class=\"wp-block-buttons is-content-justification-center is-layout-flex wp-container-core-buttons-is-layout-a89b3969 wp-block-buttons-is-layout-flex\"><div  class=\"appear-on-scroll wp-block-button\" ><a class=\"wp-block-button__link has-text-align-center wp-element-button\" href=\"https:\/\/youtu.be\/f0UKT2ln1fo\"><span class=\"label\">Mira EL video del tema en YOUTUBE<\/span><\/a><\/div>\n\n<div  class=\"appear-on-scroll wp-block-button\" ><a class=\"wp-block-button__link has-text-align-center wp-element-button\" href=\"https:\/\/vimeo.com\/1090919044?share=copy#t=0\"><span class=\"label\">VER EL VIDEO DEL TEMA en VIMEO<\/span><\/a><\/div><\/div>\n\n<\/div><\/div><span class=\"card-icon\"><span class=\"icon fa-solid fa-play\"><\/span><\/span><\/div>\n\n<div class=\"wp-block-theme-blocks-card theme-block has-background hentry is-style-default has-#f6f1ee-background-color has-image\" style=\"--background-color:#f6f1ee\"><div class=\"layout\"><div class=\"block-image\"><img decoding=\"async\" width=\"400\" height=\"330\" data-src=\"https:\/\/nhd.org\/wp-content\/uploads\/2025\/09\/Website-Book-Template-400x330.png\" class=\"attachment-logo size-logo lazyload\" alt=\"\" data-srcset=\"https:\/\/nhd.org\/wp-content\/uploads\/2025\/09\/Website-Book-Template-400x330.png 400w, https:\/\/nhd.org\/wp-content\/uploads\/2025\/09\/Website-Book-Template-300x248.png 300w, https:\/\/nhd.org\/wp-content\/uploads\/2025\/09\/Website-Book-Template-1024x845.png 1024w, https:\/\/nhd.org\/wp-content\/uploads\/2025\/09\/Website-Book-Template-768x634.png 768w, https:\/\/nhd.org\/wp-content\/uploads\/2025\/09\/Website-Book-Template-15x12.png 15w, https:\/\/nhd.org\/wp-content\/uploads\/2025\/09\/Website-Book-Template-1000x825.png 1000w, https:\/\/nhd.org\/wp-content\/uploads\/2025\/09\/Website-Book-Template.png 1260w\" data-sizes=\"(max-width: 400px) 100vw, 400px\" src=\"data:image\/svg+xml;base64,PHN2ZyB3aWR0aD0iMSIgaGVpZ2h0PSIxIiB4bWxucz0iaHR0cDovL3d3dy53My5vcmcvMjAwMC9zdmciPjwvc3ZnPg==\" style=\"--smush-placeholder-width: 400px; --smush-placeholder-aspect-ratio: 400\/330;\" \/><\/div><div class=\"block-content\">\n<h2  class=\"appear-on-scroll wp-block-heading has-text-align-center\" ><span class=\"text\">Libro tem\u00e1tico<\/span><\/h2>\n\n\n<div class=\"wp-block-buttons is-content-justification-center is-layout-flex wp-container-core-buttons-is-layout-a89b3969 wp-block-buttons-is-layout-flex\"><div  class=\"appear-on-scroll wp-block-button\" ><a class=\"wp-block-button__link wp-element-button\" href=\"https:\/\/nhd.org\/wp-content\/uploads\/2025\/06\/NHD_2026_ThemeBook_online_052225.pdf\"><span class=\"icon fa-solid fa-download is-prepended-icon\"><\/span><span class=\"label\">descargar libro de temas<\/span><\/a><\/div><\/div>\n\n<\/div><\/div><span class=\"card-icon\"><span class=\"icon fa-solid fa-download\"><\/span><\/span><\/div>\n\n<div class=\"wp-block-theme-blocks-card theme-block has-background hentry is-style-default has-#f6f1ee-background-color has-#fff-color has-image\" style=\"--background-color:#f6f1ee;--color:#fff\"><div class=\"layout\"><div class=\"block-image\"><img decoding=\"async\" width=\"400\" height=\"518\" data-src=\"https:\/\/nhd.org\/wp-content\/uploads\/2025\/06\/theme-book-cover-400x518.png\" class=\"attachment-logo size-logo lazyload\" alt=\"\" data-srcset=\"https:\/\/nhd.org\/wp-content\/uploads\/2025\/06\/theme-book-cover-400x518.png 400w, https:\/\/nhd.org\/wp-content\/uploads\/2025\/06\/theme-book-cover-232x300.png 232w, https:\/\/nhd.org\/wp-content\/uploads\/2025\/06\/theme-book-cover-9x12.png 9w, https:\/\/nhd.org\/wp-content\/uploads\/2025\/06\/theme-book-cover-e1756819565926.png 500w\" data-sizes=\"(max-width: 400px) 100vw, 400px\" src=\"data:image\/svg+xml;base64,PHN2ZyB3aWR0aD0iMSIgaGVpZ2h0PSIxIiB4bWxucz0iaHR0cDovL3d3dy53My5vcmcvMjAwMC9zdmciPjwvc3ZnPg==\" style=\"--smush-placeholder-width: 400px; --smush-placeholder-aspect-ratio: 400\/518;\" \/><\/div><div class=\"block-content\">\n<h2  class=\"appear-on-scroll wp-block-heading has-text-align-center has-black-color has-text-color\" ><span class=\"text\">Hoja de lluvia de ideas sobre temas<\/span><\/h2>\n\n<p  class=\"appear-on-scroll has-black-color has-text-color\" >\u00bfBuscas un tema? \u00a1Usa esta hoja de lluvia de ideas con el video para empezar!<\/p>\n\n\n<div class=\"wp-block-buttons is-content-justification-center is-layout-flex wp-container-core-buttons-is-layout-a89b3969 wp-block-buttons-is-layout-flex\"><div  class=\"appear-on-scroll wp-block-button\" ><a class=\"wp-block-button__link wp-element-button\" href=\"https:\/\/nhd.org\/wp-content\/uploads\/2025\/06\/2026-NHD-Theme-Brainstorm-Sheet-for-web.pdf\"><span class=\"icon fa-solid fa-download is-prepended-icon\"><\/span><span class=\"label\">Descargar la hoja de lluvia de ideas sobre temas<\/span><\/a><\/div><\/div>\n\n<\/div><\/div><span class=\"card-icon\"><span class=\"icon fa-solid fa-download\"><\/span><\/span><\/div>\n<\/div><\/div>\n\n<p  class=\"appear-on-scroll has-text-align-center\" ><em>Mensaje especial de Ken Burns<\/em><\/p>\n\n\n<figure class=\"wp-block-video\"><video height=\"1080\" style=\"aspect-ratio: 1920 \/ 1080;\" width=\"1920\" controls poster=\"https:\/\/nhd.org\/wp-content\/uploads\/2025\/09\/Screenshot-2025-09-02-140005.png\" src=\"https:\/\/nhd.org\/wp-content\/uploads\/2025\/09\/National-History-Day-1-Website.mp4\"><\/video><\/figure>\n\n\n\n<figure class=\"wp-block-video aligncenter\"><video height=\"1080\" style=\"aspect-ratio: 1920 \/ 1080;\" width=\"1920\" controls src=\"https:\/\/nhd.org\/wp-content\/uploads\/2025\/09\/The-American-Revolution_-Change_-Extended-Trailer_PBS-Dated-APP_140-Website.mp4\"><\/video><figcaption class=\"wp-element-caption\"><em>Cortes\u00eda de PBS<\/em><\/figcaption><\/figure>\n\n\n<p  class=\"appear-on-scroll has-text-align-center\" ><strong><a href=\"https:\/\/www.pbs.org\/kenburns\/the-american-revolution\/\" target=\"_blank\" rel=\"noreferrer noopener\">LA REVOLUCI\u00d3N AMERICANA<\/a><\/strong>Dirigida por Ken Burns, Sarah Botstein y David Schmidt, es una nueva serie documental de seis partes y 12 horas que explora la lucha fundacional del pa\u00eds y su Guerra de Independencia de ocho a\u00f1os. La serie se estrenar\u00e1 el domingo 16 de noviembre en PBS y PBS.org.&nbsp;<\/p>\n\n\n<div style=\"height:8px\" aria-hidden=\"true\" class=\"wp-block-spacer\"><\/div>\n\n\n\n<div class=\"wp-block-group is-style-content-width has-no-margin-top has-no-margin-bottom has-blue-background-color has-background is-layout-flow wp-block-group-is-layout-flow\"><h2  class=\"appear-on-scroll wp-block-heading has-text-align-center has-white-color has-text-color\" ><span class=\"text\">\u00bfListo para iniciar tu proyecto?<\/span><\/h2>\n\n<p  class=\"appear-on-scroll has-text-align-center has-white-color has-text-color\" >Gu\u00eda paso a paso y recursos para crear tu proyecto del D\u00eda Nacional de la Historia<\/p>\n\n\n<div class=\"wp-block-buttons is-content-justification-center is-layout-flex wp-container-core-buttons-is-layout-a89b3969 wp-block-buttons-is-layout-flex\"><div  class=\"appear-on-scroll wp-block-button\" ><a class=\"wp-block-button__link wp-element-button\" href=\"\/es\/contest\/get-started\/\"><span class=\"label\">Empezar<\/span><\/a><\/div><\/div>\n<\/div>\n\n\n\n<div style=\"height:5px\" aria-hidden=\"true\" class=\"wp-block-spacer\"><\/div>\n\n\n<div  class=\"theme-block full-width wp-block-group is-style-full-width has-tan-background-color has-background is-layout-flow wp-block-group-is-layout-flow\" ><div class=\"wp-block-group__inner-container wrap\"><div class=\"inner\"><h3  class=\"appear-on-scroll wp-block-heading has-text-align-center has-medium-font-size\" ><span class=\"text\">El D\u00eda Nacional de la Historia se enorgullece de contar con los siguientes patrocinadores<\/span><\/h3>\n\n<div class=\"wp-block-theme-blocks-partners theme-block full-width\" style=\"\"><div class=\"layout\"><div class=\"block-partners\"><div class=\"wp-block-theme-blocks-partner block-partner\"><a href=\"https:\/\/nhd.org\/es\/partners\/national-park-service\/\"><img decoding=\"async\" width=\"400\" height=\"521\" data-src=\"https:\/\/nhd.org\/wp-content\/uploads\/2022\/12\/US-NationalParkService-Logo.svg-400x521.png\" class=\"attachment-logo size-logo lazyload\" alt=\"National Park Service\" data-srcset=\"https:\/\/nhd.org\/wp-content\/uploads\/2022\/12\/US-NationalParkService-Logo.svg-400x521.png 400w, https:\/\/nhd.org\/wp-content\/uploads\/2022\/12\/US-NationalParkService-Logo.svg-230x300.png 230w, https:\/\/nhd.org\/wp-content\/uploads\/2022\/12\/US-NationalParkService-Logo.svg-9x12.png 9w, https:\/\/nhd.org\/wp-content\/uploads\/2022\/12\/US-NationalParkService-Logo.svg.png 600w\" data-sizes=\"(max-width: 400px) 100vw, 400px\" src=\"data:image\/svg+xml;base64,PHN2ZyB3aWR0aD0iMSIgaGVpZ2h0PSIxIiB4bWxucz0iaHR0cDovL3d3dy53My5vcmcvMjAwMC9zdmciPjwvc3ZnPg==\" style=\"--smush-placeholder-width: 400px; --smush-placeholder-aspect-ratio: 400\/521;\" \/><\/a><\/div><\/div><\/div><\/div>\n\n\n<div class=\"wp-block-buttons is-content-justification-center is-layout-flex wp-container-core-buttons-is-layout-a89b3969 wp-block-buttons-is-layout-flex\"><div  class=\"appear-on-scroll wp-block-button\" ><a class=\"wp-block-button__link wp-element-button\" href=\"\/es\/about\/sponsors-and-supporters\/\"><span class=\"label\">Ver TODOS LOS APOYADORES<\/span><\/a><\/div><\/div>\n<\/div><\/div><\/div>","protected":false},"excerpt":{"rendered":"<p>Tema del concurso 2026 Revoluci\u00f3n, reacci\u00f3n, reforma en la historia Para coincidir con la conmemoraci\u00f3n del 250 aniversario de la Declaraci\u00f3n de Independencia, el tema del concurso 2026 de NHD es Revoluci\u00f3n, reacci\u00f3n, reforma en\u2026<\/p>","protected":false},"author":2,"featured_media":0,"parent":105,"menu_order":1,"comment_status":"closed","ping_status":"closed","template":"","meta":{"featured_image_background_position":"","post_type":"","query":"","taxonomies":"","per_page":"","columns":"","layout":"","header-background-color":"","header-color":"","show_promoted":false,"show_site_promotions":false,"footnotes":""},"class_list":["post-175","page","type-page","status-publish","hentry"],"yoast_head":"<!-- This site is optimized with the Yoast SEO plugin v27.3 - https:\/\/yoast.com\/product\/yoast-seo-wordpress\/ -->\n<title>Theme - National History Day<\/title>\n<meta name=\"description\" content=\"Frontiers: The 2023 NHD contest theme invites consideration of time &amp; place, cause &amp; effect, change over time, and impact &amp; significance\" \/>\n<meta name=\"robots\" content=\"index, follow, max-snippet:-1, max-image-preview:large, max-video-preview:-1\" \/>\n<link rel=\"canonical\" href=\"https:\/\/nhd.org\/es\/contest\/theme\/\" \/>\n<meta property=\"og:locale\" content=\"es_ES\" \/>\n<meta property=\"og:type\" content=\"article\" \/>\n<meta property=\"og:title\" content=\"Theme - National History Day\" \/>\n<meta property=\"og:description\" content=\"Frontiers: The 2023 NHD contest theme invites consideration of time &amp; place, cause &amp; effect, change over time, and impact &amp; significance\" \/>\n<meta property=\"og:url\" content=\"https:\/\/nhd.org\/es\/contest\/theme\/\" \/>\n<meta property=\"og:site_name\" content=\"National History Day\" \/>\n<meta property=\"article:publisher\" content=\"https:\/\/www.facebook.com\/nationalhistoryday\/\" \/>\n<meta property=\"article:modified_time\" content=\"2025-09-02T18:42:14+00:00\" \/>\n<meta property=\"og:image\" content=\"https:\/\/nhd.org\/wp-content\/uploads\/2025\/06\/NHD_2026ThemeBookGraphics_FB_WithText-scaled.jpg\" \/>\n<meta name=\"twitter:card\" content=\"summary_large_image\" \/>\n<meta name=\"twitter:site\" content=\"@NationalHistory\" \/>\n<meta name=\"twitter:label1\" content=\"Tiempo de lectura\" \/>\n\t<meta name=\"twitter:data1\" content=\"2 minutos\" \/>\n<script type=\"application\/ld+json\" class=\"yoast-schema-graph\">{\"@context\":\"https:\\\/\\\/schema.org\",\"@graph\":[{\"@type\":\"WebPage\",\"@id\":\"https:\\\/\\\/nhd.org\\\/es\\\/contest\\\/theme\\\/\",\"url\":\"https:\\\/\\\/nhd.org\\\/es\\\/contest\\\/theme\\\/\",\"name\":\"Theme - National History Day\",\"isPartOf\":{\"@id\":\"https:\\\/\\\/nhd.org\\\/en\\\/#website\"},\"primaryImageOfPage\":{\"@id\":\"https:\\\/\\\/nhd.org\\\/es\\\/contest\\\/theme\\\/#primaryimage\"},\"image\":{\"@id\":\"https:\\\/\\\/nhd.org\\\/es\\\/contest\\\/theme\\\/#primaryimage\"},\"thumbnailUrl\":\"https:\\\/\\\/nhd.org\\\/wp-content\\\/uploads\\\/2025\\\/06\\\/NHD_2026ThemeBookGraphics_FB_WithText-scaled.jpg\",\"datePublished\":\"2022-09-12T20:53:15+00:00\",\"dateModified\":\"2025-09-02T18:42:14+00:00\",\"description\":\"Frontiers: The 2023 NHD contest theme invites consideration of time & place, cause & effect, change over time, and impact & significance\",\"breadcrumb\":{\"@id\":\"https:\\\/\\\/nhd.org\\\/es\\\/contest\\\/theme\\\/#breadcrumb\"},\"inLanguage\":\"es\",\"potentialAction\":[{\"@type\":\"ReadAction\",\"target\":[\"https:\\\/\\\/nhd.org\\\/es\\\/contest\\\/theme\\\/\"]}]},{\"@type\":\"ImageObject\",\"inLanguage\":\"es\",\"@id\":\"https:\\\/\\\/nhd.org\\\/es\\\/contest\\\/theme\\\/#primaryimage\",\"url\":\"https:\\\/\\\/nhd.org\\\/wp-content\\\/uploads\\\/2025\\\/06\\\/NHD_2026ThemeBookGraphics_FB_WithText-scaled.jpg\",\"contentUrl\":\"https:\\\/\\\/nhd.org\\\/wp-content\\\/uploads\\\/2025\\\/06\\\/NHD_2026ThemeBookGraphics_FB_WithText-scaled.jpg\"},{\"@type\":\"BreadcrumbList\",\"@id\":\"https:\\\/\\\/nhd.org\\\/es\\\/contest\\\/theme\\\/#breadcrumb\",\"itemListElement\":[{\"@type\":\"ListItem\",\"position\":1,\"name\":\"Home\",\"item\":\"https:\\\/\\\/nhd.org\\\/en\\\/\"},{\"@type\":\"ListItem\",\"position\":2,\"name\":\"Contest\",\"item\":\"https:\\\/\\\/nhd.org\\\/en\\\/contest\\\/\"},{\"@type\":\"ListItem\",\"position\":3,\"name\":\"Theme\"}]},{\"@type\":\"WebSite\",\"@id\":\"https:\\\/\\\/nhd.org\\\/en\\\/#website\",\"url\":\"https:\\\/\\\/nhd.org\\\/en\\\/\",\"name\":\"National History Day\",\"description\":\"National History Day improves the teaching and learning of history.\",\"publisher\":{\"@id\":\"https:\\\/\\\/nhd.org\\\/en\\\/#organization\"},\"potentialAction\":[{\"@type\":\"SearchAction\",\"target\":{\"@type\":\"EntryPoint\",\"urlTemplate\":\"https:\\\/\\\/nhd.org\\\/en\\\/?s={search_term_string}\"},\"query-input\":{\"@type\":\"PropertyValueSpecification\",\"valueRequired\":true,\"valueName\":\"search_term_string\"}}],\"inLanguage\":\"es\"},{\"@type\":\"Organization\",\"@id\":\"https:\\\/\\\/nhd.org\\\/en\\\/#organization\",\"name\":\"National History Day\",\"url\":\"https:\\\/\\\/nhd.org\\\/en\\\/\",\"logo\":{\"@type\":\"ImageObject\",\"inLanguage\":\"es\",\"@id\":\"https:\\\/\\\/nhd.org\\\/en\\\/#\\\/schema\\\/logo\\\/image\\\/\",\"url\":\"https:\\\/\\\/nhd.org\\\/wp-content\\\/uploads\\\/2023\\\/02\\\/NHDLogo_R_web.png\",\"contentUrl\":\"https:\\\/\\\/nhd.org\\\/wp-content\\\/uploads\\\/2023\\\/02\\\/NHDLogo_R_web.png\",\"width\":600,\"height\":503,\"caption\":\"National History Day\"},\"image\":{\"@id\":\"https:\\\/\\\/nhd.org\\\/en\\\/#\\\/schema\\\/logo\\\/image\\\/\"},\"sameAs\":[\"https:\\\/\\\/www.facebook.com\\\/nationalhistoryday\\\/\",\"https:\\\/\\\/x.com\\\/NationalHistory\",\"https:\\\/\\\/www.youtube.com\\\/c\\\/nationalhistoryday\",\"https:\\\/\\\/www.instagram.com\\\/nhdcontest\\\/\"]}]}<\/script>\n<!-- \/ Yoast SEO plugin. -->","yoast_head_json":{"title":"Tema - National History Day","description":"Fronteras: El tema del concurso NHD 2023 invita a considerar el tiempo y el lugar, la causa y el efecto, el cambio a lo largo del tiempo y el impacto y la importancia.","robots":{"index":"index","follow":"follow","max-snippet":"max-snippet:-1","max-image-preview":"max-image-preview:large","max-video-preview":"max-video-preview:-1"},"canonical":"https:\/\/nhd.org\/es\/contest\/theme\/","og_locale":"es_ES","og_type":"article","og_title":"Theme - National History Day","og_description":"Frontiers: The 2023 NHD contest theme invites consideration of time & place, cause & effect, change over time, and impact & significance","og_url":"https:\/\/nhd.org\/es\/contest\/theme\/","og_site_name":"National History Day","article_publisher":"https:\/\/www.facebook.com\/nationalhistoryday\/","article_modified_time":"2025-09-02T18:42:14+00:00","og_image":[{"url":"https:\/\/nhd.org\/wp-content\/uploads\/2025\/06\/NHD_2026ThemeBookGraphics_FB_WithText-scaled.jpg","type":"","width":"","height":""}],"twitter_card":"summary_large_image","twitter_site":"@NationalHistory","twitter_misc":{"Tiempo de lectura":"2 minutos"},"schema":{"@context":"https:\/\/schema.org","@graph":[{"@type":"WebPage","@id":"https:\/\/nhd.org\/es\/contest\/theme\/","url":"https:\/\/nhd.org\/es\/contest\/theme\/","name":"Tema - National History Day","isPartOf":{"@id":"https:\/\/nhd.org\/en\/#website"},"primaryImageOfPage":{"@id":"https:\/\/nhd.org\/es\/contest\/theme\/#primaryimage"},"image":{"@id":"https:\/\/nhd.org\/es\/contest\/theme\/#primaryimage"},"thumbnailUrl":"https:\/\/nhd.org\/wp-content\/uploads\/2025\/06\/NHD_2026ThemeBookGraphics_FB_WithText-scaled.jpg","datePublished":"2022-09-12T20:53:15+00:00","dateModified":"2025-09-02T18:42:14+00:00","description":"Fronteras: El tema del concurso NHD 2023 invita a considerar el tiempo y el lugar, la causa y el efecto, el cambio a lo largo del tiempo y el impacto y la importancia.","breadcrumb":{"@id":"https:\/\/nhd.org\/es\/contest\/theme\/#breadcrumb"},"inLanguage":"es","potentialAction":[{"@type":"ReadAction","target":["https:\/\/nhd.org\/es\/contest\/theme\/"]}]},{"@type":"ImageObject","inLanguage":"es","@id":"https:\/\/nhd.org\/es\/contest\/theme\/#primaryimage","url":"https:\/\/nhd.org\/wp-content\/uploads\/2025\/06\/NHD_2026ThemeBookGraphics_FB_WithText-scaled.jpg","contentUrl":"https:\/\/nhd.org\/wp-content\/uploads\/2025\/06\/NHD_2026ThemeBookGraphics_FB_WithText-scaled.jpg"},{"@type":"BreadcrumbList","@id":"https:\/\/nhd.org\/es\/contest\/theme\/#breadcrumb","itemListElement":[{"@type":"ListItem","position":1,"name":"Home","item":"https:\/\/nhd.org\/en\/"},{"@type":"ListItem","position":2,"name":"Contest","item":"https:\/\/nhd.org\/en\/contest\/"},{"@type":"ListItem","position":3,"name":"Theme"}]},{"@type":"WebSite","@id":"https:\/\/nhd.org\/en\/#website","url":"https:\/\/nhd.org\/en\/","name":"National History Day","description":"National History Day mejora la ense\u00f1anza y el aprendizaje de la historia.","publisher":{"@id":"https:\/\/nhd.org\/en\/#organization"},"potentialAction":[{"@type":"SearchAction","target":{"@type":"EntryPoint","urlTemplate":"https:\/\/nhd.org\/en\/?s={search_term_string}"},"query-input":{"@type":"PropertyValueSpecification","valueRequired":true,"valueName":"search_term_string"}}],"inLanguage":"es"},{"@type":"Organization","@id":"https:\/\/nhd.org\/en\/#organization","name":"National History Day","url":"https:\/\/nhd.org\/en\/","logo":{"@type":"ImageObject","inLanguage":"es","@id":"https:\/\/nhd.org\/en\/#\/schema\/logo\/image\/","url":"https:\/\/nhd.org\/wp-content\/uploads\/2023\/02\/NHDLogo_R_web.png","contentUrl":"https:\/\/nhd.org\/wp-content\/uploads\/2023\/02\/NHDLogo_R_web.png","width":600,"height":503,"caption":"National History Day"},"image":{"@id":"https:\/\/nhd.org\/en\/#\/schema\/logo\/image\/"},"sameAs":["https:\/\/www.facebook.com\/nationalhistoryday\/","https:\/\/x.com\/NationalHistory","https:\/\/www.youtube.com\/c\/nationalhistoryday","https:\/\/www.instagram.com\/nhdcontest\/"]}]}},"jetpack_sharing_enabled":true,"_links":{"self":[{"href":"https:\/\/nhd.org\/es\/wp-json\/wp\/v2\/pages\/175","targetHints":{"allow":["GET"]}}],"collection":[{"href":"https:\/\/nhd.org\/es\/wp-json\/wp\/v2\/pages"}],"about":[{"href":"https:\/\/nhd.org\/es\/wp-json\/wp\/v2\/types\/page"}],"author":[{"embeddable":true,"href":"https:\/\/nhd.org\/es\/wp-json\/wp\/v2\/users\/2"}],"replies":[{"embeddable":true,"href":"https:\/\/nhd.org\/es\/wp-json\/wp\/v2\/comments?post=175"}],"version-history":[{"count":20,"href":"https:\/\/nhd.org\/es\/wp-json\/wp\/v2\/pages\/175\/revisions"}],"predecessor-version":[{"id":8504,"href":"https:\/\/nhd.org\/es\/wp-json\/wp\/v2\/pages\/175\/revisions\/8504"}],"up":[{"embeddable":true,"href":"https:\/\/nhd.org\/es\/wp-json\/wp\/v2\/pages\/105"}],"wp:attachment":[{"href":"https:\/\/nhd.org\/es\/wp-json\/wp\/v2\/media?parent=175"}],"curies":[{"name":"palabra clave","href":"https:\/\/api.w.org\/{rel}","templated":true}]}}