{"id":179,"date":"2022-09-12T20:53:45","date_gmt":"2022-09-12T20:53:45","guid":{"rendered":"https:\/\/nhd.org\/?page_id=179"},"modified":"2024-10-08T15:08:38","modified_gmt":"2024-10-08T15:08:38","slug":"contest-rules","status":"publish","type":"page","link":"https:\/\/nhd.org\/es\/contest\/contest-rules\/","title":{"rendered":"Reglas del concurso y evaluaci\u00f3n"},"content":{"rendered":"<div role=\"region\" aria-labelledby=\"page-title\" class=\"theme-block wp-block-theme-blocks-page-banner full-width has-background has-background-color\" style=\"--background-color:#d7d2cb\"><div class=\"layout\"><h1 class=\"block-title appear-on-scroll\" id=\"page-title\">Reglas del concurso y evaluaci\u00f3n<\/h1>\n<div class=\"block-content appear-on-scroll\">\n<p class=\"appear-on-scroll\">National History Day<sup>\u00ae<\/sup> (NHD), como la mayor\u00eda de los concursos, tiene reglas para ayudar a garantizar la equidad. Las reglas del concurso de NHD permiten que todos los estudiantes compitan en igualdad de condiciones. Cada participante tiene la misma oportunidad de presentar su trabajo.<\/p>\n<\/div>\n\n<div class=\"block-media appear-on-scroll\" style=\"\">\n<figure  class=\"appear-on-scroll wp-block-image size-large\" ><img decoding=\"async\" width=\"1024\" height=\"577\" data-src=\"https:\/\/nhd.org\/wp-content\/uploads\/2022\/11\/Contest_Rules_HeroImage-1024x577.jpg\" alt=\"Judge reviewing a project in the exhibit category \" class=\"wp-image-1361 lazyload\" data-srcset=\"https:\/\/nhd.org\/wp-content\/uploads\/2022\/11\/Contest_Rules_HeroImage-1024x577.jpg 1024w, https:\/\/nhd.org\/wp-content\/uploads\/2022\/11\/Contest_Rules_HeroImage-300x169.jpg 300w, https:\/\/nhd.org\/wp-content\/uploads\/2022\/11\/Contest_Rules_HeroImage-768x433.jpg 768w, https:\/\/nhd.org\/wp-content\/uploads\/2022\/11\/Contest_Rules_HeroImage-1536x865.jpg 1536w, https:\/\/nhd.org\/wp-content\/uploads\/2022\/11\/Contest_Rules_HeroImage-1600x901.jpg 1600w, https:\/\/nhd.org\/wp-content\/uploads\/2022\/11\/Contest_Rules_HeroImage-1000x563.jpg 1000w, https:\/\/nhd.org\/wp-content\/uploads\/2022\/11\/Contest_Rules_HeroImage-400x225.jpg 400w, https:\/\/nhd.org\/wp-content\/uploads\/2022\/11\/Contest_Rules_HeroImage.jpg 1889w\" data-sizes=\"(max-width: 1024px) 100vw, 1024px\" src=\"data:image\/svg+xml;base64,PHN2ZyB3aWR0aD0iMSIgaGVpZ2h0PSIxIiB4bWxucz0iaHR0cDovL3d3dy53My5vcmcvMjAwMC9zdmciPjwvc3ZnPg==\" style=\"--smush-placeholder-width: 1024px; --smush-placeholder-aspect-ratio: 1024\/577;\" \/><\/figure>\n<\/div>\n<div class=\"block-background\"><\/div><\/div><\/div><style>:root { --header-background-color: #d7d2cb }<\/style>\n\n<p class=\"appear-on-scroll\">Antes de comenzar a investigar o construir su proyecto NHD, descargue y lea el <a href=\"\/es\/nhd-contest-rule-book\/\"><em>Libro de reglas del concurso<\/em><\/a>. La corriente <em>Libro de reglas del concurso<\/em> entr\u00f3 en vigor el 22 de junio de 2020.<\/p>\n\n\n<div class=\"wp-block-buttons is-content-justification-center is-layout-flex wp-container-core-buttons-is-layout-a89b3969 wp-block-buttons-is-layout-flex\"><div  class=\"appear-on-scroll wp-block-button\" ><a class=\"wp-block-button__link wp-element-button\" href=\"\/es\/resources\/nhd-contest-rule-book\/\" target=\"_blank\" rel=\"noreferrer noopener\"><span class=\"label\">Libro de reglas del concurso<\/span><\/a><\/div>\n\n<div  class=\"appear-on-scroll wp-block-button\" ><a class=\"wp-block-button__link wp-element-button\" href=\"\/es\/resources\/rulebook-spanish\/\" target=\"_blank\" rel=\"noreferrer noopener\"><span class=\"label\">Reglamento del concurso en espa\u00f1ol<\/span><\/a><\/div><\/div>\n\n\n<p class=\"appear-on-scroll\">P\u00f3ngase en contacto con su <a href=\"\/es\/contest\/find-local-contest\/\" target=\"_blank\" rel=\"noreferrer noopener\">coordinador regional o estatal\/afiliado<\/a> para obtener m\u00e1s informaci\u00f3n sobre temas, fuentes y fechas l\u00edmite.<\/p>\n\n<h2  class=\"appear-on-scroll wp-block-heading has-text-align-center\"  id=\"evals\"><span class=\"text\">Evaluacion de proyecto<\/span><\/h2>\n\n<p class=\"appear-on-scroll\">Si participa en un concurso de NHD, los jueces utilizar\u00e1n los formularios de evaluaci\u00f3n de NHD para evaluar su participaci\u00f3n. Le recomendamos que utilice estos formularios como gu\u00eda para desarrollar su proyecto. Luego, despu\u00e9s del concurso, revise cuidadosamente los comentarios de los jueces. Si su proyecto est\u00e1 pasando a un nivel de competencia m\u00e1s alto, considere formas de fortalecer su trabajo. Entre los niveles del concurso, puede continuar su investigaci\u00f3n, refinar su an\u00e1lisis y revisar su proyecto, incluido su t\u00edtulo. Sin embargo, no puede cambiar su tema. El formulario de evaluaci\u00f3n tiene dos secciones:<\/p>\n\n<h3  class=\"appear-on-scroll wp-block-heading has-text-align-left\" ><span class=\"text\">Calidad hist\u00f3rica (80%)<\/span><\/h3>\n\n<p class=\"appear-on-scroll\">La evaluaci\u00f3n de la Calidad Hist\u00f3rica es la misma para todas las categor\u00edas. Esta secci\u00f3n se enfoca en las fortalezas de su argumento hist\u00f3rico, investigaci\u00f3n y relaci\u00f3n con el tema. <\/p>\n\n<h3  class=\"appear-on-scroll wp-block-heading has-text-align-left\" ><span class=\"text\">Claridad de presentaci\u00f3n (20%)<\/span><\/h3>\n\n<p class=\"appear-on-scroll\">La claridad de la presentaci\u00f3n es diferente para cada categor\u00eda de entrada. Eval\u00faa qu\u00e9 tan bien su proyecto comunica su argumento usando las herramientas de su categor\u00eda.<\/p>\n\n<div class=\"wp-block-theme-blocks-card theme-block has-background hentry is-style-content has-half-margin-top has-half-margin-bottom has-#f6f1ee-background-color has-#fff-color no-image\" style=\"--background-color:#f6f1ee;--color:#fff\"><div class=\"layout\"><div class=\"block-content\">\n<h3  class=\"appear-on-scroll wp-block-heading has-text-align-center has-half-margin-bottom has-black-color has-text-color\" ><span class=\"text\">Formulario de evaluaci\u00f3n para cada categor\u00eda de proyecto:<\/span><\/h3>\n\n\n<div class=\"wp-block-buttons is-content-justification-center is-layout-flex wp-container-core-buttons-is-layout-a89b3969 wp-block-buttons-is-layout-flex\"><div  class=\"appear-on-scroll wp-block-button\" ><a class=\"wp-block-button__link wp-element-button\" href=\"\/es\/resources\/documentary-evaluation-form\/\"><span class=\"label\">Documental<\/span><\/a><\/div>\n\n<div  class=\"appear-on-scroll wp-block-button\" ><a class=\"wp-block-button__link wp-element-button\" href=\"\/es\/resources\/exhibit-evaluation-form\/\"><span class=\"label\">Anexo<\/span><\/a><\/div>\n\n<div  class=\"appear-on-scroll wp-block-button\" ><a class=\"wp-block-button__link wp-element-button\" href=\"\/es\/resources\/performance-evaluation-form\/\"><span class=\"label\">actuaci\u00f3n<\/span><\/a><\/div><\/div>\n\n\n\n<div class=\"wp-block-buttons is-content-justification-center is-layout-flex wp-container-core-buttons-is-layout-a89b3969 wp-block-buttons-is-layout-flex\"><div  class=\"appear-on-scroll wp-block-button\" ><a class=\"wp-block-button__link wp-element-button\" href=\"\/es\/resources\/paper-evaluation-form\/\"><span class=\"label\">Papel<\/span><\/a><\/div>\n\n<div  class=\"appear-on-scroll wp-block-button\" ><a class=\"wp-block-button__link wp-element-button\" href=\"\/es\/resources\/website-evaluation-form\/\"><span class=\"label\">Sitio web<\/span><\/a><\/div><\/div>\n\n<\/div><\/div><\/div>\n\n\n<div style=\"height:1px\" aria-hidden=\"true\" class=\"wp-block-spacer\"><\/div>\n\n\n\n<div class=\"wp-block-buttons is-content-justification-center is-layout-flex wp-container-core-buttons-is-layout-a89b3969 wp-block-buttons-is-layout-flex\"><div  class=\"appear-on-scroll wp-block-button\" ><a class=\"wp-block-button__link has-text-align-center wp-element-button\" href=\"https:\/\/nhd.org\/es\/contest\/get-started\/\"><span class=\"label\">Ver listas de verificaci\u00f3n de categor\u00edas<\/span><\/a><\/div><\/div>","protected":false},"excerpt":{"rendered":"<p>Antes de comenzar a investigar o construir su proyecto NHD, descargue y lea el Libro de reglas del concurso. El Libro de Reglas del Concurso actual entr\u00f3 en vigencia el 22 de junio de 2020. Comun\u00edquese con su...<\/p>","protected":false},"author":2,"featured_media":0,"parent":105,"menu_order":3,"comment_status":"closed","ping_status":"closed","template":"","meta":{"featured_image_background_position":"","post_type":"","query":"","taxonomies":"","per_page":"","columns":"","layout":"","header-background-color":"","header-color":"","show_promoted":false,"show_site_promotions":false,"footnotes":""},"class_list":["post-179","page","type-page","status-publish","hentry"],"yoast_head":"<!-- This site is optimized with the Yoast SEO plugin v27.3 - https:\/\/yoast.com\/product\/yoast-seo-wordpress\/ -->\n<title>Contest Rules &amp; Evaluation - National History Day<\/title>\n<meta name=\"description\" content=\"Rules and evaluation rubrics to provide all students a level playing field to present their historical research projects.\" \/>\n<meta name=\"robots\" content=\"index, follow, max-snippet:-1, max-image-preview:large, max-video-preview:-1\" \/>\n<link rel=\"canonical\" href=\"https:\/\/nhd.org\/es\/contest\/contest-rules\/\" \/>\n<meta property=\"og:locale\" content=\"es_ES\" \/>\n<meta property=\"og:type\" content=\"article\" \/>\n<meta property=\"og:title\" content=\"Contest Rules &amp; Evaluation - National History Day\" \/>\n<meta property=\"og:description\" content=\"Rules and evaluation rubrics to provide all students a level playing field to present their historical research projects.\" \/>\n<meta property=\"og:url\" content=\"https:\/\/nhd.org\/es\/contest\/contest-rules\/\" \/>\n<meta property=\"og:site_name\" content=\"National History Day\" \/>\n<meta property=\"article:publisher\" content=\"https:\/\/www.facebook.com\/nationalhistoryday\/\" \/>\n<meta property=\"article:modified_time\" content=\"2024-10-08T15:08:38+00:00\" \/>\n<meta property=\"og:image\" content=\"https:\/\/nhd.org\/wp-content\/uploads\/2022\/11\/Contest_Rules_HeroImage-1024x577.jpg\" \/>\n<meta name=\"twitter:card\" content=\"summary_large_image\" \/>\n<meta name=\"twitter:site\" content=\"@NationalHistory\" \/>\n<meta name=\"twitter:label1\" content=\"Tiempo de lectura\" \/>\n\t<meta name=\"twitter:data1\" content=\"2 minutos\" \/>\n<script type=\"application\/ld+json\" class=\"yoast-schema-graph\">{\"@context\":\"https:\\\/\\\/schema.org\",\"@graph\":[{\"@type\":\"WebPage\",\"@id\":\"https:\\\/\\\/nhd.org\\\/es\\\/contest\\\/contest-rules\\\/\",\"url\":\"https:\\\/\\\/nhd.org\\\/es\\\/contest\\\/contest-rules\\\/\",\"name\":\"Contest Rules &amp; Evaluation - National History Day\",\"isPartOf\":{\"@id\":\"https:\\\/\\\/nhd.org\\\/en\\\/#website\"},\"primaryImageOfPage\":{\"@id\":\"https:\\\/\\\/nhd.org\\\/es\\\/contest\\\/contest-rules\\\/#primaryimage\"},\"image\":{\"@id\":\"https:\\\/\\\/nhd.org\\\/es\\\/contest\\\/contest-rules\\\/#primaryimage\"},\"thumbnailUrl\":\"https:\\\/\\\/nhd.org\\\/wp-content\\\/uploads\\\/2022\\\/11\\\/Contest_Rules_HeroImage-1024x577.jpg\",\"datePublished\":\"2022-09-12T20:53:45+00:00\",\"dateModified\":\"2024-10-08T15:08:38+00:00\",\"description\":\"Rules and evaluation rubrics to provide all students a level playing field to present their historical research projects.\",\"breadcrumb\":{\"@id\":\"https:\\\/\\\/nhd.org\\\/es\\\/contest\\\/contest-rules\\\/#breadcrumb\"},\"inLanguage\":\"es\",\"potentialAction\":[{\"@type\":\"ReadAction\",\"target\":[\"https:\\\/\\\/nhd.org\\\/es\\\/contest\\\/contest-rules\\\/\"]}]},{\"@type\":\"ImageObject\",\"inLanguage\":\"es\",\"@id\":\"https:\\\/\\\/nhd.org\\\/es\\\/contest\\\/contest-rules\\\/#primaryimage\",\"url\":\"https:\\\/\\\/nhd.org\\\/wp-content\\\/uploads\\\/2022\\\/11\\\/Contest_Rules_HeroImage-1024x577.jpg\",\"contentUrl\":\"https:\\\/\\\/nhd.org\\\/wp-content\\\/uploads\\\/2022\\\/11\\\/Contest_Rules_HeroImage-1024x577.jpg\"},{\"@type\":\"BreadcrumbList\",\"@id\":\"https:\\\/\\\/nhd.org\\\/es\\\/contest\\\/contest-rules\\\/#breadcrumb\",\"itemListElement\":[{\"@type\":\"ListItem\",\"position\":1,\"name\":\"Home\",\"item\":\"https:\\\/\\\/nhd.org\\\/en\\\/\"},{\"@type\":\"ListItem\",\"position\":2,\"name\":\"Contest\",\"item\":\"https:\\\/\\\/nhd.org\\\/en\\\/contest\\\/\"},{\"@type\":\"ListItem\",\"position\":3,\"name\":\"Contest Rules &amp; Evaluation\"}]},{\"@type\":\"WebSite\",\"@id\":\"https:\\\/\\\/nhd.org\\\/en\\\/#website\",\"url\":\"https:\\\/\\\/nhd.org\\\/en\\\/\",\"name\":\"National History Day\",\"description\":\"National History Day improves the teaching and learning of history.\",\"publisher\":{\"@id\":\"https:\\\/\\\/nhd.org\\\/en\\\/#organization\"},\"potentialAction\":[{\"@type\":\"SearchAction\",\"target\":{\"@type\":\"EntryPoint\",\"urlTemplate\":\"https:\\\/\\\/nhd.org\\\/en\\\/?s={search_term_string}\"},\"query-input\":{\"@type\":\"PropertyValueSpecification\",\"valueRequired\":true,\"valueName\":\"search_term_string\"}}],\"inLanguage\":\"es\"},{\"@type\":\"Organization\",\"@id\":\"https:\\\/\\\/nhd.org\\\/en\\\/#organization\",\"name\":\"National History Day\",\"url\":\"https:\\\/\\\/nhd.org\\\/en\\\/\",\"logo\":{\"@type\":\"ImageObject\",\"inLanguage\":\"es\",\"@id\":\"https:\\\/\\\/nhd.org\\\/en\\\/#\\\/schema\\\/logo\\\/image\\\/\",\"url\":\"https:\\\/\\\/nhd.org\\\/wp-content\\\/uploads\\\/2023\\\/02\\\/NHDLogo_R_web.png\",\"contentUrl\":\"https:\\\/\\\/nhd.org\\\/wp-content\\\/uploads\\\/2023\\\/02\\\/NHDLogo_R_web.png\",\"width\":600,\"height\":503,\"caption\":\"National History Day\"},\"image\":{\"@id\":\"https:\\\/\\\/nhd.org\\\/en\\\/#\\\/schema\\\/logo\\\/image\\\/\"},\"sameAs\":[\"https:\\\/\\\/www.facebook.com\\\/nationalhistoryday\\\/\",\"https:\\\/\\\/x.com\\\/NationalHistory\",\"https:\\\/\\\/www.youtube.com\\\/c\\\/nationalhistoryday\",\"https:\\\/\\\/www.instagram.com\\\/nhdcontest\\\/\"]}]}<\/script>\n<!-- \/ Yoast SEO plugin. -->","yoast_head_json":{"title":"Reglas y evaluaci\u00f3n del concurso - National History Day","description":"Reglas y r\u00fabricas de evaluaci\u00f3n para brindar a todos los estudiantes igualdad de oportunidades para presentar sus proyectos de investigaci\u00f3n hist\u00f3rica.","robots":{"index":"index","follow":"follow","max-snippet":"max-snippet:-1","max-image-preview":"max-image-preview:large","max-video-preview":"max-video-preview:-1"},"canonical":"https:\/\/nhd.org\/es\/contest\/contest-rules\/","og_locale":"es_ES","og_type":"article","og_title":"Contest Rules &amp; Evaluation - National History Day","og_description":"Rules and evaluation rubrics to provide all students a level playing field to present their historical research projects.","og_url":"https:\/\/nhd.org\/es\/contest\/contest-rules\/","og_site_name":"National History Day","article_publisher":"https:\/\/www.facebook.com\/nationalhistoryday\/","article_modified_time":"2024-10-08T15:08:38+00:00","og_image":[{"url":"https:\/\/nhd.org\/wp-content\/uploads\/2022\/11\/Contest_Rules_HeroImage-1024x577.jpg","type":"","width":"","height":""}],"twitter_card":"summary_large_image","twitter_site":"@NationalHistory","twitter_misc":{"Tiempo de lectura":"2 minutos"},"schema":{"@context":"https:\/\/schema.org","@graph":[{"@type":"WebPage","@id":"https:\/\/nhd.org\/es\/contest\/contest-rules\/","url":"https:\/\/nhd.org\/es\/contest\/contest-rules\/","name":"Reglas y evaluaci\u00f3n del concurso - National History Day","isPartOf":{"@id":"https:\/\/nhd.org\/en\/#website"},"primaryImageOfPage":{"@id":"https:\/\/nhd.org\/es\/contest\/contest-rules\/#primaryimage"},"image":{"@id":"https:\/\/nhd.org\/es\/contest\/contest-rules\/#primaryimage"},"thumbnailUrl":"https:\/\/nhd.org\/wp-content\/uploads\/2022\/11\/Contest_Rules_HeroImage-1024x577.jpg","datePublished":"2022-09-12T20:53:45+00:00","dateModified":"2024-10-08T15:08:38+00:00","description":"Reglas y r\u00fabricas de evaluaci\u00f3n para brindar a todos los estudiantes igualdad de oportunidades para presentar sus proyectos de investigaci\u00f3n hist\u00f3rica.","breadcrumb":{"@id":"https:\/\/nhd.org\/es\/contest\/contest-rules\/#breadcrumb"},"inLanguage":"es","potentialAction":[{"@type":"ReadAction","target":["https:\/\/nhd.org\/es\/contest\/contest-rules\/"]}]},{"@type":"ImageObject","inLanguage":"es","@id":"https:\/\/nhd.org\/es\/contest\/contest-rules\/#primaryimage","url":"https:\/\/nhd.org\/wp-content\/uploads\/2022\/11\/Contest_Rules_HeroImage-1024x577.jpg","contentUrl":"https:\/\/nhd.org\/wp-content\/uploads\/2022\/11\/Contest_Rules_HeroImage-1024x577.jpg"},{"@type":"BreadcrumbList","@id":"https:\/\/nhd.org\/es\/contest\/contest-rules\/#breadcrumb","itemListElement":[{"@type":"ListItem","position":1,"name":"Home","item":"https:\/\/nhd.org\/en\/"},{"@type":"ListItem","position":2,"name":"Contest","item":"https:\/\/nhd.org\/en\/contest\/"},{"@type":"ListItem","position":3,"name":"Contest Rules &amp; Evaluation"}]},{"@type":"WebSite","@id":"https:\/\/nhd.org\/en\/#website","url":"https:\/\/nhd.org\/en\/","name":"National History Day","description":"National History Day mejora la ense\u00f1anza y el aprendizaje de la historia.","publisher":{"@id":"https:\/\/nhd.org\/en\/#organization"},"potentialAction":[{"@type":"SearchAction","target":{"@type":"EntryPoint","urlTemplate":"https:\/\/nhd.org\/en\/?s={search_term_string}"},"query-input":{"@type":"PropertyValueSpecification","valueRequired":true,"valueName":"search_term_string"}}],"inLanguage":"es"},{"@type":"Organization","@id":"https:\/\/nhd.org\/en\/#organization","name":"National History Day","url":"https:\/\/nhd.org\/en\/","logo":{"@type":"ImageObject","inLanguage":"es","@id":"https:\/\/nhd.org\/en\/#\/schema\/logo\/image\/","url":"https:\/\/nhd.org\/wp-content\/uploads\/2023\/02\/NHDLogo_R_web.png","contentUrl":"https:\/\/nhd.org\/wp-content\/uploads\/2023\/02\/NHDLogo_R_web.png","width":600,"height":503,"caption":"National History Day"},"image":{"@id":"https:\/\/nhd.org\/en\/#\/schema\/logo\/image\/"},"sameAs":["https:\/\/www.facebook.com\/nationalhistoryday\/","https:\/\/x.com\/NationalHistory","https:\/\/www.youtube.com\/c\/nationalhistoryday","https:\/\/www.instagram.com\/nhdcontest\/"]}]}},"jetpack_sharing_enabled":true,"_links":{"self":[{"href":"https:\/\/nhd.org\/es\/wp-json\/wp\/v2\/pages\/179","targetHints":{"allow":["GET"]}}],"collection":[{"href":"https:\/\/nhd.org\/es\/wp-json\/wp\/v2\/pages"}],"about":[{"href":"https:\/\/nhd.org\/es\/wp-json\/wp\/v2\/types\/page"}],"author":[{"embeddable":true,"href":"https:\/\/nhd.org\/es\/wp-json\/wp\/v2\/users\/2"}],"replies":[{"embeddable":true,"href":"https:\/\/nhd.org\/es\/wp-json\/wp\/v2\/comments?post=179"}],"version-history":[{"count":20,"href":"https:\/\/nhd.org\/es\/wp-json\/wp\/v2\/pages\/179\/revisions"}],"predecessor-version":[{"id":7423,"href":"https:\/\/nhd.org\/es\/wp-json\/wp\/v2\/pages\/179\/revisions\/7423"}],"up":[{"embeddable":true,"href":"https:\/\/nhd.org\/es\/wp-json\/wp\/v2\/pages\/105"}],"wp:attachment":[{"href":"https:\/\/nhd.org\/es\/wp-json\/wp\/v2\/media?parent=179"}],"curies":[{"name":"palabra clave","href":"https:\/\/api.w.org\/{rel}","templated":true}]}}