{"id":3055,"date":"2022-12-09T20:23:38","date_gmt":"2022-12-09T20:23:38","guid":{"rendered":"https:\/\/nhd.org\/?page_id=3055"},"modified":"2025-11-19T16:34:12","modified_gmt":"2025-11-19T16:34:12","slug":"volunteer","status":"publish","type":"page","link":"https:\/\/nhd.org\/es\/get-involved\/volunteer\/","title":{"rendered":"Voluntario para Juez"},"content":{"rendered":"<div role=\"region\" aria-labelledby=\"page-title\" class=\"theme-block wp-block-theme-blocks-page-banner full-width has-background is-style-media has-background-color has-text-color\" style=\"--background-color:#00519F;--color:#fff\"><div class=\"layout\"><h1 class=\"block-title appear-on-scroll\" id=\"page-title\">Voluntario para Juez<\/h1>\n<div class=\"block-content appear-on-scroll\">\n<p class=\"appear-on-scroll\">Los jueces voluntarios brindan a los estudiantes una experiencia educativa de alta calidad, ya sea que ganen un premio o no. Su experiencia, conocimiento y perspectiva son una valiosa contribuci\u00f3n de perspicacia y confianza para que los estudiantes den sus pr\u00f3ximos pasos en la vida.<\/p>\n<\/div>\n\n<div class=\"block-media appear-on-scroll\" style=\"\">\n<figure  class=\"appear-on-scroll wp-block-image size-large\" ><img decoding=\"async\" width=\"1024\" height=\"681\" data-src=\"https:\/\/nhd.org\/wp-content\/uploads\/2025\/08\/Day-3-109-1024x681.jpg\" alt=\"\" class=\"wp-image-8429 lazyload\" data-srcset=\"https:\/\/nhd.org\/wp-content\/uploads\/2025\/08\/Day-3-109-1024x681.jpg 1024w, https:\/\/nhd.org\/wp-content\/uploads\/2025\/08\/Day-3-109-300x200.jpg 300w, https:\/\/nhd.org\/wp-content\/uploads\/2025\/08\/Day-3-109-768x511.jpg 768w, https:\/\/nhd.org\/wp-content\/uploads\/2025\/08\/Day-3-109-1536x1022.jpg 1536w, https:\/\/nhd.org\/wp-content\/uploads\/2025\/08\/Day-3-109-2048x1363.jpg 2048w, https:\/\/nhd.org\/wp-content\/uploads\/2025\/08\/Day-3-109-18x12.jpg 18w, https:\/\/nhd.org\/wp-content\/uploads\/2025\/08\/Day-3-109-1600x1065.jpg 1600w, https:\/\/nhd.org\/wp-content\/uploads\/2025\/08\/Day-3-109-1000x665.jpg 1000w, https:\/\/nhd.org\/wp-content\/uploads\/2025\/08\/Day-3-109-2000x1331.jpg 2000w, https:\/\/nhd.org\/wp-content\/uploads\/2025\/08\/Day-3-109-400x266.jpg 400w\" data-sizes=\"(max-width: 1024px) 100vw, 1024px\" src=\"data:image\/svg+xml;base64,PHN2ZyB3aWR0aD0iMSIgaGVpZ2h0PSIxIiB4bWxucz0iaHR0cDovL3d3dy53My5vcmcvMjAwMC9zdmciPjwvc3ZnPg==\" style=\"--smush-placeholder-width: 1024px; --smush-placeholder-aspect-ratio: 1024\/681;\" \/><\/figure>\n<\/div>\n<div class=\"block-background\"><\/div><\/div><\/div><style>:root { --header-background-color: #00519F;--header-color: #fff }<\/style>\n\n<h3  class=\"appear-on-scroll wp-block-heading\" ><span class=\"text\"><strong>Proceso de evaluaci\u00f3n<\/strong><\/span><\/h3>\n\n<p class=\"appear-on-scroll\">Durante el National History Day<sup>\u00ae<\/sup> proceso de concurso (NHD), los estudiantes en los grados 6-12 realizan una investigaci\u00f3n exhaustiva sobre temas relacionados con un <a href=\"\/es\/contest\/theme\/\">tema anual<\/a>&nbsp;Los estudiantes presentan sus hallazgos en forma de documentos hist\u00f3ricos, exposiciones, documentales, representaciones o sitios web. Presentan sus trabajos ante un jurado compuesto por tres personas, quienes les brindan retroalimentaci\u00f3n sobre el trabajo de todos los estudiantes y seleccionan los proyectos que avanzar\u00e1n a la siguiente etapa de la competencia. Entre las distintas etapas del concurso, se anima a los estudiantes a revisar sus proyectos en funci\u00f3n de lo aprendido y la retroalimentaci\u00f3n del jurado. NHD se basa en la evaluaci\u00f3n por consenso, lo que significa que, en lugar de otorgar puntuaciones num\u00e9ricas a los trabajos, el jurado los clasifica tras deliberar dentro del equipo de evaluaci\u00f3n.<\/p>\n\n<h3  class=\"appear-on-scroll wp-block-heading\" ><span class=\"text\"><strong>Convi\u00e9rtete en juez de la NHD<\/strong><\/span><\/h3>\n\n<p class=\"appear-on-scroll\">Participar como juez es una experiencia enriquecedora para educadores, aficionados a la historia, profesionales y miembros de la comunidad. Los jueces reciben capacitaci\u00f3n y apoyo para que se sientan seguros durante todo el proceso. Tanto si tienes conocimientos de historia como si simplemente disfrutas aprendiendo algo nuevo, tu perspectiva es importante. No se requiere experiencia previa como juez.<\/p>\n\n<p class=\"appear-on-scroll\">\u00danase a nosotros para celebrar los logros estudiantiles y apoyar la ense\u00f1anza de la historia de alta calidad. Su tiempo, experiencia y entusiasmo hacen posible este programa, y se ir\u00e1 inspirado por la creatividad y la dedicaci\u00f3n de los estudiantes que conozca.<\/p>\n\n\n<div class=\"wp-block-columns is-style-boxes is-layout-flex wp-container-core-columns-is-layout-ec2e7a44 wp-block-columns-is-layout-flex\" style=\"padding-top:0;padding-bottom:0\">\n<div class=\"wp-block-column is-layout-flow wp-block-column-is-layout-flow\"><div class=\"wp-block-theme-blocks-card theme-block has-background hentry is-style-content has-#00519F-background-color has-#fff-color no-image\" style=\"--background-color:#00519F;--color:#fff\"><div class=\"layout\"><div class=\"block-content\">\n<h2  class=\"appear-on-scroll wp-block-heading has-text-align-center\" ><span class=\"text\">Juez local<\/span><\/h2>\n\n<p  class=\"appear-on-scroll has-text-align-center\" >Para ser juez en un concurso regional o afiliado, p\u00f3ngase en contacto con su programa local.<\/p>\n\n\n<div class=\"wp-block-buttons is-content-justification-center is-layout-flex wp-container-core-buttons-is-layout-a89b3969 wp-block-buttons-is-layout-flex\"><div  class=\"appear-on-scroll wp-block-button\" ><a class=\"wp-block-button__link has-text-align-center wp-element-button\" href=\"https:\/\/nhd.org\/es\/contest\/find-local-contest\/\" target=\"_blank\" rel=\"noreferrer noopener\"><span class=\"label\">ENCUENTRA TU AFILIADO LOCAL<\/span><\/a><\/div><\/div>\n\n<\/div><\/div><\/div>\n\n<div class=\"wp-block-theme-blocks-card theme-block has-background hentry is-style-content has-#00519F-background-color no-image\" style=\"--background-color:#00519F\"><div class=\"layout\"><div class=\"block-content\">\n<h2  class=\"appear-on-scroll wp-block-heading has-text-align-center has-white-color has-text-color has-link-color wp-elements-3aa76db6bb46e9f582ab0890787e0223\" ><span class=\"text\">Juez en el Concurso Nacional NHD<\/span><\/h2>\n\n<p  class=\"appear-on-scroll has-text-align-center has-white-color has-text-color has-link-color wp-elements-727565c8eec3c87b44d9160f930fd60d\" >El Concurso Nacional de 2026 se celebrar\u00e1 de forma presencial en la Universidad de Maryland, College Park, del 14 al 18 de junio de 2026.<\/p>\n\n<p  class=\"appear-on-scroll has-text-align-center has-white-color has-text-color has-link-color wp-elements-ba66ca9469c9298429320cf7fa1e32b9\" >Ya est\u00e1 abierto el plazo de inscripci\u00f3n para jueces del Concurso Nacional de 2026. <\/p>\n\n\n<div class=\"wp-block-buttons is-content-justification-center is-layout-flex wp-container-core-buttons-is-layout-a89b3969 wp-block-buttons-is-layout-flex\"><div  class=\"appear-on-scroll wp-block-button\" ><a class=\"wp-block-button__link wp-element-button\" href=\"https:\/\/national.nhd.org\/app\/page\/judgehome?f=9f566358-ecb6-484c-8bd8-e1a697dba5be\" target=\"_blank\" rel=\"noreferrer noopener\"><span class=\"label\">M\u00c1S INFORMACI\u00d3N Y REGISTRO<\/span><\/a><\/div><\/div>\n\n<\/div><\/div><\/div><\/div>\n<\/div>\n\n\n\n<div style=\"height:34px\" aria-hidden=\"true\" class=\"wp-block-spacer\"><\/div>","protected":false},"excerpt":{"rendered":"<p>Proceso de evaluaci\u00f3n Durante el proceso del concurso National History Day\u00ae (NHD), los estudiantes de los grados 6 a 12 realizan una investigaci\u00f3n exhaustiva sobre temas relacionados con un tema anual y presentan sus hallazgos como art\u00edculos hist\u00f3ricos, \u2026<\/p>","protected":false},"author":2,"featured_media":0,"parent":107,"menu_order":1,"comment_status":"closed","ping_status":"closed","template":"","meta":{"featured_image_background_position":"","post_type":"","query":"","taxonomies":"","per_page":"","columns":"","layout":"","header-background-color":"","header-color":"","show_promoted":false,"show_site_promotions":false,"footnotes":""},"class_list":["post-3055","page","type-page","status-publish","hentry"],"yoast_head":"<!-- This site is optimized with the Yoast SEO plugin v27.4 - https:\/\/yoast.com\/product\/yoast-seo-wordpress\/ -->\n<title>Volunteer to Judge - National History Day<\/title>\n<meta name=\"description\" content=\"See how your background, knowledge, and perspective add value to a students experience of National History Day and its benefits\" \/>\n<meta name=\"robots\" content=\"index, follow, max-snippet:-1, max-image-preview:large, max-video-preview:-1\" \/>\n<link rel=\"canonical\" href=\"https:\/\/nhd.org\/es\/get-involved\/volunteer\/\" \/>\n<meta property=\"og:locale\" content=\"es_ES\" \/>\n<meta property=\"og:type\" content=\"article\" \/>\n<meta property=\"og:title\" content=\"Volunteer to Judge - National History Day\" \/>\n<meta property=\"og:description\" content=\"See how your background, knowledge, and perspective add value to a students experience of National History Day and its benefits\" \/>\n<meta property=\"og:url\" content=\"https:\/\/nhd.org\/es\/get-involved\/volunteer\/\" \/>\n<meta property=\"og:site_name\" content=\"National History Day\" \/>\n<meta property=\"article:publisher\" content=\"https:\/\/www.facebook.com\/nationalhistoryday\/\" \/>\n<meta property=\"article:modified_time\" content=\"2025-11-19T16:34:12+00:00\" \/>\n<meta property=\"og:image\" content=\"https:\/\/nhd.org\/wp-content\/uploads\/2025\/08\/Day-3-109-scaled.jpg\" \/>\n\t<meta property=\"og:image:width\" content=\"2560\" \/>\n\t<meta property=\"og:image:height\" content=\"1703\" \/>\n\t<meta property=\"og:image:type\" content=\"image\/jpeg\" \/>\n<meta name=\"twitter:card\" content=\"summary_large_image\" \/>\n<meta name=\"twitter:site\" content=\"@NationalHistory\" \/>\n<meta name=\"twitter:label1\" content=\"Tiempo de lectura\" \/>\n\t<meta name=\"twitter:data1\" content=\"2 minutos\" \/>\n<script type=\"application\/ld+json\" class=\"yoast-schema-graph\">{\"@context\":\"https:\\\/\\\/schema.org\",\"@graph\":[{\"@type\":\"WebPage\",\"@id\":\"https:\\\/\\\/nhd.org\\\/get-involved\\\/volunteer\\\/\",\"url\":\"https:\\\/\\\/nhd.org\\\/get-involved\\\/volunteer\\\/\",\"name\":\"Volunteer to Judge - National History Day\",\"isPartOf\":{\"@id\":\"https:\\\/\\\/nhd.org\\\/en\\\/#website\"},\"primaryImageOfPage\":{\"@id\":\"https:\\\/\\\/nhd.org\\\/get-involved\\\/volunteer\\\/#primaryimage\"},\"image\":{\"@id\":\"https:\\\/\\\/nhd.org\\\/get-involved\\\/volunteer\\\/#primaryimage\"},\"thumbnailUrl\":\"https:\\\/\\\/nhd.org\\\/wp-content\\\/uploads\\\/2025\\\/08\\\/Day-3-109-1024x681.jpg\",\"datePublished\":\"2022-12-09T20:23:38+00:00\",\"dateModified\":\"2025-11-19T16:34:12+00:00\",\"description\":\"See how your background, knowledge, and perspective add value to a students experience of National History Day and its benefits\",\"breadcrumb\":{\"@id\":\"https:\\\/\\\/nhd.org\\\/get-involved\\\/volunteer\\\/#breadcrumb\"},\"inLanguage\":\"es\",\"potentialAction\":[{\"@type\":\"ReadAction\",\"target\":[\"https:\\\/\\\/nhd.org\\\/get-involved\\\/volunteer\\\/\"]}]},{\"@type\":\"ImageObject\",\"inLanguage\":\"es\",\"@id\":\"https:\\\/\\\/nhd.org\\\/get-involved\\\/volunteer\\\/#primaryimage\",\"url\":\"https:\\\/\\\/nhd.org\\\/wp-content\\\/uploads\\\/2025\\\/08\\\/Day-3-109-1024x681.jpg\",\"contentUrl\":\"https:\\\/\\\/nhd.org\\\/wp-content\\\/uploads\\\/2025\\\/08\\\/Day-3-109-1024x681.jpg\"},{\"@type\":\"BreadcrumbList\",\"@id\":\"https:\\\/\\\/nhd.org\\\/get-involved\\\/volunteer\\\/#breadcrumb\",\"itemListElement\":[{\"@type\":\"ListItem\",\"position\":1,\"name\":\"Home\",\"item\":\"https:\\\/\\\/nhd.org\\\/en\\\/\"},{\"@type\":\"ListItem\",\"position\":2,\"name\":\"Get Involved\",\"item\":\"https:\\\/\\\/nhd.org\\\/en\\\/get-involved\\\/\"},{\"@type\":\"ListItem\",\"position\":3,\"name\":\"Volunteer to Judge\"}]},{\"@type\":\"WebSite\",\"@id\":\"https:\\\/\\\/nhd.org\\\/en\\\/#website\",\"url\":\"https:\\\/\\\/nhd.org\\\/en\\\/\",\"name\":\"National History Day\",\"description\":\"National History Day improves the teaching and learning of history.\",\"publisher\":{\"@id\":\"https:\\\/\\\/nhd.org\\\/en\\\/#organization\"},\"potentialAction\":[{\"@type\":\"SearchAction\",\"target\":{\"@type\":\"EntryPoint\",\"urlTemplate\":\"https:\\\/\\\/nhd.org\\\/en\\\/?s={search_term_string}\"},\"query-input\":{\"@type\":\"PropertyValueSpecification\",\"valueRequired\":true,\"valueName\":\"search_term_string\"}}],\"inLanguage\":\"es\"},{\"@type\":\"Organization\",\"@id\":\"https:\\\/\\\/nhd.org\\\/en\\\/#organization\",\"name\":\"National History Day\",\"url\":\"https:\\\/\\\/nhd.org\\\/en\\\/\",\"logo\":{\"@type\":\"ImageObject\",\"inLanguage\":\"es\",\"@id\":\"https:\\\/\\\/nhd.org\\\/en\\\/#\\\/schema\\\/logo\\\/image\\\/\",\"url\":\"https:\\\/\\\/nhd.org\\\/wp-content\\\/uploads\\\/2023\\\/02\\\/NHDLogo_R_web.png\",\"contentUrl\":\"https:\\\/\\\/nhd.org\\\/wp-content\\\/uploads\\\/2023\\\/02\\\/NHDLogo_R_web.png\",\"width\":600,\"height\":503,\"caption\":\"National History Day\"},\"image\":{\"@id\":\"https:\\\/\\\/nhd.org\\\/en\\\/#\\\/schema\\\/logo\\\/image\\\/\"},\"sameAs\":[\"https:\\\/\\\/www.facebook.com\\\/nationalhistoryday\\\/\",\"https:\\\/\\\/x.com\\\/NationalHistory\",\"https:\\\/\\\/www.youtube.com\\\/c\\\/nationalhistoryday\",\"https:\\\/\\\/www.instagram.com\\\/nhdcontest\\\/\"]}]}<\/script>\n<!-- \/ Yoast SEO plugin. -->","yoast_head_json":{"title":"Ofr\u00e9cete como voluntario para juzgar - National History Day","description":"Vea c\u00f3mo su experiencia, conocimiento y perspectiva agregan valor a la experiencia de un estudiante de National History Day y sus beneficios.","robots":{"index":"index","follow":"follow","max-snippet":"max-snippet:-1","max-image-preview":"max-image-preview:large","max-video-preview":"max-video-preview:-1"},"canonical":"https:\/\/nhd.org\/es\/get-involved\/volunteer\/","og_locale":"es_ES","og_type":"article","og_title":"Volunteer to Judge - National History Day","og_description":"See how your background, knowledge, and perspective add value to a students experience of National History Day and its benefits","og_url":"https:\/\/nhd.org\/es\/get-involved\/volunteer\/","og_site_name":"National History Day","article_publisher":"https:\/\/www.facebook.com\/nationalhistoryday\/","article_modified_time":"2025-11-19T16:34:12+00:00","og_image":[{"width":2560,"height":1703,"url":"https:\/\/nhd.org\/wp-content\/uploads\/2025\/08\/Day-3-109-scaled.jpg","type":"image\/jpeg"}],"twitter_card":"summary_large_image","twitter_site":"@NationalHistory","twitter_misc":{"Tiempo de lectura":"2 minutos"},"schema":{"@context":"https:\/\/schema.org","@graph":[{"@type":"WebPage","@id":"https:\/\/nhd.org\/get-involved\/volunteer\/","url":"https:\/\/nhd.org\/get-involved\/volunteer\/","name":"Ofr\u00e9cete como voluntario para juzgar - National History Day","isPartOf":{"@id":"https:\/\/nhd.org\/en\/#website"},"primaryImageOfPage":{"@id":"https:\/\/nhd.org\/get-involved\/volunteer\/#primaryimage"},"image":{"@id":"https:\/\/nhd.org\/get-involved\/volunteer\/#primaryimage"},"thumbnailUrl":"https:\/\/nhd.org\/wp-content\/uploads\/2025\/08\/Day-3-109-1024x681.jpg","datePublished":"2022-12-09T20:23:38+00:00","dateModified":"2025-11-19T16:34:12+00:00","description":"Vea c\u00f3mo su experiencia, conocimiento y perspectiva agregan valor a la experiencia de un estudiante de National History Day y sus beneficios.","breadcrumb":{"@id":"https:\/\/nhd.org\/get-involved\/volunteer\/#breadcrumb"},"inLanguage":"es","potentialAction":[{"@type":"ReadAction","target":["https:\/\/nhd.org\/get-involved\/volunteer\/"]}]},{"@type":"ImageObject","inLanguage":"es","@id":"https:\/\/nhd.org\/get-involved\/volunteer\/#primaryimage","url":"https:\/\/nhd.org\/wp-content\/uploads\/2025\/08\/Day-3-109-1024x681.jpg","contentUrl":"https:\/\/nhd.org\/wp-content\/uploads\/2025\/08\/Day-3-109-1024x681.jpg"},{"@type":"BreadcrumbList","@id":"https:\/\/nhd.org\/get-involved\/volunteer\/#breadcrumb","itemListElement":[{"@type":"ListItem","position":1,"name":"Home","item":"https:\/\/nhd.org\/en\/"},{"@type":"ListItem","position":2,"name":"Get Involved","item":"https:\/\/nhd.org\/en\/get-involved\/"},{"@type":"ListItem","position":3,"name":"Volunteer to Judge"}]},{"@type":"WebSite","@id":"https:\/\/nhd.org\/en\/#website","url":"https:\/\/nhd.org\/en\/","name":"National History Day","description":"National History Day mejora la ense\u00f1anza y el aprendizaje de la historia.","publisher":{"@id":"https:\/\/nhd.org\/en\/#organization"},"potentialAction":[{"@type":"SearchAction","target":{"@type":"EntryPoint","urlTemplate":"https:\/\/nhd.org\/en\/?s={search_term_string}"},"query-input":{"@type":"PropertyValueSpecification","valueRequired":true,"valueName":"search_term_string"}}],"inLanguage":"es"},{"@type":"Organization","@id":"https:\/\/nhd.org\/en\/#organization","name":"National History Day","url":"https:\/\/nhd.org\/en\/","logo":{"@type":"ImageObject","inLanguage":"es","@id":"https:\/\/nhd.org\/en\/#\/schema\/logo\/image\/","url":"https:\/\/nhd.org\/wp-content\/uploads\/2023\/02\/NHDLogo_R_web.png","contentUrl":"https:\/\/nhd.org\/wp-content\/uploads\/2023\/02\/NHDLogo_R_web.png","width":600,"height":503,"caption":"National History Day"},"image":{"@id":"https:\/\/nhd.org\/en\/#\/schema\/logo\/image\/"},"sameAs":["https:\/\/www.facebook.com\/nationalhistoryday\/","https:\/\/x.com\/NationalHistory","https:\/\/www.youtube.com\/c\/nationalhistoryday","https:\/\/www.instagram.com\/nhdcontest\/"]}]}},"jetpack_sharing_enabled":true,"_links":{"self":[{"href":"https:\/\/nhd.org\/es\/wp-json\/wp\/v2\/pages\/3055","targetHints":{"allow":["GET"]}}],"collection":[{"href":"https:\/\/nhd.org\/es\/wp-json\/wp\/v2\/pages"}],"about":[{"href":"https:\/\/nhd.org\/es\/wp-json\/wp\/v2\/types\/page"}],"author":[{"embeddable":true,"href":"https:\/\/nhd.org\/es\/wp-json\/wp\/v2\/users\/2"}],"replies":[{"embeddable":true,"href":"https:\/\/nhd.org\/es\/wp-json\/wp\/v2\/comments?post=3055"}],"version-history":[{"count":19,"href":"https:\/\/nhd.org\/es\/wp-json\/wp\/v2\/pages\/3055\/revisions"}],"predecessor-version":[{"id":8863,"href":"https:\/\/nhd.org\/es\/wp-json\/wp\/v2\/pages\/3055\/revisions\/8863"}],"up":[{"embeddable":true,"href":"https:\/\/nhd.org\/es\/wp-json\/wp\/v2\/pages\/107"}],"wp:attachment":[{"href":"https:\/\/nhd.org\/es\/wp-json\/wp\/v2\/media?parent=3055"}],"curies":[{"name":"palabra clave","href":"https:\/\/api.w.org\/{rel}","templated":true}]}}