{"id":3626,"date":"2022-12-29T16:07:03","date_gmt":"2022-12-29T16:07:03","guid":{"rendered":"https:\/\/nhd.org\/?page_id=3626"},"modified":"2023-01-31T19:32:43","modified_gmt":"2023-01-31T19:32:43","slug":"online-donation","status":"publish","type":"page","link":"https:\/\/nhd.org\/es\/get-involved\/donate\/online-donation\/","title":{"rendered":"\u00a1Gracias por tu donaci\u00f3n!"},"content":{"rendered":"<div role=\"region\" aria-labelledby=\"page-title\" class=\"theme-block wp-block-theme-blocks-page-banner full-width has-background has-background-color has-text-color\" style=\"--background-color:#31818E;--color:#fff\"><div class=\"layout\"><h1 class=\"block-title appear-on-scroll\" id=\"page-title\">\u00a1Gracias por tu donaci\u00f3n!<\/h1>\n<div class=\"block-content appear-on-scroll\">\n\n<\/div>\n\n<div class=\"block-media appear-on-scroll\" style=\"\">\n<figure  class=\"appear-on-scroll wp-block-image size-large\" ><img decoding=\"async\" width=\"1024\" height=\"427\" data-src=\"https:\/\/nhd.org\/wp-content\/uploads\/2023\/01\/DSC_1730-1024x427.jpg\" alt=\"A large group of students standing together in the University of Maryland Xfinity Center wearing NHD medals smiling at the camera.\" class=\"wp-image-4024 lazyload\" data-srcset=\"https:\/\/nhd.org\/wp-content\/uploads\/2023\/01\/DSC_1730-1024x427.jpg 1024w, https:\/\/nhd.org\/wp-content\/uploads\/2023\/01\/DSC_1730-300x125.jpg 300w, https:\/\/nhd.org\/wp-content\/uploads\/2023\/01\/DSC_1730-768x320.jpg 768w, https:\/\/nhd.org\/wp-content\/uploads\/2023\/01\/DSC_1730-1536x641.jpg 1536w, https:\/\/nhd.org\/wp-content\/uploads\/2023\/01\/DSC_1730-2048x854.jpg 2048w, https:\/\/nhd.org\/wp-content\/uploads\/2023\/01\/DSC_1730-18x8.jpg 18w, https:\/\/nhd.org\/wp-content\/uploads\/2023\/01\/DSC_1730-1600x667.jpg 1600w, https:\/\/nhd.org\/wp-content\/uploads\/2023\/01\/DSC_1730-1000x417.jpg 1000w, https:\/\/nhd.org\/wp-content\/uploads\/2023\/01\/DSC_1730-2000x834.jpg 2000w, https:\/\/nhd.org\/wp-content\/uploads\/2023\/01\/DSC_1730-400x167.jpg 400w\" data-sizes=\"(max-width: 1024px) 100vw, 1024px\" src=\"data:image\/svg+xml;base64,PHN2ZyB3aWR0aD0iMSIgaGVpZ2h0PSIxIiB4bWxucz0iaHR0cDovL3d3dy53My5vcmcvMjAwMC9zdmciPjwvc3ZnPg==\" style=\"--smush-placeholder-width: 1024px; --smush-placeholder-aspect-ratio: 1024\/427;\" \/><\/figure>\n<\/div>\n<div class=\"block-background\"><\/div><\/div><\/div><style>:root { --header-background-color: #31818E;--header-color: #fff }<\/style>\n\n\n<div class=\"wp-block-group has-half-margin-top is-layout-constrained wp-container-core-group-is-layout-648b1458 wp-block-group-is-layout-constrained\"><p  class=\"appear-on-scroll has-text-align-center is-style-intro\" >Gracias por invertir en la formaci\u00f3n de ciudadanos reflexivos y maestros seguros. Juntos podemos mejorar la ense\u00f1anza y el aprendizaje de la historia para fortalecer la democracia y la econom\u00eda del futuro. \u00a1Tu generosidad hace la diferencia!<\/p>\n\n<p  class=\"appear-on-scroll has-text-align-center\" >Recibir\u00e1 una copia de su recibo por correo electr\u00f3nico. <\/p><\/div>","protected":false},"excerpt":{"rendered":"<p>Gracias por invertir en la formaci\u00f3n de ciudadanos reflexivos y maestros seguros. Juntos podemos mejorar la ense\u00f1anza y el aprendizaje de la historia para fortalecer la democracia y la econom\u00eda de\u2026<\/p>","protected":false},"author":2,"featured_media":0,"parent":3063,"menu_order":0,"comment_status":"closed","ping_status":"closed","template":"","meta":{"featured_image_background_position":"","post_type":"","query":"","taxonomies":"","per_page":"","columns":"","layout":"","header-background-color":"","header-color":"","show_promoted":false,"show_site_promotions":false,"footnotes":""},"class_list":["post-3626","page","type-page","status-publish","hentry"],"yoast_head":"<!-- This site is optimized with the Yoast SEO plugin v27.3 - https:\/\/yoast.com\/product\/yoast-seo-wordpress\/ -->\n<title>Thank you for your donation! - National History Day<\/title>\n<meta name=\"robots\" content=\"index, follow, max-snippet:-1, max-image-preview:large, max-video-preview:-1\" \/>\n<link rel=\"canonical\" href=\"https:\/\/nhd.org\/es\/get-involved\/donate\/online-donation\/\" \/>\n<meta property=\"og:locale\" content=\"es_ES\" \/>\n<meta property=\"og:type\" content=\"article\" \/>\n<meta property=\"og:title\" content=\"Thank you for your donation! - National History Day\" \/>\n<meta property=\"og:description\" content=\"Thank you for investing in the formation of thoughtful citizens and confident teachers. Together we can improve the teaching and learning of history to strengthen the democracy and economy of &hellip;\" \/>\n<meta property=\"og:url\" content=\"https:\/\/nhd.org\/es\/get-involved\/donate\/online-donation\/\" \/>\n<meta property=\"og:site_name\" content=\"National History Day\" \/>\n<meta property=\"article:publisher\" content=\"https:\/\/www.facebook.com\/nationalhistoryday\/\" \/>\n<meta property=\"article:modified_time\" content=\"2023-01-31T19:32:43+00:00\" \/>\n<meta property=\"og:image\" content=\"https:\/\/nhd.org\/wp-content\/uploads\/2023\/01\/DSC_1730-1024x427.jpg\" \/>\n<meta name=\"twitter:card\" content=\"summary_large_image\" \/>\n<meta name=\"twitter:site\" content=\"@NationalHistory\" \/>\n<meta name=\"twitter:label1\" content=\"Tiempo de lectura\" \/>\n\t<meta name=\"twitter:data1\" content=\"1 minuto\" \/>\n<script type=\"application\/ld+json\" class=\"yoast-schema-graph\">{\"@context\":\"https:\\\/\\\/schema.org\",\"@graph\":[{\"@type\":\"WebPage\",\"@id\":\"https:\\\/\\\/nhd.org\\\/get-involved\\\/donate\\\/online-donation\\\/\",\"url\":\"https:\\\/\\\/nhd.org\\\/get-involved\\\/donate\\\/online-donation\\\/\",\"name\":\"Thank you for your donation! - National History Day\",\"isPartOf\":{\"@id\":\"https:\\\/\\\/nhd.org\\\/en\\\/#website\"},\"primaryImageOfPage\":{\"@id\":\"https:\\\/\\\/nhd.org\\\/get-involved\\\/donate\\\/online-donation\\\/#primaryimage\"},\"image\":{\"@id\":\"https:\\\/\\\/nhd.org\\\/get-involved\\\/donate\\\/online-donation\\\/#primaryimage\"},\"thumbnailUrl\":\"https:\\\/\\\/nhd.org\\\/wp-content\\\/uploads\\\/2023\\\/01\\\/DSC_1730-1024x427.jpg\",\"datePublished\":\"2022-12-29T16:07:03+00:00\",\"dateModified\":\"2023-01-31T19:32:43+00:00\",\"breadcrumb\":{\"@id\":\"https:\\\/\\\/nhd.org\\\/get-involved\\\/donate\\\/online-donation\\\/#breadcrumb\"},\"inLanguage\":\"es\",\"potentialAction\":[{\"@type\":\"ReadAction\",\"target\":[\"https:\\\/\\\/nhd.org\\\/get-involved\\\/donate\\\/online-donation\\\/\"]}]},{\"@type\":\"ImageObject\",\"inLanguage\":\"es\",\"@id\":\"https:\\\/\\\/nhd.org\\\/get-involved\\\/donate\\\/online-donation\\\/#primaryimage\",\"url\":\"https:\\\/\\\/nhd.org\\\/wp-content\\\/uploads\\\/2023\\\/01\\\/DSC_1730-1024x427.jpg\",\"contentUrl\":\"https:\\\/\\\/nhd.org\\\/wp-content\\\/uploads\\\/2023\\\/01\\\/DSC_1730-1024x427.jpg\"},{\"@type\":\"BreadcrumbList\",\"@id\":\"https:\\\/\\\/nhd.org\\\/get-involved\\\/donate\\\/online-donation\\\/#breadcrumb\",\"itemListElement\":[{\"@type\":\"ListItem\",\"position\":1,\"name\":\"Home\",\"item\":\"https:\\\/\\\/nhd.org\\\/en\\\/\"},{\"@type\":\"ListItem\",\"position\":2,\"name\":\"Get Involved\",\"item\":\"https:\\\/\\\/nhd.org\\\/en\\\/get-involved\\\/\"},{\"@type\":\"ListItem\",\"position\":3,\"name\":\"Invest in the Future of NHD\",\"item\":\"https:\\\/\\\/nhd.org\\\/get-involved\\\/donate\\\/\"},{\"@type\":\"ListItem\",\"position\":4,\"name\":\"Thank you for your donation!\"}]},{\"@type\":\"WebSite\",\"@id\":\"https:\\\/\\\/nhd.org\\\/en\\\/#website\",\"url\":\"https:\\\/\\\/nhd.org\\\/en\\\/\",\"name\":\"National History Day\",\"description\":\"National History Day improves the teaching and learning of history.\",\"publisher\":{\"@id\":\"https:\\\/\\\/nhd.org\\\/en\\\/#organization\"},\"potentialAction\":[{\"@type\":\"SearchAction\",\"target\":{\"@type\":\"EntryPoint\",\"urlTemplate\":\"https:\\\/\\\/nhd.org\\\/en\\\/?s={search_term_string}\"},\"query-input\":{\"@type\":\"PropertyValueSpecification\",\"valueRequired\":true,\"valueName\":\"search_term_string\"}}],\"inLanguage\":\"es\"},{\"@type\":\"Organization\",\"@id\":\"https:\\\/\\\/nhd.org\\\/en\\\/#organization\",\"name\":\"National History Day\",\"url\":\"https:\\\/\\\/nhd.org\\\/en\\\/\",\"logo\":{\"@type\":\"ImageObject\",\"inLanguage\":\"es\",\"@id\":\"https:\\\/\\\/nhd.org\\\/en\\\/#\\\/schema\\\/logo\\\/image\\\/\",\"url\":\"https:\\\/\\\/nhd.org\\\/wp-content\\\/uploads\\\/2023\\\/02\\\/NHDLogo_R_web.png\",\"contentUrl\":\"https:\\\/\\\/nhd.org\\\/wp-content\\\/uploads\\\/2023\\\/02\\\/NHDLogo_R_web.png\",\"width\":600,\"height\":503,\"caption\":\"National History Day\"},\"image\":{\"@id\":\"https:\\\/\\\/nhd.org\\\/en\\\/#\\\/schema\\\/logo\\\/image\\\/\"},\"sameAs\":[\"https:\\\/\\\/www.facebook.com\\\/nationalhistoryday\\\/\",\"https:\\\/\\\/x.com\\\/NationalHistory\",\"https:\\\/\\\/www.youtube.com\\\/c\\\/nationalhistoryday\",\"https:\\\/\\\/www.instagram.com\\\/nhdcontest\\\/\"]}]}<\/script>\n<!-- \/ Yoast SEO plugin. -->","yoast_head_json":{"title":"\u00a1Gracias por tu donaci\u00f3n! - National History Day","robots":{"index":"index","follow":"follow","max-snippet":"max-snippet:-1","max-image-preview":"max-image-preview:large","max-video-preview":"max-video-preview:-1"},"canonical":"https:\/\/nhd.org\/es\/get-involved\/donate\/online-donation\/","og_locale":"es_ES","og_type":"article","og_title":"Thank you for your donation! - National History Day","og_description":"Thank you for investing in the formation of thoughtful citizens and confident teachers. Together we can improve the teaching and learning of history to strengthen the democracy and economy of &hellip;","og_url":"https:\/\/nhd.org\/es\/get-involved\/donate\/online-donation\/","og_site_name":"National History Day","article_publisher":"https:\/\/www.facebook.com\/nationalhistoryday\/","article_modified_time":"2023-01-31T19:32:43+00:00","og_image":[{"url":"https:\/\/nhd.org\/wp-content\/uploads\/2023\/01\/DSC_1730-1024x427.jpg","type":"","width":"","height":""}],"twitter_card":"summary_large_image","twitter_site":"@NationalHistory","twitter_misc":{"Tiempo de lectura":"1 minuto"},"schema":{"@context":"https:\/\/schema.org","@graph":[{"@type":"WebPage","@id":"https:\/\/nhd.org\/get-involved\/donate\/online-donation\/","url":"https:\/\/nhd.org\/get-involved\/donate\/online-donation\/","name":"\u00a1Gracias por tu donaci\u00f3n! - National History Day","isPartOf":{"@id":"https:\/\/nhd.org\/en\/#website"},"primaryImageOfPage":{"@id":"https:\/\/nhd.org\/get-involved\/donate\/online-donation\/#primaryimage"},"image":{"@id":"https:\/\/nhd.org\/get-involved\/donate\/online-donation\/#primaryimage"},"thumbnailUrl":"https:\/\/nhd.org\/wp-content\/uploads\/2023\/01\/DSC_1730-1024x427.jpg","datePublished":"2022-12-29T16:07:03+00:00","dateModified":"2023-01-31T19:32:43+00:00","breadcrumb":{"@id":"https:\/\/nhd.org\/get-involved\/donate\/online-donation\/#breadcrumb"},"inLanguage":"es","potentialAction":[{"@type":"ReadAction","target":["https:\/\/nhd.org\/get-involved\/donate\/online-donation\/"]}]},{"@type":"ImageObject","inLanguage":"es","@id":"https:\/\/nhd.org\/get-involved\/donate\/online-donation\/#primaryimage","url":"https:\/\/nhd.org\/wp-content\/uploads\/2023\/01\/DSC_1730-1024x427.jpg","contentUrl":"https:\/\/nhd.org\/wp-content\/uploads\/2023\/01\/DSC_1730-1024x427.jpg"},{"@type":"BreadcrumbList","@id":"https:\/\/nhd.org\/get-involved\/donate\/online-donation\/#breadcrumb","itemListElement":[{"@type":"ListItem","position":1,"name":"Home","item":"https:\/\/nhd.org\/en\/"},{"@type":"ListItem","position":2,"name":"Get Involved","item":"https:\/\/nhd.org\/en\/get-involved\/"},{"@type":"ListItem","position":3,"name":"Invest in the Future of NHD","item":"https:\/\/nhd.org\/get-involved\/donate\/"},{"@type":"ListItem","position":4,"name":"Thank you for your donation!"}]},{"@type":"WebSite","@id":"https:\/\/nhd.org\/en\/#website","url":"https:\/\/nhd.org\/en\/","name":"National History Day","description":"National History Day mejora la ense\u00f1anza y el aprendizaje de la historia.","publisher":{"@id":"https:\/\/nhd.org\/en\/#organization"},"potentialAction":[{"@type":"SearchAction","target":{"@type":"EntryPoint","urlTemplate":"https:\/\/nhd.org\/en\/?s={search_term_string}"},"query-input":{"@type":"PropertyValueSpecification","valueRequired":true,"valueName":"search_term_string"}}],"inLanguage":"es"},{"@type":"Organization","@id":"https:\/\/nhd.org\/en\/#organization","name":"National History Day","url":"https:\/\/nhd.org\/en\/","logo":{"@type":"ImageObject","inLanguage":"es","@id":"https:\/\/nhd.org\/en\/#\/schema\/logo\/image\/","url":"https:\/\/nhd.org\/wp-content\/uploads\/2023\/02\/NHDLogo_R_web.png","contentUrl":"https:\/\/nhd.org\/wp-content\/uploads\/2023\/02\/NHDLogo_R_web.png","width":600,"height":503,"caption":"National History Day"},"image":{"@id":"https:\/\/nhd.org\/en\/#\/schema\/logo\/image\/"},"sameAs":["https:\/\/www.facebook.com\/nationalhistoryday\/","https:\/\/x.com\/NationalHistory","https:\/\/www.youtube.com\/c\/nationalhistoryday","https:\/\/www.instagram.com\/nhdcontest\/"]}]}},"jetpack_sharing_enabled":true,"_links":{"self":[{"href":"https:\/\/nhd.org\/es\/wp-json\/wp\/v2\/pages\/3626","targetHints":{"allow":["GET"]}}],"collection":[{"href":"https:\/\/nhd.org\/es\/wp-json\/wp\/v2\/pages"}],"about":[{"href":"https:\/\/nhd.org\/es\/wp-json\/wp\/v2\/types\/page"}],"author":[{"embeddable":true,"href":"https:\/\/nhd.org\/es\/wp-json\/wp\/v2\/users\/2"}],"replies":[{"embeddable":true,"href":"https:\/\/nhd.org\/es\/wp-json\/wp\/v2\/comments?post=3626"}],"version-history":[{"count":12,"href":"https:\/\/nhd.org\/es\/wp-json\/wp\/v2\/pages\/3626\/revisions"}],"predecessor-version":[{"id":4026,"href":"https:\/\/nhd.org\/es\/wp-json\/wp\/v2\/pages\/3626\/revisions\/4026"}],"up":[{"embeddable":true,"href":"https:\/\/nhd.org\/es\/wp-json\/wp\/v2\/pages\/3063"}],"wp:attachment":[{"href":"https:\/\/nhd.org\/es\/wp-json\/wp\/v2\/media?parent=3626"}],"curies":[{"name":"palabra clave","href":"https:\/\/api.w.org\/{rel}","templated":true}]}}