{"id":5340,"date":"2023-06-21T16:25:13","date_gmt":"2023-06-21T16:25:13","guid":{"rendered":"https:\/\/nhd.org\/?page_id=5340"},"modified":"2026-02-04T14:11:56","modified_gmt":"2026-02-04T14:11:56","slug":"nhd-summer-internship","status":"publish","type":"page","link":"https:\/\/nhd.org\/es\/nhd-summer-internship\/","title":{"rendered":"Pasant\u00eda de verano en NHD"},"content":{"rendered":"<div role=\"region\" aria-labelledby=\"page-title\" class=\"theme-block wp-block-theme-blocks-page-banner full-width has-background is-style-media-right\" style=\"\"><div class=\"layout\"><h1 class=\"block-title appear-on-scroll\" id=\"page-title\">Pasant\u00eda de verano en NHD<\/h1>\n<div class=\"block-content appear-on-scroll\">\n<p class=\"appear-on-scroll\">\u00a1Ay\u00fadenos a dar la bienvenida a los estudiantes, profesores y familias a la Universidad de Maryland este junio!<\/p>\n<\/div>\n\n<div class=\"block-media appear-on-scroll\" style=\"\">\n<figure  class=\"appear-on-scroll wp-block-image size-full\" ><img decoding=\"async\" data-src=\"https:\/\/nhd.org\/wp-content\/uploads\/2024\/12\/NHD-2024-Monday-Day-2-240-1.jpg\" alt=\"\" class=\"wp-image-7673 lazyload\" src=\"data:image\/svg+xml;base64,PHN2ZyB3aWR0aD0iMSIgaGVpZ2h0PSIxIiB4bWxucz0iaHR0cDovL3d3dy53My5vcmcvMjAwMC9zdmciPjwvc3ZnPg==\" style=\"--smush-placeholder-width: 5762px; --smush-placeholder-aspect-ratio: 5762\/3834;\" \/><\/figure>\n<\/div>\n<div class=\"block-background\"><\/div><\/div><\/div>\n\n<p class=\"appear-on-scroll\"><strong>National History Day<\/strong><br>National History Day (NHD) es una organizaci\u00f3n educativa sin fines de lucro con sede en College Park, Maryland. NHD ofrece programas acad\u00e9micos de un a\u00f1o de duraci\u00f3n que involucran anualmente a m\u00e1s de medio mill\u00f3n de estudiantes de secundaria y preparatoria de todo el mundo en la realizaci\u00f3n de proyectos de investigaci\u00f3n originales sobre temas hist\u00f3ricos de inter\u00e9s. Estudiantes<br>participe en estos proyectos a nivel local y afiliado, y los mejores estudiantes avanzar\u00e1n al Concurso Nacional en la Universidad de Maryland en College Park en junio.<\/p>\n\n<p class=\"appear-on-scroll\"><strong>Compensaci\u00f3n<\/strong><\/p>\n\n<p class=\"appear-on-scroll\">\u25cb Este es un puesto remunerado: $18 por hora.<\/p>\n\n<p class=\"appear-on-scroll\"><strong>Responsabilidades del pasante:<\/strong><br>Los pasantes ayudar\u00e1n al personal de la Oficina Nacional de NHD con los preparativos, la administraci\u00f3n y la limpieza del Concurso Nacional. Esto incluye:<\/p>\n\n<ul  class=\"appear-on-scroll wp-block-list\" >\n<li>Preparar materiales del concurso para estudiantes, profesores, jueces y voluntarios.<ul  class=\"appear-on-scroll wp-block-list\" >\n<li>Por ejemplo, crear y alfabetizar paquetes de jueces para los m\u00e1s de 300 jueces voluntarios del concurso.<\/li>\n<\/ul><\/li>\n\n\n\n<li>Ayudar a la directora ejecutiva de NHD, Cathy Gorn, a desarrollar y presentar la ceremonia de bienvenida del concurso nacional.<\/li>\n\n\n\n<li>Capacitaci\u00f3n sobre el equipo tecnol\u00f3gico de la Universidad de Maryland y asistencia en la resoluci\u00f3n de problemas durante la semana del concurso.<\/li>\n\n\n\n<li>Apoyar al personal de la Oficina Nacional de NHD durante la Ceremonia de Premiaci\u00f3n.<\/li>\n<\/ul>\n\n\n\n<p class=\"appear-on-scroll\"><strong>Requisitos del pasante<\/strong><\/p>\n\n<ul  class=\"appear-on-scroll wp-block-list\" >\n<li><strong><em>\u00a1Nuevo este a\u00f1o! <\/em><\/strong>Debes ser un estudiante actual de la Universidad de Maryland, College Park.<\/li>\n\n\n\n<li>Debes haber completado al menos dos a\u00f1os para obtener tu t\u00edtulo universitario.<\/li>\n\n\n\n<li>Debes tener al menos 18 a\u00f1os.<\/li>\n\n\n\n<li>Puede aplicar cualquier especialidad. <\/li>\n\n\n\n<li>Debe poder comenzar antes del 26 de mayo de 2026 y permanecer hasta el 26 de junio de 2026.<ul  class=\"appear-on-scroll wp-block-list\" >\n<li><strong>Horas:<\/strong> Lunes a viernes, 8:00 a. m. a 5:00 p. m. (con una hora para el almuerzo)<\/li>\n\n\n\n<li><strong>Horario extendido:<\/strong> Semana Nacional de Concursos, del domingo 14 de junio al jueves 18 de junio de 2026<\/li>\n<\/ul><\/li>\n<\/ul>\n\n\n<div class=\"wp-block-buttons is-layout-flex wp-block-buttons-is-layout-flex\"><div  class=\"appear-on-scroll wp-block-button\" ><a class=\"wp-block-button__link wp-element-button\" href=\"https:\/\/nhd.org\/wp-content\/uploads\/2025\/12\/NHD-Internship-Description.pdf\" target=\"_blank\" rel=\"noreferrer noopener\"><span class=\"label\">DESCARGAR DESCRIPCI\u00d3N DE LA POSICI\u00d3N<\/span><\/a><\/div><\/div>\n\n\n\n<div style=\"height:26px\" aria-hidden=\"true\" class=\"wp-block-spacer\"><\/div>\n\n\n<hr  class=\"appear-on-scroll wp-block-separator has-alpha-channel-opacity\" \/>\n\n<p>Lo siento. Este formulario ya no est\u00e1 disponible.<\/p>","protected":false},"excerpt":{"rendered":"<p>National History DayNational History Day (NHD) es una organizaci\u00f3n educativa sin fines de lucro con sede en College Park, Maryland. NHD ofrece programas acad\u00e9micos de un a\u00f1o de duraci\u00f3n que involucran a m\u00e1s de medio mill\u00f3n de estudiantes de secundaria y preparatoria...<\/p>","protected":false},"author":5,"featured_media":0,"parent":0,"menu_order":0,"comment_status":"closed","ping_status":"closed","template":"","meta":{"featured_image_background_position":"","post_type":"","query":"","taxonomies":"","per_page":"","columns":"","layout":"","header-background-color":"","header-color":"","show_promoted":false,"show_site_promotions":false,"footnotes":""},"class_list":["post-5340","page","type-page","status-publish","hentry"],"yoast_head":"<!-- This site is optimized with the Yoast SEO plugin v27.3 - https:\/\/yoast.com\/product\/yoast-seo-wordpress\/ -->\n<title>NHD Summer Internship - National History Day<\/title>\n<meta name=\"robots\" content=\"index, follow, max-snippet:-1, max-image-preview:large, max-video-preview:-1\" \/>\n<link rel=\"canonical\" href=\"https:\/\/nhd.org\/es\/nhd-summer-internship\/\" \/>\n<meta property=\"og:locale\" content=\"es_ES\" \/>\n<meta property=\"og:type\" content=\"article\" \/>\n<meta property=\"og:title\" content=\"NHD Summer Internship - National History Day\" \/>\n<meta property=\"og:description\" content=\"National History DayNational History Day (NHD) is a non-profit education organization based in College Park, Maryland. NHD offers year-long academic programs that engage over half a million middle- and high-school &hellip;\" \/>\n<meta property=\"og:url\" content=\"https:\/\/nhd.org\/es\/nhd-summer-internship\/\" \/>\n<meta property=\"og:site_name\" content=\"National History Day\" \/>\n<meta property=\"article:publisher\" content=\"https:\/\/www.facebook.com\/nationalhistoryday\/\" \/>\n<meta property=\"article:modified_time\" content=\"2026-02-04T14:11:56+00:00\" \/>\n<meta property=\"og:image\" content=\"https:\/\/nhd.org\/wp-content\/uploads\/2024\/12\/NHD-2024-Monday-Day-2-240-1.jpg\" \/>\n\t<meta property=\"og:image:width\" content=\"1\" \/>\n\t<meta property=\"og:image:height\" content=\"1\" \/>\n\t<meta property=\"og:image:type\" content=\"image\/jpeg\" \/>\n<meta name=\"twitter:card\" content=\"summary_large_image\" \/>\n<meta name=\"twitter:site\" content=\"@NationalHistory\" \/>\n<meta name=\"twitter:label1\" content=\"Tiempo de lectura\" \/>\n\t<meta name=\"twitter:data1\" content=\"2 minutos\" \/>\n<script type=\"application\/ld+json\" class=\"yoast-schema-graph\">{\"@context\":\"https:\\\/\\\/schema.org\",\"@graph\":[{\"@type\":\"WebPage\",\"@id\":\"https:\\\/\\\/nhd.org\\\/nhd-summer-internship\\\/\",\"url\":\"https:\\\/\\\/nhd.org\\\/nhd-summer-internship\\\/\",\"name\":\"NHD Summer Internship - National History Day\",\"isPartOf\":{\"@id\":\"https:\\\/\\\/nhd.org\\\/en\\\/#website\"},\"primaryImageOfPage\":{\"@id\":\"https:\\\/\\\/nhd.org\\\/nhd-summer-internship\\\/#primaryimage\"},\"image\":{\"@id\":\"https:\\\/\\\/nhd.org\\\/nhd-summer-internship\\\/#primaryimage\"},\"thumbnailUrl\":\"https:\\\/\\\/nhd.org\\\/wp-content\\\/uploads\\\/2024\\\/12\\\/NHD-2024-Monday-Day-2-240-1.jpg\",\"datePublished\":\"2023-06-21T16:25:13+00:00\",\"dateModified\":\"2026-02-04T14:11:56+00:00\",\"breadcrumb\":{\"@id\":\"https:\\\/\\\/nhd.org\\\/nhd-summer-internship\\\/#breadcrumb\"},\"inLanguage\":\"es\",\"potentialAction\":[{\"@type\":\"ReadAction\",\"target\":[\"https:\\\/\\\/nhd.org\\\/nhd-summer-internship\\\/\"]}]},{\"@type\":\"ImageObject\",\"inLanguage\":\"es\",\"@id\":\"https:\\\/\\\/nhd.org\\\/nhd-summer-internship\\\/#primaryimage\",\"url\":\"https:\\\/\\\/nhd.org\\\/wp-content\\\/uploads\\\/2024\\\/12\\\/NHD-2024-Monday-Day-2-240-1.jpg\",\"contentUrl\":\"https:\\\/\\\/nhd.org\\\/wp-content\\\/uploads\\\/2024\\\/12\\\/NHD-2024-Monday-Day-2-240-1.jpg\"},{\"@type\":\"BreadcrumbList\",\"@id\":\"https:\\\/\\\/nhd.org\\\/nhd-summer-internship\\\/#breadcrumb\",\"itemListElement\":[{\"@type\":\"ListItem\",\"position\":1,\"name\":\"Home\",\"item\":\"https:\\\/\\\/nhd.org\\\/en\\\/\"},{\"@type\":\"ListItem\",\"position\":2,\"name\":\"NHD Summer Internship\"}]},{\"@type\":\"WebSite\",\"@id\":\"https:\\\/\\\/nhd.org\\\/en\\\/#website\",\"url\":\"https:\\\/\\\/nhd.org\\\/en\\\/\",\"name\":\"National History Day\",\"description\":\"National History Day improves the teaching and learning of history.\",\"publisher\":{\"@id\":\"https:\\\/\\\/nhd.org\\\/en\\\/#organization\"},\"potentialAction\":[{\"@type\":\"SearchAction\",\"target\":{\"@type\":\"EntryPoint\",\"urlTemplate\":\"https:\\\/\\\/nhd.org\\\/en\\\/?s={search_term_string}\"},\"query-input\":{\"@type\":\"PropertyValueSpecification\",\"valueRequired\":true,\"valueName\":\"search_term_string\"}}],\"inLanguage\":\"es\"},{\"@type\":\"Organization\",\"@id\":\"https:\\\/\\\/nhd.org\\\/en\\\/#organization\",\"name\":\"National History Day\",\"url\":\"https:\\\/\\\/nhd.org\\\/en\\\/\",\"logo\":{\"@type\":\"ImageObject\",\"inLanguage\":\"es\",\"@id\":\"https:\\\/\\\/nhd.org\\\/en\\\/#\\\/schema\\\/logo\\\/image\\\/\",\"url\":\"https:\\\/\\\/nhd.org\\\/wp-content\\\/uploads\\\/2023\\\/02\\\/NHDLogo_R_web.png\",\"contentUrl\":\"https:\\\/\\\/nhd.org\\\/wp-content\\\/uploads\\\/2023\\\/02\\\/NHDLogo_R_web.png\",\"width\":600,\"height\":503,\"caption\":\"National History Day\"},\"image\":{\"@id\":\"https:\\\/\\\/nhd.org\\\/en\\\/#\\\/schema\\\/logo\\\/image\\\/\"},\"sameAs\":[\"https:\\\/\\\/www.facebook.com\\\/nationalhistoryday\\\/\",\"https:\\\/\\\/x.com\\\/NationalHistory\",\"https:\\\/\\\/www.youtube.com\\\/c\\\/nationalhistoryday\",\"https:\\\/\\\/www.instagram.com\\\/nhdcontest\\\/\"]}]}<\/script>\n<!-- \/ Yoast SEO plugin. -->","yoast_head_json":{"title":"Pr\u00e1cticas de verano de NHD - National History Day","robots":{"index":"index","follow":"follow","max-snippet":"max-snippet:-1","max-image-preview":"max-image-preview:large","max-video-preview":"max-video-preview:-1"},"canonical":"https:\/\/nhd.org\/es\/nhd-summer-internship\/","og_locale":"es_ES","og_type":"article","og_title":"NHD Summer Internship - National History Day","og_description":"National History DayNational History Day (NHD) is a non-profit education organization based in College Park, Maryland. NHD offers year-long academic programs that engage over half a million middle- and high-school &hellip;","og_url":"https:\/\/nhd.org\/es\/nhd-summer-internship\/","og_site_name":"National History Day","article_publisher":"https:\/\/www.facebook.com\/nationalhistoryday\/","article_modified_time":"2026-02-04T14:11:56+00:00","og_image":[{"url":"https:\/\/nhd.org\/wp-content\/uploads\/2024\/12\/NHD-2024-Monday-Day-2-240-1.jpg","width":1,"height":1,"type":"image\/jpeg"}],"twitter_card":"summary_large_image","twitter_site":"@NationalHistory","twitter_misc":{"Tiempo de lectura":"2 minutos"},"schema":{"@context":"https:\/\/schema.org","@graph":[{"@type":"WebPage","@id":"https:\/\/nhd.org\/nhd-summer-internship\/","url":"https:\/\/nhd.org\/nhd-summer-internship\/","name":"Pr\u00e1cticas de verano de NHD - National History Day","isPartOf":{"@id":"https:\/\/nhd.org\/en\/#website"},"primaryImageOfPage":{"@id":"https:\/\/nhd.org\/nhd-summer-internship\/#primaryimage"},"image":{"@id":"https:\/\/nhd.org\/nhd-summer-internship\/#primaryimage"},"thumbnailUrl":"https:\/\/nhd.org\/wp-content\/uploads\/2024\/12\/NHD-2024-Monday-Day-2-240-1.jpg","datePublished":"2023-06-21T16:25:13+00:00","dateModified":"2026-02-04T14:11:56+00:00","breadcrumb":{"@id":"https:\/\/nhd.org\/nhd-summer-internship\/#breadcrumb"},"inLanguage":"es","potentialAction":[{"@type":"ReadAction","target":["https:\/\/nhd.org\/nhd-summer-internship\/"]}]},{"@type":"ImageObject","inLanguage":"es","@id":"https:\/\/nhd.org\/nhd-summer-internship\/#primaryimage","url":"https:\/\/nhd.org\/wp-content\/uploads\/2024\/12\/NHD-2024-Monday-Day-2-240-1.jpg","contentUrl":"https:\/\/nhd.org\/wp-content\/uploads\/2024\/12\/NHD-2024-Monday-Day-2-240-1.jpg"},{"@type":"BreadcrumbList","@id":"https:\/\/nhd.org\/nhd-summer-internship\/#breadcrumb","itemListElement":[{"@type":"ListItem","position":1,"name":"Home","item":"https:\/\/nhd.org\/en\/"},{"@type":"ListItem","position":2,"name":"NHD Summer Internship"}]},{"@type":"WebSite","@id":"https:\/\/nhd.org\/en\/#website","url":"https:\/\/nhd.org\/en\/","name":"National History Day","description":"National History Day mejora la ense\u00f1anza y el aprendizaje de la historia.","publisher":{"@id":"https:\/\/nhd.org\/en\/#organization"},"potentialAction":[{"@type":"SearchAction","target":{"@type":"EntryPoint","urlTemplate":"https:\/\/nhd.org\/en\/?s={search_term_string}"},"query-input":{"@type":"PropertyValueSpecification","valueRequired":true,"valueName":"search_term_string"}}],"inLanguage":"es"},{"@type":"Organization","@id":"https:\/\/nhd.org\/en\/#organization","name":"National History Day","url":"https:\/\/nhd.org\/en\/","logo":{"@type":"ImageObject","inLanguage":"es","@id":"https:\/\/nhd.org\/en\/#\/schema\/logo\/image\/","url":"https:\/\/nhd.org\/wp-content\/uploads\/2023\/02\/NHDLogo_R_web.png","contentUrl":"https:\/\/nhd.org\/wp-content\/uploads\/2023\/02\/NHDLogo_R_web.png","width":600,"height":503,"caption":"National History Day"},"image":{"@id":"https:\/\/nhd.org\/en\/#\/schema\/logo\/image\/"},"sameAs":["https:\/\/www.facebook.com\/nationalhistoryday\/","https:\/\/x.com\/NationalHistory","https:\/\/www.youtube.com\/c\/nationalhistoryday","https:\/\/www.instagram.com\/nhdcontest\/"]}]}},"jetpack_sharing_enabled":true,"_links":{"self":[{"href":"https:\/\/nhd.org\/es\/wp-json\/wp\/v2\/pages\/5340","targetHints":{"allow":["GET"]}}],"collection":[{"href":"https:\/\/nhd.org\/es\/wp-json\/wp\/v2\/pages"}],"about":[{"href":"https:\/\/nhd.org\/es\/wp-json\/wp\/v2\/types\/page"}],"author":[{"embeddable":true,"href":"https:\/\/nhd.org\/es\/wp-json\/wp\/v2\/users\/5"}],"replies":[{"embeddable":true,"href":"https:\/\/nhd.org\/es\/wp-json\/wp\/v2\/comments?post=5340"}],"version-history":[{"count":20,"href":"https:\/\/nhd.org\/es\/wp-json\/wp\/v2\/pages\/5340\/revisions"}],"predecessor-version":[{"id":9182,"href":"https:\/\/nhd.org\/es\/wp-json\/wp\/v2\/pages\/5340\/revisions\/9182"}],"wp:attachment":[{"href":"https:\/\/nhd.org\/es\/wp-json\/wp\/v2\/media?parent=5340"}],"curies":[{"name":"palabra clave","href":"https:\/\/api.w.org\/{rel}","templated":true}]}}