{"id":65,"date":"2022-08-12T22:52:17","date_gmt":"2022-08-12T22:52:17","guid":{"rendered":"https:\/\/nhd.org\/?page_id=65"},"modified":"2023-02-17T17:58:44","modified_gmt":"2023-02-17T17:58:44","slug":"about","status":"publish","type":"page","link":"https:\/\/nhd.org\/es\/about\/","title":{"rendered":"Acerca del D\u00eda Nacional de la Historia"},"content":{"rendered":"<div role=\"region\" aria-labelledby=\"page-title\" class=\"theme-block wp-block-theme-blocks-page-banner full-width has-background has-background-color has-text-color\" style=\"--background-color:#31818E;--color:#fff\"><div class=\"layout\"><h1 class=\"block-title appear-on-scroll\" id=\"page-title\">Acerca del D\u00eda Nacional de la Historia<\/h1>\n<div class=\"block-content appear-on-scroll\">\n<p  class=\"appear-on-scroll is-style-intro\" >Un l\u00edder mundial en historia y educaci\u00f3n c\u00edvica, D\u00eda Nacional de la Historia<sup>\u00ae<\/sup> es una organizaci\u00f3n educativa sin fines de lucro que mejora la ense\u00f1anza y el aprendizaje de la historia.<\/p>\n<\/div>\n\n<div class=\"block-media appear-on-scroll\" style=\"\">\n<figure  class=\"appear-on-scroll wp-block-image size-large\" ><img decoding=\"async\" width=\"1024\" height=\"577\" data-src=\"https:\/\/nhd.org\/wp-content\/uploads\/2022\/10\/About_HeroImage-1024x577.jpg\" alt=\"Two young female students take part in a hands-on demo in a classroom. \" class=\"wp-image-1082 lazyload\" data-srcset=\"https:\/\/nhd.org\/wp-content\/uploads\/2022\/10\/About_HeroImage-1024x577.jpg 1024w, https:\/\/nhd.org\/wp-content\/uploads\/2022\/10\/About_HeroImage-300x169.jpg 300w, https:\/\/nhd.org\/wp-content\/uploads\/2022\/10\/About_HeroImage-768x433.jpg 768w, https:\/\/nhd.org\/wp-content\/uploads\/2022\/10\/About_HeroImage-1536x865.jpg 1536w, https:\/\/nhd.org\/wp-content\/uploads\/2022\/10\/About_HeroImage-1600x901.jpg 1600w, https:\/\/nhd.org\/wp-content\/uploads\/2022\/10\/About_HeroImage-1000x563.jpg 1000w, https:\/\/nhd.org\/wp-content\/uploads\/2022\/10\/About_HeroImage-400x225.jpg 400w, https:\/\/nhd.org\/wp-content\/uploads\/2022\/10\/About_HeroImage.jpg 1889w\" data-sizes=\"(max-width: 1024px) 100vw, 1024px\" src=\"data:image\/svg+xml;base64,PHN2ZyB3aWR0aD0iMSIgaGVpZ2h0PSIxIiB4bWxucz0iaHR0cDovL3d3dy53My5vcmcvMjAwMC9zdmciPjwvc3ZnPg==\" style=\"--smush-placeholder-width: 1024px; --smush-placeholder-aspect-ratio: 1024\/577;\" \/><\/figure>\n<\/div>\n<div class=\"block-background\"><\/div><\/div><\/div><style>:root { --header-background-color: #31818E;--header-color: #fff }<\/style>\n\n<p class=\"appear-on-scroll\">NHD llega a m\u00e1s de medio mill\u00f3n de estudiantes y decenas de miles de profesores cada a\u00f1o a trav\u00e9s de su red internacional <a href=\"\/es\/contest\/\">concurso de historia estudiantil<\/a> y su amplia gama de <a href=\"\/es\/teacher-resources\/\">programas de desarrollo profesional docente<\/a>, herramientas curriculares y otras actividades educativas.<\/p>\n\n<p class=\"appear-on-scroll\">El programa central de NHD es su competencia en la que los estudiantes en los grados<sup> <\/sup>6\u201312 elija un tema y sum\u00e9rjase profundamente en el pasado realizando una investigaci\u00f3n exhaustiva en bibliotecas, archivos y museos. Luego presentan sus conclusiones y evidencia a trav\u00e9s de art\u00edculos, exhibiciones, actuaciones, documentales o sitios web, movi\u00e9ndose a trav\u00e9s de una serie de niveles de concurso donde son evaluados por historiadores y educadores profesionales.&nbsp;<\/p>\n\n<p class=\"appear-on-scroll\">A trav\u00e9s de este proceso, los estudiantes desarrollan habilidades en comunicaci\u00f3n, gesti\u00f3n de proyectos y pensamiento hist\u00f3rico. Sus maestros tambi\u00e9n lo hacen.<\/p>\n\n\n<div class=\"wp-block-buttons is-layout-flex wp-block-buttons-is-layout-flex\"><\/div>\n\n\n<h2  class=\"appear-on-scroll has-text-align-center wp-block-heading\" ><span class=\"text\">La necesidad<\/span><\/h2>\n\n<p class=\"appear-on-scroll\">La educaci\u00f3n hist\u00f3rica importa. Estudiar el pasado nos ayuda a dar sentido al presente para avanzar hacia el futuro. La educaci\u00f3n hist\u00f3rica es esencial para la ciudadan\u00eda participativa. Saber de d\u00f3nde venimos nos ayuda a entender hacia d\u00f3nde vamos. En el proceso, estudiar el pasado genera empat\u00eda y perfecciona las habilidades de investigaci\u00f3n, escritura y an\u00e1lisis.<\/p>\n\n<p class=\"appear-on-scroll\">Un estudio independiente confirm\u00f3 que los estudiantes que participan en NHD superan a sus compa\u00f1eros en formas que se extienden mucho m\u00e1s all\u00e1 del sal\u00f3n de clases y la competencia.<\/p>\n\n\n<div class=\"wp-block-columns is-style-separators has-margin-top is-layout-flex wp-container-core-columns-is-layout-28f84493 wp-block-columns-is-layout-flex\">\n<div class=\"wp-block-column is-layout-flow wp-block-column-is-layout-flow\"><figure  class=\"appear-on-scroll wp-block-image aligncenter size-full is-resized\" ><img decoding=\"async\" data-src=\"https:\/\/nhd.org\/wp-content\/uploads\/2022\/09\/nhd-icon-writing.svg\" alt=\"icon of hand holding pencil\" class=\"wp-image-239 lazyload\" width=\"131\" height=\"131\" src=\"data:image\/svg+xml;base64,PHN2ZyB3aWR0aD0iMSIgaGVpZ2h0PSIxIiB4bWxucz0iaHR0cDovL3d3dy53My5vcmcvMjAwMC9zdmciPjwvc3ZnPg==\" style=\"--smush-placeholder-width: 131px; --smush-placeholder-aspect-ratio: 131\/131;\" \/><\/figure>\n\n<div   class=\"heading h5 appear-on-scroll has-text-align-center wp-block-heading\"  ><span class=\"text\">construye escritores m\u00e1s fuertes que re\u00fanen evidencia s\u00f3lida para apoyar su punto de vista<\/span><\/div><\/div>\n\n\n\n<div class=\"wp-block-column is-layout-flow wp-block-column-is-layout-flow\"><figure  class=\"appear-on-scroll wp-block-image aligncenter size-full is-resized is-style-graphic\" ><img decoding=\"async\" data-src=\"https:\/\/nhd.org\/wp-content\/uploads\/2022\/12\/nhd-icon-graduate2.svg\" alt=\"Female college graduate wearing mortar board\" class=\"wp-image-3398 lazyload\" width=\"90\" height=\"131\" src=\"data:image\/svg+xml;base64,PHN2ZyB3aWR0aD0iMSIgaGVpZ2h0PSIxIiB4bWxucz0iaHR0cDovL3d3dy53My5vcmcvMjAwMC9zdmciPjwvc3ZnPg==\" style=\"--smush-placeholder-width: 90px; --smush-placeholder-aspect-ratio: 90\/131;\" \/><\/figure>\n\n<div   class=\"heading h5 appear-on-scroll has-text-align-center wp-block-heading\"  ><span class=\"text\">Calificaciones de confianza m\u00e1s altas en habilidades de preparaci\u00f3n para la universidad y la carrera<\/span><\/div><\/div>\n<\/div>\n\n\n\n<div style=\"height:30px\" aria-hidden=\"true\" class=\"wp-block-spacer\"><\/div>\n\n\n\n<div class=\"wp-block-buttons is-content-justification-center is-layout-flex wp-container-core-buttons-is-layout-a89b3969 wp-block-buttons-is-layout-flex\"><div  class=\"appear-on-scroll wp-block-button\" ><a class=\"wp-block-button__link wp-element-button\" href=\"\/es\/about\/why-nhd-works\/\"><span class=\"label\">Vea por qu\u00e9 NHD funciona y vea el impacto<\/span><\/a><\/div><\/div>\n\n\n<div class=\"theme-block full-width theme-block-media-text-wrap\"><div class=\"wrap\"><div  class=\"appear-on-scroll wp-block-media-text alignwide is-stacked-on-mobile is-style-quote has-margin-top\" ><figure class=\"wp-block-media-text__media\"><img decoding=\"async\" width=\"887\" height=\"1024\" data-src=\"https:\/\/nhd.org\/wp-content\/uploads\/2022\/09\/CathyandPresObama-UPI-2-2017_Small-887x1024.jpg\" alt=\"Obama gives Gorn award\" class=\"wp-image-495 size-full lazyload\" data-srcset=\"https:\/\/nhd.org\/wp-content\/uploads\/2022\/09\/CathyandPresObama-UPI-2-2017_Small-887x1024.jpg 887w, https:\/\/nhd.org\/wp-content\/uploads\/2022\/09\/CathyandPresObama-UPI-2-2017_Small-260x300.jpg 260w, https:\/\/nhd.org\/wp-content\/uploads\/2022\/09\/CathyandPresObama-UPI-2-2017_Small-768x887.jpg 768w, https:\/\/nhd.org\/wp-content\/uploads\/2022\/09\/CathyandPresObama-UPI-2-2017_Small-1000x1155.jpg 1000w, https:\/\/nhd.org\/wp-content\/uploads\/2022\/09\/CathyandPresObama-UPI-2-2017_Small-400x462.jpg 400w, https:\/\/nhd.org\/wp-content\/uploads\/2022\/09\/CathyandPresObama-UPI-2-2017_Small.jpg 1026w\" data-sizes=\"(max-width: 887px) 100vw, 887px\" src=\"data:image\/svg+xml;base64,PHN2ZyB3aWR0aD0iMSIgaGVpZ2h0PSIxIiB4bWxucz0iaHR0cDovL3d3dy53My5vcmcvMjAwMC9zdmciPjwvc3ZnPg==\" style=\"--smush-placeholder-width: 887px; --smush-placeholder-aspect-ratio: 887\/1024;\" \/><\/figure><div class=\"wp-block-media-text__content appear-on-scroll\"><h2  class=\"appear-on-scroll wp-block-heading\" ><span class=\"text\">Destinatario de la Medalla Nacional de Humanidades<\/span><\/h2>\n\n<p class=\"appear-on-scroll\">El presidente Barack Obama otorg\u00f3 a NHD la prestigiosa Medalla Nacional de Humanidades para honrar los logros en historia, literatura, educaci\u00f3n y pol\u00edtica cultural. La Dra. Cathy Gorn, directora ejecutiva, acept\u00f3 el premio.<\/p><\/div><\/div><\/div><\/div>\n\n<div   class=\"theme-block full-width has-background has-background-image wp-block-group is-style-full-width is-layout-flow wp-block-group-is-layout-flow\"  ><div class=\"block-background\"><img decoding=\"async\" width=\"2000\" height=\"818\" data-src=\"https:\/\/nhd.org\/wp-content\/uploads\/2022\/12\/NHD_Map_Background_2x.jpg\" class=\"attachment-banner-full size-banner-full lazyload\" alt=\"\" style=\"--smush-placeholder-width: 2000px; --smush-placeholder-aspect-ratio: 2000\/818;object-position:53% 65%;\" data-srcset=\"https:\/\/nhd.org\/wp-content\/uploads\/2022\/12\/NHD_Map_Background_2x.jpg 2000w, https:\/\/nhd.org\/wp-content\/uploads\/2022\/12\/NHD_Map_Background_2x-300x123.jpg 300w, https:\/\/nhd.org\/wp-content\/uploads\/2022\/12\/NHD_Map_Background_2x-1024x419.jpg 1024w, https:\/\/nhd.org\/wp-content\/uploads\/2022\/12\/NHD_Map_Background_2x-768x314.jpg 768w, https:\/\/nhd.org\/wp-content\/uploads\/2022\/12\/NHD_Map_Background_2x-1536x628.jpg 1536w, https:\/\/nhd.org\/wp-content\/uploads\/2022\/12\/NHD_Map_Background_2x-18x7.jpg 18w, https:\/\/nhd.org\/wp-content\/uploads\/2022\/12\/NHD_Map_Background_2x-1600x654.jpg 1600w, https:\/\/nhd.org\/wp-content\/uploads\/2022\/12\/NHD_Map_Background_2x-1000x409.jpg 1000w, https:\/\/nhd.org\/wp-content\/uploads\/2022\/12\/NHD_Map_Background_2x-400x164.jpg 400w\" data-sizes=\"(max-width: 2000px) 100vw, 2000px\" src=\"data:image\/svg+xml;base64,PHN2ZyB3aWR0aD0iMSIgaGVpZ2h0PSIxIiB4bWxucz0iaHR0cDovL3d3dy53My5vcmcvMjAwMC9zdmciPjwvc3ZnPg==\" \/><\/div><div class=\"wp-block-group__inner-container wrap\"><div class=\"inner\">\n<div class=\"wp-block-group has-white-background-color has-background is-layout-constrained wp-block-group-is-layout-constrained\"><h2  class=\"appear-on-scroll has-text-align-center wp-block-heading\" ><span class=\"text\">Conozca a las personas detr\u00e1s de nuestro trabajo<\/span><\/h2>\n\n\n<div class=\"wp-block-buttons is-layout-flex wp-block-buttons-is-layout-flex\"><div  class=\"appear-on-scroll wp-block-button aligncenter\" ><a class=\"wp-block-button__link wp-element-button\" href=\"\/es\/about\/people-of-nhd\/\"><span class=\"label\">Gente de NHD<\/span><\/a><\/div><\/div>\n<\/div>\n<\/div><\/div><\/div>","protected":false},"excerpt":{"rendered":"<p>NHD llega a m\u00e1s de medio mill\u00f3n de estudiantes y decenas de miles de profesores cada a\u00f1o a trav\u00e9s de su concurso internacional de historia estudiantil y su amplia gama de desarrollo profesional docente...<\/p>","protected":false},"author":2,"featured_media":138,"parent":0,"menu_order":4,"comment_status":"closed","ping_status":"closed","template":"","meta":{"featured_image_background_position":"","post_type":"","query":"","taxonomies":"","per_page":"","columns":"","layout":"","header-background-color":"","header-color":"","show_promoted":false,"show_site_promotions":false,"footnotes":""},"class_list":["post-65","page","type-page","status-publish","has-post-thumbnail","hentry"],"yoast_head":"<!-- This site is optimized with the Yoast SEO plugin v27.4 - https:\/\/yoast.com\/product\/yoast-seo-wordpress\/ -->\n<title>About National History Day - National History Day<\/title>\n<meta name=\"description\" content=\"A world leader in history and civics education, National History Day\u00ae improves the teaching and learning of\u00a0history.\" \/>\n<meta name=\"robots\" content=\"index, follow, max-snippet:-1, max-image-preview:large, max-video-preview:-1\" \/>\n<link rel=\"canonical\" href=\"https:\/\/nhd.org\/es\/about\/\" \/>\n<meta property=\"og:locale\" content=\"es_ES\" \/>\n<meta property=\"og:type\" content=\"article\" \/>\n<meta property=\"og:title\" content=\"About National History Day - National History Day\" \/>\n<meta property=\"og:description\" content=\"A world leader in history and civics education, National History Day\u00ae improves the teaching and learning of\u00a0history.\" \/>\n<meta property=\"og:url\" content=\"https:\/\/nhd.org\/es\/about\/\" \/>\n<meta property=\"og:site_name\" content=\"National History Day\" \/>\n<meta property=\"article:publisher\" content=\"https:\/\/www.facebook.com\/nationalhistoryday\/\" \/>\n<meta property=\"article:modified_time\" content=\"2023-02-17T17:58:44+00:00\" \/>\n<meta property=\"og:image\" content=\"https:\/\/nhd.org\/wp-content\/uploads\/2022\/09\/DSC_9051.jpg\" \/>\n\t<meta property=\"og:image:width\" content=\"2000\" \/>\n\t<meta property=\"og:image:height\" content=\"1335\" \/>\n\t<meta property=\"og:image:type\" content=\"image\/jpeg\" \/>\n<meta name=\"twitter:card\" content=\"summary_large_image\" \/>\n<meta name=\"twitter:site\" content=\"@NationalHistory\" \/>\n<meta name=\"twitter:label1\" content=\"Tiempo de lectura\" \/>\n\t<meta name=\"twitter:data1\" content=\"3 minutos\" \/>\n<script type=\"application\/ld+json\" class=\"yoast-schema-graph\">{\"@context\":\"https:\\\/\\\/schema.org\",\"@graph\":[{\"@type\":\"WebPage\",\"@id\":\"https:\\\/\\\/nhd.org\\\/en\\\/about\\\/\",\"url\":\"https:\\\/\\\/nhd.org\\\/en\\\/about\\\/\",\"name\":\"About National History Day - National History Day\",\"isPartOf\":{\"@id\":\"https:\\\/\\\/nhd.org\\\/en\\\/#website\"},\"primaryImageOfPage\":{\"@id\":\"https:\\\/\\\/nhd.org\\\/en\\\/about\\\/#primaryimage\"},\"image\":{\"@id\":\"https:\\\/\\\/nhd.org\\\/en\\\/about\\\/#primaryimage\"},\"thumbnailUrl\":\"https:\\\/\\\/nhd.org\\\/wp-content\\\/uploads\\\/2022\\\/09\\\/DSC_9051.jpg\",\"datePublished\":\"2022-08-12T22:52:17+00:00\",\"dateModified\":\"2023-02-17T17:58:44+00:00\",\"description\":\"A world leader in history and civics education, National History Day\u00ae improves the teaching and learning of\u00a0history.\",\"breadcrumb\":{\"@id\":\"https:\\\/\\\/nhd.org\\\/en\\\/about\\\/#breadcrumb\"},\"inLanguage\":\"es\",\"potentialAction\":[{\"@type\":\"ReadAction\",\"target\":[\"https:\\\/\\\/nhd.org\\\/en\\\/about\\\/\"]}]},{\"@type\":\"ImageObject\",\"inLanguage\":\"es\",\"@id\":\"https:\\\/\\\/nhd.org\\\/en\\\/about\\\/#primaryimage\",\"url\":\"https:\\\/\\\/nhd.org\\\/wp-content\\\/uploads\\\/2022\\\/09\\\/DSC_9051.jpg\",\"contentUrl\":\"https:\\\/\\\/nhd.org\\\/wp-content\\\/uploads\\\/2022\\\/09\\\/DSC_9051.jpg\",\"width\":2000,\"height\":1335},{\"@type\":\"BreadcrumbList\",\"@id\":\"https:\\\/\\\/nhd.org\\\/en\\\/about\\\/#breadcrumb\",\"itemListElement\":[{\"@type\":\"ListItem\",\"position\":1,\"name\":\"Home\",\"item\":\"https:\\\/\\\/nhd.org\\\/en\\\/\"},{\"@type\":\"ListItem\",\"position\":2,\"name\":\"About National History Day\"}]},{\"@type\":\"WebSite\",\"@id\":\"https:\\\/\\\/nhd.org\\\/en\\\/#website\",\"url\":\"https:\\\/\\\/nhd.org\\\/en\\\/\",\"name\":\"National History Day\",\"description\":\"National History Day improves the teaching and learning of history.\",\"publisher\":{\"@id\":\"https:\\\/\\\/nhd.org\\\/en\\\/#organization\"},\"potentialAction\":[{\"@type\":\"SearchAction\",\"target\":{\"@type\":\"EntryPoint\",\"urlTemplate\":\"https:\\\/\\\/nhd.org\\\/en\\\/?s={search_term_string}\"},\"query-input\":{\"@type\":\"PropertyValueSpecification\",\"valueRequired\":true,\"valueName\":\"search_term_string\"}}],\"inLanguage\":\"es\"},{\"@type\":\"Organization\",\"@id\":\"https:\\\/\\\/nhd.org\\\/en\\\/#organization\",\"name\":\"National History Day\",\"url\":\"https:\\\/\\\/nhd.org\\\/en\\\/\",\"logo\":{\"@type\":\"ImageObject\",\"inLanguage\":\"es\",\"@id\":\"https:\\\/\\\/nhd.org\\\/en\\\/#\\\/schema\\\/logo\\\/image\\\/\",\"url\":\"https:\\\/\\\/nhd.org\\\/wp-content\\\/uploads\\\/2023\\\/02\\\/NHDLogo_R_web.png\",\"contentUrl\":\"https:\\\/\\\/nhd.org\\\/wp-content\\\/uploads\\\/2023\\\/02\\\/NHDLogo_R_web.png\",\"width\":600,\"height\":503,\"caption\":\"National History Day\"},\"image\":{\"@id\":\"https:\\\/\\\/nhd.org\\\/en\\\/#\\\/schema\\\/logo\\\/image\\\/\"},\"sameAs\":[\"https:\\\/\\\/www.facebook.com\\\/nationalhistoryday\\\/\",\"https:\\\/\\\/x.com\\\/NationalHistory\",\"https:\\\/\\\/www.youtube.com\\\/c\\\/nationalhistoryday\",\"https:\\\/\\\/www.instagram.com\\\/nhdcontest\\\/\"]}]}<\/script>\n<!-- \/ Yoast SEO plugin. -->","yoast_head_json":{"title":"Acerca de National History Day - National History Day","description":"L\u00edder mundial en educaci\u00f3n hist\u00f3rica y c\u00edvica, National History Day\u00ae mejora la ense\u00f1anza y el aprendizaje de la historia.","robots":{"index":"index","follow":"follow","max-snippet":"max-snippet:-1","max-image-preview":"max-image-preview:large","max-video-preview":"max-video-preview:-1"},"canonical":"https:\/\/nhd.org\/es\/about\/","og_locale":"es_ES","og_type":"article","og_title":"About National History Day - National History Day","og_description":"A world leader in history and civics education, National History Day\u00ae improves the teaching and learning of\u00a0history.","og_url":"https:\/\/nhd.org\/es\/about\/","og_site_name":"National History Day","article_publisher":"https:\/\/www.facebook.com\/nationalhistoryday\/","article_modified_time":"2023-02-17T17:58:44+00:00","og_image":[{"width":2000,"height":1335,"url":"https:\/\/nhd.org\/wp-content\/uploads\/2022\/09\/DSC_9051.jpg","type":"image\/jpeg"}],"twitter_card":"summary_large_image","twitter_site":"@NationalHistory","twitter_misc":{"Tiempo de lectura":"3 minutos"},"schema":{"@context":"https:\/\/schema.org","@graph":[{"@type":"WebPage","@id":"https:\/\/nhd.org\/en\/about\/","url":"https:\/\/nhd.org\/en\/about\/","name":"Acerca de National History Day - National History Day","isPartOf":{"@id":"https:\/\/nhd.org\/en\/#website"},"primaryImageOfPage":{"@id":"https:\/\/nhd.org\/en\/about\/#primaryimage"},"image":{"@id":"https:\/\/nhd.org\/en\/about\/#primaryimage"},"thumbnailUrl":"https:\/\/nhd.org\/wp-content\/uploads\/2022\/09\/DSC_9051.jpg","datePublished":"2022-08-12T22:52:17+00:00","dateModified":"2023-02-17T17:58:44+00:00","description":"L\u00edder mundial en educaci\u00f3n hist\u00f3rica y c\u00edvica, National History Day\u00ae mejora la ense\u00f1anza y el aprendizaje de la historia.","breadcrumb":{"@id":"https:\/\/nhd.org\/en\/about\/#breadcrumb"},"inLanguage":"es","potentialAction":[{"@type":"ReadAction","target":["https:\/\/nhd.org\/en\/about\/"]}]},{"@type":"ImageObject","inLanguage":"es","@id":"https:\/\/nhd.org\/en\/about\/#primaryimage","url":"https:\/\/nhd.org\/wp-content\/uploads\/2022\/09\/DSC_9051.jpg","contentUrl":"https:\/\/nhd.org\/wp-content\/uploads\/2022\/09\/DSC_9051.jpg","width":2000,"height":1335},{"@type":"BreadcrumbList","@id":"https:\/\/nhd.org\/en\/about\/#breadcrumb","itemListElement":[{"@type":"ListItem","position":1,"name":"Home","item":"https:\/\/nhd.org\/en\/"},{"@type":"ListItem","position":2,"name":"About National History Day"}]},{"@type":"WebSite","@id":"https:\/\/nhd.org\/en\/#website","url":"https:\/\/nhd.org\/en\/","name":"National History Day","description":"National History Day mejora la ense\u00f1anza y el aprendizaje de la historia.","publisher":{"@id":"https:\/\/nhd.org\/en\/#organization"},"potentialAction":[{"@type":"SearchAction","target":{"@type":"EntryPoint","urlTemplate":"https:\/\/nhd.org\/en\/?s={search_term_string}"},"query-input":{"@type":"PropertyValueSpecification","valueRequired":true,"valueName":"search_term_string"}}],"inLanguage":"es"},{"@type":"Organization","@id":"https:\/\/nhd.org\/en\/#organization","name":"National History Day","url":"https:\/\/nhd.org\/en\/","logo":{"@type":"ImageObject","inLanguage":"es","@id":"https:\/\/nhd.org\/en\/#\/schema\/logo\/image\/","url":"https:\/\/nhd.org\/wp-content\/uploads\/2023\/02\/NHDLogo_R_web.png","contentUrl":"https:\/\/nhd.org\/wp-content\/uploads\/2023\/02\/NHDLogo_R_web.png","width":600,"height":503,"caption":"National History Day"},"image":{"@id":"https:\/\/nhd.org\/en\/#\/schema\/logo\/image\/"},"sameAs":["https:\/\/www.facebook.com\/nationalhistoryday\/","https:\/\/x.com\/NationalHistory","https:\/\/www.youtube.com\/c\/nationalhistoryday","https:\/\/www.instagram.com\/nhdcontest\/"]}]}},"jetpack_sharing_enabled":true,"_links":{"self":[{"href":"https:\/\/nhd.org\/es\/wp-json\/wp\/v2\/pages\/65","targetHints":{"allow":["GET"]}}],"collection":[{"href":"https:\/\/nhd.org\/es\/wp-json\/wp\/v2\/pages"}],"about":[{"href":"https:\/\/nhd.org\/es\/wp-json\/wp\/v2\/types\/page"}],"author":[{"embeddable":true,"href":"https:\/\/nhd.org\/es\/wp-json\/wp\/v2\/users\/2"}],"replies":[{"embeddable":true,"href":"https:\/\/nhd.org\/es\/wp-json\/wp\/v2\/comments?post=65"}],"version-history":[{"count":20,"href":"https:\/\/nhd.org\/es\/wp-json\/wp\/v2\/pages\/65\/revisions"}],"predecessor-version":[{"id":4834,"href":"https:\/\/nhd.org\/es\/wp-json\/wp\/v2\/pages\/65\/revisions\/4834"}],"wp:featuredmedia":[{"embeddable":true,"href":"https:\/\/nhd.org\/es\/wp-json\/wp\/v2\/media\/138"}],"wp:attachment":[{"href":"https:\/\/nhd.org\/es\/wp-json\/wp\/v2\/media?parent=65"}],"curies":[{"name":"palabra clave","href":"https:\/\/api.w.org\/{rel}","templated":true}]}}