{"id":67,"date":"2022-08-12T22:52:28","date_gmt":"2022-08-12T22:52:28","guid":{"rendered":"https:\/\/nhd.org\/?page_id=67"},"modified":"2024-11-01T18:37:56","modified_gmt":"2024-11-01T18:37:56","slug":"teacher-resources","status":"publish","type":"page","link":"https:\/\/nhd.org\/es\/teacher-resources\/","title":{"rendered":"Recursos para maestros"},"content":{"rendered":"<div role=\"region\" aria-labelledby=\"page-title\" class=\"theme-block wp-block-theme-blocks-page-banner full-width has-background is-style-media has-background-color has-text-color\" style=\"--background-color:#00519F;--color:#fff\"><div class=\"layout\"><h1 class=\"block-title appear-on-scroll\" id=\"page-title\">Recursos para maestros<\/h1>\n<div class=\"block-content appear-on-scroll\">\n<p class=\"appear-on-scroll\">Los maestros, bibliotecarios y asesores son el mayor recurso para mejorar la ense\u00f1anza y el aprendizaje de la historia. Los recursos de clase de alta calidad, las oportunidades de desarrollo profesional y la orientaci\u00f3n de NHD est\u00e1n aqu\u00ed para respaldar sus esfuerzos para ense\u00f1ar habilidades de investigaci\u00f3n y asesorar a los estudiantes de NHD.<\/p>\n<\/div>\n\n<div class=\"block-media appear-on-scroll\" style=\"\">\n\n<\/div>\n<div class=\"block-background\"><\/div><\/div><\/div><style>:root { --header-background-color: #00519F;--header-color: #fff }<\/style>\n\n<div  class=\"theme-block full-width wp-block-group is-style-full-width is-layout-flow wp-block-group-is-layout-flow\" ><div class=\"wp-block-group__inner-container wrap\"><div class=\"inner\">\n<div class=\"wp-block-columns is-style-boxes is-layout-flex wp-container-core-columns-is-layout-28f84493 wp-block-columns-is-layout-flex\">\n<div class=\"wp-block-column clickable has-tan-background-color has-background is-layout-flow wp-block-column-is-layout-flow\"><figure  class=\"appear-on-scroll wp-block-image aligncenter size-full is-resized is-style-graphic\" ><img decoding=\"async\" data-src=\"https:\/\/nhd.org\/wp-content\/uploads\/2022\/11\/nhd-icon-classroomtools.svg\" alt=\"ruler, pen, paint brush\" class=\"wp-image-2676 lazyload\" style=\"width:80px;height:83px\" src=\"data:image\/svg+xml;base64,PHN2ZyB3aWR0aD0iMSIgaGVpZ2h0PSIxIiB4bWxucz0iaHR0cDovL3d3dy53My5vcmcvMjAwMC9zdmciPjwvc3ZnPg==\" \/><\/figure>\n\n<h2  class=\"appear-on-scroll wp-block-heading has-text-align-center has-half-margin-top\" ><a href=\"\/es\/teacher-resources\/classroom-tools\/\"><span class=\"text\">Herramientas para el aula<\/span><\/a><\/h2>\n\n<p  class=\"appear-on-scroll has-text-align-center\" >Lecciones para ense\u00f1ar una variedad de \u00e1reas de contenido, desarrolladas por maestros para maestros.<\/p><\/div>\n\n\n\n<div class=\"wp-block-column clickable has-tan-background-color has-background is-layout-flow wp-block-column-is-layout-flow\"><figure  class=\"appear-on-scroll wp-block-image aligncenter size-full is-resized is-style-graphic\" ><img decoding=\"async\" data-src=\"https:\/\/nhd.org\/wp-content\/uploads\/2022\/11\/nhd-icon-courses.svg\" alt=\"Teacher giving online lecture\" class=\"wp-image-2699 lazyload\" style=\"width:102px;height:83px\" src=\"data:image\/svg+xml;base64,PHN2ZyB3aWR0aD0iMSIgaGVpZ2h0PSIxIiB4bWxucz0iaHR0cDovL3d3dy53My5vcmcvMjAwMC9zdmciPjwvc3ZnPg==\" \/><\/figure>\n\n<h2  class=\"appear-on-scroll wp-block-heading has-text-align-center has-half-margin-top\" ><a href=\"\/es\/teacher-resources\/courses\/\"><span class=\"text\">Cursos<\/span><\/a><\/h2>\n\n<p  class=\"appear-on-scroll has-text-align-center\" >Programas virtuales que brindan desarrollo profesional para maestros.<\/p><\/div>\n\n\n\n<div class=\"wp-block-column clickable has-tan-background-color has-background is-layout-flow wp-block-column-is-layout-flow\"><figure  class=\"appear-on-scroll wp-block-image aligncenter size-full is-resized is-style-graphic\" ><img decoding=\"async\" data-src=\"https:\/\/nhd.org\/wp-content\/uploads\/2022\/11\/nhd-icon-institutes.svg\" alt=\"school\" class=\"wp-image-2677 lazyload\" style=\"width:86px;height:82px\" src=\"data:image\/svg+xml;base64,PHN2ZyB3aWR0aD0iMSIgaGVpZ2h0PSIxIiB4bWxucz0iaHR0cDovL3d3dy53My5vcmcvMjAwMC9zdmciPjwvc3ZnPg==\" \/><\/figure>\n\n<h2  class=\"appear-on-scroll wp-block-heading has-text-align-center has-half-margin-top is-style-default\" ><a href=\"\/es\/teacher-resources\/institutes\/\"><span class=\"text\">institutos<\/span><\/a><\/h2>\n\n<p  class=\"appear-on-scroll has-text-align-center\" >Oportunidades anuales para que equipos de estudiantes y profesores estudien historia de forma pr\u00e1ctica.<\/p><\/div>\n<\/div>\n\n\n\n<div class=\"wp-block-columns is-style-boxes is-layout-flex wp-container-core-columns-is-layout-28f84493 wp-block-columns-is-layout-flex\">\n<div class=\"wp-block-column clickable has-tan-background-color has-background is-layout-flow wp-block-column-is-layout-flow\"><figure  class=\"appear-on-scroll wp-block-image aligncenter size-full is-resized is-style-graphic\" ><img decoding=\"async\" data-src=\"https:\/\/nhd.org\/wp-content\/uploads\/2022\/11\/nhd-icon-researchskills.svg\" alt=\"computer with a magnifying glass\" class=\"wp-image-2680 lazyload\" style=\"width:80px;height:83px\" src=\"data:image\/svg+xml;base64,PHN2ZyB3aWR0aD0iMSIgaGVpZ2h0PSIxIiB4bWxucz0iaHR0cDovL3d3dy53My5vcmcvMjAwMC9zdmciPjwvc3ZnPg==\" \/><\/figure>\n\n<h2  class=\"appear-on-scroll wp-block-heading has-text-align-center has-half-margin-top\" ><a href=\"https:\/\/nhd.org\/es\/teacher-resources\/teaching-research-skills\/\"><span class=\"text\">Ense\u00f1anza de Habilidades de Investigaci\u00f3n <\/span><\/a><\/h2>\n\n<p  class=\"appear-on-scroll has-text-align-center\" >Recursos para mejorar la ense\u00f1anza y el aprendizaje de las habilidades investigadoras.<\/p><\/div>\n\n\n\n<div class=\"wp-block-column clickable has-tan-background-color has-background is-layout-flow wp-block-column-is-layout-flow\"><figure  class=\"appear-on-scroll wp-block-image aligncenter size-full is-resized is-style-graphic\" ><img decoding=\"async\" data-src=\"https:\/\/nhd.org\/wp-content\/uploads\/2022\/11\/nhd-icon-advisingnhdstudents.svg\" alt=\"sign post with many signs\" class=\"wp-image-2679 lazyload\" style=\"width:102px;height:83px\" src=\"data:image\/svg+xml;base64,PHN2ZyB3aWR0aD0iMSIgaGVpZ2h0PSIxIiB4bWxucz0iaHR0cDovL3d3dy53My5vcmcvMjAwMC9zdmciPjwvc3ZnPg==\" \/><\/figure>\n\n<h2  class=\"appear-on-scroll wp-block-heading has-text-align-center has-half-margin-top\" ><a href=\"https:\/\/nhd.org\/es\/teacher-resources\/advising-nhd-students\/\"><span class=\"text\">Asesoramiento a estudiantes de NHD<\/span><\/a><\/h2>\n\n<p  class=\"appear-on-scroll has-text-align-center\" >Orientaci\u00f3n para que los maestros asesoren con \u00e9xito a los estudiantes a trav\u00e9s del proceso de concurso de NHD.<\/p><\/div>\n\n\n\n<div class=\"wp-block-column clickable has-tan-background-color has-background is-layout-flow wp-block-column-is-layout-flow\"><figure  class=\"appear-on-scroll wp-block-image aligncenter size-full is-resized is-style-graphic\" ><img decoding=\"async\" data-src=\"https:\/\/nhd.org\/wp-content\/uploads\/2022\/10\/nhd-icon-inspires.svg\" alt=\"person flying with cape on\" class=\"wp-image-821 lazyload\" style=\"width:86px;height:82px\" src=\"data:image\/svg+xml;base64,PHN2ZyB3aWR0aD0iMSIgaGVpZ2h0PSIxIiB4bWxucz0iaHR0cDovL3d3dy53My5vcmcvMjAwMC9zdmciPjwvc3ZnPg==\" \/><\/figure>\n\n<h2  class=\"appear-on-scroll wp-block-heading has-text-align-center has-half-margin-top is-style-default\" ><a href=\"https:\/\/nhd.org\/es\/teacher-resources\/nhdteacheraward\/\"><span class=\"text\">Maestro del a\u00f1o<\/span><\/a><\/h2>\n\n<p  class=\"appear-on-scroll has-text-align-center\" >Nom\u00ednese para el Premio Maestro del A\u00f1o. <\/p><\/div>\n<\/div>\n<\/div><\/div><\/div>","protected":false},"excerpt":{"rendered":"<p>Herramientas para el aula Lecciones para ense\u00f1ar una variedad de \u00e1reas de contenido, desarrolladas por profesores para profesores. Cursos Programas virtuales que brindan desarrollo profesional a los profesores. Institutos Oportunidades anuales para que los equipos de estudiantes y profesores...<\/p>","protected":false},"author":2,"featured_media":0,"parent":0,"menu_order":2,"comment_status":"closed","ping_status":"closed","template":"","meta":{"featured_image_background_position":"","post_type":"","query":"","taxonomies":"","per_page":"","columns":"","layout":"","header-background-color":"","header-color":"","show_promoted":false,"show_site_promotions":false,"footnotes":""},"class_list":["post-67","page","type-page","status-publish","hentry"],"yoast_head":"<!-- This site is optimized with the Yoast SEO plugin v27.3 - https:\/\/yoast.com\/product\/yoast-seo-wordpress\/ -->\n<title>Teacher Resources - National History Day<\/title>\n<meta name=\"description\" content=\"Classroom resources, professional development opportunities, and guidance to improve the teaching and learning of history\" \/>\n<meta name=\"robots\" content=\"index, follow, max-snippet:-1, max-image-preview:large, max-video-preview:-1\" \/>\n<link rel=\"canonical\" href=\"https:\/\/nhd.org\/es\/teacher-resources\/\" \/>\n<meta property=\"og:locale\" content=\"es_ES\" \/>\n<meta property=\"og:type\" content=\"article\" \/>\n<meta property=\"og:title\" content=\"Teacher Resources - National History Day\" \/>\n<meta property=\"og:description\" content=\"Classroom resources, professional development opportunities, and guidance to improve the teaching and learning of history\" \/>\n<meta property=\"og:url\" content=\"https:\/\/nhd.org\/es\/teacher-resources\/\" \/>\n<meta property=\"og:site_name\" content=\"National History Day\" \/>\n<meta property=\"article:publisher\" content=\"https:\/\/www.facebook.com\/nationalhistoryday\/\" \/>\n<meta property=\"article:modified_time\" content=\"2024-11-01T18:37:56+00:00\" \/>\n<meta property=\"og:image\" content=\"https:\/\/nhd.org\/wp-content\/uploads\/2022\/11\/nhd-icon-classroomtools.svg\" \/>\n<meta name=\"twitter:card\" content=\"summary_large_image\" \/>\n<meta name=\"twitter:site\" content=\"@NationalHistory\" \/>\n<meta name=\"twitter:label1\" content=\"Tiempo de lectura\" \/>\n\t<meta name=\"twitter:data1\" content=\"2 minutos\" \/>\n<script type=\"application\/ld+json\" class=\"yoast-schema-graph\">{\"@context\":\"https:\\\/\\\/schema.org\",\"@graph\":[{\"@type\":\"WebPage\",\"@id\":\"https:\\\/\\\/nhd.org\\\/en\\\/teacher-resources\\\/\",\"url\":\"https:\\\/\\\/nhd.org\\\/en\\\/teacher-resources\\\/\",\"name\":\"Teacher Resources - National History Day\",\"isPartOf\":{\"@id\":\"https:\\\/\\\/nhd.org\\\/en\\\/#website\"},\"primaryImageOfPage\":{\"@id\":\"https:\\\/\\\/nhd.org\\\/en\\\/teacher-resources\\\/#primaryimage\"},\"image\":{\"@id\":\"https:\\\/\\\/nhd.org\\\/en\\\/teacher-resources\\\/#primaryimage\"},\"thumbnailUrl\":\"https:\\\/\\\/nhd.org\\\/wp-content\\\/uploads\\\/2022\\\/11\\\/nhd-icon-classroomtools.svg\",\"datePublished\":\"2022-08-12T22:52:28+00:00\",\"dateModified\":\"2024-11-01T18:37:56+00:00\",\"description\":\"Classroom resources, professional development opportunities, and guidance to improve the teaching and learning of history\",\"breadcrumb\":{\"@id\":\"https:\\\/\\\/nhd.org\\\/en\\\/teacher-resources\\\/#breadcrumb\"},\"inLanguage\":\"es\",\"potentialAction\":[{\"@type\":\"ReadAction\",\"target\":[\"https:\\\/\\\/nhd.org\\\/en\\\/teacher-resources\\\/\"]}]},{\"@type\":\"ImageObject\",\"inLanguage\":\"es\",\"@id\":\"https:\\\/\\\/nhd.org\\\/en\\\/teacher-resources\\\/#primaryimage\",\"url\":\"https:\\\/\\\/nhd.org\\\/wp-content\\\/uploads\\\/2022\\\/11\\\/nhd-icon-classroomtools.svg\",\"contentUrl\":\"https:\\\/\\\/nhd.org\\\/wp-content\\\/uploads\\\/2022\\\/11\\\/nhd-icon-classroomtools.svg\"},{\"@type\":\"BreadcrumbList\",\"@id\":\"https:\\\/\\\/nhd.org\\\/en\\\/teacher-resources\\\/#breadcrumb\",\"itemListElement\":[{\"@type\":\"ListItem\",\"position\":1,\"name\":\"Home\",\"item\":\"https:\\\/\\\/nhd.org\\\/en\\\/\"},{\"@type\":\"ListItem\",\"position\":2,\"name\":\"Teacher Resources\"}]},{\"@type\":\"WebSite\",\"@id\":\"https:\\\/\\\/nhd.org\\\/en\\\/#website\",\"url\":\"https:\\\/\\\/nhd.org\\\/en\\\/\",\"name\":\"National History Day\",\"description\":\"National History Day improves the teaching and learning of history.\",\"publisher\":{\"@id\":\"https:\\\/\\\/nhd.org\\\/en\\\/#organization\"},\"potentialAction\":[{\"@type\":\"SearchAction\",\"target\":{\"@type\":\"EntryPoint\",\"urlTemplate\":\"https:\\\/\\\/nhd.org\\\/en\\\/?s={search_term_string}\"},\"query-input\":{\"@type\":\"PropertyValueSpecification\",\"valueRequired\":true,\"valueName\":\"search_term_string\"}}],\"inLanguage\":\"es\"},{\"@type\":\"Organization\",\"@id\":\"https:\\\/\\\/nhd.org\\\/en\\\/#organization\",\"name\":\"National History Day\",\"url\":\"https:\\\/\\\/nhd.org\\\/en\\\/\",\"logo\":{\"@type\":\"ImageObject\",\"inLanguage\":\"es\",\"@id\":\"https:\\\/\\\/nhd.org\\\/en\\\/#\\\/schema\\\/logo\\\/image\\\/\",\"url\":\"https:\\\/\\\/nhd.org\\\/wp-content\\\/uploads\\\/2023\\\/02\\\/NHDLogo_R_web.png\",\"contentUrl\":\"https:\\\/\\\/nhd.org\\\/wp-content\\\/uploads\\\/2023\\\/02\\\/NHDLogo_R_web.png\",\"width\":600,\"height\":503,\"caption\":\"National History Day\"},\"image\":{\"@id\":\"https:\\\/\\\/nhd.org\\\/en\\\/#\\\/schema\\\/logo\\\/image\\\/\"},\"sameAs\":[\"https:\\\/\\\/www.facebook.com\\\/nationalhistoryday\\\/\",\"https:\\\/\\\/x.com\\\/NationalHistory\",\"https:\\\/\\\/www.youtube.com\\\/c\\\/nationalhistoryday\",\"https:\\\/\\\/www.instagram.com\\\/nhdcontest\\\/\"]}]}<\/script>\n<!-- \/ Yoast SEO plugin. -->","yoast_head_json":{"title":"Recursos para profesores - National History Day","description":"Recursos para el aula, oportunidades de desarrollo profesional y orientaci\u00f3n para mejorar la ense\u00f1anza y el aprendizaje de la historia.","robots":{"index":"index","follow":"follow","max-snippet":"max-snippet:-1","max-image-preview":"max-image-preview:large","max-video-preview":"max-video-preview:-1"},"canonical":"https:\/\/nhd.org\/es\/teacher-resources\/","og_locale":"es_ES","og_type":"article","og_title":"Teacher Resources - National History Day","og_description":"Classroom resources, professional development opportunities, and guidance to improve the teaching and learning of history","og_url":"https:\/\/nhd.org\/es\/teacher-resources\/","og_site_name":"National History Day","article_publisher":"https:\/\/www.facebook.com\/nationalhistoryday\/","article_modified_time":"2024-11-01T18:37:56+00:00","og_image":[{"url":"https:\/\/nhd.org\/wp-content\/uploads\/2022\/11\/nhd-icon-classroomtools.svg","type":"","width":"","height":""}],"twitter_card":"summary_large_image","twitter_site":"@NationalHistory","twitter_misc":{"Tiempo de lectura":"2 minutos"},"schema":{"@context":"https:\/\/schema.org","@graph":[{"@type":"WebPage","@id":"https:\/\/nhd.org\/en\/teacher-resources\/","url":"https:\/\/nhd.org\/en\/teacher-resources\/","name":"Recursos para profesores - National History Day","isPartOf":{"@id":"https:\/\/nhd.org\/en\/#website"},"primaryImageOfPage":{"@id":"https:\/\/nhd.org\/en\/teacher-resources\/#primaryimage"},"image":{"@id":"https:\/\/nhd.org\/en\/teacher-resources\/#primaryimage"},"thumbnailUrl":"https:\/\/nhd.org\/wp-content\/uploads\/2022\/11\/nhd-icon-classroomtools.svg","datePublished":"2022-08-12T22:52:28+00:00","dateModified":"2024-11-01T18:37:56+00:00","description":"Recursos para el aula, oportunidades de desarrollo profesional y orientaci\u00f3n para mejorar la ense\u00f1anza y el aprendizaje de la historia.","breadcrumb":{"@id":"https:\/\/nhd.org\/en\/teacher-resources\/#breadcrumb"},"inLanguage":"es","potentialAction":[{"@type":"ReadAction","target":["https:\/\/nhd.org\/en\/teacher-resources\/"]}]},{"@type":"ImageObject","inLanguage":"es","@id":"https:\/\/nhd.org\/en\/teacher-resources\/#primaryimage","url":"https:\/\/nhd.org\/wp-content\/uploads\/2022\/11\/nhd-icon-classroomtools.svg","contentUrl":"https:\/\/nhd.org\/wp-content\/uploads\/2022\/11\/nhd-icon-classroomtools.svg"},{"@type":"BreadcrumbList","@id":"https:\/\/nhd.org\/en\/teacher-resources\/#breadcrumb","itemListElement":[{"@type":"ListItem","position":1,"name":"Home","item":"https:\/\/nhd.org\/en\/"},{"@type":"ListItem","position":2,"name":"Teacher Resources"}]},{"@type":"WebSite","@id":"https:\/\/nhd.org\/en\/#website","url":"https:\/\/nhd.org\/en\/","name":"National History Day","description":"National History Day mejora la ense\u00f1anza y el aprendizaje de la historia.","publisher":{"@id":"https:\/\/nhd.org\/en\/#organization"},"potentialAction":[{"@type":"SearchAction","target":{"@type":"EntryPoint","urlTemplate":"https:\/\/nhd.org\/en\/?s={search_term_string}"},"query-input":{"@type":"PropertyValueSpecification","valueRequired":true,"valueName":"search_term_string"}}],"inLanguage":"es"},{"@type":"Organization","@id":"https:\/\/nhd.org\/en\/#organization","name":"National History Day","url":"https:\/\/nhd.org\/en\/","logo":{"@type":"ImageObject","inLanguage":"es","@id":"https:\/\/nhd.org\/en\/#\/schema\/logo\/image\/","url":"https:\/\/nhd.org\/wp-content\/uploads\/2023\/02\/NHDLogo_R_web.png","contentUrl":"https:\/\/nhd.org\/wp-content\/uploads\/2023\/02\/NHDLogo_R_web.png","width":600,"height":503,"caption":"National History Day"},"image":{"@id":"https:\/\/nhd.org\/en\/#\/schema\/logo\/image\/"},"sameAs":["https:\/\/www.facebook.com\/nationalhistoryday\/","https:\/\/x.com\/NationalHistory","https:\/\/www.youtube.com\/c\/nationalhistoryday","https:\/\/www.instagram.com\/nhdcontest\/"]}]}},"jetpack_sharing_enabled":true,"_links":{"self":[{"href":"https:\/\/nhd.org\/es\/wp-json\/wp\/v2\/pages\/67","targetHints":{"allow":["GET"]}}],"collection":[{"href":"https:\/\/nhd.org\/es\/wp-json\/wp\/v2\/pages"}],"about":[{"href":"https:\/\/nhd.org\/es\/wp-json\/wp\/v2\/types\/page"}],"author":[{"embeddable":true,"href":"https:\/\/nhd.org\/es\/wp-json\/wp\/v2\/users\/2"}],"replies":[{"embeddable":true,"href":"https:\/\/nhd.org\/es\/wp-json\/wp\/v2\/comments?post=67"}],"version-history":[{"count":19,"href":"https:\/\/nhd.org\/es\/wp-json\/wp\/v2\/pages\/67\/revisions"}],"predecessor-version":[{"id":7552,"href":"https:\/\/nhd.org\/es\/wp-json\/wp\/v2\/pages\/67\/revisions\/7552"}],"wp:attachment":[{"href":"https:\/\/nhd.org\/es\/wp-json\/wp\/v2\/media?parent=67"}],"curies":[{"name":"palabra clave","href":"https:\/\/api.w.org\/{rel}","templated":true}]}}