{"id":7549,"date":"2024-11-01T18:38:53","date_gmt":"2024-11-01T18:38:53","guid":{"rendered":"https:\/\/nhd.org\/?page_id=7549"},"modified":"2025-10-21T14:03:38","modified_gmt":"2025-10-21T14:03:38","slug":"nhdteacheraward","status":"publish","type":"page","link":"https:\/\/nhd.org\/es\/news-events\/nhdteacheraward\/","title":{"rendered":"Nominese a usted mismo o a un maestro destacado de NHD para nuestro Premio Maestro del A\u00f1o"},"content":{"rendered":"<div class=\"wp-block-cover is-light has-large-font-size\" style=\"min-height:899px;aspect-ratio:unset;\"><img decoding=\"async\" width=\"1024\" height=\"679\" class=\"wp-block-cover__image-background wp-image-8741 size-large lazyload\" alt=\"2025 Teacher of the Year Award Winners\" data-src=\"https:\/\/nhd.org\/wp-content\/uploads\/2025\/10\/Special_Awards-44-scaled-e1761053122186-1024x679.jpg\" data-object-fit=\"cover\" data-srcset=\"https:\/\/nhd.org\/wp-content\/uploads\/2025\/10\/Special_Awards-44-scaled-e1761053122186-1024x679.jpg 1024w, https:\/\/nhd.org\/wp-content\/uploads\/2025\/10\/Special_Awards-44-scaled-e1761053122186-300x199.jpg 300w, https:\/\/nhd.org\/wp-content\/uploads\/2025\/10\/Special_Awards-44-scaled-e1761053122186-768x509.jpg 768w, https:\/\/nhd.org\/wp-content\/uploads\/2025\/10\/Special_Awards-44-scaled-e1761053122186-1536x1018.jpg 1536w, https:\/\/nhd.org\/wp-content\/uploads\/2025\/10\/Special_Awards-44-scaled-e1761053122186-2048x1358.jpg 2048w, https:\/\/nhd.org\/wp-content\/uploads\/2025\/10\/Special_Awards-44-scaled-e1761053122186-18x12.jpg 18w, https:\/\/nhd.org\/wp-content\/uploads\/2025\/10\/Special_Awards-44-scaled-e1761053122186-1600x1061.jpg 1600w, https:\/\/nhd.org\/wp-content\/uploads\/2025\/10\/Special_Awards-44-scaled-e1761053122186-1000x663.jpg 1000w, https:\/\/nhd.org\/wp-content\/uploads\/2025\/10\/Special_Awards-44-scaled-e1761053122186-2000x1326.jpg 2000w, https:\/\/nhd.org\/wp-content\/uploads\/2025\/10\/Special_Awards-44-scaled-e1761053122186-400x265.jpg 400w\" data-sizes=\"(max-width: 1024px) 100vw, 1024px\" src=\"data:image\/svg+xml;base64,PHN2ZyB3aWR0aD0iMSIgaGVpZ2h0PSIxIiB4bWxucz0iaHR0cDovL3d3dy53My5vcmcvMjAwMC9zdmciPjwvc3ZnPg==\" style=\"--smush-placeholder-width: 1024px; --smush-placeholder-aspect-ratio: 1024\/679;\" \/><span aria-hidden=\"true\" class=\"wp-block-cover__background has-background-dim\" style=\"background-color:#a298a1\"><\/span><div class=\"wp-block-cover__inner-container is-layout-flow wp-block-cover-is-layout-flow\"><p  class=\"appear-on-scroll has-text-align-center has-normal-font-size\" ><strong>Premio al Maestro del A\u00f1o National History Day 2026<\/strong><\/p><\/div><\/div>\n\n\n\n<div style=\"height:28px\" aria-hidden=\"true\" class=\"wp-block-spacer\"><\/div>\n\n\n<p class=\"appear-on-scroll\"><strong>Descripci\u00f3n del premio:<\/strong><\/p>\n\n<p class=\"appear-on-scroll\">El Premio al Maestro del A\u00f1o National History Day reconoce a dos docentes destacados de NHD a nivel nacional. Los docentes pueden ser nominados por otros docentes o presentarse ellos mismos, y tras el per\u00edodo de nominaci\u00f3n abierto, se seleccionar\u00e1n los finalistas nominados por los afiliados. Se seleccionar\u00e1n dos ganadores nacionales, uno de nivel junior y otro de nivel senior, que se anunciar\u00e1n en junio de 2026. Cada ganador nacional recibir\u00e1 5000 $.\u00a0<\/p>\n\n<p class=\"appear-on-scroll\"><strong>Criterios de elegibilidad:<\/strong><\/p>\n\n<p class=\"appear-on-scroll\">Los docentes elegibles deben tener estudiantes participando en el concurso National History Day (de cualquier nivel) durante la temporada de competencia de 2026. Cualquier docente que cumpla con los criterios de elegibilidad puede nominarse para su consideraci\u00f3n.<\/p>\n\n<ul  class=\"appear-on-scroll wp-block-list\" >\n<li>Los finalistas nominados como afiliados de National History Day 2025 para el Premio al Maestro del A\u00f1o son <strong>no elegible<\/strong> Para postularse este a\u00f1o. Se considerar\u00e1n nominaciones anteriores a 2025 (debe haber transcurrido al menos un a\u00f1o entre nominaciones como finalistas para un premio nacional).&nbsp;<\/li>\n\n\n\n<li>Los ganadores anteriores de los premios a nivel nacional Maestro del A\u00f1o, Maestro del A\u00f1o Patricia Behring o Maestro del A\u00f1o MacGregor\/Harris son <strong>no elegible<\/strong> para ser nominado.&nbsp;<\/li>\n\n\n\n<li>Todos los nominados deben ser docentes o bibliotecarios a tiempo completo en un entorno p\u00fablico, privado, parroquial, virtual o de educaci\u00f3n en casa. Si un nominado renuncia a su puesto antes de que finalice el curso acad\u00e9mico 2025\/2026, no podr\u00e1 optar al premio nacional.&nbsp;<\/li>\n<\/ul>\n\n\n\n<p class=\"appear-on-scroll\"><strong>Durante el proceso de selecci\u00f3n se utilizar\u00e1n los siguientes criterios de evaluaci\u00f3n:<\/strong><\/p>\n\n<ol  class=\"appear-on-scroll wp-block-list\" >\n<li>Dedicaci\u00f3n al programa National History Day.<\/li>\n\n\n\n<li>Inclusi\u00f3n del aprendizaje basado en proyectos a trav\u00e9s del concurso National History Day en el aula.<\/li>\n\n\n\n<li>Compromiso de trabajar con estudiantes en proyectos de NHD durante varios a\u00f1os en un entorno acad\u00e9mico o extracurricular.<\/li>\n\n\n\n<li>Ayudar a los estudiantes a exhibir su trabajo a nivel local, afiliado o nacional. <em>Los estudiantes no necesitan avanzar a los niveles nacional o afiliado para que el maestro sea elegible.<\/em>.<\/li>\n\n\n\n<li>Promover m\u00e9todos de ense\u00f1anza inspirados y creativos en la ense\u00f1anza de la historia.<\/li>\n\n\n\n<li>Utilizaci\u00f3n de fuentes primarias en el aula.<\/li>\n\n\n\n<li>Implementaci\u00f3n de estrategias de aprendizaje activo para involucrar a los estudiantes y promover habilidades de pensamiento hist\u00f3rico.<\/li>\n<\/ol>\n\n\n\n<p class=\"appear-on-scroll\"><strong>Proceso de nominaci\u00f3n:<\/strong><\/p>\n\n<p class=\"appear-on-scroll\">Compa\u00f1eros, estudiantes, padres y otras personas pueden nominar a profesores de National History Day para su consideraci\u00f3n. Los profesores tambi\u00e9n pueden nominarse a s\u00ed mismos. <strong>El formulario de nominaci\u00f3n estar\u00e1 disponible<\/strong> <strong>hasta el lunes 5 de enero de 2026.<\/strong><\/p>\n\n\n<div class=\"wp-block-buttons is-layout-flex wp-block-buttons-is-layout-flex\"><div  class=\"appear-on-scroll wp-block-button\" ><a class=\"wp-block-button__link has-black-color has-text-color has-link-color has-small-font-size has-custom-font-size wp-element-button\" href=\"https:\/\/form.jotform.com\/242894556634166\"><span class=\"label\">acceso al formulario de nominaci\u00f3n<\/span><\/a><\/div><\/div>\n\n\n<p class=\"appear-on-scroll\"><em>El premio al Profesor del A\u00f1o National History Day reemplaza al premio al Profesor del A\u00f1o Patricia Behring. Los nominados a nivel de afiliado no recibir\u00e1n un estipendio.<\/em><\/p>","protected":false},"excerpt":{"rendered":"<p>Descripci\u00f3n del premio: El Premio al Maestro del A\u00f1o National History Day reconoce a dos maestros destacados de NHD a nivel nacional. Los maestros pueden ser nominados por otros o autonominarse.<\/p>","protected":false},"author":12,"featured_media":7466,"parent":106,"menu_order":0,"comment_status":"closed","ping_status":"closed","template":"","meta":{"featured_image_background_position":"","post_type":"","query":"","taxonomies":"","per_page":"","columns":"","layout":"","header-background-color":"","header-color":"","show_promoted":false,"show_site_promotions":false,"footnotes":""},"class_list":["post-7549","page","type-page","status-publish","has-post-thumbnail","hentry"],"yoast_head":"<!-- This site is optimized with the Yoast SEO plugin v27.3 - https:\/\/yoast.com\/product\/yoast-seo-wordpress\/ -->\n<title>Nominate yourself or an outstanding NHD teacher for our Teacher of the Year Award - National History Day<\/title>\n<meta name=\"robots\" content=\"index, follow, max-snippet:-1, max-image-preview:large, max-video-preview:-1\" \/>\n<link rel=\"canonical\" href=\"https:\/\/nhd.org\/es\/news-events\/nhdteacheraward\/\" \/>\n<meta property=\"og:locale\" content=\"es_ES\" \/>\n<meta property=\"og:type\" content=\"article\" \/>\n<meta property=\"og:title\" content=\"Nominate yourself or an outstanding NHD teacher for our Teacher of the Year Award - National History Day\" \/>\n<meta property=\"og:description\" content=\"Award Description: The National History Day Teacher of the Year Award recognizes two outstanding NHD teachers at the national level. Teachers can be nominated by others or can nominate themselves, &hellip;\" \/>\n<meta property=\"og:url\" content=\"https:\/\/nhd.org\/es\/news-events\/nhdteacheraward\/\" \/>\n<meta property=\"og:site_name\" content=\"National History Day\" \/>\n<meta property=\"article:publisher\" content=\"https:\/\/www.facebook.com\/nationalhistoryday\/\" \/>\n<meta property=\"article:modified_time\" content=\"2025-10-21T14:03:38+00:00\" \/>\n<meta property=\"og:image\" content=\"https:\/\/nhd.org\/wp-content\/uploads\/2024\/06\/Parade-and-Special-Awards-188-scaled.jpeg\" \/>\n\t<meta property=\"og:image:width\" content=\"2560\" \/>\n\t<meta property=\"og:image:height\" content=\"1703\" \/>\n\t<meta property=\"og:image:type\" content=\"image\/jpeg\" \/>\n<meta name=\"twitter:card\" content=\"summary_large_image\" \/>\n<meta name=\"twitter:site\" content=\"@NationalHistory\" \/>\n<meta name=\"twitter:label1\" content=\"Tiempo de lectura\" \/>\n\t<meta name=\"twitter:data1\" content=\"3 minutos\" \/>\n<script type=\"application\/ld+json\" class=\"yoast-schema-graph\">{\"@context\":\"https:\\\/\\\/schema.org\",\"@graph\":[{\"@type\":\"WebPage\",\"@id\":\"https:\\\/\\\/nhd.org\\\/news-events\\\/nhdteacheraward\\\/\",\"url\":\"https:\\\/\\\/nhd.org\\\/news-events\\\/nhdteacheraward\\\/\",\"name\":\"Nominate yourself or an outstanding NHD teacher for our Teacher of the Year Award - National History Day\",\"isPartOf\":{\"@id\":\"https:\\\/\\\/nhd.org\\\/en\\\/#website\"},\"primaryImageOfPage\":{\"@id\":\"https:\\\/\\\/nhd.org\\\/news-events\\\/nhdteacheraward\\\/#primaryimage\"},\"image\":{\"@id\":\"https:\\\/\\\/nhd.org\\\/news-events\\\/nhdteacheraward\\\/#primaryimage\"},\"thumbnailUrl\":\"https:\\\/\\\/nhd.org\\\/wp-content\\\/uploads\\\/2024\\\/06\\\/Parade-and-Special-Awards-188-scaled.jpeg\",\"datePublished\":\"2024-11-01T18:38:53+00:00\",\"dateModified\":\"2025-10-21T14:03:38+00:00\",\"breadcrumb\":{\"@id\":\"https:\\\/\\\/nhd.org\\\/news-events\\\/nhdteacheraward\\\/#breadcrumb\"},\"inLanguage\":\"es\",\"potentialAction\":[{\"@type\":\"ReadAction\",\"target\":[\"https:\\\/\\\/nhd.org\\\/news-events\\\/nhdteacheraward\\\/\"]}]},{\"@type\":\"ImageObject\",\"inLanguage\":\"es\",\"@id\":\"https:\\\/\\\/nhd.org\\\/news-events\\\/nhdteacheraward\\\/#primaryimage\",\"url\":\"https:\\\/\\\/nhd.org\\\/wp-content\\\/uploads\\\/2024\\\/06\\\/Parade-and-Special-Awards-188-scaled.jpeg\",\"contentUrl\":\"https:\\\/\\\/nhd.org\\\/wp-content\\\/uploads\\\/2024\\\/06\\\/Parade-and-Special-Awards-188-scaled.jpeg\",\"width\":2560,\"height\":1703},{\"@type\":\"BreadcrumbList\",\"@id\":\"https:\\\/\\\/nhd.org\\\/news-events\\\/nhdteacheraward\\\/#breadcrumb\",\"itemListElement\":[{\"@type\":\"ListItem\",\"position\":1,\"name\":\"Home\",\"item\":\"https:\\\/\\\/nhd.org\\\/en\\\/\"},{\"@type\":\"ListItem\",\"position\":2,\"name\":\"News &#038; Events\",\"item\":\"https:\\\/\\\/nhd.org\\\/en\\\/news-events\\\/\"},{\"@type\":\"ListItem\",\"position\":3,\"name\":\"Nominate yourself or an outstanding NHD teacher for our Teacher of the Year Award\"}]},{\"@type\":\"WebSite\",\"@id\":\"https:\\\/\\\/nhd.org\\\/en\\\/#website\",\"url\":\"https:\\\/\\\/nhd.org\\\/en\\\/\",\"name\":\"National History Day\",\"description\":\"National History Day improves the teaching and learning of history.\",\"publisher\":{\"@id\":\"https:\\\/\\\/nhd.org\\\/en\\\/#organization\"},\"potentialAction\":[{\"@type\":\"SearchAction\",\"target\":{\"@type\":\"EntryPoint\",\"urlTemplate\":\"https:\\\/\\\/nhd.org\\\/en\\\/?s={search_term_string}\"},\"query-input\":{\"@type\":\"PropertyValueSpecification\",\"valueRequired\":true,\"valueName\":\"search_term_string\"}}],\"inLanguage\":\"es\"},{\"@type\":\"Organization\",\"@id\":\"https:\\\/\\\/nhd.org\\\/en\\\/#organization\",\"name\":\"National History Day\",\"url\":\"https:\\\/\\\/nhd.org\\\/en\\\/\",\"logo\":{\"@type\":\"ImageObject\",\"inLanguage\":\"es\",\"@id\":\"https:\\\/\\\/nhd.org\\\/en\\\/#\\\/schema\\\/logo\\\/image\\\/\",\"url\":\"https:\\\/\\\/nhd.org\\\/wp-content\\\/uploads\\\/2023\\\/02\\\/NHDLogo_R_web.png\",\"contentUrl\":\"https:\\\/\\\/nhd.org\\\/wp-content\\\/uploads\\\/2023\\\/02\\\/NHDLogo_R_web.png\",\"width\":600,\"height\":503,\"caption\":\"National History Day\"},\"image\":{\"@id\":\"https:\\\/\\\/nhd.org\\\/en\\\/#\\\/schema\\\/logo\\\/image\\\/\"},\"sameAs\":[\"https:\\\/\\\/www.facebook.com\\\/nationalhistoryday\\\/\",\"https:\\\/\\\/x.com\\\/NationalHistory\",\"https:\\\/\\\/www.youtube.com\\\/c\\\/nationalhistoryday\",\"https:\\\/\\\/www.instagram.com\\\/nhdcontest\\\/\"]}]}<\/script>\n<!-- \/ Yoast SEO plugin. -->","yoast_head_json":{"title":"Nominese a usted mismo o a un maestro destacado de NHD para nuestro Premio Maestro del A\u00f1o - National History Day","robots":{"index":"index","follow":"follow","max-snippet":"max-snippet:-1","max-image-preview":"max-image-preview:large","max-video-preview":"max-video-preview:-1"},"canonical":"https:\/\/nhd.org\/es\/news-events\/nhdteacheraward\/","og_locale":"es_ES","og_type":"article","og_title":"Nominate yourself or an outstanding NHD teacher for our Teacher of the Year Award - National History Day","og_description":"Award Description: The National History Day Teacher of the Year Award recognizes two outstanding NHD teachers at the national level. Teachers can be nominated by others or can nominate themselves, &hellip;","og_url":"https:\/\/nhd.org\/es\/news-events\/nhdteacheraward\/","og_site_name":"National History Day","article_publisher":"https:\/\/www.facebook.com\/nationalhistoryday\/","article_modified_time":"2025-10-21T14:03:38+00:00","og_image":[{"width":2560,"height":1703,"url":"https:\/\/nhd.org\/wp-content\/uploads\/2024\/06\/Parade-and-Special-Awards-188-scaled.jpeg","type":"image\/jpeg"}],"twitter_card":"summary_large_image","twitter_site":"@NationalHistory","twitter_misc":{"Tiempo de lectura":"3 minutos"},"schema":{"@context":"https:\/\/schema.org","@graph":[{"@type":"WebPage","@id":"https:\/\/nhd.org\/news-events\/nhdteacheraward\/","url":"https:\/\/nhd.org\/news-events\/nhdteacheraward\/","name":"Nominese a usted mismo o a un maestro destacado de NHD para nuestro Premio Maestro del A\u00f1o - National History Day","isPartOf":{"@id":"https:\/\/nhd.org\/en\/#website"},"primaryImageOfPage":{"@id":"https:\/\/nhd.org\/news-events\/nhdteacheraward\/#primaryimage"},"image":{"@id":"https:\/\/nhd.org\/news-events\/nhdteacheraward\/#primaryimage"},"thumbnailUrl":"https:\/\/nhd.org\/wp-content\/uploads\/2024\/06\/Parade-and-Special-Awards-188-scaled.jpeg","datePublished":"2024-11-01T18:38:53+00:00","dateModified":"2025-10-21T14:03:38+00:00","breadcrumb":{"@id":"https:\/\/nhd.org\/news-events\/nhdteacheraward\/#breadcrumb"},"inLanguage":"es","potentialAction":[{"@type":"ReadAction","target":["https:\/\/nhd.org\/news-events\/nhdteacheraward\/"]}]},{"@type":"ImageObject","inLanguage":"es","@id":"https:\/\/nhd.org\/news-events\/nhdteacheraward\/#primaryimage","url":"https:\/\/nhd.org\/wp-content\/uploads\/2024\/06\/Parade-and-Special-Awards-188-scaled.jpeg","contentUrl":"https:\/\/nhd.org\/wp-content\/uploads\/2024\/06\/Parade-and-Special-Awards-188-scaled.jpeg","width":2560,"height":1703},{"@type":"BreadcrumbList","@id":"https:\/\/nhd.org\/news-events\/nhdteacheraward\/#breadcrumb","itemListElement":[{"@type":"ListItem","position":1,"name":"Home","item":"https:\/\/nhd.org\/en\/"},{"@type":"ListItem","position":2,"name":"News &#038; Events","item":"https:\/\/nhd.org\/en\/news-events\/"},{"@type":"ListItem","position":3,"name":"Nominate yourself or an outstanding NHD teacher for our Teacher of the Year Award"}]},{"@type":"WebSite","@id":"https:\/\/nhd.org\/en\/#website","url":"https:\/\/nhd.org\/en\/","name":"National History Day","description":"National History Day mejora la ense\u00f1anza y el aprendizaje de la historia.","publisher":{"@id":"https:\/\/nhd.org\/en\/#organization"},"potentialAction":[{"@type":"SearchAction","target":{"@type":"EntryPoint","urlTemplate":"https:\/\/nhd.org\/en\/?s={search_term_string}"},"query-input":{"@type":"PropertyValueSpecification","valueRequired":true,"valueName":"search_term_string"}}],"inLanguage":"es"},{"@type":"Organization","@id":"https:\/\/nhd.org\/en\/#organization","name":"National History Day","url":"https:\/\/nhd.org\/en\/","logo":{"@type":"ImageObject","inLanguage":"es","@id":"https:\/\/nhd.org\/en\/#\/schema\/logo\/image\/","url":"https:\/\/nhd.org\/wp-content\/uploads\/2023\/02\/NHDLogo_R_web.png","contentUrl":"https:\/\/nhd.org\/wp-content\/uploads\/2023\/02\/NHDLogo_R_web.png","width":600,"height":503,"caption":"National History Day"},"image":{"@id":"https:\/\/nhd.org\/en\/#\/schema\/logo\/image\/"},"sameAs":["https:\/\/www.facebook.com\/nationalhistoryday\/","https:\/\/x.com\/NationalHistory","https:\/\/www.youtube.com\/c\/nationalhistoryday","https:\/\/www.instagram.com\/nhdcontest\/"]}]}},"jetpack_sharing_enabled":true,"_links":{"self":[{"href":"https:\/\/nhd.org\/es\/wp-json\/wp\/v2\/pages\/7549","targetHints":{"allow":["GET"]}}],"collection":[{"href":"https:\/\/nhd.org\/es\/wp-json\/wp\/v2\/pages"}],"about":[{"href":"https:\/\/nhd.org\/es\/wp-json\/wp\/v2\/types\/page"}],"author":[{"embeddable":true,"href":"https:\/\/nhd.org\/es\/wp-json\/wp\/v2\/users\/12"}],"replies":[{"embeddable":true,"href":"https:\/\/nhd.org\/es\/wp-json\/wp\/v2\/comments?post=7549"}],"version-history":[{"count":13,"href":"https:\/\/nhd.org\/es\/wp-json\/wp\/v2\/pages\/7549\/revisions"}],"predecessor-version":[{"id":8750,"href":"https:\/\/nhd.org\/es\/wp-json\/wp\/v2\/pages\/7549\/revisions\/8750"}],"up":[{"embeddable":true,"href":"https:\/\/nhd.org\/es\/wp-json\/wp\/v2\/pages\/106"}],"wp:featuredmedia":[{"embeddable":true,"href":"https:\/\/nhd.org\/es\/wp-json\/wp\/v2\/media\/7466"}],"wp:attachment":[{"href":"https:\/\/nhd.org\/es\/wp-json\/wp\/v2\/media?parent=7549"}],"curies":[{"name":"palabra clave","href":"https:\/\/api.w.org\/{rel}","templated":true}]}}