{"id":9313,"date":"2026-04-10T16:01:52","date_gmt":"2026-04-10T16:01:52","guid":{"rendered":"https:\/\/nhd.org\/?page_id=9313"},"modified":"2026-04-10T16:02:00","modified_gmt":"2026-04-10T16:02:00","slug":"history-makers","status":"publish","type":"page","link":"https:\/\/nhd.org\/es\/history-makers\/","title":{"rendered":"Recaudaci\u00f3n de fondos de Dr. Gorn History Makers"},"content":{"rendered":"<div role=\"region\" aria-labelledby=\"page-title\" class=\"theme-block wp-block-theme-blocks-page-banner full-width has-background\" style=\"\"><div class=\"layout\"><h1 class=\"block-title appear-on-scroll\" id=\"page-title\">Recaudaci\u00f3n de fondos de Dr. Gorn History Makers<\/h1>\n<div class=\"block-content appear-on-scroll\">\n<p class=\"appear-on-scroll\">\u00a1Apoya a la pr\u00f3xima generaci\u00f3n de creadores de historia y dona a NHD!<\/p>\n<\/div>\n\n<div class=\"block-media appear-on-scroll\" style=\"\">\n<figure  class=\"appear-on-scroll wp-block-image size-large\" ><img decoding=\"async\" width=\"1024\" height=\"645\" data-src=\"https:\/\/nhd.org\/wp-content\/uploads\/2026\/04\/History-Makers-Post-Ideas-3-1024x645.png\" alt=\"\" class=\"wp-image-9336 lazyload\" data-srcset=\"https:\/\/nhd.org\/wp-content\/uploads\/2026\/04\/History-Makers-Post-Ideas-3-1024x645.png 1024w, https:\/\/nhd.org\/wp-content\/uploads\/2026\/04\/History-Makers-Post-Ideas-3-300x189.png 300w, https:\/\/nhd.org\/wp-content\/uploads\/2026\/04\/History-Makers-Post-Ideas-3-768x484.png 768w, https:\/\/nhd.org\/wp-content\/uploads\/2026\/04\/History-Makers-Post-Ideas-3-18x12.png 18w, https:\/\/nhd.org\/wp-content\/uploads\/2026\/04\/History-Makers-Post-Ideas-3-1000x630.png 1000w, https:\/\/nhd.org\/wp-content\/uploads\/2026\/04\/History-Makers-Post-Ideas-3-400x252.png 400w, https:\/\/nhd.org\/wp-content\/uploads\/2026\/04\/History-Makers-Post-Ideas-3.png 1080w\" data-sizes=\"(max-width: 1024px) 100vw, 1024px\" src=\"data:image\/svg+xml;base64,PHN2ZyB3aWR0aD0iMSIgaGVpZ2h0PSIxIiB4bWxucz0iaHR0cDovL3d3dy53My5vcmcvMjAwMC9zdmciPjwvc3ZnPg==\" style=\"--smush-placeholder-width: 1024px; --smush-placeholder-aspect-ratio: 1024\/645;\" \/><\/figure>\n<\/div>\n<div class=\"block-background\"><\/div><\/div><\/div>\n\n<p class=\"appear-on-scroll\">La recaudaci\u00f3n de fondos Dr. Gorn History Makers rinde homenaje a National History Day.<sup>\u00ae<\/sup> Los 44 a\u00f1os de liderazgo influyente y transformador de la Directora Ejecutiva, la Dra. Cathy Gorn, garantizan que NHD pueda continuar con su misi\u00f3n de mejorar la ense\u00f1anza y el aprendizaje de la historia durante muchos a\u00f1os m\u00e1s. <\/p>\n\n<p class=\"appear-on-scroll\">Entre los logros del Dr. Gorn se incluyen la ampliaci\u00f3n del alcance de NHD a afiliados internacionales, el aumento de las oportunidades y los recursos de desarrollo profesional para los educadores, y el establecimiento de alianzas clave para llevar a cabo la misi\u00f3n de NHD de mejorar la ense\u00f1anza y el aprendizaje de la historia.<\/p>\n\n<p class=\"appear-on-scroll\">Durante el \u00faltimo a\u00f1o de la Dra. Gorn en NHD, \u00a1celebremos juntos su legado y done hoy mismo!<\/p>\n\n\n<div class=\"wp-block-buttons is-content-justification-center is-layout-flex wp-container-core-buttons-is-layout-a89b3969 wp-block-buttons-is-layout-flex\"><div  class=\"appear-on-scroll wp-block-button\" ><a class=\"wp-block-button__link has-white-color has-red-background-color has-text-color has-background has-link-color wp-element-button\" href=\"https:\/\/nhd.org\/es\/get-involved\/donate\/\"><span class=\"label\">Dona aqu\u00ed para la campa\u00f1a de recaudaci\u00f3n de fondos Dr. Gorn History Makers.<\/span><\/a><\/div><\/div>\n\n\n<p  class=\"appear-on-scroll has-normal-font-size\" ><br><\/p>","protected":false},"excerpt":{"rendered":"<p>La gala ben\u00e9fica Dr. Gorn History Makers rinde homenaje a los 44 a\u00f1os de liderazgo influyente y transformador de la Dra. Cathy Gorn, directora ejecutiva de National History Day\u00ae, y garantiza que NHD pueda continuar con su misi\u00f3n de\u2026<\/p>","protected":false},"author":16,"featured_media":0,"parent":0,"menu_order":0,"comment_status":"closed","ping_status":"closed","template":"","meta":{"featured_image_background_position":"","post_type":"","query":"","taxonomies":"","per_page":"","columns":"","layout":"wide","header-background-color":"","header-color":"","show_promoted":false,"show_site_promotions":false,"footnotes":""},"class_list":["post-9313","page","type-page","status-publish","hentry"],"yoast_head":"<!-- This site is optimized with the Yoast SEO plugin v27.5 - https:\/\/yoast.com\/product\/yoast-seo-wordpress\/ -->\n<title>The Dr. Gorn History Makers Fundraiser - National History Day<\/title>\n<meta name=\"robots\" content=\"index, follow, max-snippet:-1, max-image-preview:large, max-video-preview:-1\" \/>\n<link rel=\"canonical\" href=\"https:\/\/nhd.org\/es\/history-makers\/\" \/>\n<meta property=\"og:locale\" content=\"es_ES\" \/>\n<meta property=\"og:type\" content=\"article\" \/>\n<meta property=\"og:title\" content=\"The Dr. Gorn History Makers Fundraiser - National History Day\" \/>\n<meta property=\"og:description\" content=\"The Dr. Gorn History Makers Fundraiser honors National History Day\u00ae Executive Director Dr. Cathy Gorn\u2019s influential and transformative 44 years of leadership and ensures NHD can continue its mission to &hellip;\" \/>\n<meta property=\"og:url\" content=\"https:\/\/nhd.org\/es\/history-makers\/\" \/>\n<meta property=\"og:site_name\" content=\"National History Day\" \/>\n<meta property=\"article:publisher\" content=\"https:\/\/www.facebook.com\/nationalhistoryday\/\" \/>\n<meta property=\"article:modified_time\" content=\"2026-04-10T16:02:00+00:00\" \/>\n<meta property=\"og:image\" content=\"https:\/\/nhd.org\/wp-content\/uploads\/2026\/04\/History-Makers-Post-Ideas-3.png\" \/>\n\t<meta property=\"og:image:width\" content=\"1080\" \/>\n\t<meta property=\"og:image:height\" content=\"680\" \/>\n\t<meta property=\"og:image:type\" content=\"image\/png\" \/>\n<meta name=\"twitter:card\" content=\"summary_large_image\" \/>\n<meta name=\"twitter:site\" content=\"@NationalHistory\" \/>\n<meta name=\"twitter:label1\" content=\"Tiempo de lectura\" \/>\n\t<meta name=\"twitter:data1\" content=\"1 minuto\" \/>\n<script type=\"application\/ld+json\" class=\"yoast-schema-graph\">{\"@context\":\"https:\\\/\\\/schema.org\",\"@graph\":[{\"@type\":\"WebPage\",\"@id\":\"https:\\\/\\\/nhd.org\\\/history-makers\\\/\",\"url\":\"https:\\\/\\\/nhd.org\\\/history-makers\\\/\",\"name\":\"The Dr. Gorn History Makers Fundraiser - National History Day\",\"isPartOf\":{\"@id\":\"https:\\\/\\\/nhd.org\\\/en\\\/#website\"},\"primaryImageOfPage\":{\"@id\":\"https:\\\/\\\/nhd.org\\\/history-makers\\\/#primaryimage\"},\"image\":{\"@id\":\"https:\\\/\\\/nhd.org\\\/history-makers\\\/#primaryimage\"},\"thumbnailUrl\":\"https:\\\/\\\/nhd.org\\\/wp-content\\\/uploads\\\/2026\\\/04\\\/History-Makers-Post-Ideas-3-1024x645.png\",\"datePublished\":\"2026-04-10T16:01:52+00:00\",\"dateModified\":\"2026-04-10T16:02:00+00:00\",\"breadcrumb\":{\"@id\":\"https:\\\/\\\/nhd.org\\\/history-makers\\\/#breadcrumb\"},\"inLanguage\":\"es\",\"potentialAction\":[{\"@type\":\"ReadAction\",\"target\":[\"https:\\\/\\\/nhd.org\\\/history-makers\\\/\"]}]},{\"@type\":\"ImageObject\",\"inLanguage\":\"es\",\"@id\":\"https:\\\/\\\/nhd.org\\\/history-makers\\\/#primaryimage\",\"url\":\"https:\\\/\\\/nhd.org\\\/wp-content\\\/uploads\\\/2026\\\/04\\\/History-Makers-Post-Ideas-3-1024x645.png\",\"contentUrl\":\"https:\\\/\\\/nhd.org\\\/wp-content\\\/uploads\\\/2026\\\/04\\\/History-Makers-Post-Ideas-3-1024x645.png\"},{\"@type\":\"BreadcrumbList\",\"@id\":\"https:\\\/\\\/nhd.org\\\/history-makers\\\/#breadcrumb\",\"itemListElement\":[{\"@type\":\"ListItem\",\"position\":1,\"name\":\"Home\",\"item\":\"https:\\\/\\\/nhd.org\\\/en\\\/\"},{\"@type\":\"ListItem\",\"position\":2,\"name\":\"The Dr. Gorn History Makers Fundraiser\"}]},{\"@type\":\"WebSite\",\"@id\":\"https:\\\/\\\/nhd.org\\\/en\\\/#website\",\"url\":\"https:\\\/\\\/nhd.org\\\/en\\\/\",\"name\":\"National History Day\",\"description\":\"National History Day improves the teaching and learning of history.\",\"publisher\":{\"@id\":\"https:\\\/\\\/nhd.org\\\/en\\\/#organization\"},\"potentialAction\":[{\"@type\":\"SearchAction\",\"target\":{\"@type\":\"EntryPoint\",\"urlTemplate\":\"https:\\\/\\\/nhd.org\\\/en\\\/?s={search_term_string}\"},\"query-input\":{\"@type\":\"PropertyValueSpecification\",\"valueRequired\":true,\"valueName\":\"search_term_string\"}}],\"inLanguage\":\"es\"},{\"@type\":\"Organization\",\"@id\":\"https:\\\/\\\/nhd.org\\\/en\\\/#organization\",\"name\":\"National History Day\",\"url\":\"https:\\\/\\\/nhd.org\\\/en\\\/\",\"logo\":{\"@type\":\"ImageObject\",\"inLanguage\":\"es\",\"@id\":\"https:\\\/\\\/nhd.org\\\/en\\\/#\\\/schema\\\/logo\\\/image\\\/\",\"url\":\"https:\\\/\\\/nhd.org\\\/wp-content\\\/uploads\\\/2023\\\/02\\\/NHDLogo_R_web.png\",\"contentUrl\":\"https:\\\/\\\/nhd.org\\\/wp-content\\\/uploads\\\/2023\\\/02\\\/NHDLogo_R_web.png\",\"width\":600,\"height\":503,\"caption\":\"National History Day\"},\"image\":{\"@id\":\"https:\\\/\\\/nhd.org\\\/en\\\/#\\\/schema\\\/logo\\\/image\\\/\"},\"sameAs\":[\"https:\\\/\\\/www.facebook.com\\\/nationalhistoryday\\\/\",\"https:\\\/\\\/x.com\\\/NationalHistory\",\"https:\\\/\\\/www.youtube.com\\\/c\\\/nationalhistoryday\",\"https:\\\/\\\/www.instagram.com\\\/nhdcontest\\\/\"]}]}<\/script>\n<!-- \/ Yoast SEO plugin. -->","yoast_head_json":{"title":"The Dr. Gorn History Makers Fundraiser - National History Day","robots":{"index":"index","follow":"follow","max-snippet":"max-snippet:-1","max-image-preview":"max-image-preview:large","max-video-preview":"max-video-preview:-1"},"canonical":"https:\/\/nhd.org\/es\/history-makers\/","og_locale":"es_ES","og_type":"article","og_title":"The Dr. Gorn History Makers Fundraiser - National History Day","og_description":"The Dr. Gorn History Makers Fundraiser honors National History Day\u00ae Executive Director Dr. Cathy Gorn\u2019s influential and transformative 44 years of leadership and ensures NHD can continue its mission to &hellip;","og_url":"https:\/\/nhd.org\/es\/history-makers\/","og_site_name":"National History Day","article_publisher":"https:\/\/www.facebook.com\/nationalhistoryday\/","article_modified_time":"2026-04-10T16:02:00+00:00","og_image":[{"width":1080,"height":680,"url":"https:\/\/nhd.org\/wp-content\/uploads\/2026\/04\/History-Makers-Post-Ideas-3.png","type":"image\/png"}],"twitter_card":"summary_large_image","twitter_site":"@NationalHistory","twitter_misc":{"Tiempo de lectura":"1 minuto"},"schema":{"@context":"https:\/\/schema.org","@graph":[{"@type":"WebPage","@id":"https:\/\/nhd.org\/history-makers\/","url":"https:\/\/nhd.org\/history-makers\/","name":"The Dr. Gorn History Makers Fundraiser - National History Day","isPartOf":{"@id":"https:\/\/nhd.org\/en\/#website"},"primaryImageOfPage":{"@id":"https:\/\/nhd.org\/history-makers\/#primaryimage"},"image":{"@id":"https:\/\/nhd.org\/history-makers\/#primaryimage"},"thumbnailUrl":"https:\/\/nhd.org\/wp-content\/uploads\/2026\/04\/History-Makers-Post-Ideas-3-1024x645.png","datePublished":"2026-04-10T16:01:52+00:00","dateModified":"2026-04-10T16:02:00+00:00","breadcrumb":{"@id":"https:\/\/nhd.org\/history-makers\/#breadcrumb"},"inLanguage":"es","potentialAction":[{"@type":"ReadAction","target":["https:\/\/nhd.org\/history-makers\/"]}]},{"@type":"ImageObject","inLanguage":"es","@id":"https:\/\/nhd.org\/history-makers\/#primaryimage","url":"https:\/\/nhd.org\/wp-content\/uploads\/2026\/04\/History-Makers-Post-Ideas-3-1024x645.png","contentUrl":"https:\/\/nhd.org\/wp-content\/uploads\/2026\/04\/History-Makers-Post-Ideas-3-1024x645.png"},{"@type":"BreadcrumbList","@id":"https:\/\/nhd.org\/history-makers\/#breadcrumb","itemListElement":[{"@type":"ListItem","position":1,"name":"Home","item":"https:\/\/nhd.org\/en\/"},{"@type":"ListItem","position":2,"name":"The Dr. Gorn History Makers Fundraiser"}]},{"@type":"WebSite","@id":"https:\/\/nhd.org\/en\/#website","url":"https:\/\/nhd.org\/en\/","name":"National History Day","description":"National History Day mejora la ense\u00f1anza y el aprendizaje de la historia.","publisher":{"@id":"https:\/\/nhd.org\/en\/#organization"},"potentialAction":[{"@type":"SearchAction","target":{"@type":"EntryPoint","urlTemplate":"https:\/\/nhd.org\/en\/?s={search_term_string}"},"query-input":{"@type":"PropertyValueSpecification","valueRequired":true,"valueName":"search_term_string"}}],"inLanguage":"es"},{"@type":"Organization","@id":"https:\/\/nhd.org\/en\/#organization","name":"National History Day","url":"https:\/\/nhd.org\/en\/","logo":{"@type":"ImageObject","inLanguage":"es","@id":"https:\/\/nhd.org\/en\/#\/schema\/logo\/image\/","url":"https:\/\/nhd.org\/wp-content\/uploads\/2023\/02\/NHDLogo_R_web.png","contentUrl":"https:\/\/nhd.org\/wp-content\/uploads\/2023\/02\/NHDLogo_R_web.png","width":600,"height":503,"caption":"National History Day"},"image":{"@id":"https:\/\/nhd.org\/en\/#\/schema\/logo\/image\/"},"sameAs":["https:\/\/www.facebook.com\/nationalhistoryday\/","https:\/\/x.com\/NationalHistory","https:\/\/www.youtube.com\/c\/nationalhistoryday","https:\/\/www.instagram.com\/nhdcontest\/"]}]}},"jetpack_sharing_enabled":true,"_links":{"self":[{"href":"https:\/\/nhd.org\/es\/wp-json\/wp\/v2\/pages\/9313","targetHints":{"allow":["GET"]}}],"collection":[{"href":"https:\/\/nhd.org\/es\/wp-json\/wp\/v2\/pages"}],"about":[{"href":"https:\/\/nhd.org\/es\/wp-json\/wp\/v2\/types\/page"}],"author":[{"embeddable":true,"href":"https:\/\/nhd.org\/es\/wp-json\/wp\/v2\/users\/16"}],"replies":[{"embeddable":true,"href":"https:\/\/nhd.org\/es\/wp-json\/wp\/v2\/comments?post=9313"}],"version-history":[{"count":20,"href":"https:\/\/nhd.org\/es\/wp-json\/wp\/v2\/pages\/9313\/revisions"}],"predecessor-version":[{"id":9351,"href":"https:\/\/nhd.org\/es\/wp-json\/wp\/v2\/pages\/9313\/revisions\/9351"}],"wp:attachment":[{"href":"https:\/\/nhd.org\/es\/wp-json\/wp\/v2\/media?parent=9313"}],"curies":[{"name":"palabra clave","href":"https:\/\/api.w.org\/{rel}","templated":true}]}}