{"id":105,"date":"2022-08-16T00:23:29","date_gmt":"2022-08-16T00:23:29","guid":{"rendered":"https:\/\/nhd.org\/?page_id=105"},"modified":"2025-08-19T18:33:57","modified_gmt":"2025-08-19T18:33:57","slug":"contest","status":"publish","type":"page","link":"https:\/\/nhd.org\/pl\/contest\/","title":{"rendered":"Konkurs"},"content":{"rendered":"<div role=\"region\" aria-labelledby=\"page-title\" class=\"theme-block wp-block-theme-blocks-page-banner full-width has-background has-background-color\" style=\"--background-color:#d7d2cb\"><div class=\"layout\"><h1 class=\"block-title appear-on-scroll\" id=\"page-title\">Konkurs<\/h1>\n<div class=\"block-content appear-on-scroll\">\n<p  class=\"appear-on-scroll is-style-intro has-black-color has-text-color\" >Ka\u017cdego roku uczniowie na ca\u0142ym \u015bwiecie odkrywaj\u0105 histori\u0119 dzi\u0119ki National History Day<sup>\u00ae<\/sup> (NHD) poprzez tworzenie projekt\u00f3w bada\u0144 historycznych. W trakcie tego procesu uczniowie rozwijaj\u0105 umiej\u0119tno\u015bci komunikacji, zarz\u0105dzania projektami i my\u015blenia historycznego. <\/p>\n<\/div>\n\n<div class=\"block-media appear-on-scroll\" style=\"\">\n<figure  class=\"appear-on-scroll wp-block-image size-large\" ><img decoding=\"async\" width=\"1024\" height=\"683\" data-src=\"https:\/\/nhd.org\/wp-content\/uploads\/2025\/08\/Day-5-529-1024x683.jpg\" alt=\"\" class=\"wp-image-8431 lazyload\" data-srcset=\"https:\/\/nhd.org\/wp-content\/uploads\/2025\/08\/Day-5-529-1024x683.jpg 1024w, https:\/\/nhd.org\/wp-content\/uploads\/2025\/08\/Day-5-529-300x200.jpg 300w, https:\/\/nhd.org\/wp-content\/uploads\/2025\/08\/Day-5-529-768x512.jpg 768w, https:\/\/nhd.org\/wp-content\/uploads\/2025\/08\/Day-5-529-1536x1024.jpg 1536w, https:\/\/nhd.org\/wp-content\/uploads\/2025\/08\/Day-5-529-2048x1366.jpg 2048w, https:\/\/nhd.org\/wp-content\/uploads\/2025\/08\/Day-5-529-18x12.jpg 18w, https:\/\/nhd.org\/wp-content\/uploads\/2025\/08\/Day-5-529-1600x1067.jpg 1600w, https:\/\/nhd.org\/wp-content\/uploads\/2025\/08\/Day-5-529-1000x667.jpg 1000w, https:\/\/nhd.org\/wp-content\/uploads\/2025\/08\/Day-5-529-2000x1334.jpg 2000w, https:\/\/nhd.org\/wp-content\/uploads\/2025\/08\/Day-5-529-400x267.jpg 400w\" data-sizes=\"(max-width: 1024px) 100vw, 1024px\" src=\"data:image\/svg+xml;base64,PHN2ZyB3aWR0aD0iMSIgaGVpZ2h0PSIxIiB4bWxucz0iaHR0cDovL3d3dy53My5vcmcvMjAwMC9zdmciPjwvc3ZnPg==\" style=\"--smush-placeholder-width: 1024px; --smush-placeholder-aspect-ratio: 1024\/683;\" \/><\/figure>\n<\/div>\n<div class=\"block-background\"><\/div><\/div><\/div><style>:root { --header-background-color: #d7d2cb }<\/style>\n\n<div  class=\"theme-block full-width wp-block-group desktop-only is-style-full-width has-half-margin-bottom has-no-margin-top is-layout-constrained wp-container-core-group-is-layout-55a0b918 wp-block-group-is-layout-constrained\" ><div class=\"wp-block-group__inner-container wrap\"><div class=\"inner\"><figure  class=\"appear-on-scroll wp-block-image aligncenter size-full is-style-default\" ><img decoding=\"async\" width=\"1240\" height=\"489\" data-src=\"https:\/\/nhd.org\/wp-content\/uploads\/2023\/02\/nhd-contest-process-graphic-desktop.png\" alt=\"NHD Contest Process\" class=\"wp-image-4414 lazyload\" data-srcset=\"https:\/\/nhd.org\/wp-content\/uploads\/2023\/02\/nhd-contest-process-graphic-desktop.png 1240w, https:\/\/nhd.org\/wp-content\/uploads\/2023\/02\/nhd-contest-process-graphic-desktop-300x118.png 300w, https:\/\/nhd.org\/wp-content\/uploads\/2023\/02\/nhd-contest-process-graphic-desktop-1024x404.png 1024w, https:\/\/nhd.org\/wp-content\/uploads\/2023\/02\/nhd-contest-process-graphic-desktop-768x303.png 768w, https:\/\/nhd.org\/wp-content\/uploads\/2023\/02\/nhd-contest-process-graphic-desktop-18x7.png 18w, https:\/\/nhd.org\/wp-content\/uploads\/2023\/02\/nhd-contest-process-graphic-desktop-1000x394.png 1000w, https:\/\/nhd.org\/wp-content\/uploads\/2023\/02\/nhd-contest-process-graphic-desktop-400x158.png 400w\" data-sizes=\"(max-width: 1240px) 100vw, 1240px\" src=\"data:image\/svg+xml;base64,PHN2ZyB3aWR0aD0iMSIgaGVpZ2h0PSIxIiB4bWxucz0iaHR0cDovL3d3dy53My5vcmcvMjAwMC9zdmciPjwvc3ZnPg==\" style=\"--smush-placeholder-width: 1240px; --smush-placeholder-aspect-ratio: 1240\/489;\" \/><\/figure><\/div><\/div><\/div>\n\n<div  class=\"theme-block full-width wp-block-group mobile-only is-style-full-width has-half-margin-bottom has-no-margin-top is-layout-constrained wp-container-core-group-is-layout-ec30dac8 wp-block-group-is-layout-constrained\" ><div class=\"wp-block-group__inner-container wrap\"><div class=\"inner\"><figure  class=\"appear-on-scroll wp-block-image aligncenter size-full is-style-default\" ><img decoding=\"async\" width=\"546\" height=\"1097\" data-src=\"https:\/\/nhd.org\/wp-content\/uploads\/2023\/02\/nhd-contest-process-graphic-mobile.png\" alt=\"NHD Contest Process\" class=\"wp-image-4415 lazyload\" data-srcset=\"https:\/\/nhd.org\/wp-content\/uploads\/2023\/02\/nhd-contest-process-graphic-mobile.png 546w, https:\/\/nhd.org\/wp-content\/uploads\/2023\/02\/nhd-contest-process-graphic-mobile-149x300.png 149w, https:\/\/nhd.org\/wp-content\/uploads\/2023\/02\/nhd-contest-process-graphic-mobile-510x1024.png 510w, https:\/\/nhd.org\/wp-content\/uploads\/2023\/02\/nhd-contest-process-graphic-mobile-6x12.png 6w, https:\/\/nhd.org\/wp-content\/uploads\/2023\/02\/nhd-contest-process-graphic-mobile-400x804.png 400w\" data-sizes=\"(max-width: 546px) 100vw, 546px\" src=\"data:image\/svg+xml;base64,PHN2ZyB3aWR0aD0iMSIgaGVpZ2h0PSIxIiB4bWxucz0iaHR0cDovL3d3dy53My5vcmcvMjAwMC9zdmciPjwvc3ZnPg==\" style=\"--smush-placeholder-width: 546px; --smush-placeholder-aspect-ratio: 546\/1097;\" \/><\/figure><\/div><\/div><\/div>\n\n<p class=\"appear-on-scroll\">Projekty NHD rozpoczynaj\u0105 si\u0119 w Twojej szkole, czy to publicznej, prywatnej, parafialnej, spo\u0142ecznej, czy w domu. Stamt\u0105d Tw\u00f3j projekt mo\u017ce zosta\u0107 wybrany i zakwalifikowa\u0107 si\u0119 do konkursu regionalnego lub stowarzyszonego (stanowego, terytorialnego lub krajowego).&nbsp;&nbsp;<\/p>\n\n<p class=\"appear-on-scroll\">Podczas konkursu NHD uczniowie prezentuj\u0105 swoje prace s\u0119dziom, kt\u00f3rzy przekazuj\u0105 wszystkim uczniom opinie na temat ich pracy i wybieraj\u0105 projekty, aby przej\u015b\u0107 do nast\u0119pnego etapu konkursu. Pomi\u0119dzy poziomami konkursu zach\u0119ca si\u0119 uczni\u00f3w do przegl\u0105du swoich projekt\u00f3w w oparciu o zdobyt\u0105 wiedz\u0119 i opinie s\u0119dzi\u00f3w. Studenci mog\u0105 wprowadza\u0107 dowolne poprawki, zgodnie z art <a href=\"\/pl\/resources\/nhd-contest-rule-book\/\"><em>Ksi\u0105\u017cka Regulamin konkursu<\/em><\/a>.<\/p>\n\n<p class=\"appear-on-scroll\">Dwa najlepsze wpisy w ka\u017cdej kategorii na <a href=\"\/pl\/contest\/find-local-contest\/\">konkursy partnerskie<\/a> zapraszamy na NHD <a href=\"\/pl\/contest\/national-contest\/\">Konkurs Krajowy<\/a>. Co roku w czerwcu na Uniwersytecie Maryland w College Park rywalizuje oko\u0142o 3000 student\u00f3w z ca\u0142ych Stan\u00f3w Zjednoczonych i zagranicy.&nbsp;<\/p>\n\n\n<div class=\"wp-block-group is-style-content-width has-no-margin-bottom has-blue-background-color has-background is-layout-flow wp-block-group-is-layout-flow\"><h2  class=\"appear-on-scroll wp-block-heading has-text-align-center has-white-color has-text-color\" ><span class=\"text\">Gotowy, aby dowiedzie\u0107 si\u0119, jak utworzy\u0107 projekt?<\/span><\/h2>\n\n<p  class=\"appear-on-scroll has-text-align-center has-white-color has-text-color\" >Najpierw sprawd\u017a <em>Ksi\u0105\u017cka Regulamin konkursu<\/em> a potem sp\u00f3jrzmy na temat.<\/p>\n\n\n<div class=\"wp-block-buttons is-content-justification-center is-layout-flex wp-container-core-buttons-is-layout-a89b3969 wp-block-buttons-is-layout-flex\"><div  class=\"appear-on-scroll wp-block-button\" ><a class=\"wp-block-button__link wp-element-button\" href=\"\/pl\/resources\/nhd-contest-rule-book\/\" style=\"font-style:italic;font-weight:600\"><span class=\"label\">regulamin konkursu<\/span><\/a><\/div>\n\n<div  class=\"appear-on-scroll wp-block-button\" ><a class=\"wp-block-button__link wp-element-button\" href=\"https:\/\/nhd.org\/pl\/contest\/theme\/\"><span class=\"label\">temat konkursu<\/span><\/a><\/div><\/div>\n<\/div>\n\n\n\n<div style=\"height:100px\" aria-hidden=\"true\" class=\"wp-block-spacer\"><\/div>\n\n\n\n<div style=\"height:2px\" aria-hidden=\"true\" class=\"wp-block-spacer\"><\/div>\n\n\n<p class=\"appear-on-scroll\"><em>Programy National History Day (NHD) s\u0105 otwarte dla wszystkich uczni\u00f3w i nauczycieli, bez wzgl\u0119du na ras\u0119, p\u0142e\u0107, religi\u0119, zdolno\u015bci fizyczne, status ekonomiczny czy orientacj\u0119 seksualn\u0105. NHD nie dyskryminuje ani nie ogranicza uczestnictwa uczni\u00f3w z niepe\u0142nosprawno\u015bci\u0105 fizyczn\u0105. Personel NHD i koordynatorzy stowarzyszeni staraj\u0105 si\u0119 dostosowa\u0107 do potrzeb uczni\u00f3w ze specjalnymi potrzebami.<\/em><\/p>\n\n<p class=\"appear-on-scroll\"><em>National History Day nie cenzuruje zg\u0142osze\u0144 do Konkursu Krajowego na podstawie tre\u015bci. Oznacza to, \u017ce pogl\u0105dy i opinie wyra\u017cone we wpisach student\u00f3w s\u0105 pogl\u0105dami samych student\u00f3w i\/lub \u017ar\u00f3de\u0142 cytowanych w ich projektach. Nie mog\u0105 one reprezentowa\u0107 pogl\u0105d\u00f3w ani opinii firmy National History Day, Inc. ani jej darczy\u0144c\u00f3w, sponsor\u00f3w, os\u00f3b wspieraj\u0105cych, partner\u00f3w lub podmiot\u00f3w stowarzyszonych.<\/em><\/p>\n\n<div  class=\"theme-block full-width wp-block-group is-style-full-width  has-tan-background-color has-background is-layout-flow wp-block-group-is-layout-flow\" ><div class=\"wp-block-group__inner-container wrap\"><div class=\"inner\"><h3  class=\"appear-on-scroll wp-block-heading has-text-align-center has-medium-font-size\" ><span class=\"text\">National History Day mo\u017ce poszczyci\u0107 si\u0119 nast\u0119puj\u0105cymi sponsorami<\/span><\/h3>\n\n<div class=\"wp-block-theme-blocks-partners theme-block full-width\" style=\"\"><div class=\"layout\"><div class=\"block-partners\"><div class=\"wp-block-theme-blocks-partner block-partner\"><a href=\"https:\/\/nhd.org\/pl\/partners\/national-endowment-for-the-humanities\/\"><img decoding=\"async\" width=\"400\" height=\"148\" data-src=\"https:\/\/nhd.org\/wp-content\/uploads\/2022\/10\/NEH-Logo-Full-Color-Vertical-400x148.jpg\" class=\"attachment-logo size-logo lazyload\" alt=\"\" data-srcset=\"https:\/\/nhd.org\/wp-content\/uploads\/2022\/10\/NEH-Logo-Full-Color-Vertical-400x148.jpg 400w, https:\/\/nhd.org\/wp-content\/uploads\/2022\/10\/NEH-Logo-Full-Color-Vertical-300x111.jpg 300w, https:\/\/nhd.org\/wp-content\/uploads\/2022\/10\/NEH-Logo-Full-Color-Vertical-1024x378.jpg 1024w, https:\/\/nhd.org\/wp-content\/uploads\/2022\/10\/NEH-Logo-Full-Color-Vertical-768x284.jpg 768w, https:\/\/nhd.org\/wp-content\/uploads\/2022\/10\/NEH-Logo-Full-Color-Vertical-1536x567.jpg 1536w, https:\/\/nhd.org\/wp-content\/uploads\/2022\/10\/NEH-Logo-Full-Color-Vertical-2048x756.jpg 2048w, https:\/\/nhd.org\/wp-content\/uploads\/2022\/10\/NEH-Logo-Full-Color-Vertical-18x7.jpg 18w, https:\/\/nhd.org\/wp-content\/uploads\/2022\/10\/NEH-Logo-Full-Color-Vertical-1600x591.jpg 1600w, https:\/\/nhd.org\/wp-content\/uploads\/2022\/10\/NEH-Logo-Full-Color-Vertical-1000x369.jpg 1000w, https:\/\/nhd.org\/wp-content\/uploads\/2022\/10\/NEH-Logo-Full-Color-Vertical-2000x738.jpg 2000w\" data-sizes=\"(max-width: 400px) 100vw, 400px\" src=\"data:image\/svg+xml;base64,PHN2ZyB3aWR0aD0iMSIgaGVpZ2h0PSIxIiB4bWxucz0iaHR0cDovL3d3dy53My5vcmcvMjAwMC9zdmciPjwvc3ZnPg==\" style=\"--smush-placeholder-width: 400px; --smush-placeholder-aspect-ratio: 400\/148;\" \/><\/a><\/div>\n\n\n\n<div class=\"wp-block-theme-blocks-partner block-partner\"><a href=\"https:\/\/nhd.org\/pl\/partners\/skehan\/\"><img decoding=\"async\" width=\"400\" height=\"147\" data-src=\"https:\/\/nhd.org\/wp-content\/uploads\/2022\/10\/Skehan.png\" class=\"attachment-logo size-logo lazyload\" alt=\"Skehan Logo\" data-srcset=\"https:\/\/nhd.org\/wp-content\/uploads\/2022\/10\/Skehan.png 400w, https:\/\/nhd.org\/wp-content\/uploads\/2022\/10\/Skehan-300x110.png 300w\" data-sizes=\"(max-width: 400px) 100vw, 400px\" src=\"data:image\/svg+xml;base64,PHN2ZyB3aWR0aD0iMSIgaGVpZ2h0PSIxIiB4bWxucz0iaHR0cDovL3d3dy53My5vcmcvMjAwMC9zdmciPjwvc3ZnPg==\" style=\"--smush-placeholder-width: 400px; --smush-placeholder-aspect-ratio: 400\/147;\" \/><\/a><\/div><\/div><\/div><\/div>\n\n\n<div class=\"wp-block-buttons is-content-justification-center is-layout-flex wp-container-core-buttons-is-layout-a89b3969 wp-block-buttons-is-layout-flex\"><div  class=\"appear-on-scroll wp-block-button\" ><a class=\"wp-block-button__link wp-element-button\" href=\"\/pl\/about\/sponsors-and-supporters\/\"><span class=\"label\">Zobacz WSZYSTKICH wspieraj\u0105cych<\/span><\/a><\/div><\/div>\n<\/div><\/div><\/div>","protected":false},"excerpt":{"rendered":"<p>Projekty NHD rozpoczynaj\u0105 si\u0119 w Twojej szkole, czy to publicznej, prywatnej, parafialnej, spo\u0142ecznej, czy w domu. Stamt\u0105d Tw\u00f3j projekt mo\u017ce zosta\u0107 wybrany do etapu regionalnego lub stowarzyszonego (stanu, terytorium lub\u2026<\/p>","protected":false},"author":2,"featured_media":0,"parent":0,"menu_order":1,"comment_status":"closed","ping_status":"closed","template":"","meta":{"featured_image_background_position":"","post_type":"","query":"","taxonomies":"","per_page":"","columns":"","layout":"","header-background-color":"","header-color":"","show_promoted":false,"show_site_promotions":false,"footnotes":""},"class_list":["post-105","page","type-page","status-publish","hentry"],"yoast_head":"<!-- This site is optimized with the Yoast SEO plugin v27.3 - https:\/\/yoast.com\/product\/yoast-seo-wordpress\/ -->\n<title>Contest - National History Day<\/title>\n<meta name=\"description\" content=\"The National History Day contest equips students with skills in historical research, communication, project management, and critical thinking.\" \/>\n<meta name=\"robots\" content=\"index, follow, max-snippet:-1, max-image-preview:large, max-video-preview:-1\" \/>\n<link rel=\"canonical\" href=\"https:\/\/nhd.org\/pl\/contest\/\" \/>\n<meta property=\"og:locale\" content=\"pl_PL\" \/>\n<meta property=\"og:type\" content=\"article\" \/>\n<meta property=\"og:title\" content=\"Contest - National History Day\" \/>\n<meta property=\"og:description\" content=\"The National History Day contest equips students with skills in historical research, communication, project management, and critical thinking.\" \/>\n<meta property=\"og:url\" content=\"https:\/\/nhd.org\/pl\/contest\/\" \/>\n<meta property=\"og:site_name\" content=\"National History Day\" \/>\n<meta property=\"article:publisher\" content=\"https:\/\/www.facebook.com\/nationalhistoryday\/\" \/>\n<meta property=\"article:modified_time\" content=\"2025-08-19T18:33:57+00:00\" \/>\n<meta property=\"og:image\" content=\"https:\/\/nhd.org\/wp-content\/uploads\/2025\/08\/Day-5-529-1024x683.jpg\" \/>\n<meta name=\"twitter:card\" content=\"summary_large_image\" \/>\n<meta name=\"twitter:site\" content=\"@NationalHistory\" \/>\n<meta name=\"twitter:label1\" content=\"Szacowany czas czytania\" \/>\n\t<meta name=\"twitter:data1\" content=\"2 minuty\" \/>\n<script type=\"application\/ld+json\" class=\"yoast-schema-graph\">{\"@context\":\"https:\\\/\\\/schema.org\",\"@graph\":[{\"@type\":\"WebPage\",\"@id\":\"https:\\\/\\\/nhd.org\\\/en\\\/contest\\\/\",\"url\":\"https:\\\/\\\/nhd.org\\\/en\\\/contest\\\/\",\"name\":\"Contest - National History Day\",\"isPartOf\":{\"@id\":\"https:\\\/\\\/nhd.org\\\/en\\\/#website\"},\"primaryImageOfPage\":{\"@id\":\"https:\\\/\\\/nhd.org\\\/en\\\/contest\\\/#primaryimage\"},\"image\":{\"@id\":\"https:\\\/\\\/nhd.org\\\/en\\\/contest\\\/#primaryimage\"},\"thumbnailUrl\":\"https:\\\/\\\/nhd.org\\\/wp-content\\\/uploads\\\/2025\\\/08\\\/Day-5-529-1024x683.jpg\",\"datePublished\":\"2022-08-16T00:23:29+00:00\",\"dateModified\":\"2025-08-19T18:33:57+00:00\",\"description\":\"The National History Day contest equips students with skills in historical research, communication, project management, and critical thinking.\",\"breadcrumb\":{\"@id\":\"https:\\\/\\\/nhd.org\\\/en\\\/contest\\\/#breadcrumb\"},\"inLanguage\":\"pl-PL\",\"potentialAction\":[{\"@type\":\"ReadAction\",\"target\":[\"https:\\\/\\\/nhd.org\\\/en\\\/contest\\\/\"]}]},{\"@type\":\"ImageObject\",\"inLanguage\":\"pl-PL\",\"@id\":\"https:\\\/\\\/nhd.org\\\/en\\\/contest\\\/#primaryimage\",\"url\":\"https:\\\/\\\/nhd.org\\\/wp-content\\\/uploads\\\/2025\\\/08\\\/Day-5-529-1024x683.jpg\",\"contentUrl\":\"https:\\\/\\\/nhd.org\\\/wp-content\\\/uploads\\\/2025\\\/08\\\/Day-5-529-1024x683.jpg\"},{\"@type\":\"BreadcrumbList\",\"@id\":\"https:\\\/\\\/nhd.org\\\/en\\\/contest\\\/#breadcrumb\",\"itemListElement\":[{\"@type\":\"ListItem\",\"position\":1,\"name\":\"Home\",\"item\":\"https:\\\/\\\/nhd.org\\\/en\\\/\"},{\"@type\":\"ListItem\",\"position\":2,\"name\":\"Contest\"}]},{\"@type\":\"WebSite\",\"@id\":\"https:\\\/\\\/nhd.org\\\/en\\\/#website\",\"url\":\"https:\\\/\\\/nhd.org\\\/en\\\/\",\"name\":\"National History Day\",\"description\":\"National History Day improves the teaching and learning of history.\",\"publisher\":{\"@id\":\"https:\\\/\\\/nhd.org\\\/en\\\/#organization\"},\"potentialAction\":[{\"@type\":\"SearchAction\",\"target\":{\"@type\":\"EntryPoint\",\"urlTemplate\":\"https:\\\/\\\/nhd.org\\\/en\\\/?s={search_term_string}\"},\"query-input\":{\"@type\":\"PropertyValueSpecification\",\"valueRequired\":true,\"valueName\":\"search_term_string\"}}],\"inLanguage\":\"pl-PL\"},{\"@type\":\"Organization\",\"@id\":\"https:\\\/\\\/nhd.org\\\/en\\\/#organization\",\"name\":\"National History Day\",\"url\":\"https:\\\/\\\/nhd.org\\\/en\\\/\",\"logo\":{\"@type\":\"ImageObject\",\"inLanguage\":\"pl-PL\",\"@id\":\"https:\\\/\\\/nhd.org\\\/en\\\/#\\\/schema\\\/logo\\\/image\\\/\",\"url\":\"https:\\\/\\\/nhd.org\\\/wp-content\\\/uploads\\\/2023\\\/02\\\/NHDLogo_R_web.png\",\"contentUrl\":\"https:\\\/\\\/nhd.org\\\/wp-content\\\/uploads\\\/2023\\\/02\\\/NHDLogo_R_web.png\",\"width\":600,\"height\":503,\"caption\":\"National History Day\"},\"image\":{\"@id\":\"https:\\\/\\\/nhd.org\\\/en\\\/#\\\/schema\\\/logo\\\/image\\\/\"},\"sameAs\":[\"https:\\\/\\\/www.facebook.com\\\/nationalhistoryday\\\/\",\"https:\\\/\\\/x.com\\\/NationalHistory\",\"https:\\\/\\\/www.youtube.com\\\/c\\\/nationalhistoryday\",\"https:\\\/\\\/www.instagram.com\\\/nhdcontest\\\/\"]}]}<\/script>\n<!-- \/ Yoast SEO plugin. -->","yoast_head_json":{"title":"Konkurs - National History Day","description":"Konkurs National History Day rozwija u uczni\u00f3w umiej\u0119tno\u015bci w zakresie bada\u0144 historycznych, komunikacji, zarz\u0105dzania projektami i my\u015blenia krytycznego.","robots":{"index":"index","follow":"follow","max-snippet":"max-snippet:-1","max-image-preview":"max-image-preview:large","max-video-preview":"max-video-preview:-1"},"canonical":"https:\/\/nhd.org\/pl\/contest\/","og_locale":"pl_PL","og_type":"article","og_title":"Contest - National History Day","og_description":"The National History Day contest equips students with skills in historical research, communication, project management, and critical thinking.","og_url":"https:\/\/nhd.org\/pl\/contest\/","og_site_name":"National History Day","article_publisher":"https:\/\/www.facebook.com\/nationalhistoryday\/","article_modified_time":"2025-08-19T18:33:57+00:00","og_image":[{"url":"https:\/\/nhd.org\/wp-content\/uploads\/2025\/08\/Day-5-529-1024x683.jpg","type":"","width":"","height":""}],"twitter_card":"summary_large_image","twitter_site":"@NationalHistory","twitter_misc":{"Szacowany czas czytania":"2 minuty"},"schema":{"@context":"https:\/\/schema.org","@graph":[{"@type":"WebPage","@id":"https:\/\/nhd.org\/en\/contest\/","url":"https:\/\/nhd.org\/en\/contest\/","name":"Konkurs - National History Day","isPartOf":{"@id":"https:\/\/nhd.org\/en\/#website"},"primaryImageOfPage":{"@id":"https:\/\/nhd.org\/en\/contest\/#primaryimage"},"image":{"@id":"https:\/\/nhd.org\/en\/contest\/#primaryimage"},"thumbnailUrl":"https:\/\/nhd.org\/wp-content\/uploads\/2025\/08\/Day-5-529-1024x683.jpg","datePublished":"2022-08-16T00:23:29+00:00","dateModified":"2025-08-19T18:33:57+00:00","description":"Konkurs National History Day rozwija u uczni\u00f3w umiej\u0119tno\u015bci w zakresie bada\u0144 historycznych, komunikacji, zarz\u0105dzania projektami i my\u015blenia krytycznego.","breadcrumb":{"@id":"https:\/\/nhd.org\/en\/contest\/#breadcrumb"},"inLanguage":"pl-PL","potentialAction":[{"@type":"ReadAction","target":["https:\/\/nhd.org\/en\/contest\/"]}]},{"@type":"ImageObject","inLanguage":"pl-PL","@id":"https:\/\/nhd.org\/en\/contest\/#primaryimage","url":"https:\/\/nhd.org\/wp-content\/uploads\/2025\/08\/Day-5-529-1024x683.jpg","contentUrl":"https:\/\/nhd.org\/wp-content\/uploads\/2025\/08\/Day-5-529-1024x683.jpg"},{"@type":"BreadcrumbList","@id":"https:\/\/nhd.org\/en\/contest\/#breadcrumb","itemListElement":[{"@type":"ListItem","position":1,"name":"Home","item":"https:\/\/nhd.org\/en\/"},{"@type":"ListItem","position":2,"name":"Contest"}]},{"@type":"WebSite","@id":"https:\/\/nhd.org\/en\/#website","url":"https:\/\/nhd.org\/en\/","name":"National History Day","description":"National History Day usprawnia nauczanie i uczenie si\u0119 historii.","publisher":{"@id":"https:\/\/nhd.org\/en\/#organization"},"potentialAction":[{"@type":"SearchAction","target":{"@type":"EntryPoint","urlTemplate":"https:\/\/nhd.org\/en\/?s={search_term_string}"},"query-input":{"@type":"PropertyValueSpecification","valueRequired":true,"valueName":"search_term_string"}}],"inLanguage":"pl-PL"},{"@type":"Organization","@id":"https:\/\/nhd.org\/en\/#organization","name":"National History Day","url":"https:\/\/nhd.org\/en\/","logo":{"@type":"ImageObject","inLanguage":"pl-PL","@id":"https:\/\/nhd.org\/en\/#\/schema\/logo\/image\/","url":"https:\/\/nhd.org\/wp-content\/uploads\/2023\/02\/NHDLogo_R_web.png","contentUrl":"https:\/\/nhd.org\/wp-content\/uploads\/2023\/02\/NHDLogo_R_web.png","width":600,"height":503,"caption":"National History Day"},"image":{"@id":"https:\/\/nhd.org\/en\/#\/schema\/logo\/image\/"},"sameAs":["https:\/\/www.facebook.com\/nationalhistoryday\/","https:\/\/x.com\/NationalHistory","https:\/\/www.youtube.com\/c\/nationalhistoryday","https:\/\/www.instagram.com\/nhdcontest\/"]}]}},"jetpack_sharing_enabled":true,"_links":{"self":[{"href":"https:\/\/nhd.org\/pl\/wp-json\/wp\/v2\/pages\/105","targetHints":{"allow":["GET"]}}],"collection":[{"href":"https:\/\/nhd.org\/pl\/wp-json\/wp\/v2\/pages"}],"about":[{"href":"https:\/\/nhd.org\/pl\/wp-json\/wp\/v2\/types\/page"}],"author":[{"embeddable":true,"href":"https:\/\/nhd.org\/pl\/wp-json\/wp\/v2\/users\/2"}],"replies":[{"embeddable":true,"href":"https:\/\/nhd.org\/pl\/wp-json\/wp\/v2\/comments?post=105"}],"version-history":[{"count":19,"href":"https:\/\/nhd.org\/pl\/wp-json\/wp\/v2\/pages\/105\/revisions"}],"predecessor-version":[{"id":8433,"href":"https:\/\/nhd.org\/pl\/wp-json\/wp\/v2\/pages\/105\/revisions\/8433"}],"wp:attachment":[{"href":"https:\/\/nhd.org\/pl\/wp-json\/wp\/v2\/media?parent=105"}],"curies":[{"name":"wp","href":"https:\/\/api.w.org\/{rel}","templated":true}]}}