{"id":161,"date":"2022-09-12T20:50:03","date_gmt":"2022-09-12T20:50:03","guid":{"rendered":"https:\/\/nhd.org\/?page_id=161"},"modified":"2024-10-21T16:12:55","modified_gmt":"2024-10-21T16:12:55","slug":"local-affiliates","status":"publish","type":"page","link":"https:\/\/nhd.org\/pl\/about\/local-affiliates\/","title":{"rendered":"Znajd\u017a swojego lokalnego partnera"},"content":{"rendered":"","protected":false},"excerpt":{"rendered":"<p>Na poziomie lokalnym National History Day<sup>\u00ae<\/sup> wsp\u00f3\u0142pracuje z niezale\u017cnie prowadzonymi programami partnerskimi. Podmioty stowarzyszone NHD stanowi\u0105 trzon programu, s\u0142u\u017c\u0105c nauczycielom i uczniom w odpowiednich obszarach. Uczniowie rozpoczynaj\u0105 swoj\u0105 podr\u00f3\u017c z okazji Dnia Historii od rywalizacji lokalnej, a najlepsze prace przechodz\u0105 do konkurs\u00f3w regionalnych, a nast\u0119pnie stowarzyszonych. Zdobywcy pierwszego i drugiego miejsca w ka\u017cdym konkursie partnerskim awansuj\u0105 do <a href=\"\/pl\/contest\/national-contest\/\">Krajowy Konkurs NHD.<\/a>  Aby rozpocz\u0105\u0107 dzia\u0142alno\u015b\u0107 w swoim regionie, skontaktuj si\u0119 ze swoim koordynatorem afiliacyjnym.   <i>Kliknij przyciski plus\/minus w lewym dolnym rogu mapy, aby zobaczy\u0107 naszych partner\u00f3w na ca\u0142ym \u015bwiecie. <\/i><\/p>","protected":false},"author":2,"featured_media":0,"parent":65,"menu_order":3,"comment_status":"closed","ping_status":"closed","template":"page-affiliates-directory.php","meta":{"featured_image_background_position":"","post_type":"","query":"","taxonomies":"","per_page":"","columns":"","layout":"","header-background-color":"#31818E","header-color":"#fff","show_promoted":false,"show_site_promotions":false,"footnotes":""},"class_list":["post-161","page","type-page","status-publish","hentry"],"yoast_head":"<!-- This site is optimized with the Yoast SEO plugin v27.4 - https:\/\/yoast.com\/product\/yoast-seo-wordpress\/ -->\n<title>Find Your Local Affiliate - National History Day<\/title>\n<meta name=\"description\" content=\"Find your local affiliate to get involved in supporting and participating in a National History Day program near you.\" \/>\n<meta name=\"robots\" content=\"index, follow, max-snippet:-1, max-image-preview:large, max-video-preview:-1\" \/>\n<link rel=\"canonical\" href=\"https:\/\/nhd.org\/pl\/about\/local-affiliates\/\" \/>\n<meta property=\"og:locale\" content=\"pl_PL\" \/>\n<meta property=\"og:type\" content=\"article\" \/>\n<meta property=\"og:title\" content=\"Find Your Local Affiliate - National History Day\" \/>\n<meta property=\"og:description\" content=\"Find your local affiliate to get involved in supporting and participating in a National History Day program near you.\" \/>\n<meta property=\"og:url\" content=\"https:\/\/nhd.org\/pl\/about\/local-affiliates\/\" \/>\n<meta property=\"og:site_name\" content=\"National History Day\" \/>\n<meta property=\"article:publisher\" content=\"https:\/\/www.facebook.com\/nationalhistoryday\/\" \/>\n<meta property=\"article:modified_time\" content=\"2024-10-21T16:12:55+00:00\" \/>\n<meta property=\"og:image\" content=\"https:\/\/nhd.org\/wp-content\/uploads\/2022\/09\/NHD_2022_SocialImage.jpg\" \/>\n\t<meta property=\"og:image:width\" content=\"1200\" \/>\n\t<meta property=\"og:image:height\" content=\"631\" \/>\n\t<meta property=\"og:image:type\" content=\"image\/jpeg\" \/>\n<meta name=\"twitter:card\" content=\"summary_large_image\" \/>\n<meta name=\"twitter:site\" content=\"@NationalHistory\" \/>\n<script type=\"application\/ld+json\" class=\"yoast-schema-graph\">{\"@context\":\"https:\\\/\\\/schema.org\",\"@graph\":[{\"@type\":\"WebPage\",\"@id\":\"https:\\\/\\\/nhd.org\\\/en\\\/about\\\/local-affiliates\\\/\",\"url\":\"https:\\\/\\\/nhd.org\\\/en\\\/about\\\/local-affiliates\\\/\",\"name\":\"Find Your Local Affiliate - National History Day\",\"isPartOf\":{\"@id\":\"https:\\\/\\\/nhd.org\\\/en\\\/#website\"},\"datePublished\":\"2022-09-12T20:50:03+00:00\",\"dateModified\":\"2024-10-21T16:12:55+00:00\",\"description\":\"Find your local affiliate to get involved in supporting and participating in a National History Day program near you.\",\"breadcrumb\":{\"@id\":\"https:\\\/\\\/nhd.org\\\/en\\\/about\\\/local-affiliates\\\/#breadcrumb\"},\"inLanguage\":\"pl-PL\",\"potentialAction\":[{\"@type\":\"ReadAction\",\"target\":[\"https:\\\/\\\/nhd.org\\\/en\\\/about\\\/local-affiliates\\\/\"]}]},{\"@type\":\"BreadcrumbList\",\"@id\":\"https:\\\/\\\/nhd.org\\\/en\\\/about\\\/local-affiliates\\\/#breadcrumb\",\"itemListElement\":[{\"@type\":\"ListItem\",\"position\":1,\"name\":\"Home\",\"item\":\"https:\\\/\\\/nhd.org\\\/en\\\/\"},{\"@type\":\"ListItem\",\"position\":2,\"name\":\"About National History Day\",\"item\":\"https:\\\/\\\/nhd.org\\\/en\\\/about\\\/\"},{\"@type\":\"ListItem\",\"position\":3,\"name\":\"Find Your Local Affiliate\"}]},{\"@type\":\"WebSite\",\"@id\":\"https:\\\/\\\/nhd.org\\\/en\\\/#website\",\"url\":\"https:\\\/\\\/nhd.org\\\/en\\\/\",\"name\":\"National History Day\",\"description\":\"National History Day improves the teaching and learning of history.\",\"publisher\":{\"@id\":\"https:\\\/\\\/nhd.org\\\/en\\\/#organization\"},\"potentialAction\":[{\"@type\":\"SearchAction\",\"target\":{\"@type\":\"EntryPoint\",\"urlTemplate\":\"https:\\\/\\\/nhd.org\\\/en\\\/?s={search_term_string}\"},\"query-input\":{\"@type\":\"PropertyValueSpecification\",\"valueRequired\":true,\"valueName\":\"search_term_string\"}}],\"inLanguage\":\"pl-PL\"},{\"@type\":\"Organization\",\"@id\":\"https:\\\/\\\/nhd.org\\\/en\\\/#organization\",\"name\":\"National History Day\",\"url\":\"https:\\\/\\\/nhd.org\\\/en\\\/\",\"logo\":{\"@type\":\"ImageObject\",\"inLanguage\":\"pl-PL\",\"@id\":\"https:\\\/\\\/nhd.org\\\/en\\\/#\\\/schema\\\/logo\\\/image\\\/\",\"url\":\"https:\\\/\\\/nhd.org\\\/wp-content\\\/uploads\\\/2023\\\/02\\\/NHDLogo_R_web.png\",\"contentUrl\":\"https:\\\/\\\/nhd.org\\\/wp-content\\\/uploads\\\/2023\\\/02\\\/NHDLogo_R_web.png\",\"width\":600,\"height\":503,\"caption\":\"National History Day\"},\"image\":{\"@id\":\"https:\\\/\\\/nhd.org\\\/en\\\/#\\\/schema\\\/logo\\\/image\\\/\"},\"sameAs\":[\"https:\\\/\\\/www.facebook.com\\\/nationalhistoryday\\\/\",\"https:\\\/\\\/x.com\\\/NationalHistory\",\"https:\\\/\\\/www.youtube.com\\\/c\\\/nationalhistoryday\",\"https:\\\/\\\/www.instagram.com\\\/nhdcontest\\\/\"]}]}<\/script>\n<!-- \/ Yoast SEO plugin. -->","yoast_head_json":{"title":"Znajd\u017a swojego lokalnego partnera - National History Day","description":"Znajd\u017a swojego lokalnego partnera, aby zaanga\u017cowa\u0107 si\u0119 we wspieranie i uczestnictwo w programie National History Day w Twojej okolicy.","robots":{"index":"index","follow":"follow","max-snippet":"max-snippet:-1","max-image-preview":"max-image-preview:large","max-video-preview":"max-video-preview:-1"},"canonical":"https:\/\/nhd.org\/pl\/about\/local-affiliates\/","og_locale":"pl_PL","og_type":"article","og_title":"Find Your Local Affiliate - National History Day","og_description":"Find your local affiliate to get involved in supporting and participating in a National History Day program near you.","og_url":"https:\/\/nhd.org\/pl\/about\/local-affiliates\/","og_site_name":"National History Day","article_publisher":"https:\/\/www.facebook.com\/nationalhistoryday\/","article_modified_time":"2024-10-21T16:12:55+00:00","og_image":[{"width":1200,"height":631,"url":"https:\/\/nhd.org\/wp-content\/uploads\/2022\/09\/NHD_2022_SocialImage.jpg","type":"image\/jpeg"}],"twitter_card":"summary_large_image","twitter_site":"@NationalHistory","schema":{"@context":"https:\/\/schema.org","@graph":[{"@type":"WebPage","@id":"https:\/\/nhd.org\/en\/about\/local-affiliates\/","url":"https:\/\/nhd.org\/en\/about\/local-affiliates\/","name":"Znajd\u017a swojego lokalnego partnera - National History Day","isPartOf":{"@id":"https:\/\/nhd.org\/en\/#website"},"datePublished":"2022-09-12T20:50:03+00:00","dateModified":"2024-10-21T16:12:55+00:00","description":"Znajd\u017a swojego lokalnego partnera, aby zaanga\u017cowa\u0107 si\u0119 we wspieranie i uczestnictwo w programie National History Day w Twojej okolicy.","breadcrumb":{"@id":"https:\/\/nhd.org\/en\/about\/local-affiliates\/#breadcrumb"},"inLanguage":"pl-PL","potentialAction":[{"@type":"ReadAction","target":["https:\/\/nhd.org\/en\/about\/local-affiliates\/"]}]},{"@type":"BreadcrumbList","@id":"https:\/\/nhd.org\/en\/about\/local-affiliates\/#breadcrumb","itemListElement":[{"@type":"ListItem","position":1,"name":"Home","item":"https:\/\/nhd.org\/en\/"},{"@type":"ListItem","position":2,"name":"About National History Day","item":"https:\/\/nhd.org\/en\/about\/"},{"@type":"ListItem","position":3,"name":"Find Your Local Affiliate"}]},{"@type":"WebSite","@id":"https:\/\/nhd.org\/en\/#website","url":"https:\/\/nhd.org\/en\/","name":"National History Day","description":"National History Day usprawnia nauczanie i uczenie si\u0119 historii.","publisher":{"@id":"https:\/\/nhd.org\/en\/#organization"},"potentialAction":[{"@type":"SearchAction","target":{"@type":"EntryPoint","urlTemplate":"https:\/\/nhd.org\/en\/?s={search_term_string}"},"query-input":{"@type":"PropertyValueSpecification","valueRequired":true,"valueName":"search_term_string"}}],"inLanguage":"pl-PL"},{"@type":"Organization","@id":"https:\/\/nhd.org\/en\/#organization","name":"National History Day","url":"https:\/\/nhd.org\/en\/","logo":{"@type":"ImageObject","inLanguage":"pl-PL","@id":"https:\/\/nhd.org\/en\/#\/schema\/logo\/image\/","url":"https:\/\/nhd.org\/wp-content\/uploads\/2023\/02\/NHDLogo_R_web.png","contentUrl":"https:\/\/nhd.org\/wp-content\/uploads\/2023\/02\/NHDLogo_R_web.png","width":600,"height":503,"caption":"National History Day"},"image":{"@id":"https:\/\/nhd.org\/en\/#\/schema\/logo\/image\/"},"sameAs":["https:\/\/www.facebook.com\/nationalhistoryday\/","https:\/\/x.com\/NationalHistory","https:\/\/www.youtube.com\/c\/nationalhistoryday","https:\/\/www.instagram.com\/nhdcontest\/"]}]}},"jetpack_sharing_enabled":true,"_links":{"self":[{"href":"https:\/\/nhd.org\/pl\/wp-json\/wp\/v2\/pages\/161","targetHints":{"allow":["GET"]}}],"collection":[{"href":"https:\/\/nhd.org\/pl\/wp-json\/wp\/v2\/pages"}],"about":[{"href":"https:\/\/nhd.org\/pl\/wp-json\/wp\/v2\/types\/page"}],"author":[{"embeddable":true,"href":"https:\/\/nhd.org\/pl\/wp-json\/wp\/v2\/users\/2"}],"replies":[{"embeddable":true,"href":"https:\/\/nhd.org\/pl\/wp-json\/wp\/v2\/comments?post=161"}],"version-history":[{"count":20,"href":"https:\/\/nhd.org\/pl\/wp-json\/wp\/v2\/pages\/161\/revisions"}],"predecessor-version":[{"id":7460,"href":"https:\/\/nhd.org\/pl\/wp-json\/wp\/v2\/pages\/161\/revisions\/7460"}],"up":[{"embeddable":true,"href":"https:\/\/nhd.org\/pl\/wp-json\/wp\/v2\/pages\/65"}],"wp:attachment":[{"href":"https:\/\/nhd.org\/pl\/wp-json\/wp\/v2\/media?parent=161"}],"curies":[{"name":"wp","href":"https:\/\/api.w.org\/{rel}","templated":true}]}}