{"id":175,"date":"2022-09-12T20:53:15","date_gmt":"2022-09-12T20:53:15","guid":{"rendered":"https:\/\/nhd.org\/?page_id=175"},"modified":"2025-09-02T18:42:14","modified_gmt":"2025-09-02T18:42:14","slug":"theme","status":"publish","type":"page","link":"https:\/\/nhd.org\/pl\/contest\/theme\/","title":{"rendered":"Temat"},"content":{"rendered":"<div role=\"region\" aria-labelledby=\"page-title\" class=\"theme-block wp-block-theme-blocks-page-banner full-width has-background has-background-color\" style=\"--background-color:#d7d2cb\"><div class=\"layout\"><h1 class=\"block-title appear-on-scroll\" id=\"page-title\">Temat<\/h1>\n<div class=\"block-content appear-on-scroll\">\n<p  class=\"appear-on-scroll is-style-intro\" >Roczny National History Day<sup>\u00ae<\/sup> Temat konkursu zosta\u0142 zaprojektowany, aby pom\u00f3c Ci przemy\u015ble\u0107 temat z dowolnego aspektu historii lokalnej, regionalnej, krajowej lub \u015bwiatowej. Skupiwszy si\u0119 na tym, mo\u017cesz zacz\u0105\u0107 zadawa\u0107 pytania, na kt\u00f3re pomog\u0105 ci odpowiedzie\u0107 badania, w tym na temat znaczenia twojego tematu w historii.&nbsp;<\/p>\n<\/div>\n\n<div class=\"block-media appear-on-scroll\" style=\"\">\n<figure  class=\"appear-on-scroll wp-block-image size-full is-resized\" ><img decoding=\"async\" width=\"2560\" height=\"974\" data-src=\"https:\/\/nhd.org\/wp-content\/uploads\/2025\/06\/NHD_2026ThemeBookGraphics_FB_WithText-scaled.jpg\" alt=\"\" class=\"wp-image-8128 lazyload\" style=\"--smush-placeholder-width: 2560px; --smush-placeholder-aspect-ratio: 2560\/974;aspect-ratio:2.62;width:1003px;height:auto\" data-srcset=\"https:\/\/nhd.org\/wp-content\/uploads\/2025\/06\/NHD_2026ThemeBookGraphics_FB_WithText-scaled.jpg 2560w, https:\/\/nhd.org\/wp-content\/uploads\/2025\/06\/NHD_2026ThemeBookGraphics_FB_WithText-300x114.jpg 300w, https:\/\/nhd.org\/wp-content\/uploads\/2025\/06\/NHD_2026ThemeBookGraphics_FB_WithText-1024x390.jpg 1024w, https:\/\/nhd.org\/wp-content\/uploads\/2025\/06\/NHD_2026ThemeBookGraphics_FB_WithText-768x292.jpg 768w, https:\/\/nhd.org\/wp-content\/uploads\/2025\/06\/NHD_2026ThemeBookGraphics_FB_WithText-1536x584.jpg 1536w, https:\/\/nhd.org\/wp-content\/uploads\/2025\/06\/NHD_2026ThemeBookGraphics_FB_WithText-2048x779.jpg 2048w, https:\/\/nhd.org\/wp-content\/uploads\/2025\/06\/NHD_2026ThemeBookGraphics_FB_WithText-18x7.jpg 18w, https:\/\/nhd.org\/wp-content\/uploads\/2025\/06\/NHD_2026ThemeBookGraphics_FB_WithText-1600x609.jpg 1600w, https:\/\/nhd.org\/wp-content\/uploads\/2025\/06\/NHD_2026ThemeBookGraphics_FB_WithText-1000x380.jpg 1000w, https:\/\/nhd.org\/wp-content\/uploads\/2025\/06\/NHD_2026ThemeBookGraphics_FB_WithText-2000x761.jpg 2000w, https:\/\/nhd.org\/wp-content\/uploads\/2025\/06\/NHD_2026ThemeBookGraphics_FB_WithText-400x152.jpg 400w\" data-sizes=\"(max-width: 2560px) 100vw, 2560px\" src=\"data:image\/svg+xml;base64,PHN2ZyB3aWR0aD0iMSIgaGVpZ2h0PSIxIiB4bWxucz0iaHR0cDovL3d3dy53My5vcmcvMjAwMC9zdmciPjwvc3ZnPg==\" \/><\/figure>\n<\/div>\n<div class=\"block-background\"><\/div><\/div><\/div><style>:root { --header-background-color: #d7d2cb }<\/style>\n\n<p  class=\"appear-on-scroll has-no-margin-bottom has-blue-color has-text-color has-medium-font-size\" ><strong>Temat konkursu 2026<\/strong><\/p>\n\n<h2  class=\"appear-on-scroll wp-block-heading has-no-margin-top\"  style=\"font-style:italic;font-weight:600\"><span class=\"text\">Rewolucja, reakcja, reforma <em>w historii<\/em><\/span><\/h2>\n\n<p class=\"appear-on-scroll\">W zwi\u0105zku z obchodami 250. rocznicy Deklaracji Niepodleg\u0142o\u015bci tematem NHD na rok 2026 jest <em>Rewolucja, reakcja, reforma w historii<\/em>. Rozr\u00f3\u017cnienia mi\u0119dzy rewolucjami, reakcjami i reformami s\u0105 czasami niewyra\u017ane. Rewolucje i reformy s\u0105 cz\u0119sto reakcjami na idee, dzia\u0142ania lub wydarzenia. Z kolei rewolucje i reformy inspiruj\u0105 reakcje. Pomy\u015bl o tym jak o efekcie domina \u2014 obalenie jednej powoduje obalenie kolejnej, kt\u00f3ra z kolei obala...<\/p>\n\n<p class=\"appear-on-scroll\">Pierwsze pytanie, kt\u00f3re przychodzi na my\u015bl, brzmi: \u201eCzy uczniowie musz\u0105 skupi\u0107 si\u0119 na wszystkich trzech s\u0142owach \u2014 rewolucja, reakcja, reforma?\u201d Nie, uczniowie nie musz\u0105 skupia\u0107 si\u0119 na wszystkich trzech aspektach tematu. To zale\u017cy od tematu. Je\u015bli temat obejmuje wszystkie trzy, uczniowie powinni upewni\u0107 si\u0119, \u017ce uwzgl\u0119dni\u0105 wszystkie trzy.<\/p>\n\n<p class=\"appear-on-scroll\">Dost\u0119pne s\u0105 nast\u0119puj\u0105ce zasoby, dzi\u0119ki kt\u00f3rym mo\u017cesz rozpocz\u0105\u0107 definiowanie tematu i badania.<\/p>\n\n<div class=\"wp-block-theme-blocks-cards theme-block has-half-margin-bottom is-style-content-width\" style=\"\"><div class=\"query-posts two-across\">\n<div class=\"wp-block-theme-blocks-card theme-block has-background hentry is-style-default has-#f6f1ee-background-color has-image\" style=\"--background-color:#f6f1ee\"><div class=\"layout\"><div class=\"block-image\"><img decoding=\"async\" width=\"400\" height=\"214\" data-src=\"https:\/\/nhd.org\/wp-content\/uploads\/2025\/06\/theme-video-image-400x214.png\" class=\"attachment-logo size-logo lazyload\" alt=\"\" data-srcset=\"https:\/\/nhd.org\/wp-content\/uploads\/2025\/06\/theme-video-image-400x214.png 400w, https:\/\/nhd.org\/wp-content\/uploads\/2025\/06\/theme-video-image-300x160.png 300w, https:\/\/nhd.org\/wp-content\/uploads\/2025\/06\/theme-video-image-1024x548.png 1024w, https:\/\/nhd.org\/wp-content\/uploads\/2025\/06\/theme-video-image-768x411.png 768w, https:\/\/nhd.org\/wp-content\/uploads\/2025\/06\/theme-video-image-1536x821.png 1536w, https:\/\/nhd.org\/wp-content\/uploads\/2025\/06\/theme-video-image-18x10.png 18w, https:\/\/nhd.org\/wp-content\/uploads\/2025\/06\/theme-video-image-1600x856.png 1600w, https:\/\/nhd.org\/wp-content\/uploads\/2025\/06\/theme-video-image-1000x535.png 1000w, https:\/\/nhd.org\/wp-content\/uploads\/2025\/06\/theme-video-image.png 1911w\" data-sizes=\"(max-width: 400px) 100vw, 400px\" src=\"data:image\/svg+xml;base64,PHN2ZyB3aWR0aD0iMSIgaGVpZ2h0PSIxIiB4bWxucz0iaHR0cDovL3d3dy53My5vcmcvMjAwMC9zdmciPjwvc3ZnPg==\" style=\"--smush-placeholder-width: 400px; --smush-placeholder-aspect-ratio: 400\/214;\" \/><\/div><div class=\"block-content\">\n<h2  class=\"appear-on-scroll wp-block-heading has-text-align-center\" ><span class=\"text\">Film z om\u00f3wieniem motywu<\/span><\/h2>\n\n\n<div class=\"wp-block-buttons is-content-justification-center is-layout-flex wp-container-core-buttons-is-layout-a89b3969 wp-block-buttons-is-layout-flex\"><div  class=\"appear-on-scroll wp-block-button\" ><a class=\"wp-block-button__link has-text-align-center wp-element-button\" href=\"https:\/\/youtu.be\/f0UKT2ln1fo\"><span class=\"label\">Obejrzyj film tematyczny na YOUTUBE<\/span><\/a><\/div>\n\n<div  class=\"appear-on-scroll wp-block-button\" ><a class=\"wp-block-button__link has-text-align-center wp-element-button\" href=\"https:\/\/vimeo.com\/1090919044?share=copy#t=0\"><span class=\"label\">OBEJRZYJ WIDEO TEMATYCZNE NA VIMEO<\/span><\/a><\/div><\/div>\n\n<\/div><\/div><span class=\"card-icon\"><span class=\"icon fa-solid fa-play\"><\/span><\/span><\/div>\n\n<div class=\"wp-block-theme-blocks-card theme-block has-background hentry is-style-default has-#f6f1ee-background-color has-image\" style=\"--background-color:#f6f1ee\"><div class=\"layout\"><div class=\"block-image\"><img decoding=\"async\" width=\"400\" height=\"330\" data-src=\"https:\/\/nhd.org\/wp-content\/uploads\/2025\/09\/Website-Book-Template-400x330.png\" class=\"attachment-logo size-logo lazyload\" alt=\"\" data-srcset=\"https:\/\/nhd.org\/wp-content\/uploads\/2025\/09\/Website-Book-Template-400x330.png 400w, https:\/\/nhd.org\/wp-content\/uploads\/2025\/09\/Website-Book-Template-300x248.png 300w, https:\/\/nhd.org\/wp-content\/uploads\/2025\/09\/Website-Book-Template-1024x845.png 1024w, https:\/\/nhd.org\/wp-content\/uploads\/2025\/09\/Website-Book-Template-768x634.png 768w, https:\/\/nhd.org\/wp-content\/uploads\/2025\/09\/Website-Book-Template-15x12.png 15w, https:\/\/nhd.org\/wp-content\/uploads\/2025\/09\/Website-Book-Template-1000x825.png 1000w, https:\/\/nhd.org\/wp-content\/uploads\/2025\/09\/Website-Book-Template.png 1260w\" data-sizes=\"(max-width: 400px) 100vw, 400px\" src=\"data:image\/svg+xml;base64,PHN2ZyB3aWR0aD0iMSIgaGVpZ2h0PSIxIiB4bWxucz0iaHR0cDovL3d3dy53My5vcmcvMjAwMC9zdmciPjwvc3ZnPg==\" style=\"--smush-placeholder-width: 400px; --smush-placeholder-aspect-ratio: 400\/330;\" \/><\/div><div class=\"block-content\">\n<h2  class=\"appear-on-scroll wp-block-heading has-text-align-center\" ><span class=\"text\">Ksi\u0105\u017cka tematyczna<\/span><\/h2>\n\n\n<div class=\"wp-block-buttons is-content-justification-center is-layout-flex wp-container-core-buttons-is-layout-a89b3969 wp-block-buttons-is-layout-flex\"><div  class=\"appear-on-scroll wp-block-button\" ><a class=\"wp-block-button__link wp-element-button\" href=\"https:\/\/nhd.org\/wp-content\/uploads\/2025\/06\/NHD_2026_ThemeBook_online_052225.pdf\"><span class=\"icon fa-solid fa-download is-prepended-icon\"><\/span><span class=\"label\">pobierz ksi\u0105\u017ck\u0119 tematyczn\u0105<\/span><\/a><\/div><\/div>\n\n<\/div><\/div><span class=\"card-icon\"><span class=\"icon fa-solid fa-download\"><\/span><\/span><\/div>\n\n<div class=\"wp-block-theme-blocks-card theme-block has-background hentry is-style-default has-#f6f1ee-background-color has-#fff-color has-image\" style=\"--background-color:#f6f1ee;--color:#fff\"><div class=\"layout\"><div class=\"block-image\"><img decoding=\"async\" width=\"400\" height=\"518\" data-src=\"https:\/\/nhd.org\/wp-content\/uploads\/2025\/06\/theme-book-cover-400x518.png\" class=\"attachment-logo size-logo lazyload\" alt=\"\" data-srcset=\"https:\/\/nhd.org\/wp-content\/uploads\/2025\/06\/theme-book-cover-400x518.png 400w, https:\/\/nhd.org\/wp-content\/uploads\/2025\/06\/theme-book-cover-232x300.png 232w, https:\/\/nhd.org\/wp-content\/uploads\/2025\/06\/theme-book-cover-9x12.png 9w, https:\/\/nhd.org\/wp-content\/uploads\/2025\/06\/theme-book-cover-e1756819565926.png 500w\" data-sizes=\"(max-width: 400px) 100vw, 400px\" src=\"data:image\/svg+xml;base64,PHN2ZyB3aWR0aD0iMSIgaGVpZ2h0PSIxIiB4bWxucz0iaHR0cDovL3d3dy53My5vcmcvMjAwMC9zdmciPjwvc3ZnPg==\" style=\"--smush-placeholder-width: 400px; --smush-placeholder-aspect-ratio: 400\/518;\" \/><\/div><div class=\"block-content\">\n<h2  class=\"appear-on-scroll wp-block-heading has-text-align-center has-black-color has-text-color\" ><span class=\"text\">Arkusz burzy m\u00f3zg\u00f3w na temat<\/span><\/h2>\n\n<p  class=\"appear-on-scroll has-black-color has-text-color\" >Pr\u00f3bujesz wymy\u015bli\u0107 temat? U\u017cyj tej burzy m\u00f3zg\u00f3w na temat z filmem tematycznym, aby zacz\u0105\u0107!<\/p>\n\n\n<div class=\"wp-block-buttons is-content-justification-center is-layout-flex wp-container-core-buttons-is-layout-a89b3969 wp-block-buttons-is-layout-flex\"><div  class=\"appear-on-scroll wp-block-button\" ><a class=\"wp-block-button__link wp-element-button\" href=\"https:\/\/nhd.org\/wp-content\/uploads\/2025\/06\/2026-NHD-Theme-Brainstorm-Sheet-for-web.pdf\"><span class=\"icon fa-solid fa-download is-prepended-icon\"><\/span><span class=\"label\">Pobierz ARKUSZ BURZY M\u00d3ZG\u00d3W NA TEMAT<\/span><\/a><\/div><\/div>\n\n<\/div><\/div><span class=\"card-icon\"><span class=\"icon fa-solid fa-download\"><\/span><\/span><\/div>\n<\/div><\/div>\n\n<p  class=\"appear-on-scroll has-text-align-center\" ><em>Specjalna wiadomo\u015b\u0107 od Kena Burnsa<\/em><\/p>\n\n\n<figure class=\"wp-block-video\"><video height=\"1080\" style=\"aspect-ratio: 1920 \/ 1080;\" width=\"1920\" controls poster=\"https:\/\/nhd.org\/wp-content\/uploads\/2025\/09\/Screenshot-2025-09-02-140005.png\" src=\"https:\/\/nhd.org\/wp-content\/uploads\/2025\/09\/National-History-Day-1-Website.mp4\"><\/video><\/figure>\n\n\n\n<figure class=\"wp-block-video aligncenter\"><video height=\"1080\" style=\"aspect-ratio: 1920 \/ 1080;\" width=\"1920\" controls src=\"https:\/\/nhd.org\/wp-content\/uploads\/2025\/09\/The-American-Revolution_-Change_-Extended-Trailer_PBS-Dated-APP_140-Website.mp4\"><\/video><figcaption class=\"wp-element-caption\"><em>Dzi\u0119ki uprzejmo\u015bci PBS<\/em><\/figcaption><\/figure>\n\n\n<p  class=\"appear-on-scroll has-text-align-center\" ><strong><a href=\"https:\/\/www.pbs.org\/kenburns\/the-american-revolution\/\" target=\"_blank\" rel=\"noreferrer noopener\">REWOLUCJA AMERYKA\u0143SKA<\/a><\/strong>\u201eThe New York Times\u201d, wyre\u017cyserowany przez Kena Burnsa, Sarah Botstein i Davida Schmidta, to nowy, sze\u015bcioodcinkowy, dwunastogodzinny serial dokumentalny, kt\u00f3ry zg\u0142\u0119bia histori\u0119 powstania kraju i jego o\u015bmioletni\u0105 wojn\u0119 o niepodleg\u0142o\u015b\u0107. Premiera serialu odb\u0119dzie si\u0119 w niedziel\u0119 16 listopada na kana\u0142ach PBS i PBS.org.&nbsp;<\/p>\n\n\n<div style=\"height:8px\" aria-hidden=\"true\" class=\"wp-block-spacer\"><\/div>\n\n\n\n<div class=\"wp-block-group is-style-content-width has-no-margin-top has-no-margin-bottom has-blue-background-color has-background is-layout-flow wp-block-group-is-layout-flow\"><h2  class=\"appear-on-scroll wp-block-heading has-text-align-center has-white-color has-text-color\" ><span class=\"text\">Gotowy do rozpocz\u0119cia projektu?<\/span><\/h2>\n\n<p  class=\"appear-on-scroll has-text-align-center has-white-color has-text-color\" >Przewodnik krok po kroku i zasoby dotycz\u0105ce tworzenia projektu National History Day<\/p>\n\n\n<div class=\"wp-block-buttons is-content-justification-center is-layout-flex wp-container-core-buttons-is-layout-a89b3969 wp-block-buttons-is-layout-flex\"><div  class=\"appear-on-scroll wp-block-button\" ><a class=\"wp-block-button__link wp-element-button\" href=\"\/pl\/contest\/get-started\/\"><span class=\"label\">Zaczynaj<\/span><\/a><\/div><\/div>\n<\/div>\n\n\n\n<div style=\"height:5px\" aria-hidden=\"true\" class=\"wp-block-spacer\"><\/div>\n\n\n<div  class=\"theme-block full-width wp-block-group is-style-full-width has-tan-background-color has-background is-layout-flow wp-block-group-is-layout-flow\" ><div class=\"wp-block-group__inner-container wrap\"><div class=\"inner\"><h3  class=\"appear-on-scroll wp-block-heading has-text-align-center has-medium-font-size\" ><span class=\"text\">National History Day mo\u017ce poszczyci\u0107 si\u0119 nast\u0119puj\u0105cymi sponsorami<\/span><\/h3>\n\n<div class=\"wp-block-theme-blocks-partners theme-block full-width\" style=\"\"><div class=\"layout\"><div class=\"block-partners\"><div class=\"wp-block-theme-blocks-partner block-partner\"><a href=\"https:\/\/nhd.org\/pl\/partners\/national-park-service\/\"><img decoding=\"async\" width=\"400\" height=\"521\" data-src=\"https:\/\/nhd.org\/wp-content\/uploads\/2022\/12\/US-NationalParkService-Logo.svg-400x521.png\" class=\"attachment-logo size-logo lazyload\" alt=\"National Park Service\" data-srcset=\"https:\/\/nhd.org\/wp-content\/uploads\/2022\/12\/US-NationalParkService-Logo.svg-400x521.png 400w, https:\/\/nhd.org\/wp-content\/uploads\/2022\/12\/US-NationalParkService-Logo.svg-230x300.png 230w, https:\/\/nhd.org\/wp-content\/uploads\/2022\/12\/US-NationalParkService-Logo.svg-9x12.png 9w, https:\/\/nhd.org\/wp-content\/uploads\/2022\/12\/US-NationalParkService-Logo.svg.png 600w\" data-sizes=\"(max-width: 400px) 100vw, 400px\" src=\"data:image\/svg+xml;base64,PHN2ZyB3aWR0aD0iMSIgaGVpZ2h0PSIxIiB4bWxucz0iaHR0cDovL3d3dy53My5vcmcvMjAwMC9zdmciPjwvc3ZnPg==\" style=\"--smush-placeholder-width: 400px; --smush-placeholder-aspect-ratio: 400\/521;\" \/><\/a><\/div><\/div><\/div><\/div>\n\n\n<div class=\"wp-block-buttons is-content-justification-center is-layout-flex wp-container-core-buttons-is-layout-a89b3969 wp-block-buttons-is-layout-flex\"><div  class=\"appear-on-scroll wp-block-button\" ><a class=\"wp-block-button__link wp-element-button\" href=\"\/pl\/about\/sponsors-and-supporters\/\"><span class=\"label\">Zobacz WSZYSTKICH wspieraj\u0105cych<\/span><\/a><\/div><\/div>\n<\/div><\/div><\/div>","protected":false},"excerpt":{"rendered":"<p>Temat konkursu NHD w 2026 r.: Rewolucja, reakcja, reforma w historii W zwi\u0105zku z obchodami 250. rocznicy Deklaracji Niepodleg\u0142o\u015bci tematem konkursu NHD w 2026 r. jest Rewolucja, reakcja, reforma w\u2026<\/p>","protected":false},"author":2,"featured_media":0,"parent":105,"menu_order":1,"comment_status":"closed","ping_status":"closed","template":"","meta":{"featured_image_background_position":"","post_type":"","query":"","taxonomies":"","per_page":"","columns":"","layout":"","header-background-color":"","header-color":"","show_promoted":false,"show_site_promotions":false,"footnotes":""},"class_list":["post-175","page","type-page","status-publish","hentry"],"yoast_head":"<!-- This site is optimized with the Yoast SEO plugin v27.3 - https:\/\/yoast.com\/product\/yoast-seo-wordpress\/ -->\n<title>Theme - National History Day<\/title>\n<meta name=\"description\" content=\"Frontiers: The 2023 NHD contest theme invites consideration of time &amp; place, cause &amp; effect, change over time, and impact &amp; significance\" \/>\n<meta name=\"robots\" content=\"index, follow, max-snippet:-1, max-image-preview:large, max-video-preview:-1\" \/>\n<link rel=\"canonical\" href=\"https:\/\/nhd.org\/pl\/contest\/theme\/\" \/>\n<meta property=\"og:locale\" content=\"pl_PL\" \/>\n<meta property=\"og:type\" content=\"article\" \/>\n<meta property=\"og:title\" content=\"Theme - National History Day\" \/>\n<meta property=\"og:description\" content=\"Frontiers: The 2023 NHD contest theme invites consideration of time &amp; place, cause &amp; effect, change over time, and impact &amp; significance\" \/>\n<meta property=\"og:url\" content=\"https:\/\/nhd.org\/pl\/contest\/theme\/\" \/>\n<meta property=\"og:site_name\" content=\"National History Day\" \/>\n<meta property=\"article:publisher\" content=\"https:\/\/www.facebook.com\/nationalhistoryday\/\" \/>\n<meta property=\"article:modified_time\" content=\"2025-09-02T18:42:14+00:00\" \/>\n<meta property=\"og:image\" content=\"https:\/\/nhd.org\/wp-content\/uploads\/2025\/06\/NHD_2026ThemeBookGraphics_FB_WithText-scaled.jpg\" \/>\n<meta name=\"twitter:card\" content=\"summary_large_image\" \/>\n<meta name=\"twitter:site\" content=\"@NationalHistory\" \/>\n<meta name=\"twitter:label1\" content=\"Szacowany czas czytania\" \/>\n\t<meta name=\"twitter:data1\" content=\"2 minuty\" \/>\n<script type=\"application\/ld+json\" class=\"yoast-schema-graph\">{\"@context\":\"https:\\\/\\\/schema.org\",\"@graph\":[{\"@type\":\"WebPage\",\"@id\":\"https:\\\/\\\/nhd.org\\\/es\\\/contest\\\/theme\\\/\",\"url\":\"https:\\\/\\\/nhd.org\\\/es\\\/contest\\\/theme\\\/\",\"name\":\"Theme - National History Day\",\"isPartOf\":{\"@id\":\"https:\\\/\\\/nhd.org\\\/en\\\/#website\"},\"primaryImageOfPage\":{\"@id\":\"https:\\\/\\\/nhd.org\\\/es\\\/contest\\\/theme\\\/#primaryimage\"},\"image\":{\"@id\":\"https:\\\/\\\/nhd.org\\\/es\\\/contest\\\/theme\\\/#primaryimage\"},\"thumbnailUrl\":\"https:\\\/\\\/nhd.org\\\/wp-content\\\/uploads\\\/2025\\\/06\\\/NHD_2026ThemeBookGraphics_FB_WithText-scaled.jpg\",\"datePublished\":\"2022-09-12T20:53:15+00:00\",\"dateModified\":\"2025-09-02T18:42:14+00:00\",\"description\":\"Frontiers: The 2023 NHD contest theme invites consideration of time & place, cause & effect, change over time, and impact & significance\",\"breadcrumb\":{\"@id\":\"https:\\\/\\\/nhd.org\\\/es\\\/contest\\\/theme\\\/#breadcrumb\"},\"inLanguage\":\"pl-PL\",\"potentialAction\":[{\"@type\":\"ReadAction\",\"target\":[\"https:\\\/\\\/nhd.org\\\/es\\\/contest\\\/theme\\\/\"]}]},{\"@type\":\"ImageObject\",\"inLanguage\":\"pl-PL\",\"@id\":\"https:\\\/\\\/nhd.org\\\/es\\\/contest\\\/theme\\\/#primaryimage\",\"url\":\"https:\\\/\\\/nhd.org\\\/wp-content\\\/uploads\\\/2025\\\/06\\\/NHD_2026ThemeBookGraphics_FB_WithText-scaled.jpg\",\"contentUrl\":\"https:\\\/\\\/nhd.org\\\/wp-content\\\/uploads\\\/2025\\\/06\\\/NHD_2026ThemeBookGraphics_FB_WithText-scaled.jpg\"},{\"@type\":\"BreadcrumbList\",\"@id\":\"https:\\\/\\\/nhd.org\\\/es\\\/contest\\\/theme\\\/#breadcrumb\",\"itemListElement\":[{\"@type\":\"ListItem\",\"position\":1,\"name\":\"Home\",\"item\":\"https:\\\/\\\/nhd.org\\\/en\\\/\"},{\"@type\":\"ListItem\",\"position\":2,\"name\":\"Contest\",\"item\":\"https:\\\/\\\/nhd.org\\\/en\\\/contest\\\/\"},{\"@type\":\"ListItem\",\"position\":3,\"name\":\"Theme\"}]},{\"@type\":\"WebSite\",\"@id\":\"https:\\\/\\\/nhd.org\\\/en\\\/#website\",\"url\":\"https:\\\/\\\/nhd.org\\\/en\\\/\",\"name\":\"National History Day\",\"description\":\"National History Day improves the teaching and learning of history.\",\"publisher\":{\"@id\":\"https:\\\/\\\/nhd.org\\\/en\\\/#organization\"},\"potentialAction\":[{\"@type\":\"SearchAction\",\"target\":{\"@type\":\"EntryPoint\",\"urlTemplate\":\"https:\\\/\\\/nhd.org\\\/en\\\/?s={search_term_string}\"},\"query-input\":{\"@type\":\"PropertyValueSpecification\",\"valueRequired\":true,\"valueName\":\"search_term_string\"}}],\"inLanguage\":\"pl-PL\"},{\"@type\":\"Organization\",\"@id\":\"https:\\\/\\\/nhd.org\\\/en\\\/#organization\",\"name\":\"National History Day\",\"url\":\"https:\\\/\\\/nhd.org\\\/en\\\/\",\"logo\":{\"@type\":\"ImageObject\",\"inLanguage\":\"pl-PL\",\"@id\":\"https:\\\/\\\/nhd.org\\\/en\\\/#\\\/schema\\\/logo\\\/image\\\/\",\"url\":\"https:\\\/\\\/nhd.org\\\/wp-content\\\/uploads\\\/2023\\\/02\\\/NHDLogo_R_web.png\",\"contentUrl\":\"https:\\\/\\\/nhd.org\\\/wp-content\\\/uploads\\\/2023\\\/02\\\/NHDLogo_R_web.png\",\"width\":600,\"height\":503,\"caption\":\"National History Day\"},\"image\":{\"@id\":\"https:\\\/\\\/nhd.org\\\/en\\\/#\\\/schema\\\/logo\\\/image\\\/\"},\"sameAs\":[\"https:\\\/\\\/www.facebook.com\\\/nationalhistoryday\\\/\",\"https:\\\/\\\/x.com\\\/NationalHistory\",\"https:\\\/\\\/www.youtube.com\\\/c\\\/nationalhistoryday\",\"https:\\\/\\\/www.instagram.com\\\/nhdcontest\\\/\"]}]}<\/script>\n<!-- \/ Yoast SEO plugin. -->","yoast_head_json":{"title":"Motyw - National History Day","description":"Frontiers: Temat konkursu NHD 2023 zach\u0119ca do zastanowienia si\u0119 nad czasem i miejscem, przyczyn\u0105 i skutkiem, zmian\u0105 w czasie oraz wp\u0142ywem i znaczeniem","robots":{"index":"index","follow":"follow","max-snippet":"max-snippet:-1","max-image-preview":"max-image-preview:large","max-video-preview":"max-video-preview:-1"},"canonical":"https:\/\/nhd.org\/pl\/contest\/theme\/","og_locale":"pl_PL","og_type":"article","og_title":"Theme - National History Day","og_description":"Frontiers: The 2023 NHD contest theme invites consideration of time & place, cause & effect, change over time, and impact & significance","og_url":"https:\/\/nhd.org\/pl\/contest\/theme\/","og_site_name":"National History Day","article_publisher":"https:\/\/www.facebook.com\/nationalhistoryday\/","article_modified_time":"2025-09-02T18:42:14+00:00","og_image":[{"url":"https:\/\/nhd.org\/wp-content\/uploads\/2025\/06\/NHD_2026ThemeBookGraphics_FB_WithText-scaled.jpg","type":"","width":"","height":""}],"twitter_card":"summary_large_image","twitter_site":"@NationalHistory","twitter_misc":{"Szacowany czas czytania":"2 minuty"},"schema":{"@context":"https:\/\/schema.org","@graph":[{"@type":"WebPage","@id":"https:\/\/nhd.org\/es\/contest\/theme\/","url":"https:\/\/nhd.org\/es\/contest\/theme\/","name":"Motyw - National History Day","isPartOf":{"@id":"https:\/\/nhd.org\/en\/#website"},"primaryImageOfPage":{"@id":"https:\/\/nhd.org\/es\/contest\/theme\/#primaryimage"},"image":{"@id":"https:\/\/nhd.org\/es\/contest\/theme\/#primaryimage"},"thumbnailUrl":"https:\/\/nhd.org\/wp-content\/uploads\/2025\/06\/NHD_2026ThemeBookGraphics_FB_WithText-scaled.jpg","datePublished":"2022-09-12T20:53:15+00:00","dateModified":"2025-09-02T18:42:14+00:00","description":"Frontiers: Temat konkursu NHD 2023 zach\u0119ca do zastanowienia si\u0119 nad czasem i miejscem, przyczyn\u0105 i skutkiem, zmian\u0105 w czasie oraz wp\u0142ywem i znaczeniem","breadcrumb":{"@id":"https:\/\/nhd.org\/es\/contest\/theme\/#breadcrumb"},"inLanguage":"pl-PL","potentialAction":[{"@type":"ReadAction","target":["https:\/\/nhd.org\/es\/contest\/theme\/"]}]},{"@type":"ImageObject","inLanguage":"pl-PL","@id":"https:\/\/nhd.org\/es\/contest\/theme\/#primaryimage","url":"https:\/\/nhd.org\/wp-content\/uploads\/2025\/06\/NHD_2026ThemeBookGraphics_FB_WithText-scaled.jpg","contentUrl":"https:\/\/nhd.org\/wp-content\/uploads\/2025\/06\/NHD_2026ThemeBookGraphics_FB_WithText-scaled.jpg"},{"@type":"BreadcrumbList","@id":"https:\/\/nhd.org\/es\/contest\/theme\/#breadcrumb","itemListElement":[{"@type":"ListItem","position":1,"name":"Home","item":"https:\/\/nhd.org\/en\/"},{"@type":"ListItem","position":2,"name":"Contest","item":"https:\/\/nhd.org\/en\/contest\/"},{"@type":"ListItem","position":3,"name":"Theme"}]},{"@type":"WebSite","@id":"https:\/\/nhd.org\/en\/#website","url":"https:\/\/nhd.org\/en\/","name":"National History Day","description":"National History Day usprawnia nauczanie i uczenie si\u0119 historii.","publisher":{"@id":"https:\/\/nhd.org\/en\/#organization"},"potentialAction":[{"@type":"SearchAction","target":{"@type":"EntryPoint","urlTemplate":"https:\/\/nhd.org\/en\/?s={search_term_string}"},"query-input":{"@type":"PropertyValueSpecification","valueRequired":true,"valueName":"search_term_string"}}],"inLanguage":"pl-PL"},{"@type":"Organization","@id":"https:\/\/nhd.org\/en\/#organization","name":"National History Day","url":"https:\/\/nhd.org\/en\/","logo":{"@type":"ImageObject","inLanguage":"pl-PL","@id":"https:\/\/nhd.org\/en\/#\/schema\/logo\/image\/","url":"https:\/\/nhd.org\/wp-content\/uploads\/2023\/02\/NHDLogo_R_web.png","contentUrl":"https:\/\/nhd.org\/wp-content\/uploads\/2023\/02\/NHDLogo_R_web.png","width":600,"height":503,"caption":"National History Day"},"image":{"@id":"https:\/\/nhd.org\/en\/#\/schema\/logo\/image\/"},"sameAs":["https:\/\/www.facebook.com\/nationalhistoryday\/","https:\/\/x.com\/NationalHistory","https:\/\/www.youtube.com\/c\/nationalhistoryday","https:\/\/www.instagram.com\/nhdcontest\/"]}]}},"jetpack_sharing_enabled":true,"_links":{"self":[{"href":"https:\/\/nhd.org\/pl\/wp-json\/wp\/v2\/pages\/175","targetHints":{"allow":["GET"]}}],"collection":[{"href":"https:\/\/nhd.org\/pl\/wp-json\/wp\/v2\/pages"}],"about":[{"href":"https:\/\/nhd.org\/pl\/wp-json\/wp\/v2\/types\/page"}],"author":[{"embeddable":true,"href":"https:\/\/nhd.org\/pl\/wp-json\/wp\/v2\/users\/2"}],"replies":[{"embeddable":true,"href":"https:\/\/nhd.org\/pl\/wp-json\/wp\/v2\/comments?post=175"}],"version-history":[{"count":20,"href":"https:\/\/nhd.org\/pl\/wp-json\/wp\/v2\/pages\/175\/revisions"}],"predecessor-version":[{"id":8504,"href":"https:\/\/nhd.org\/pl\/wp-json\/wp\/v2\/pages\/175\/revisions\/8504"}],"up":[{"embeddable":true,"href":"https:\/\/nhd.org\/pl\/wp-json\/wp\/v2\/pages\/105"}],"wp:attachment":[{"href":"https:\/\/nhd.org\/pl\/wp-json\/wp\/v2\/media?parent=175"}],"curies":[{"name":"wp","href":"https:\/\/api.w.org\/{rel}","templated":true}]}}