{"id":179,"date":"2022-09-12T20:53:45","date_gmt":"2022-09-12T20:53:45","guid":{"rendered":"https:\/\/nhd.org\/?page_id=179"},"modified":"2024-10-08T15:08:38","modified_gmt":"2024-10-08T15:08:38","slug":"contest-rules","status":"publish","type":"page","link":"https:\/\/nhd.org\/pl\/contest\/contest-rules\/","title":{"rendered":"Regulamin konkursu i ocena"},"content":{"rendered":"<div role=\"region\" aria-labelledby=\"page-title\" class=\"theme-block wp-block-theme-blocks-page-banner full-width has-background has-background-color\" style=\"--background-color:#d7d2cb\"><div class=\"layout\"><h1 class=\"block-title appear-on-scroll\" id=\"page-title\">Regulamin konkursu i ocena<\/h1>\n<div class=\"block-content appear-on-scroll\">\n<p class=\"appear-on-scroll\">National History Day<sup>\u00ae<\/sup> (NHD), podobnie jak wi\u0119kszo\u015b\u0107 konkurs\u00f3w, ma zasady pomagaj\u0105ce zapewni\u0107 uczciwo\u015b\u0107. Zasady konkurs\u00f3w NHD umo\u017cliwiaj\u0105 wszystkim uczniom rywalizacj\u0119 na r\u00f3wnych warunkach. Ka\u017cdy uczestnik ma tak\u0105 sam\u0105 mo\u017cliwo\u015b\u0107 zaprezentowania swojej pracy.<\/p>\n<\/div>\n\n<div class=\"block-media appear-on-scroll\" style=\"\">\n<figure  class=\"appear-on-scroll wp-block-image size-large\" ><img decoding=\"async\" width=\"1024\" height=\"577\" data-src=\"https:\/\/nhd.org\/wp-content\/uploads\/2022\/11\/Contest_Rules_HeroImage-1024x577.jpg\" alt=\"Judge reviewing a project in the exhibit category \" class=\"wp-image-1361 lazyload\" data-srcset=\"https:\/\/nhd.org\/wp-content\/uploads\/2022\/11\/Contest_Rules_HeroImage-1024x577.jpg 1024w, https:\/\/nhd.org\/wp-content\/uploads\/2022\/11\/Contest_Rules_HeroImage-300x169.jpg 300w, https:\/\/nhd.org\/wp-content\/uploads\/2022\/11\/Contest_Rules_HeroImage-768x433.jpg 768w, https:\/\/nhd.org\/wp-content\/uploads\/2022\/11\/Contest_Rules_HeroImage-1536x865.jpg 1536w, https:\/\/nhd.org\/wp-content\/uploads\/2022\/11\/Contest_Rules_HeroImage-1600x901.jpg 1600w, https:\/\/nhd.org\/wp-content\/uploads\/2022\/11\/Contest_Rules_HeroImage-1000x563.jpg 1000w, https:\/\/nhd.org\/wp-content\/uploads\/2022\/11\/Contest_Rules_HeroImage-400x225.jpg 400w, https:\/\/nhd.org\/wp-content\/uploads\/2022\/11\/Contest_Rules_HeroImage.jpg 1889w\" data-sizes=\"(max-width: 1024px) 100vw, 1024px\" src=\"data:image\/svg+xml;base64,PHN2ZyB3aWR0aD0iMSIgaGVpZ2h0PSIxIiB4bWxucz0iaHR0cDovL3d3dy53My5vcmcvMjAwMC9zdmciPjwvc3ZnPg==\" style=\"--smush-placeholder-width: 1024px; --smush-placeholder-aspect-ratio: 1024\/577;\" \/><\/figure>\n<\/div>\n<div class=\"block-background\"><\/div><\/div><\/div><style>:root { --header-background-color: #d7d2cb }<\/style>\n\n<p class=\"appear-on-scroll\">Zanim zaczniesz bada\u0107 lub konstruowa\u0107 projekt NHD, pobierz i przeczytaj plik <a href=\"\/pl\/nhd-contest-rule-book\/\"><em>Ksi\u0105\u017cka Regulamin konkursu<\/em><\/a>. Obecny <em>Ksi\u0105\u017cka Regulamin konkursu<\/em> wesz\u0142a w \u017cycie 22 czerwca 2020 r.<\/p>\n\n\n<div class=\"wp-block-buttons is-content-justification-center is-layout-flex wp-container-core-buttons-is-layout-a89b3969 wp-block-buttons-is-layout-flex\"><div  class=\"appear-on-scroll wp-block-button\" ><a class=\"wp-block-button__link wp-element-button\" href=\"\/pl\/resources\/nhd-contest-rule-book\/\" target=\"_blank\" rel=\"noreferrer noopener\"><span class=\"label\">Ksi\u0105\u017cka Regulamin konkursu<\/span><\/a><\/div>\n\n<div  class=\"appear-on-scroll wp-block-button\" ><a class=\"wp-block-button__link wp-element-button\" href=\"\/pl\/resources\/rulebook-spanish\/\" target=\"_blank\" rel=\"noreferrer noopener\"><span class=\"label\">Regulamin konkursu w j\u0119zyku hiszpa\u0144skim<\/span><\/a><\/div><\/div>\n\n\n<p class=\"appear-on-scroll\">Skontaktuj si\u0119 ze swoim <a href=\"\/pl\/contest\/find-local-contest\/\" target=\"_blank\" rel=\"noreferrer noopener\">koordynator regionalny lub stanowy\/stowarzyszony<\/a> aby uzyska\u0107 wi\u0119cej informacji na temat temat\u00f3w, \u017ar\u00f3de\u0142 i termin\u00f3w.<\/p>\n\n<h2  class=\"appear-on-scroll wp-block-heading has-text-align-center\"  id=\"evals\"><span class=\"text\">Ocena projektu<\/span><\/h2>\n\n<p class=\"appear-on-scroll\">Je\u015bli we\u017amiesz udzia\u0142 w konkursie NHD, s\u0119dziowie wykorzystaj\u0105 formularze oceny NHD do oceny Twojego zg\u0142oszenia. Zach\u0119camy do korzystania z tych formularzy jako wskaz\u00f3wek podczas opracowywania projektu. Nast\u0119pnie po konkursie dok\u0142adnie zapoznaj si\u0119 z opiniami s\u0119dzi\u00f3w. Je\u015bli Tw\u00f3j projekt przechodzi na wy\u017cszy poziom konkurencji, zastan\u00f3w si\u0119 nad sposobami wzmocnienia swojej pracy. Pomi\u0119dzy poziomami konkursu mo\u017cesz kontynuowa\u0107 badania, udoskonala\u0107 analiz\u0119 i poprawia\u0107 sw\u00f3j projekt, \u0142\u0105cznie z tytu\u0142em. Nie mo\u017cesz jednak zmienia\u0107 tematu. Formularz oceny sk\u0142ada si\u0119 z dw\u00f3ch cz\u0119\u015bci:<\/p>\n\n<h3  class=\"appear-on-scroll wp-block-heading has-text-align-left\" ><span class=\"text\">Jako\u015b\u0107 historyczna (80%)<\/span><\/h3>\n\n<p class=\"appear-on-scroll\">Ocena Jako\u015bci Historycznej jest taka sama dla wszystkich kategorii. W tej cz\u0119\u015bci skupimy si\u0119 na mocnych stronach argumentacji historycznej, badaniach i zwi\u0105zku z tematem. <\/p>\n\n<h3  class=\"appear-on-scroll wp-block-heading has-text-align-left\" ><span class=\"text\">Przejrzysto\u015b\u0107 prezentacji (20%)<\/span><\/h3>\n\n<p class=\"appear-on-scroll\">Przejrzysto\u015b\u0107 prezentacji jest inna dla ka\u017cdej kategorii wpis\u00f3w. Ocenia, jak dobrze Tw\u00f3j projekt przekazuje Twoje argumenty za pomoc\u0105 narz\u0119dzi Twojej kategorii.<\/p>\n\n<div class=\"wp-block-theme-blocks-card theme-block has-background hentry is-style-content has-half-margin-top has-half-margin-bottom has-#f6f1ee-background-color has-#fff-color no-image\" style=\"--background-color:#f6f1ee;--color:#fff\"><div class=\"layout\"><div class=\"block-content\">\n<h3  class=\"appear-on-scroll wp-block-heading has-text-align-center has-half-margin-bottom has-black-color has-text-color\" ><span class=\"text\">Formularz oceny dla ka\u017cdej kategorii projektu:<\/span><\/h3>\n\n\n<div class=\"wp-block-buttons is-content-justification-center is-layout-flex wp-container-core-buttons-is-layout-a89b3969 wp-block-buttons-is-layout-flex\"><div  class=\"appear-on-scroll wp-block-button\" ><a class=\"wp-block-button__link wp-element-button\" href=\"\/pl\/resources\/documentary-evaluation-form\/\"><span class=\"label\">film dokumentalny<\/span><\/a><\/div>\n\n<div  class=\"appear-on-scroll wp-block-button\" ><a class=\"wp-block-button__link wp-element-button\" href=\"\/pl\/resources\/exhibit-evaluation-form\/\"><span class=\"label\">Eksponowa\u0107<\/span><\/a><\/div>\n\n<div  class=\"appear-on-scroll wp-block-button\" ><a class=\"wp-block-button__link wp-element-button\" href=\"\/pl\/resources\/performance-evaluation-form\/\"><span class=\"label\">wydajno\u015b\u0107<\/span><\/a><\/div><\/div>\n\n\n\n<div class=\"wp-block-buttons is-content-justification-center is-layout-flex wp-container-core-buttons-is-layout-a89b3969 wp-block-buttons-is-layout-flex\"><div  class=\"appear-on-scroll wp-block-button\" ><a class=\"wp-block-button__link wp-element-button\" href=\"\/pl\/resources\/paper-evaluation-form\/\"><span class=\"label\">Papier<\/span><\/a><\/div>\n\n<div  class=\"appear-on-scroll wp-block-button\" ><a class=\"wp-block-button__link wp-element-button\" href=\"\/pl\/resources\/website-evaluation-form\/\"><span class=\"label\">Strona internetowa<\/span><\/a><\/div><\/div>\n\n<\/div><\/div><\/div>\n\n\n<div style=\"height:1px\" aria-hidden=\"true\" class=\"wp-block-spacer\"><\/div>\n\n\n\n<div class=\"wp-block-buttons is-content-justification-center is-layout-flex wp-container-core-buttons-is-layout-a89b3969 wp-block-buttons-is-layout-flex\"><div  class=\"appear-on-scroll wp-block-button\" ><a class=\"wp-block-button__link has-text-align-center wp-element-button\" href=\"https:\/\/nhd.org\/pl\/contest\/get-started\/\"><span class=\"label\">Wy\u015bwietl listy kontrolne kategorii<\/span><\/a><\/div><\/div>","protected":false},"excerpt":{"rendered":"<p>Zanim zaczniesz zbiera\u0107 informacje lub konstruowa\u0107 projekt NHD, pobierz i przeczytaj Regulamin konkursu. Aktualny Regulamin Konkursu obowi\u0105zuje od 22 czerwca 2020 r. Skontaktuj si\u0119 ze swoim\u2026<\/p>","protected":false},"author":2,"featured_media":0,"parent":105,"menu_order":3,"comment_status":"closed","ping_status":"closed","template":"","meta":{"featured_image_background_position":"","post_type":"","query":"","taxonomies":"","per_page":"","columns":"","layout":"","header-background-color":"","header-color":"","show_promoted":false,"show_site_promotions":false,"footnotes":""},"class_list":["post-179","page","type-page","status-publish","hentry"],"yoast_head":"<!-- This site is optimized with the Yoast SEO plugin v27.3 - https:\/\/yoast.com\/product\/yoast-seo-wordpress\/ -->\n<title>Contest Rules &amp; Evaluation - National History Day<\/title>\n<meta name=\"description\" content=\"Rules and evaluation rubrics to provide all students a level playing field to present their historical research projects.\" \/>\n<meta name=\"robots\" content=\"index, follow, max-snippet:-1, max-image-preview:large, max-video-preview:-1\" \/>\n<link rel=\"canonical\" href=\"https:\/\/nhd.org\/pl\/contest\/contest-rules\/\" \/>\n<meta property=\"og:locale\" content=\"pl_PL\" \/>\n<meta property=\"og:type\" content=\"article\" \/>\n<meta property=\"og:title\" content=\"Contest Rules &amp; Evaluation - National History Day\" \/>\n<meta property=\"og:description\" content=\"Rules and evaluation rubrics to provide all students a level playing field to present their historical research projects.\" \/>\n<meta property=\"og:url\" content=\"https:\/\/nhd.org\/pl\/contest\/contest-rules\/\" \/>\n<meta property=\"og:site_name\" content=\"National History Day\" \/>\n<meta property=\"article:publisher\" content=\"https:\/\/www.facebook.com\/nationalhistoryday\/\" \/>\n<meta property=\"article:modified_time\" content=\"2024-10-08T15:08:38+00:00\" \/>\n<meta property=\"og:image\" content=\"https:\/\/nhd.org\/wp-content\/uploads\/2022\/11\/Contest_Rules_HeroImage-1024x577.jpg\" \/>\n<meta name=\"twitter:card\" content=\"summary_large_image\" \/>\n<meta name=\"twitter:site\" content=\"@NationalHistory\" \/>\n<meta name=\"twitter:label1\" content=\"Szacowany czas czytania\" \/>\n\t<meta name=\"twitter:data1\" content=\"2 minuty\" \/>\n<script type=\"application\/ld+json\" class=\"yoast-schema-graph\">{\"@context\":\"https:\\\/\\\/schema.org\",\"@graph\":[{\"@type\":\"WebPage\",\"@id\":\"https:\\\/\\\/nhd.org\\\/es\\\/contest\\\/contest-rules\\\/\",\"url\":\"https:\\\/\\\/nhd.org\\\/es\\\/contest\\\/contest-rules\\\/\",\"name\":\"Contest Rules &amp; Evaluation - National History Day\",\"isPartOf\":{\"@id\":\"https:\\\/\\\/nhd.org\\\/en\\\/#website\"},\"primaryImageOfPage\":{\"@id\":\"https:\\\/\\\/nhd.org\\\/es\\\/contest\\\/contest-rules\\\/#primaryimage\"},\"image\":{\"@id\":\"https:\\\/\\\/nhd.org\\\/es\\\/contest\\\/contest-rules\\\/#primaryimage\"},\"thumbnailUrl\":\"https:\\\/\\\/nhd.org\\\/wp-content\\\/uploads\\\/2022\\\/11\\\/Contest_Rules_HeroImage-1024x577.jpg\",\"datePublished\":\"2022-09-12T20:53:45+00:00\",\"dateModified\":\"2024-10-08T15:08:38+00:00\",\"description\":\"Rules and evaluation rubrics to provide all students a level playing field to present their historical research projects.\",\"breadcrumb\":{\"@id\":\"https:\\\/\\\/nhd.org\\\/es\\\/contest\\\/contest-rules\\\/#breadcrumb\"},\"inLanguage\":\"pl-PL\",\"potentialAction\":[{\"@type\":\"ReadAction\",\"target\":[\"https:\\\/\\\/nhd.org\\\/es\\\/contest\\\/contest-rules\\\/\"]}]},{\"@type\":\"ImageObject\",\"inLanguage\":\"pl-PL\",\"@id\":\"https:\\\/\\\/nhd.org\\\/es\\\/contest\\\/contest-rules\\\/#primaryimage\",\"url\":\"https:\\\/\\\/nhd.org\\\/wp-content\\\/uploads\\\/2022\\\/11\\\/Contest_Rules_HeroImage-1024x577.jpg\",\"contentUrl\":\"https:\\\/\\\/nhd.org\\\/wp-content\\\/uploads\\\/2022\\\/11\\\/Contest_Rules_HeroImage-1024x577.jpg\"},{\"@type\":\"BreadcrumbList\",\"@id\":\"https:\\\/\\\/nhd.org\\\/es\\\/contest\\\/contest-rules\\\/#breadcrumb\",\"itemListElement\":[{\"@type\":\"ListItem\",\"position\":1,\"name\":\"Home\",\"item\":\"https:\\\/\\\/nhd.org\\\/en\\\/\"},{\"@type\":\"ListItem\",\"position\":2,\"name\":\"Contest\",\"item\":\"https:\\\/\\\/nhd.org\\\/en\\\/contest\\\/\"},{\"@type\":\"ListItem\",\"position\":3,\"name\":\"Contest Rules &amp; Evaluation\"}]},{\"@type\":\"WebSite\",\"@id\":\"https:\\\/\\\/nhd.org\\\/en\\\/#website\",\"url\":\"https:\\\/\\\/nhd.org\\\/en\\\/\",\"name\":\"National History Day\",\"description\":\"National History Day improves the teaching and learning of history.\",\"publisher\":{\"@id\":\"https:\\\/\\\/nhd.org\\\/en\\\/#organization\"},\"potentialAction\":[{\"@type\":\"SearchAction\",\"target\":{\"@type\":\"EntryPoint\",\"urlTemplate\":\"https:\\\/\\\/nhd.org\\\/en\\\/?s={search_term_string}\"},\"query-input\":{\"@type\":\"PropertyValueSpecification\",\"valueRequired\":true,\"valueName\":\"search_term_string\"}}],\"inLanguage\":\"pl-PL\"},{\"@type\":\"Organization\",\"@id\":\"https:\\\/\\\/nhd.org\\\/en\\\/#organization\",\"name\":\"National History Day\",\"url\":\"https:\\\/\\\/nhd.org\\\/en\\\/\",\"logo\":{\"@type\":\"ImageObject\",\"inLanguage\":\"pl-PL\",\"@id\":\"https:\\\/\\\/nhd.org\\\/en\\\/#\\\/schema\\\/logo\\\/image\\\/\",\"url\":\"https:\\\/\\\/nhd.org\\\/wp-content\\\/uploads\\\/2023\\\/02\\\/NHDLogo_R_web.png\",\"contentUrl\":\"https:\\\/\\\/nhd.org\\\/wp-content\\\/uploads\\\/2023\\\/02\\\/NHDLogo_R_web.png\",\"width\":600,\"height\":503,\"caption\":\"National History Day\"},\"image\":{\"@id\":\"https:\\\/\\\/nhd.org\\\/en\\\/#\\\/schema\\\/logo\\\/image\\\/\"},\"sameAs\":[\"https:\\\/\\\/www.facebook.com\\\/nationalhistoryday\\\/\",\"https:\\\/\\\/x.com\\\/NationalHistory\",\"https:\\\/\\\/www.youtube.com\\\/c\\\/nationalhistoryday\",\"https:\\\/\\\/www.instagram.com\\\/nhdcontest\\\/\"]}]}<\/script>\n<!-- \/ Yoast SEO plugin. -->","yoast_head_json":{"title":"Zasady konkursu i ocena - National History Day","description":"Zasady i kryteria oceniania maj\u0105 zapewni\u0107 wszystkim studentom r\u00f3wne szanse w prezentowaniu ich projekt\u00f3w bada\u0144 historycznych.","robots":{"index":"index","follow":"follow","max-snippet":"max-snippet:-1","max-image-preview":"max-image-preview:large","max-video-preview":"max-video-preview:-1"},"canonical":"https:\/\/nhd.org\/pl\/contest\/contest-rules\/","og_locale":"pl_PL","og_type":"article","og_title":"Contest Rules &amp; Evaluation - National History Day","og_description":"Rules and evaluation rubrics to provide all students a level playing field to present their historical research projects.","og_url":"https:\/\/nhd.org\/pl\/contest\/contest-rules\/","og_site_name":"National History Day","article_publisher":"https:\/\/www.facebook.com\/nationalhistoryday\/","article_modified_time":"2024-10-08T15:08:38+00:00","og_image":[{"url":"https:\/\/nhd.org\/wp-content\/uploads\/2022\/11\/Contest_Rules_HeroImage-1024x577.jpg","type":"","width":"","height":""}],"twitter_card":"summary_large_image","twitter_site":"@NationalHistory","twitter_misc":{"Szacowany czas czytania":"2 minuty"},"schema":{"@context":"https:\/\/schema.org","@graph":[{"@type":"WebPage","@id":"https:\/\/nhd.org\/es\/contest\/contest-rules\/","url":"https:\/\/nhd.org\/es\/contest\/contest-rules\/","name":"Zasady konkursu i ocena - National History Day","isPartOf":{"@id":"https:\/\/nhd.org\/en\/#website"},"primaryImageOfPage":{"@id":"https:\/\/nhd.org\/es\/contest\/contest-rules\/#primaryimage"},"image":{"@id":"https:\/\/nhd.org\/es\/contest\/contest-rules\/#primaryimage"},"thumbnailUrl":"https:\/\/nhd.org\/wp-content\/uploads\/2022\/11\/Contest_Rules_HeroImage-1024x577.jpg","datePublished":"2022-09-12T20:53:45+00:00","dateModified":"2024-10-08T15:08:38+00:00","description":"Zasady i kryteria oceniania maj\u0105 zapewni\u0107 wszystkim studentom r\u00f3wne szanse w prezentowaniu ich projekt\u00f3w bada\u0144 historycznych.","breadcrumb":{"@id":"https:\/\/nhd.org\/es\/contest\/contest-rules\/#breadcrumb"},"inLanguage":"pl-PL","potentialAction":[{"@type":"ReadAction","target":["https:\/\/nhd.org\/es\/contest\/contest-rules\/"]}]},{"@type":"ImageObject","inLanguage":"pl-PL","@id":"https:\/\/nhd.org\/es\/contest\/contest-rules\/#primaryimage","url":"https:\/\/nhd.org\/wp-content\/uploads\/2022\/11\/Contest_Rules_HeroImage-1024x577.jpg","contentUrl":"https:\/\/nhd.org\/wp-content\/uploads\/2022\/11\/Contest_Rules_HeroImage-1024x577.jpg"},{"@type":"BreadcrumbList","@id":"https:\/\/nhd.org\/es\/contest\/contest-rules\/#breadcrumb","itemListElement":[{"@type":"ListItem","position":1,"name":"Home","item":"https:\/\/nhd.org\/en\/"},{"@type":"ListItem","position":2,"name":"Contest","item":"https:\/\/nhd.org\/en\/contest\/"},{"@type":"ListItem","position":3,"name":"Contest Rules &amp; Evaluation"}]},{"@type":"WebSite","@id":"https:\/\/nhd.org\/en\/#website","url":"https:\/\/nhd.org\/en\/","name":"National History Day","description":"National History Day usprawnia nauczanie i uczenie si\u0119 historii.","publisher":{"@id":"https:\/\/nhd.org\/en\/#organization"},"potentialAction":[{"@type":"SearchAction","target":{"@type":"EntryPoint","urlTemplate":"https:\/\/nhd.org\/en\/?s={search_term_string}"},"query-input":{"@type":"PropertyValueSpecification","valueRequired":true,"valueName":"search_term_string"}}],"inLanguage":"pl-PL"},{"@type":"Organization","@id":"https:\/\/nhd.org\/en\/#organization","name":"National History Day","url":"https:\/\/nhd.org\/en\/","logo":{"@type":"ImageObject","inLanguage":"pl-PL","@id":"https:\/\/nhd.org\/en\/#\/schema\/logo\/image\/","url":"https:\/\/nhd.org\/wp-content\/uploads\/2023\/02\/NHDLogo_R_web.png","contentUrl":"https:\/\/nhd.org\/wp-content\/uploads\/2023\/02\/NHDLogo_R_web.png","width":600,"height":503,"caption":"National History Day"},"image":{"@id":"https:\/\/nhd.org\/en\/#\/schema\/logo\/image\/"},"sameAs":["https:\/\/www.facebook.com\/nationalhistoryday\/","https:\/\/x.com\/NationalHistory","https:\/\/www.youtube.com\/c\/nationalhistoryday","https:\/\/www.instagram.com\/nhdcontest\/"]}]}},"jetpack_sharing_enabled":true,"_links":{"self":[{"href":"https:\/\/nhd.org\/pl\/wp-json\/wp\/v2\/pages\/179","targetHints":{"allow":["GET"]}}],"collection":[{"href":"https:\/\/nhd.org\/pl\/wp-json\/wp\/v2\/pages"}],"about":[{"href":"https:\/\/nhd.org\/pl\/wp-json\/wp\/v2\/types\/page"}],"author":[{"embeddable":true,"href":"https:\/\/nhd.org\/pl\/wp-json\/wp\/v2\/users\/2"}],"replies":[{"embeddable":true,"href":"https:\/\/nhd.org\/pl\/wp-json\/wp\/v2\/comments?post=179"}],"version-history":[{"count":20,"href":"https:\/\/nhd.org\/pl\/wp-json\/wp\/v2\/pages\/179\/revisions"}],"predecessor-version":[{"id":7423,"href":"https:\/\/nhd.org\/pl\/wp-json\/wp\/v2\/pages\/179\/revisions\/7423"}],"up":[{"embeddable":true,"href":"https:\/\/nhd.org\/pl\/wp-json\/wp\/v2\/pages\/105"}],"wp:attachment":[{"href":"https:\/\/nhd.org\/pl\/wp-json\/wp\/v2\/media?parent=179"}],"curies":[{"name":"wp","href":"https:\/\/api.w.org\/{rel}","templated":true}]}}