{"id":181,"date":"2022-09-12T20:54:00","date_gmt":"2022-09-12T20:54:00","guid":{"rendered":"https:\/\/nhd.org\/?page_id=181"},"modified":"2024-10-21T16:15:05","modified_gmt":"2024-10-21T16:15:05","slug":"find-local-contest","status":"publish","type":"page","link":"https:\/\/nhd.org\/pl\/contest\/find-local-contest\/","title":{"rendered":"Znajd\u017a sw\u00f3j lokalny konkurs (partner)"},"content":{"rendered":"<p  class=\"appear-on-scroll has-small-font-size\" ><em>Programy National History Day (NHD) s\u0105 otwarte dla wszystkich uczni\u00f3w i nauczycieli, bez wzgl\u0119du na ras\u0119, p\u0142e\u0107, religi\u0119, zdolno\u015bci fizyczne, status ekonomiczny czy orientacj\u0119 seksualn\u0105. NHD nie dyskryminuje ani nie ogranicza uczestnictwa uczni\u00f3w z niepe\u0142nosprawno\u015bci\u0105 fizyczn\u0105. Personel NHD i koordynatorzy stowarzyszeni staraj\u0105 si\u0119 dostosowa\u0107 do potrzeb uczni\u00f3w ze specjalnymi potrzebami.<\/em><\/p>\n\n<p  class=\"appear-on-scroll has-small-font-size\" ><em>National History Day nie cenzuruje zg\u0142osze\u0144 do Konkursu Krajowego na podstawie tre\u015bci. Oznacza to, \u017ce pogl\u0105dy i opinie wyra\u017cone we wpisach student\u00f3w s\u0105 pogl\u0105dami samych student\u00f3w i\/lub \u017ar\u00f3de\u0142 cytowanych w ich projektach. Nie mog\u0105 one reprezentowa\u0107 pogl\u0105d\u00f3w ani opinii firmy National History Day, Inc. ani jej darczy\u0144c\u00f3w, sponsor\u00f3w, os\u00f3b wspieraj\u0105cych, partner\u00f3w lub podmiot\u00f3w stowarzyszonych.<\/em><\/p>","protected":false},"excerpt":{"rendered":"<p>Na poziomie lokalnym National History Day<sup>\u00ae<\/sup> wsp\u00f3\u0142pracuje z niezale\u017cnie prowadzonymi programami partnerskimi. Podmioty stowarzyszone NHD stanowi\u0105 trzon programu, s\u0142u\u017c\u0105c nauczycielom i uczniom w odpowiednich obszarach. Uczniowie rozpoczynaj\u0105 swoj\u0105 podr\u00f3\u017c z okazji Dnia Historii od rywalizacji lokalnej, a najlepsze prace przechodz\u0105 do konkurs\u00f3w regionalnych, a nast\u0119pnie stowarzyszonych. Zdobywcy pierwszego i drugiego miejsca w ka\u017cdym konkursie partnerskim awansuj\u0105 do <a href=\"\/pl\/contest\/national-contest\/\">Krajowy Konkurs NHD.<\/a>  Aby rozpocz\u0105\u0107 dzia\u0142alno\u015b\u0107 w swoim regionie, skontaktuj si\u0119 ze swoim koordynatorem afiliacyjnym.   <i>Kliknij przyciski plus\/minus w lewym dolnym rogu mapy, aby zobaczy\u0107 naszych partner\u00f3w na ca\u0142ym \u015bwiecie. <\/i><\/p>","protected":false},"author":2,"featured_media":0,"parent":105,"menu_order":4,"comment_status":"closed","ping_status":"closed","template":"page-affiliates-directory.php","meta":{"featured_image_background_position":"","post_type":"","query":"","taxonomies":"","per_page":"","columns":"","layout":"","header-background-color":"#d7d2cb","header-color":"","show_promoted":false,"show_site_promotions":false,"footnotes":""},"class_list":["post-181","page","type-page","status-publish","hentry"],"yoast_head":"<!-- This site is optimized with the Yoast SEO plugin v27.3 - https:\/\/yoast.com\/product\/yoast-seo-wordpress\/ -->\n<title>Find Your Local Contest (Affiliate) - National History Day<\/title>\n<meta name=\"description\" content=\"Connect with your local NHD affiliate to start your National History Day experience and receive support throughout your progress.\" \/>\n<meta name=\"robots\" content=\"index, follow, max-snippet:-1, max-image-preview:large, max-video-preview:-1\" \/>\n<link rel=\"canonical\" href=\"https:\/\/nhd.org\/pl\/contest\/find-local-contest\/\" \/>\n<meta property=\"og:locale\" content=\"pl_PL\" \/>\n<meta property=\"og:type\" content=\"article\" \/>\n<meta property=\"og:title\" content=\"Find Your Local Contest (Affiliate) - National History Day\" \/>\n<meta property=\"og:description\" content=\"Connect with your local NHD affiliate to start your National History Day experience and receive support throughout your progress.\" \/>\n<meta property=\"og:url\" content=\"https:\/\/nhd.org\/pl\/contest\/find-local-contest\/\" \/>\n<meta property=\"og:site_name\" content=\"National History Day\" \/>\n<meta property=\"article:publisher\" content=\"https:\/\/www.facebook.com\/nationalhistoryday\/\" \/>\n<meta property=\"article:modified_time\" content=\"2024-10-21T16:15:05+00:00\" \/>\n<meta property=\"og:image\" content=\"https:\/\/nhd.org\/wp-content\/uploads\/2022\/09\/NHD_2022_SocialImage.jpg\" \/>\n\t<meta property=\"og:image:width\" content=\"1200\" \/>\n\t<meta property=\"og:image:height\" content=\"631\" \/>\n\t<meta property=\"og:image:type\" content=\"image\/jpeg\" \/>\n<meta name=\"twitter:card\" content=\"summary_large_image\" \/>\n<meta name=\"twitter:site\" content=\"@NationalHistory\" \/>\n<meta name=\"twitter:label1\" content=\"Szacowany czas czytania\" \/>\n\t<meta name=\"twitter:data1\" content=\"1 minuta\" \/>\n<script type=\"application\/ld+json\" class=\"yoast-schema-graph\">{\"@context\":\"https:\\\/\\\/schema.org\",\"@graph\":[{\"@type\":\"WebPage\",\"@id\":\"https:\\\/\\\/nhd.org\\\/es\\\/contest\\\/find-local-contest\\\/\",\"url\":\"https:\\\/\\\/nhd.org\\\/es\\\/contest\\\/find-local-contest\\\/\",\"name\":\"Find Your Local Contest (Affiliate) - National History Day\",\"isPartOf\":{\"@id\":\"https:\\\/\\\/nhd.org\\\/en\\\/#website\"},\"datePublished\":\"2022-09-12T20:54:00+00:00\",\"dateModified\":\"2024-10-21T16:15:05+00:00\",\"description\":\"Connect with your local NHD affiliate to start your National History Day experience and receive support throughout your progress.\",\"breadcrumb\":{\"@id\":\"https:\\\/\\\/nhd.org\\\/es\\\/contest\\\/find-local-contest\\\/#breadcrumb\"},\"inLanguage\":\"pl-PL\",\"potentialAction\":[{\"@type\":\"ReadAction\",\"target\":[\"https:\\\/\\\/nhd.org\\\/es\\\/contest\\\/find-local-contest\\\/\"]}]},{\"@type\":\"BreadcrumbList\",\"@id\":\"https:\\\/\\\/nhd.org\\\/es\\\/contest\\\/find-local-contest\\\/#breadcrumb\",\"itemListElement\":[{\"@type\":\"ListItem\",\"position\":1,\"name\":\"Home\",\"item\":\"https:\\\/\\\/nhd.org\\\/en\\\/\"},{\"@type\":\"ListItem\",\"position\":2,\"name\":\"Contest\",\"item\":\"https:\\\/\\\/nhd.org\\\/en\\\/contest\\\/\"},{\"@type\":\"ListItem\",\"position\":3,\"name\":\"Find Your Local Contest (Affiliate)\"}]},{\"@type\":\"WebSite\",\"@id\":\"https:\\\/\\\/nhd.org\\\/en\\\/#website\",\"url\":\"https:\\\/\\\/nhd.org\\\/en\\\/\",\"name\":\"National History Day\",\"description\":\"National History Day improves the teaching and learning of history.\",\"publisher\":{\"@id\":\"https:\\\/\\\/nhd.org\\\/en\\\/#organization\"},\"potentialAction\":[{\"@type\":\"SearchAction\",\"target\":{\"@type\":\"EntryPoint\",\"urlTemplate\":\"https:\\\/\\\/nhd.org\\\/en\\\/?s={search_term_string}\"},\"query-input\":{\"@type\":\"PropertyValueSpecification\",\"valueRequired\":true,\"valueName\":\"search_term_string\"}}],\"inLanguage\":\"pl-PL\"},{\"@type\":\"Organization\",\"@id\":\"https:\\\/\\\/nhd.org\\\/en\\\/#organization\",\"name\":\"National History Day\",\"url\":\"https:\\\/\\\/nhd.org\\\/en\\\/\",\"logo\":{\"@type\":\"ImageObject\",\"inLanguage\":\"pl-PL\",\"@id\":\"https:\\\/\\\/nhd.org\\\/en\\\/#\\\/schema\\\/logo\\\/image\\\/\",\"url\":\"https:\\\/\\\/nhd.org\\\/wp-content\\\/uploads\\\/2023\\\/02\\\/NHDLogo_R_web.png\",\"contentUrl\":\"https:\\\/\\\/nhd.org\\\/wp-content\\\/uploads\\\/2023\\\/02\\\/NHDLogo_R_web.png\",\"width\":600,\"height\":503,\"caption\":\"National History Day\"},\"image\":{\"@id\":\"https:\\\/\\\/nhd.org\\\/en\\\/#\\\/schema\\\/logo\\\/image\\\/\"},\"sameAs\":[\"https:\\\/\\\/www.facebook.com\\\/nationalhistoryday\\\/\",\"https:\\\/\\\/x.com\\\/NationalHistory\",\"https:\\\/\\\/www.youtube.com\\\/c\\\/nationalhistoryday\",\"https:\\\/\\\/www.instagram.com\\\/nhdcontest\\\/\"]}]}<\/script>\n<!-- \/ Yoast SEO plugin. -->","yoast_head_json":{"title":"Znajd\u017a lokalny konkurs (partner) - National History Day","description":"Skontaktuj si\u0119 z lokalnym oddzia\u0142em NHD, aby rozpocz\u0105\u0107 przygod\u0119 z kursem National History Day i uzyska\u0107 wsparcie w trakcie jej trwania.","robots":{"index":"index","follow":"follow","max-snippet":"max-snippet:-1","max-image-preview":"max-image-preview:large","max-video-preview":"max-video-preview:-1"},"canonical":"https:\/\/nhd.org\/pl\/contest\/find-local-contest\/","og_locale":"pl_PL","og_type":"article","og_title":"Find Your Local Contest (Affiliate) - National History Day","og_description":"Connect with your local NHD affiliate to start your National History Day experience and receive support throughout your progress.","og_url":"https:\/\/nhd.org\/pl\/contest\/find-local-contest\/","og_site_name":"National History Day","article_publisher":"https:\/\/www.facebook.com\/nationalhistoryday\/","article_modified_time":"2024-10-21T16:15:05+00:00","og_image":[{"width":1200,"height":631,"url":"https:\/\/nhd.org\/wp-content\/uploads\/2022\/09\/NHD_2022_SocialImage.jpg","type":"image\/jpeg"}],"twitter_card":"summary_large_image","twitter_site":"@NationalHistory","twitter_misc":{"Szacowany czas czytania":"1 minuta"},"schema":{"@context":"https:\/\/schema.org","@graph":[{"@type":"WebPage","@id":"https:\/\/nhd.org\/es\/contest\/find-local-contest\/","url":"https:\/\/nhd.org\/es\/contest\/find-local-contest\/","name":"Znajd\u017a lokalny konkurs (partner) - National History Day","isPartOf":{"@id":"https:\/\/nhd.org\/en\/#website"},"datePublished":"2022-09-12T20:54:00+00:00","dateModified":"2024-10-21T16:15:05+00:00","description":"Skontaktuj si\u0119 z lokalnym oddzia\u0142em NHD, aby rozpocz\u0105\u0107 przygod\u0119 z kursem National History Day i uzyska\u0107 wsparcie w trakcie jej trwania.","breadcrumb":{"@id":"https:\/\/nhd.org\/es\/contest\/find-local-contest\/#breadcrumb"},"inLanguage":"pl-PL","potentialAction":[{"@type":"ReadAction","target":["https:\/\/nhd.org\/es\/contest\/find-local-contest\/"]}]},{"@type":"BreadcrumbList","@id":"https:\/\/nhd.org\/es\/contest\/find-local-contest\/#breadcrumb","itemListElement":[{"@type":"ListItem","position":1,"name":"Home","item":"https:\/\/nhd.org\/en\/"},{"@type":"ListItem","position":2,"name":"Contest","item":"https:\/\/nhd.org\/en\/contest\/"},{"@type":"ListItem","position":3,"name":"Find Your Local Contest (Affiliate)"}]},{"@type":"WebSite","@id":"https:\/\/nhd.org\/en\/#website","url":"https:\/\/nhd.org\/en\/","name":"National History Day","description":"National History Day usprawnia nauczanie i uczenie si\u0119 historii.","publisher":{"@id":"https:\/\/nhd.org\/en\/#organization"},"potentialAction":[{"@type":"SearchAction","target":{"@type":"EntryPoint","urlTemplate":"https:\/\/nhd.org\/en\/?s={search_term_string}"},"query-input":{"@type":"PropertyValueSpecification","valueRequired":true,"valueName":"search_term_string"}}],"inLanguage":"pl-PL"},{"@type":"Organization","@id":"https:\/\/nhd.org\/en\/#organization","name":"National History Day","url":"https:\/\/nhd.org\/en\/","logo":{"@type":"ImageObject","inLanguage":"pl-PL","@id":"https:\/\/nhd.org\/en\/#\/schema\/logo\/image\/","url":"https:\/\/nhd.org\/wp-content\/uploads\/2023\/02\/NHDLogo_R_web.png","contentUrl":"https:\/\/nhd.org\/wp-content\/uploads\/2023\/02\/NHDLogo_R_web.png","width":600,"height":503,"caption":"National History Day"},"image":{"@id":"https:\/\/nhd.org\/en\/#\/schema\/logo\/image\/"},"sameAs":["https:\/\/www.facebook.com\/nationalhistoryday\/","https:\/\/x.com\/NationalHistory","https:\/\/www.youtube.com\/c\/nationalhistoryday","https:\/\/www.instagram.com\/nhdcontest\/"]}]}},"jetpack_sharing_enabled":true,"_links":{"self":[{"href":"https:\/\/nhd.org\/pl\/wp-json\/wp\/v2\/pages\/181","targetHints":{"allow":["GET"]}}],"collection":[{"href":"https:\/\/nhd.org\/pl\/wp-json\/wp\/v2\/pages"}],"about":[{"href":"https:\/\/nhd.org\/pl\/wp-json\/wp\/v2\/types\/page"}],"author":[{"embeddable":true,"href":"https:\/\/nhd.org\/pl\/wp-json\/wp\/v2\/users\/2"}],"replies":[{"embeddable":true,"href":"https:\/\/nhd.org\/pl\/wp-json\/wp\/v2\/comments?post=181"}],"version-history":[{"count":10,"href":"https:\/\/nhd.org\/pl\/wp-json\/wp\/v2\/pages\/181\/revisions"}],"predecessor-version":[{"id":7461,"href":"https:\/\/nhd.org\/pl\/wp-json\/wp\/v2\/pages\/181\/revisions\/7461"}],"up":[{"embeddable":true,"href":"https:\/\/nhd.org\/pl\/wp-json\/wp\/v2\/pages\/105"}],"wp:attachment":[{"href":"https:\/\/nhd.org\/pl\/wp-json\/wp\/v2\/media?parent=181"}],"curies":[{"name":"wp","href":"https:\/\/api.w.org\/{rel}","templated":true}]}}