{"id":3055,"date":"2022-12-09T20:23:38","date_gmt":"2022-12-09T20:23:38","guid":{"rendered":"https:\/\/nhd.org\/?page_id=3055"},"modified":"2025-11-19T16:34:12","modified_gmt":"2025-11-19T16:34:12","slug":"volunteer","status":"publish","type":"page","link":"https:\/\/nhd.org\/pl\/get-involved\/volunteer\/","title":{"rendered":"Ochotniczo do s\u0119dziego"},"content":{"rendered":"<div role=\"region\" aria-labelledby=\"page-title\" class=\"theme-block wp-block-theme-blocks-page-banner full-width has-background is-style-media has-background-color has-text-color\" style=\"--background-color:#00519F;--color:#fff\"><div class=\"layout\"><h1 class=\"block-title appear-on-scroll\" id=\"page-title\">Ochotniczo do s\u0119dziego<\/h1>\n<div class=\"block-content appear-on-scroll\">\n<p class=\"appear-on-scroll\">S\u0119dziowie-wolontariusze zapewniaj\u0105 uczniom wysokiej jako\u015bci do\u015bwiadczenie edukacyjne \u2013 niezale\u017cnie od tego, czy wygraj\u0105 nagrod\u0119, czy nie. Twoje pochodzenie, wiedza i perspektywa s\u0105 cennym wk\u0142adem w wiedz\u0119 i pewno\u015b\u0107 siebie, dzi\u0119ki kt\u00f3rym uczniowie mog\u0105 podejmowa\u0107 kolejne kroki w \u017cyciu.<\/p>\n<\/div>\n\n<div class=\"block-media appear-on-scroll\" style=\"\">\n<figure  class=\"appear-on-scroll wp-block-image size-large\" ><img decoding=\"async\" width=\"1024\" height=\"681\" data-src=\"https:\/\/nhd.org\/wp-content\/uploads\/2025\/08\/Day-3-109-1024x681.jpg\" alt=\"\" class=\"wp-image-8429 lazyload\" data-srcset=\"https:\/\/nhd.org\/wp-content\/uploads\/2025\/08\/Day-3-109-1024x681.jpg 1024w, https:\/\/nhd.org\/wp-content\/uploads\/2025\/08\/Day-3-109-300x200.jpg 300w, https:\/\/nhd.org\/wp-content\/uploads\/2025\/08\/Day-3-109-768x511.jpg 768w, https:\/\/nhd.org\/wp-content\/uploads\/2025\/08\/Day-3-109-1536x1022.jpg 1536w, https:\/\/nhd.org\/wp-content\/uploads\/2025\/08\/Day-3-109-2048x1363.jpg 2048w, https:\/\/nhd.org\/wp-content\/uploads\/2025\/08\/Day-3-109-18x12.jpg 18w, https:\/\/nhd.org\/wp-content\/uploads\/2025\/08\/Day-3-109-1600x1065.jpg 1600w, https:\/\/nhd.org\/wp-content\/uploads\/2025\/08\/Day-3-109-1000x665.jpg 1000w, https:\/\/nhd.org\/wp-content\/uploads\/2025\/08\/Day-3-109-2000x1331.jpg 2000w, https:\/\/nhd.org\/wp-content\/uploads\/2025\/08\/Day-3-109-400x266.jpg 400w\" data-sizes=\"(max-width: 1024px) 100vw, 1024px\" src=\"data:image\/svg+xml;base64,PHN2ZyB3aWR0aD0iMSIgaGVpZ2h0PSIxIiB4bWxucz0iaHR0cDovL3d3dy53My5vcmcvMjAwMC9zdmciPjwvc3ZnPg==\" style=\"--smush-placeholder-width: 1024px; --smush-placeholder-aspect-ratio: 1024\/681;\" \/><\/figure>\n<\/div>\n<div class=\"block-background\"><\/div><\/div><\/div><style>:root { --header-background-color: #00519F;--header-color: #fff }<\/style>\n\n<h3  class=\"appear-on-scroll wp-block-heading\" ><span class=\"text\"><strong>Proces oceniania<\/strong><\/span><\/h3>\n\n<p class=\"appear-on-scroll\">Podczas National History Day<sup>\u00ae<\/sup> (NHD), uczniowie klas 6\u201312 przeprowadzaj\u0105 szeroko zakrojone badania na tematy zwi\u0105zane z: <a href=\"\/pl\/contest\/theme\/\">temat roczny<\/a>&nbsp;i prezentuj\u0105 swoje odkrycia w formie prac historycznych, wystaw, film\u00f3w dokumentalnych, spektakli lub stron internetowych. Uczniowie prezentuj\u0105 swoje prace jurorom, kt\u00f3rzy pracuj\u0105 w trzyosobowych zespo\u0142ach, aby uzyska\u0107 opini\u0119 na temat wszystkich prac i wybra\u0107 projekty, kt\u00f3re awansuj\u0105 do kolejnego etapu konkursu. Pomi\u0119dzy etapami konkursu uczniowie s\u0105 zach\u0119cani do ulepszania swoich projekt\u00f3w w oparciu o zdobyt\u0105 wiedz\u0119 i opinie juror\u00f3w. NHD opiera si\u0119 na ocenie konsensusu, co oznacza, \u017ce zamiast przyznawa\u0107 prace punktowane liczbowo, s\u0119dziowie klasyfikuj\u0105 je po dyskusji w zespole jurorskim.<\/p>\n\n<h3  class=\"appear-on-scroll wp-block-heading\" ><span class=\"text\"><strong>Zosta\u0144 s\u0119dzi\u0105 NHD<\/strong><\/span><\/h3>\n\n<p class=\"appear-on-scroll\">Bycie jurorem to satysfakcjonuj\u0105ce do\u015bwiadczenie zar\u00f3wno dla nauczycieli, pasjonat\u00f3w historii, profesjonalist\u00f3w, jak i cz\u0142onk\u00f3w spo\u0142eczno\u015bci. S\u0119dziowie otrzymuj\u0105 szkolenie i wsparcie, kt\u00f3re pomagaj\u0105 im czu\u0107 si\u0119 pewnie w trakcie ca\u0142ego procesu. Niezale\u017cnie od tego, czy masz wykszta\u0142cenie historyczne, czy po prostu lubisz uczy\u0107 si\u0119 czego\u015b nowego, Twoja perspektywa ma znaczenie. Wcze\u015bniejsze do\u015bwiadczenie w jurorach nie jest wymagane.<\/p>\n\n<p class=\"appear-on-scroll\">Do\u0142\u0105cz do nas, aby \u015bwi\u0119towa\u0107 osi\u0105gni\u0119cia uczni\u00f3w i wspiera\u0107 wysokiej jako\u015bci edukacj\u0119 historyczn\u0105. Tw\u00f3j czas, wiedza i entuzjazm umo\u017cliwiaj\u0105 realizacj\u0119 tego programu \u2014 a Ty wyjdziesz z niego zainspirowany kreatywno\u015bci\u0105 i zaanga\u017cowaniem uczni\u00f3w, kt\u00f3rych spotkasz.<\/p>\n\n\n<div class=\"wp-block-columns is-style-boxes is-layout-flex wp-container-core-columns-is-layout-ec2e7a44 wp-block-columns-is-layout-flex\" style=\"padding-top:0;padding-bottom:0\">\n<div class=\"wp-block-column is-layout-flow wp-block-column-is-layout-flow\"><div class=\"wp-block-theme-blocks-card theme-block has-background hentry is-style-content has-#00519F-background-color has-#fff-color no-image\" style=\"--background-color:#00519F;--color:#fff\"><div class=\"layout\"><div class=\"block-content\">\n<h2  class=\"appear-on-scroll wp-block-heading has-text-align-center\" ><span class=\"text\">S\u0119dzia lokalny<\/span><\/h2>\n\n<p  class=\"appear-on-scroll has-text-align-center\" >Aby wzi\u0105\u0107 udzia\u0142 w konkursie regionalnym lub partnerskim, skontaktuj si\u0119 z lokalnym programem.<\/p>\n\n\n<div class=\"wp-block-buttons is-content-justification-center is-layout-flex wp-container-core-buttons-is-layout-a89b3969 wp-block-buttons-is-layout-flex\"><div  class=\"appear-on-scroll wp-block-button\" ><a class=\"wp-block-button__link has-text-align-center wp-element-button\" href=\"https:\/\/nhd.org\/pl\/contest\/find-local-contest\/\" target=\"_blank\" rel=\"noreferrer noopener\"><span class=\"label\">ZNAJD\u0179 LOKALNEGO PARTNERA<\/span><\/a><\/div><\/div>\n\n<\/div><\/div><\/div>\n\n<div class=\"wp-block-theme-blocks-card theme-block has-background hentry is-style-content has-#00519F-background-color no-image\" style=\"--background-color:#00519F\"><div class=\"layout\"><div class=\"block-content\">\n<h2  class=\"appear-on-scroll wp-block-heading has-text-align-center has-white-color has-text-color has-link-color wp-elements-3aa76db6bb46e9f582ab0890787e0223\" ><span class=\"text\">S\u0119dzia na Narodowym Konkursie NHD<\/span><\/h2>\n\n<p  class=\"appear-on-scroll has-text-align-center has-white-color has-text-color has-link-color wp-elements-727565c8eec3c87b44d9160f930fd60d\" >Konkurs Narodowy 2026 odb\u0119dzie si\u0119 stacjonarnie na Uniwersytecie Maryland, College Park, od 14 do 18 czerwca 2026 r.<\/p>\n\n<p  class=\"appear-on-scroll has-text-align-center has-white-color has-text-color has-link-color wp-elements-ba66ca9469c9298429320cf7fa1e32b9\" >Rejestracja s\u0119dzi\u00f3w na Konkurs Krajowy 2026 jest ju\u017c otwarta. <\/p>\n\n\n<div class=\"wp-block-buttons is-content-justification-center is-layout-flex wp-container-core-buttons-is-layout-a89b3969 wp-block-buttons-is-layout-flex\"><div  class=\"appear-on-scroll wp-block-button\" ><a class=\"wp-block-button__link wp-element-button\" href=\"https:\/\/national.nhd.org\/app\/page\/judgehome?f=9f566358-ecb6-484c-8bd8-e1a697dba5be\" target=\"_blank\" rel=\"noreferrer noopener\"><span class=\"label\">DOWIEDZ SI\u0118 WI\u0118CEJ I ZAREJESTRUJ SI\u0118<\/span><\/a><\/div><\/div>\n\n<\/div><\/div><\/div><\/div>\n<\/div>\n\n\n\n<div style=\"height:34px\" aria-hidden=\"true\" class=\"wp-block-spacer\"><\/div>","protected":false},"excerpt":{"rendered":"<p>Proces oceniania W trakcie konkursu National History Day\u00ae (NHD) uczniowie klas 6\u201312 prowadz\u0105 szeroko zakrojone badania na tematy zwi\u0105zane z corocznym tematem i prezentuj\u0105 swoje odkrycia w formie prac historycznych, \u2026<\/p>","protected":false},"author":2,"featured_media":0,"parent":107,"menu_order":1,"comment_status":"closed","ping_status":"closed","template":"","meta":{"featured_image_background_position":"","post_type":"","query":"","taxonomies":"","per_page":"","columns":"","layout":"","header-background-color":"","header-color":"","show_promoted":false,"show_site_promotions":false,"footnotes":""},"class_list":["post-3055","page","type-page","status-publish","hentry"],"yoast_head":"<!-- This site is optimized with the Yoast SEO plugin v27.4 - https:\/\/yoast.com\/product\/yoast-seo-wordpress\/ -->\n<title>Volunteer to Judge - National History Day<\/title>\n<meta name=\"description\" content=\"See how your background, knowledge, and perspective add value to a students experience of National History Day and its benefits\" \/>\n<meta name=\"robots\" content=\"index, follow, max-snippet:-1, max-image-preview:large, max-video-preview:-1\" \/>\n<link rel=\"canonical\" href=\"https:\/\/nhd.org\/pl\/get-involved\/volunteer\/\" \/>\n<meta property=\"og:locale\" content=\"pl_PL\" \/>\n<meta property=\"og:type\" content=\"article\" \/>\n<meta property=\"og:title\" content=\"Volunteer to Judge - National History Day\" \/>\n<meta property=\"og:description\" content=\"See how your background, knowledge, and perspective add value to a students experience of National History Day and its benefits\" \/>\n<meta property=\"og:url\" content=\"https:\/\/nhd.org\/pl\/get-involved\/volunteer\/\" \/>\n<meta property=\"og:site_name\" content=\"National History Day\" \/>\n<meta property=\"article:publisher\" content=\"https:\/\/www.facebook.com\/nationalhistoryday\/\" \/>\n<meta property=\"article:modified_time\" content=\"2025-11-19T16:34:12+00:00\" \/>\n<meta property=\"og:image\" content=\"https:\/\/nhd.org\/wp-content\/uploads\/2025\/08\/Day-3-109-scaled.jpg\" \/>\n\t<meta property=\"og:image:width\" content=\"2560\" \/>\n\t<meta property=\"og:image:height\" content=\"1703\" \/>\n\t<meta property=\"og:image:type\" content=\"image\/jpeg\" \/>\n<meta name=\"twitter:card\" content=\"summary_large_image\" \/>\n<meta name=\"twitter:site\" content=\"@NationalHistory\" \/>\n<meta name=\"twitter:label1\" content=\"Szacowany czas czytania\" \/>\n\t<meta name=\"twitter:data1\" content=\"2 minuty\" \/>\n<script type=\"application\/ld+json\" class=\"yoast-schema-graph\">{\"@context\":\"https:\\\/\\\/schema.org\",\"@graph\":[{\"@type\":\"WebPage\",\"@id\":\"https:\\\/\\\/nhd.org\\\/get-involved\\\/volunteer\\\/\",\"url\":\"https:\\\/\\\/nhd.org\\\/get-involved\\\/volunteer\\\/\",\"name\":\"Volunteer to Judge - National History Day\",\"isPartOf\":{\"@id\":\"https:\\\/\\\/nhd.org\\\/en\\\/#website\"},\"primaryImageOfPage\":{\"@id\":\"https:\\\/\\\/nhd.org\\\/get-involved\\\/volunteer\\\/#primaryimage\"},\"image\":{\"@id\":\"https:\\\/\\\/nhd.org\\\/get-involved\\\/volunteer\\\/#primaryimage\"},\"thumbnailUrl\":\"https:\\\/\\\/nhd.org\\\/wp-content\\\/uploads\\\/2025\\\/08\\\/Day-3-109-1024x681.jpg\",\"datePublished\":\"2022-12-09T20:23:38+00:00\",\"dateModified\":\"2025-11-19T16:34:12+00:00\",\"description\":\"See how your background, knowledge, and perspective add value to a students experience of National History Day and its benefits\",\"breadcrumb\":{\"@id\":\"https:\\\/\\\/nhd.org\\\/get-involved\\\/volunteer\\\/#breadcrumb\"},\"inLanguage\":\"pl-PL\",\"potentialAction\":[{\"@type\":\"ReadAction\",\"target\":[\"https:\\\/\\\/nhd.org\\\/get-involved\\\/volunteer\\\/\"]}]},{\"@type\":\"ImageObject\",\"inLanguage\":\"pl-PL\",\"@id\":\"https:\\\/\\\/nhd.org\\\/get-involved\\\/volunteer\\\/#primaryimage\",\"url\":\"https:\\\/\\\/nhd.org\\\/wp-content\\\/uploads\\\/2025\\\/08\\\/Day-3-109-1024x681.jpg\",\"contentUrl\":\"https:\\\/\\\/nhd.org\\\/wp-content\\\/uploads\\\/2025\\\/08\\\/Day-3-109-1024x681.jpg\"},{\"@type\":\"BreadcrumbList\",\"@id\":\"https:\\\/\\\/nhd.org\\\/get-involved\\\/volunteer\\\/#breadcrumb\",\"itemListElement\":[{\"@type\":\"ListItem\",\"position\":1,\"name\":\"Home\",\"item\":\"https:\\\/\\\/nhd.org\\\/en\\\/\"},{\"@type\":\"ListItem\",\"position\":2,\"name\":\"Get Involved\",\"item\":\"https:\\\/\\\/nhd.org\\\/en\\\/get-involved\\\/\"},{\"@type\":\"ListItem\",\"position\":3,\"name\":\"Volunteer to Judge\"}]},{\"@type\":\"WebSite\",\"@id\":\"https:\\\/\\\/nhd.org\\\/en\\\/#website\",\"url\":\"https:\\\/\\\/nhd.org\\\/en\\\/\",\"name\":\"National History Day\",\"description\":\"National History Day improves the teaching and learning of history.\",\"publisher\":{\"@id\":\"https:\\\/\\\/nhd.org\\\/en\\\/#organization\"},\"potentialAction\":[{\"@type\":\"SearchAction\",\"target\":{\"@type\":\"EntryPoint\",\"urlTemplate\":\"https:\\\/\\\/nhd.org\\\/en\\\/?s={search_term_string}\"},\"query-input\":{\"@type\":\"PropertyValueSpecification\",\"valueRequired\":true,\"valueName\":\"search_term_string\"}}],\"inLanguage\":\"pl-PL\"},{\"@type\":\"Organization\",\"@id\":\"https:\\\/\\\/nhd.org\\\/en\\\/#organization\",\"name\":\"National History Day\",\"url\":\"https:\\\/\\\/nhd.org\\\/en\\\/\",\"logo\":{\"@type\":\"ImageObject\",\"inLanguage\":\"pl-PL\",\"@id\":\"https:\\\/\\\/nhd.org\\\/en\\\/#\\\/schema\\\/logo\\\/image\\\/\",\"url\":\"https:\\\/\\\/nhd.org\\\/wp-content\\\/uploads\\\/2023\\\/02\\\/NHDLogo_R_web.png\",\"contentUrl\":\"https:\\\/\\\/nhd.org\\\/wp-content\\\/uploads\\\/2023\\\/02\\\/NHDLogo_R_web.png\",\"width\":600,\"height\":503,\"caption\":\"National History Day\"},\"image\":{\"@id\":\"https:\\\/\\\/nhd.org\\\/en\\\/#\\\/schema\\\/logo\\\/image\\\/\"},\"sameAs\":[\"https:\\\/\\\/www.facebook.com\\\/nationalhistoryday\\\/\",\"https:\\\/\\\/x.com\\\/NationalHistory\",\"https:\\\/\\\/www.youtube.com\\\/c\\\/nationalhistoryday\",\"https:\\\/\\\/www.instagram.com\\\/nhdcontest\\\/\"]}]}<\/script>\n<!-- \/ Yoast SEO plugin. -->","yoast_head_json":{"title":"Zosta\u0144 wolontariuszem s\u0119dziego - National History Day","description":"Zobacz, w jaki spos\u00f3b Twoje do\u015bwiadczenie, wiedza i perspektywa wp\u0142ywaj\u0105 na do\u015bwiadczenie student\u00f3w w ramach kursu National History Day i jego korzy\u015bci","robots":{"index":"index","follow":"follow","max-snippet":"max-snippet:-1","max-image-preview":"max-image-preview:large","max-video-preview":"max-video-preview:-1"},"canonical":"https:\/\/nhd.org\/pl\/get-involved\/volunteer\/","og_locale":"pl_PL","og_type":"article","og_title":"Volunteer to Judge - National History Day","og_description":"See how your background, knowledge, and perspective add value to a students experience of National History Day and its benefits","og_url":"https:\/\/nhd.org\/pl\/get-involved\/volunteer\/","og_site_name":"National History Day","article_publisher":"https:\/\/www.facebook.com\/nationalhistoryday\/","article_modified_time":"2025-11-19T16:34:12+00:00","og_image":[{"width":2560,"height":1703,"url":"https:\/\/nhd.org\/wp-content\/uploads\/2025\/08\/Day-3-109-scaled.jpg","type":"image\/jpeg"}],"twitter_card":"summary_large_image","twitter_site":"@NationalHistory","twitter_misc":{"Szacowany czas czytania":"2 minuty"},"schema":{"@context":"https:\/\/schema.org","@graph":[{"@type":"WebPage","@id":"https:\/\/nhd.org\/get-involved\/volunteer\/","url":"https:\/\/nhd.org\/get-involved\/volunteer\/","name":"Zosta\u0144 wolontariuszem s\u0119dziego - National History Day","isPartOf":{"@id":"https:\/\/nhd.org\/en\/#website"},"primaryImageOfPage":{"@id":"https:\/\/nhd.org\/get-involved\/volunteer\/#primaryimage"},"image":{"@id":"https:\/\/nhd.org\/get-involved\/volunteer\/#primaryimage"},"thumbnailUrl":"https:\/\/nhd.org\/wp-content\/uploads\/2025\/08\/Day-3-109-1024x681.jpg","datePublished":"2022-12-09T20:23:38+00:00","dateModified":"2025-11-19T16:34:12+00:00","description":"Zobacz, w jaki spos\u00f3b Twoje do\u015bwiadczenie, wiedza i perspektywa wp\u0142ywaj\u0105 na do\u015bwiadczenie student\u00f3w w ramach kursu National History Day i jego korzy\u015bci","breadcrumb":{"@id":"https:\/\/nhd.org\/get-involved\/volunteer\/#breadcrumb"},"inLanguage":"pl-PL","potentialAction":[{"@type":"ReadAction","target":["https:\/\/nhd.org\/get-involved\/volunteer\/"]}]},{"@type":"ImageObject","inLanguage":"pl-PL","@id":"https:\/\/nhd.org\/get-involved\/volunteer\/#primaryimage","url":"https:\/\/nhd.org\/wp-content\/uploads\/2025\/08\/Day-3-109-1024x681.jpg","contentUrl":"https:\/\/nhd.org\/wp-content\/uploads\/2025\/08\/Day-3-109-1024x681.jpg"},{"@type":"BreadcrumbList","@id":"https:\/\/nhd.org\/get-involved\/volunteer\/#breadcrumb","itemListElement":[{"@type":"ListItem","position":1,"name":"Home","item":"https:\/\/nhd.org\/en\/"},{"@type":"ListItem","position":2,"name":"Get Involved","item":"https:\/\/nhd.org\/en\/get-involved\/"},{"@type":"ListItem","position":3,"name":"Volunteer to Judge"}]},{"@type":"WebSite","@id":"https:\/\/nhd.org\/en\/#website","url":"https:\/\/nhd.org\/en\/","name":"National History Day","description":"National History Day usprawnia nauczanie i uczenie si\u0119 historii.","publisher":{"@id":"https:\/\/nhd.org\/en\/#organization"},"potentialAction":[{"@type":"SearchAction","target":{"@type":"EntryPoint","urlTemplate":"https:\/\/nhd.org\/en\/?s={search_term_string}"},"query-input":{"@type":"PropertyValueSpecification","valueRequired":true,"valueName":"search_term_string"}}],"inLanguage":"pl-PL"},{"@type":"Organization","@id":"https:\/\/nhd.org\/en\/#organization","name":"National History Day","url":"https:\/\/nhd.org\/en\/","logo":{"@type":"ImageObject","inLanguage":"pl-PL","@id":"https:\/\/nhd.org\/en\/#\/schema\/logo\/image\/","url":"https:\/\/nhd.org\/wp-content\/uploads\/2023\/02\/NHDLogo_R_web.png","contentUrl":"https:\/\/nhd.org\/wp-content\/uploads\/2023\/02\/NHDLogo_R_web.png","width":600,"height":503,"caption":"National History Day"},"image":{"@id":"https:\/\/nhd.org\/en\/#\/schema\/logo\/image\/"},"sameAs":["https:\/\/www.facebook.com\/nationalhistoryday\/","https:\/\/x.com\/NationalHistory","https:\/\/www.youtube.com\/c\/nationalhistoryday","https:\/\/www.instagram.com\/nhdcontest\/"]}]}},"jetpack_sharing_enabled":true,"_links":{"self":[{"href":"https:\/\/nhd.org\/pl\/wp-json\/wp\/v2\/pages\/3055","targetHints":{"allow":["GET"]}}],"collection":[{"href":"https:\/\/nhd.org\/pl\/wp-json\/wp\/v2\/pages"}],"about":[{"href":"https:\/\/nhd.org\/pl\/wp-json\/wp\/v2\/types\/page"}],"author":[{"embeddable":true,"href":"https:\/\/nhd.org\/pl\/wp-json\/wp\/v2\/users\/2"}],"replies":[{"embeddable":true,"href":"https:\/\/nhd.org\/pl\/wp-json\/wp\/v2\/comments?post=3055"}],"version-history":[{"count":19,"href":"https:\/\/nhd.org\/pl\/wp-json\/wp\/v2\/pages\/3055\/revisions"}],"predecessor-version":[{"id":8863,"href":"https:\/\/nhd.org\/pl\/wp-json\/wp\/v2\/pages\/3055\/revisions\/8863"}],"up":[{"embeddable":true,"href":"https:\/\/nhd.org\/pl\/wp-json\/wp\/v2\/pages\/107"}],"wp:attachment":[{"href":"https:\/\/nhd.org\/pl\/wp-json\/wp\/v2\/media?parent=3055"}],"curies":[{"name":"wp","href":"https:\/\/api.w.org\/{rel}","templated":true}]}}