{"id":65,"date":"2022-08-12T22:52:17","date_gmt":"2022-08-12T22:52:17","guid":{"rendered":"https:\/\/nhd.org\/?page_id=65"},"modified":"2023-02-17T17:58:44","modified_gmt":"2023-02-17T17:58:44","slug":"about","status":"publish","type":"page","link":"https:\/\/nhd.org\/pl\/about\/","title":{"rendered":"O National History Day"},"content":{"rendered":"<div role=\"region\" aria-labelledby=\"page-title\" class=\"theme-block wp-block-theme-blocks-page-banner full-width has-background has-background-color has-text-color\" style=\"--background-color:#31818E;--color:#fff\"><div class=\"layout\"><h1 class=\"block-title appear-on-scroll\" id=\"page-title\">O National History Day<\/h1>\n<div class=\"block-content appear-on-scroll\">\n<p  class=\"appear-on-scroll is-style-intro\" >\u015awiatowy lider w dziedzinie historii i edukacji obywatelskiej, National History Day<sup>\u00ae<\/sup> jest organizacj\u0105 edukacyjn\u0105 non-profit poprawiaj\u0105c\u0105 nauczanie i uczenie si\u0119 historii.<\/p>\n<\/div>\n\n<div class=\"block-media appear-on-scroll\" style=\"\">\n<figure  class=\"appear-on-scroll wp-block-image size-large\" ><img decoding=\"async\" width=\"1024\" height=\"577\" data-src=\"https:\/\/nhd.org\/wp-content\/uploads\/2022\/10\/About_HeroImage-1024x577.jpg\" alt=\"Two young female students take part in a hands-on demo in a classroom. \" class=\"wp-image-1082 lazyload\" data-srcset=\"https:\/\/nhd.org\/wp-content\/uploads\/2022\/10\/About_HeroImage-1024x577.jpg 1024w, https:\/\/nhd.org\/wp-content\/uploads\/2022\/10\/About_HeroImage-300x169.jpg 300w, https:\/\/nhd.org\/wp-content\/uploads\/2022\/10\/About_HeroImage-768x433.jpg 768w, https:\/\/nhd.org\/wp-content\/uploads\/2022\/10\/About_HeroImage-1536x865.jpg 1536w, https:\/\/nhd.org\/wp-content\/uploads\/2022\/10\/About_HeroImage-1600x901.jpg 1600w, https:\/\/nhd.org\/wp-content\/uploads\/2022\/10\/About_HeroImage-1000x563.jpg 1000w, https:\/\/nhd.org\/wp-content\/uploads\/2022\/10\/About_HeroImage-400x225.jpg 400w, https:\/\/nhd.org\/wp-content\/uploads\/2022\/10\/About_HeroImage.jpg 1889w\" data-sizes=\"(max-width: 1024px) 100vw, 1024px\" src=\"data:image\/svg+xml;base64,PHN2ZyB3aWR0aD0iMSIgaGVpZ2h0PSIxIiB4bWxucz0iaHR0cDovL3d3dy53My5vcmcvMjAwMC9zdmciPjwvc3ZnPg==\" style=\"--smush-placeholder-width: 1024px; --smush-placeholder-aspect-ratio: 1024\/577;\" \/><\/figure>\n<\/div>\n<div class=\"block-background\"><\/div><\/div><\/div><style>:root { --header-background-color: #31818E;--header-color: #fff }<\/style>\n\n<p class=\"appear-on-scroll\">Ka\u017cdego roku za po\u015brednictwem swojej mi\u0119dzynarodowej sieci NHD dociera do ponad p\u00f3\u0142 miliona uczni\u00f3w i dziesi\u0105tek tysi\u0119cy nauczycieli <a href=\"\/pl\/contest\/\">konkurs historii uczni\u00f3w<\/a> i jego szeroki zakres <a href=\"\/pl\/teacher-resources\/\">programy doskonalenia zawodowego nauczycieli<\/a>, narz\u0119dzia programowe i inne dzia\u0142ania edukacyjne.<\/p>\n\n<p class=\"appear-on-scroll\">Podstawowym programem NHD jest konkurs, w kt\u00f3rym bior\u0105 udzia\u0142 uczniowie klas<sup> <\/sup>6\u201312 wybierz temat i zanurz si\u0119 g\u0142\u0119boko w przesz\u0142o\u015b\u0107, przeprowadzaj\u0105c szeroko zakrojone badania w bibliotekach, archiwach i muzeach. Nast\u0119pnie prezentuj\u0105 swoje wnioski i dowody w formie artyku\u0142\u00f3w, wystaw, performans\u00f3w, film\u00f3w dokumentalnych lub stron internetowych, przechodz\u0105c przez szereg poziom\u00f3w konkursowych, na kt\u00f3rych s\u0105 oceniane przez zawodowych historyk\u00f3w i pedagog\u00f3w.&nbsp;<\/p>\n\n<p class=\"appear-on-scroll\">Dzi\u0119ki temu procesowi uczniowie rozwijaj\u0105 umiej\u0119tno\u015bci komunikacji, zarz\u0105dzania projektami i my\u015blenia historycznego. Ich nauczyciele te\u017c to robi\u0105.<\/p>\n\n\n<div class=\"wp-block-buttons is-layout-flex wp-block-buttons-is-layout-flex\"><\/div>\n\n\n<h2  class=\"appear-on-scroll has-text-align-center wp-block-heading\" ><span class=\"text\">Potrzeba<\/span><\/h2>\n\n<p class=\"appear-on-scroll\">Edukacja historyczna ma znaczenie. Studiowanie przesz\u0142o\u015bci pomaga nam zrozumie\u0107 tera\u017aniejszo\u015b\u0107 i ruszy\u0107 w przysz\u0142o\u015b\u0107. Edukacja historyczna jest niezb\u0119dna dla partycypacyjnego obywatelstwa. Wiedza o tym, sk\u0105d pochodzimy, pomaga nam zrozumie\u0107, dok\u0105d zmierzamy. Jednocze\u015bnie studiowanie przesz\u0142o\u015bci buduje empati\u0119 i doskonali umiej\u0119tno\u015bci badawcze, pisarskie i analityczne.<\/p>\n\n<p class=\"appear-on-scroll\">Niezale\u017cne badanie potwierdzi\u0142o, \u017ce uczniowie uczestnicz\u0105cy w NHD osi\u0105gaj\u0105 lepsze wyniki od swoich r\u00f3wie\u015bnik\u00f3w w zakresie wykraczaj\u0105cym daleko poza zaj\u0119cia w klasie i konkurencj\u0119.<\/p>\n\n\n<div class=\"wp-block-columns is-style-separators has-margin-top is-layout-flex wp-container-core-columns-is-layout-28f84493 wp-block-columns-is-layout-flex\">\n<div class=\"wp-block-column is-layout-flow wp-block-column-is-layout-flow\"><figure  class=\"appear-on-scroll wp-block-image aligncenter size-full is-resized\" ><img decoding=\"async\" data-src=\"https:\/\/nhd.org\/wp-content\/uploads\/2022\/09\/nhd-icon-writing.svg\" alt=\"icon of hand holding pencil\" class=\"wp-image-239 lazyload\" width=\"131\" height=\"131\" src=\"data:image\/svg+xml;base64,PHN2ZyB3aWR0aD0iMSIgaGVpZ2h0PSIxIiB4bWxucz0iaHR0cDovL3d3dy53My5vcmcvMjAwMC9zdmciPjwvc3ZnPg==\" style=\"--smush-placeholder-width: 131px; --smush-placeholder-aspect-ratio: 131\/131;\" \/><\/figure>\n\n<div   class=\"heading h5 appear-on-scroll has-text-align-center wp-block-heading\"  ><span class=\"text\">buduje Silniejszych pisarzy, kt\u00f3rzy gromadz\u0105 solidne dowody na poparcie swojego punktu widzenia<\/span><\/div><\/div>\n\n\n\n<div class=\"wp-block-column is-layout-flow wp-block-column-is-layout-flow\"><figure  class=\"appear-on-scroll wp-block-image aligncenter size-full is-resized is-style-graphic\" ><img decoding=\"async\" data-src=\"https:\/\/nhd.org\/wp-content\/uploads\/2022\/12\/nhd-icon-graduate2.svg\" alt=\"Female college graduate wearing mortar board\" class=\"wp-image-3398 lazyload\" width=\"90\" height=\"131\" src=\"data:image\/svg+xml;base64,PHN2ZyB3aWR0aD0iMSIgaGVpZ2h0PSIxIiB4bWxucz0iaHR0cDovL3d3dy53My5vcmcvMjAwMC9zdmciPjwvc3ZnPg==\" style=\"--smush-placeholder-width: 90px; --smush-placeholder-aspect-ratio: 90\/131;\" \/><\/figure>\n\n<div   class=\"heading h5 appear-on-scroll has-text-align-center wp-block-heading\"  ><span class=\"text\">Wy\u017csze oceny pewno\u015bci w zakresie umiej\u0119tno\u015bci przydatnych w college&#039;u i karierze<\/span><\/div><\/div>\n<\/div>\n\n\n\n<div style=\"height:30px\" aria-hidden=\"true\" class=\"wp-block-spacer\"><\/div>\n\n\n\n<div class=\"wp-block-buttons is-content-justification-center is-layout-flex wp-container-core-buttons-is-layout-a89b3969 wp-block-buttons-is-layout-flex\"><div  class=\"appear-on-scroll wp-block-button\" ><a class=\"wp-block-button__link wp-element-button\" href=\"\/pl\/about\/why-nhd-works\/\"><span class=\"label\">Zobacz, dlaczego NHD dzia\u0142a i zobacz wp\u0142yw<\/span><\/a><\/div><\/div>\n\n\n<div class=\"theme-block full-width theme-block-media-text-wrap\"><div class=\"wrap\"><div  class=\"appear-on-scroll wp-block-media-text alignwide is-stacked-on-mobile is-style-quote has-margin-top\" ><figure class=\"wp-block-media-text__media\"><img decoding=\"async\" width=\"887\" height=\"1024\" data-src=\"https:\/\/nhd.org\/wp-content\/uploads\/2022\/09\/CathyandPresObama-UPI-2-2017_Small-887x1024.jpg\" alt=\"Obama gives Gorn award\" class=\"wp-image-495 size-full lazyload\" data-srcset=\"https:\/\/nhd.org\/wp-content\/uploads\/2022\/09\/CathyandPresObama-UPI-2-2017_Small-887x1024.jpg 887w, https:\/\/nhd.org\/wp-content\/uploads\/2022\/09\/CathyandPresObama-UPI-2-2017_Small-260x300.jpg 260w, https:\/\/nhd.org\/wp-content\/uploads\/2022\/09\/CathyandPresObama-UPI-2-2017_Small-768x887.jpg 768w, https:\/\/nhd.org\/wp-content\/uploads\/2022\/09\/CathyandPresObama-UPI-2-2017_Small-1000x1155.jpg 1000w, https:\/\/nhd.org\/wp-content\/uploads\/2022\/09\/CathyandPresObama-UPI-2-2017_Small-400x462.jpg 400w, https:\/\/nhd.org\/wp-content\/uploads\/2022\/09\/CathyandPresObama-UPI-2-2017_Small.jpg 1026w\" data-sizes=\"(max-width: 887px) 100vw, 887px\" src=\"data:image\/svg+xml;base64,PHN2ZyB3aWR0aD0iMSIgaGVpZ2h0PSIxIiB4bWxucz0iaHR0cDovL3d3dy53My5vcmcvMjAwMC9zdmciPjwvc3ZnPg==\" style=\"--smush-placeholder-width: 887px; --smush-placeholder-aspect-ratio: 887\/1024;\" \/><\/figure><div class=\"wp-block-media-text__content appear-on-scroll\"><h2  class=\"appear-on-scroll wp-block-heading\" ><span class=\"text\">Laureat Narodowego Medalu Humanistyki<\/span><\/h2>\n\n<p class=\"appear-on-scroll\">Prezydent Barack Obama przyzna\u0142 NHD presti\u017cowy Narodowy Medal Humanistyki w uznaniu osi\u0105gni\u0119\u0107 w historii, literaturze, edukacji i polityce kulturalnej. Nagrod\u0119 odebra\u0142a dr Cathy Gorn, dyrektor wykonawcza.<\/p><\/div><\/div><\/div><\/div>\n\n<div   class=\"theme-block full-width has-background has-background-image wp-block-group is-style-full-width is-layout-flow wp-block-group-is-layout-flow\"  ><div class=\"block-background\"><img decoding=\"async\" width=\"2000\" height=\"818\" data-src=\"https:\/\/nhd.org\/wp-content\/uploads\/2022\/12\/NHD_Map_Background_2x.jpg\" class=\"attachment-banner-full size-banner-full lazyload\" alt=\"\" style=\"--smush-placeholder-width: 2000px; --smush-placeholder-aspect-ratio: 2000\/818;object-position:53% 65%;\" data-srcset=\"https:\/\/nhd.org\/wp-content\/uploads\/2022\/12\/NHD_Map_Background_2x.jpg 2000w, https:\/\/nhd.org\/wp-content\/uploads\/2022\/12\/NHD_Map_Background_2x-300x123.jpg 300w, https:\/\/nhd.org\/wp-content\/uploads\/2022\/12\/NHD_Map_Background_2x-1024x419.jpg 1024w, https:\/\/nhd.org\/wp-content\/uploads\/2022\/12\/NHD_Map_Background_2x-768x314.jpg 768w, https:\/\/nhd.org\/wp-content\/uploads\/2022\/12\/NHD_Map_Background_2x-1536x628.jpg 1536w, https:\/\/nhd.org\/wp-content\/uploads\/2022\/12\/NHD_Map_Background_2x-18x7.jpg 18w, https:\/\/nhd.org\/wp-content\/uploads\/2022\/12\/NHD_Map_Background_2x-1600x654.jpg 1600w, https:\/\/nhd.org\/wp-content\/uploads\/2022\/12\/NHD_Map_Background_2x-1000x409.jpg 1000w, https:\/\/nhd.org\/wp-content\/uploads\/2022\/12\/NHD_Map_Background_2x-400x164.jpg 400w\" data-sizes=\"(max-width: 2000px) 100vw, 2000px\" src=\"data:image\/svg+xml;base64,PHN2ZyB3aWR0aD0iMSIgaGVpZ2h0PSIxIiB4bWxucz0iaHR0cDovL3d3dy53My5vcmcvMjAwMC9zdmciPjwvc3ZnPg==\" \/><\/div><div class=\"wp-block-group__inner-container wrap\"><div class=\"inner\">\n<div class=\"wp-block-group has-white-background-color has-background is-layout-constrained wp-block-group-is-layout-constrained\"><h2  class=\"appear-on-scroll has-text-align-center wp-block-heading\" ><span class=\"text\">Poznaj ludzi stoj\u0105cych za nasz\u0105 prac\u0105<\/span><\/h2>\n\n\n<div class=\"wp-block-buttons is-layout-flex wp-block-buttons-is-layout-flex\"><div  class=\"appear-on-scroll wp-block-button aligncenter\" ><a class=\"wp-block-button__link wp-element-button\" href=\"\/pl\/about\/people-of-nhd\/\"><span class=\"label\">Ludzie NHD<\/span><\/a><\/div><\/div>\n<\/div>\n<\/div><\/div><\/div>","protected":false},"excerpt":{"rendered":"<p>Ka\u017cdego roku NHD dociera do ponad p\u00f3\u0142 miliona uczni\u00f3w i dziesi\u0105tek tysi\u0119cy nauczycieli za po\u015brednictwem mi\u0119dzynarodowego konkursu historii uczni\u00f3w i szerokiej oferty doskonalenia zawodowego nauczycieli\u2026<\/p>","protected":false},"author":2,"featured_media":138,"parent":0,"menu_order":4,"comment_status":"closed","ping_status":"closed","template":"","meta":{"featured_image_background_position":"","post_type":"","query":"","taxonomies":"","per_page":"","columns":"","layout":"","header-background-color":"","header-color":"","show_promoted":false,"show_site_promotions":false,"footnotes":""},"class_list":["post-65","page","type-page","status-publish","has-post-thumbnail","hentry"],"yoast_head":"<!-- This site is optimized with the Yoast SEO plugin v27.4 - https:\/\/yoast.com\/product\/yoast-seo-wordpress\/ -->\n<title>About National History Day - National History Day<\/title>\n<meta name=\"description\" content=\"A world leader in history and civics education, National History Day\u00ae improves the teaching and learning of\u00a0history.\" \/>\n<meta name=\"robots\" content=\"index, follow, max-snippet:-1, max-image-preview:large, max-video-preview:-1\" \/>\n<link rel=\"canonical\" href=\"https:\/\/nhd.org\/pl\/about\/\" \/>\n<meta property=\"og:locale\" content=\"pl_PL\" \/>\n<meta property=\"og:type\" content=\"article\" \/>\n<meta property=\"og:title\" content=\"About National History Day - National History Day\" \/>\n<meta property=\"og:description\" content=\"A world leader in history and civics education, National History Day\u00ae improves the teaching and learning of\u00a0history.\" \/>\n<meta property=\"og:url\" content=\"https:\/\/nhd.org\/pl\/about\/\" \/>\n<meta property=\"og:site_name\" content=\"National History Day\" \/>\n<meta property=\"article:publisher\" content=\"https:\/\/www.facebook.com\/nationalhistoryday\/\" \/>\n<meta property=\"article:modified_time\" content=\"2023-02-17T17:58:44+00:00\" \/>\n<meta property=\"og:image\" content=\"https:\/\/nhd.org\/wp-content\/uploads\/2022\/09\/DSC_9051.jpg\" \/>\n\t<meta property=\"og:image:width\" content=\"2000\" \/>\n\t<meta property=\"og:image:height\" content=\"1335\" \/>\n\t<meta property=\"og:image:type\" content=\"image\/jpeg\" \/>\n<meta name=\"twitter:card\" content=\"summary_large_image\" \/>\n<meta name=\"twitter:site\" content=\"@NationalHistory\" \/>\n<meta name=\"twitter:label1\" content=\"Szacowany czas czytania\" \/>\n\t<meta name=\"twitter:data1\" content=\"3 minuty\" \/>\n<script type=\"application\/ld+json\" class=\"yoast-schema-graph\">{\"@context\":\"https:\\\/\\\/schema.org\",\"@graph\":[{\"@type\":\"WebPage\",\"@id\":\"https:\\\/\\\/nhd.org\\\/en\\\/about\\\/\",\"url\":\"https:\\\/\\\/nhd.org\\\/en\\\/about\\\/\",\"name\":\"About National History Day - National History Day\",\"isPartOf\":{\"@id\":\"https:\\\/\\\/nhd.org\\\/en\\\/#website\"},\"primaryImageOfPage\":{\"@id\":\"https:\\\/\\\/nhd.org\\\/en\\\/about\\\/#primaryimage\"},\"image\":{\"@id\":\"https:\\\/\\\/nhd.org\\\/en\\\/about\\\/#primaryimage\"},\"thumbnailUrl\":\"https:\\\/\\\/nhd.org\\\/wp-content\\\/uploads\\\/2022\\\/09\\\/DSC_9051.jpg\",\"datePublished\":\"2022-08-12T22:52:17+00:00\",\"dateModified\":\"2023-02-17T17:58:44+00:00\",\"description\":\"A world leader in history and civics education, National History Day\u00ae improves the teaching and learning of\u00a0history.\",\"breadcrumb\":{\"@id\":\"https:\\\/\\\/nhd.org\\\/en\\\/about\\\/#breadcrumb\"},\"inLanguage\":\"pl-PL\",\"potentialAction\":[{\"@type\":\"ReadAction\",\"target\":[\"https:\\\/\\\/nhd.org\\\/en\\\/about\\\/\"]}]},{\"@type\":\"ImageObject\",\"inLanguage\":\"pl-PL\",\"@id\":\"https:\\\/\\\/nhd.org\\\/en\\\/about\\\/#primaryimage\",\"url\":\"https:\\\/\\\/nhd.org\\\/wp-content\\\/uploads\\\/2022\\\/09\\\/DSC_9051.jpg\",\"contentUrl\":\"https:\\\/\\\/nhd.org\\\/wp-content\\\/uploads\\\/2022\\\/09\\\/DSC_9051.jpg\",\"width\":2000,\"height\":1335},{\"@type\":\"BreadcrumbList\",\"@id\":\"https:\\\/\\\/nhd.org\\\/en\\\/about\\\/#breadcrumb\",\"itemListElement\":[{\"@type\":\"ListItem\",\"position\":1,\"name\":\"Home\",\"item\":\"https:\\\/\\\/nhd.org\\\/en\\\/\"},{\"@type\":\"ListItem\",\"position\":2,\"name\":\"About National History Day\"}]},{\"@type\":\"WebSite\",\"@id\":\"https:\\\/\\\/nhd.org\\\/en\\\/#website\",\"url\":\"https:\\\/\\\/nhd.org\\\/en\\\/\",\"name\":\"National History Day\",\"description\":\"National History Day improves the teaching and learning of history.\",\"publisher\":{\"@id\":\"https:\\\/\\\/nhd.org\\\/en\\\/#organization\"},\"potentialAction\":[{\"@type\":\"SearchAction\",\"target\":{\"@type\":\"EntryPoint\",\"urlTemplate\":\"https:\\\/\\\/nhd.org\\\/en\\\/?s={search_term_string}\"},\"query-input\":{\"@type\":\"PropertyValueSpecification\",\"valueRequired\":true,\"valueName\":\"search_term_string\"}}],\"inLanguage\":\"pl-PL\"},{\"@type\":\"Organization\",\"@id\":\"https:\\\/\\\/nhd.org\\\/en\\\/#organization\",\"name\":\"National History Day\",\"url\":\"https:\\\/\\\/nhd.org\\\/en\\\/\",\"logo\":{\"@type\":\"ImageObject\",\"inLanguage\":\"pl-PL\",\"@id\":\"https:\\\/\\\/nhd.org\\\/en\\\/#\\\/schema\\\/logo\\\/image\\\/\",\"url\":\"https:\\\/\\\/nhd.org\\\/wp-content\\\/uploads\\\/2023\\\/02\\\/NHDLogo_R_web.png\",\"contentUrl\":\"https:\\\/\\\/nhd.org\\\/wp-content\\\/uploads\\\/2023\\\/02\\\/NHDLogo_R_web.png\",\"width\":600,\"height\":503,\"caption\":\"National History Day\"},\"image\":{\"@id\":\"https:\\\/\\\/nhd.org\\\/en\\\/#\\\/schema\\\/logo\\\/image\\\/\"},\"sameAs\":[\"https:\\\/\\\/www.facebook.com\\\/nationalhistoryday\\\/\",\"https:\\\/\\\/x.com\\\/NationalHistory\",\"https:\\\/\\\/www.youtube.com\\\/c\\\/nationalhistoryday\",\"https:\\\/\\\/www.instagram.com\\\/nhdcontest\\\/\"]}]}<\/script>\n<!-- \/ Yoast SEO plugin. -->","yoast_head_json":{"title":"O National History Day - National History Day","description":"Jako \u015bwiatowy lider w dziedzinie edukacji historycznej i obywatelskiej, National History Day\u00ae podnosi jako\u015b\u0107 nauczania i uczenia si\u0119 historii.","robots":{"index":"index","follow":"follow","max-snippet":"max-snippet:-1","max-image-preview":"max-image-preview:large","max-video-preview":"max-video-preview:-1"},"canonical":"https:\/\/nhd.org\/pl\/about\/","og_locale":"pl_PL","og_type":"article","og_title":"About National History Day - National History Day","og_description":"A world leader in history and civics education, National History Day\u00ae improves the teaching and learning of\u00a0history.","og_url":"https:\/\/nhd.org\/pl\/about\/","og_site_name":"National History Day","article_publisher":"https:\/\/www.facebook.com\/nationalhistoryday\/","article_modified_time":"2023-02-17T17:58:44+00:00","og_image":[{"width":2000,"height":1335,"url":"https:\/\/nhd.org\/wp-content\/uploads\/2022\/09\/DSC_9051.jpg","type":"image\/jpeg"}],"twitter_card":"summary_large_image","twitter_site":"@NationalHistory","twitter_misc":{"Szacowany czas czytania":"3 minuty"},"schema":{"@context":"https:\/\/schema.org","@graph":[{"@type":"WebPage","@id":"https:\/\/nhd.org\/en\/about\/","url":"https:\/\/nhd.org\/en\/about\/","name":"O National History Day - National History Day","isPartOf":{"@id":"https:\/\/nhd.org\/en\/#website"},"primaryImageOfPage":{"@id":"https:\/\/nhd.org\/en\/about\/#primaryimage"},"image":{"@id":"https:\/\/nhd.org\/en\/about\/#primaryimage"},"thumbnailUrl":"https:\/\/nhd.org\/wp-content\/uploads\/2022\/09\/DSC_9051.jpg","datePublished":"2022-08-12T22:52:17+00:00","dateModified":"2023-02-17T17:58:44+00:00","description":"Jako \u015bwiatowy lider w dziedzinie edukacji historycznej i obywatelskiej, National History Day\u00ae podnosi jako\u015b\u0107 nauczania i uczenia si\u0119 historii.","breadcrumb":{"@id":"https:\/\/nhd.org\/en\/about\/#breadcrumb"},"inLanguage":"pl-PL","potentialAction":[{"@type":"ReadAction","target":["https:\/\/nhd.org\/en\/about\/"]}]},{"@type":"ImageObject","inLanguage":"pl-PL","@id":"https:\/\/nhd.org\/en\/about\/#primaryimage","url":"https:\/\/nhd.org\/wp-content\/uploads\/2022\/09\/DSC_9051.jpg","contentUrl":"https:\/\/nhd.org\/wp-content\/uploads\/2022\/09\/DSC_9051.jpg","width":2000,"height":1335},{"@type":"BreadcrumbList","@id":"https:\/\/nhd.org\/en\/about\/#breadcrumb","itemListElement":[{"@type":"ListItem","position":1,"name":"Home","item":"https:\/\/nhd.org\/en\/"},{"@type":"ListItem","position":2,"name":"About National History Day"}]},{"@type":"WebSite","@id":"https:\/\/nhd.org\/en\/#website","url":"https:\/\/nhd.org\/en\/","name":"National History Day","description":"National History Day usprawnia nauczanie i uczenie si\u0119 historii.","publisher":{"@id":"https:\/\/nhd.org\/en\/#organization"},"potentialAction":[{"@type":"SearchAction","target":{"@type":"EntryPoint","urlTemplate":"https:\/\/nhd.org\/en\/?s={search_term_string}"},"query-input":{"@type":"PropertyValueSpecification","valueRequired":true,"valueName":"search_term_string"}}],"inLanguage":"pl-PL"},{"@type":"Organization","@id":"https:\/\/nhd.org\/en\/#organization","name":"National History Day","url":"https:\/\/nhd.org\/en\/","logo":{"@type":"ImageObject","inLanguage":"pl-PL","@id":"https:\/\/nhd.org\/en\/#\/schema\/logo\/image\/","url":"https:\/\/nhd.org\/wp-content\/uploads\/2023\/02\/NHDLogo_R_web.png","contentUrl":"https:\/\/nhd.org\/wp-content\/uploads\/2023\/02\/NHDLogo_R_web.png","width":600,"height":503,"caption":"National History Day"},"image":{"@id":"https:\/\/nhd.org\/en\/#\/schema\/logo\/image\/"},"sameAs":["https:\/\/www.facebook.com\/nationalhistoryday\/","https:\/\/x.com\/NationalHistory","https:\/\/www.youtube.com\/c\/nationalhistoryday","https:\/\/www.instagram.com\/nhdcontest\/"]}]}},"jetpack_sharing_enabled":true,"_links":{"self":[{"href":"https:\/\/nhd.org\/pl\/wp-json\/wp\/v2\/pages\/65","targetHints":{"allow":["GET"]}}],"collection":[{"href":"https:\/\/nhd.org\/pl\/wp-json\/wp\/v2\/pages"}],"about":[{"href":"https:\/\/nhd.org\/pl\/wp-json\/wp\/v2\/types\/page"}],"author":[{"embeddable":true,"href":"https:\/\/nhd.org\/pl\/wp-json\/wp\/v2\/users\/2"}],"replies":[{"embeddable":true,"href":"https:\/\/nhd.org\/pl\/wp-json\/wp\/v2\/comments?post=65"}],"version-history":[{"count":20,"href":"https:\/\/nhd.org\/pl\/wp-json\/wp\/v2\/pages\/65\/revisions"}],"predecessor-version":[{"id":4834,"href":"https:\/\/nhd.org\/pl\/wp-json\/wp\/v2\/pages\/65\/revisions\/4834"}],"wp:featuredmedia":[{"embeddable":true,"href":"https:\/\/nhd.org\/pl\/wp-json\/wp\/v2\/media\/138"}],"wp:attachment":[{"href":"https:\/\/nhd.org\/pl\/wp-json\/wp\/v2\/media?parent=65"}],"curies":[{"name":"wp","href":"https:\/\/api.w.org\/{rel}","templated":true}]}}