{"id":7108,"date":"2024-08-23T12:54:56","date_gmt":"2024-08-23T12:54:56","guid":{"rendered":"https:\/\/nhd.org\/?page_id=7108"},"modified":"2025-11-06T17:35:33","modified_gmt":"2025-11-06T17:35:33","slug":"programs","status":"publish","type":"page","link":"https:\/\/nhd.org\/pl\/programs\/","title":{"rendered":"Programy NHD"},"content":{"rendered":"<p  class=\"appear-on-scroll has-text-align-center\" >Sprawd\u017a poni\u017cej aktualne programy i zasoby NHD!<\/p>\n\n<div class=\"wp-block-theme-blocks-cards theme-block is-style-content-width\" style=\"\"><div class=\"query-posts two-across\">\n<div class=\"wp-block-theme-blocks-card theme-block has-background hentry has-#EAEAEA-background-color has-#000-color has-image\" style=\"--background-color:#EAEAEA;--color:#000\"><div class=\"layout\"><div class=\"block-image\"><img decoding=\"async\" width=\"400\" height=\"267\" data-src=\"https:\/\/nhd.org\/wp-content\/uploads\/2025\/11\/Copy-of-NHD2024TeacherWorkshop-4-400x267.jpg\" class=\"attachment-logo size-logo lazyload\" alt=\"\" data-srcset=\"https:\/\/nhd.org\/wp-content\/uploads\/2025\/11\/Copy-of-NHD2024TeacherWorkshop-4-400x267.jpg 400w, https:\/\/nhd.org\/wp-content\/uploads\/2025\/11\/Copy-of-NHD2024TeacherWorkshop-4-300x200.jpg 300w, https:\/\/nhd.org\/wp-content\/uploads\/2025\/11\/Copy-of-NHD2024TeacherWorkshop-4-1024x683.jpg 1024w, https:\/\/nhd.org\/wp-content\/uploads\/2025\/11\/Copy-of-NHD2024TeacherWorkshop-4-768x512.jpg 768w, https:\/\/nhd.org\/wp-content\/uploads\/2025\/11\/Copy-of-NHD2024TeacherWorkshop-4-1536x1024.jpg 1536w, https:\/\/nhd.org\/wp-content\/uploads\/2025\/11\/Copy-of-NHD2024TeacherWorkshop-4-2048x1365.jpg 2048w, https:\/\/nhd.org\/wp-content\/uploads\/2025\/11\/Copy-of-NHD2024TeacherWorkshop-4-18x12.jpg 18w, https:\/\/nhd.org\/wp-content\/uploads\/2025\/11\/Copy-of-NHD2024TeacherWorkshop-4-1600x1067.jpg 1600w, https:\/\/nhd.org\/wp-content\/uploads\/2025\/11\/Copy-of-NHD2024TeacherWorkshop-4-1000x667.jpg 1000w, https:\/\/nhd.org\/wp-content\/uploads\/2025\/11\/Copy-of-NHD2024TeacherWorkshop-4-2000x1333.jpg 2000w\" data-sizes=\"(max-width: 400px) 100vw, 400px\" src=\"data:image\/svg+xml;base64,PHN2ZyB3aWR0aD0iMSIgaGVpZ2h0PSIxIiB4bWxucz0iaHR0cDovL3d3dy53My5vcmcvMjAwMC9zdmciPjwvc3ZnPg==\" style=\"--smush-placeholder-width: 400px; --smush-placeholder-aspect-ratio: 400\/267;\" \/><\/div><div class=\"block-content\">\n<h4  class=\"appear-on-scroll wp-block-heading has-text-align-center\" ><span class=\"text\">Zarejestruj si\u0119 na mo\u017cliwo\u015bci rozwoju zawodowego w ID, IA, VA i WI<\/span><\/h4>\n\n<p  class=\"appear-on-scroll has-text-align-center\" >Dzi\u0119ki grantowi od Departamentu Edukacji Stan\u00f3w Zjednoczonych, National History Day z dum\u0105 oferuje nowe mo\u017cliwo\u015bci rozwoju zawodowego w stanach Idaho, Iowa, Wirginia i Wisconsin. Dowiedz si\u0119 wi\u0119cej i zarejestruj si\u0119 na programy w swojej okolicy.<\/p>\n\n\n<div class=\"wp-block-buttons is-content-justification-center is-layout-flex wp-container-core-buttons-is-layout-a89b3969 wp-block-buttons-is-layout-flex\"><div  class=\"appear-on-scroll wp-block-button\" ><a class=\"wp-block-button__link has-text-align-center wp-element-button\" href=\"https:\/\/nhd.org\/pl\/2025\/10\/31\/national-history-day-announces-professional-development-opportunities-for-teachers-as-part-of-a-u-s-department-of-education-grant\/\"><span class=\"label\">Dowiedz si\u0119 wi\u0119cej i zarejestruj si\u0119 na sta\u017c<\/span><\/a><\/div><\/div>\n\n<\/div><\/div><\/div>\n\n<div class=\"wp-block-theme-blocks-card theme-block has-background hentry has-#EAEAEA-background-color has-#000-color has-image\" style=\"--background-color:#EAEAEA;--color:#000\"><div class=\"layout\"><div class=\"block-image\"><img decoding=\"async\" width=\"400\" height=\"236\" data-src=\"https:\/\/nhd.org\/wp-content\/uploads\/2024\/08\/FlagCeremony-10-scaled-e1739906905339-400x236.jpg\" class=\"attachment-logo size-logo lazyload\" alt=\"\" data-srcset=\"https:\/\/nhd.org\/wp-content\/uploads\/2024\/08\/FlagCeremony-10-scaled-e1739906905339-400x236.jpg 400w, https:\/\/nhd.org\/wp-content\/uploads\/2024\/08\/FlagCeremony-10-scaled-e1739906905339-300x177.jpg 300w, https:\/\/nhd.org\/wp-content\/uploads\/2024\/08\/FlagCeremony-10-scaled-e1739906905339-1024x604.jpg 1024w, https:\/\/nhd.org\/wp-content\/uploads\/2024\/08\/FlagCeremony-10-scaled-e1739906905339-768x453.jpg 768w, https:\/\/nhd.org\/wp-content\/uploads\/2024\/08\/FlagCeremony-10-scaled-e1739906905339-1536x906.jpg 1536w, https:\/\/nhd.org\/wp-content\/uploads\/2024\/08\/FlagCeremony-10-scaled-e1739906905339-2048x1209.jpg 2048w, https:\/\/nhd.org\/wp-content\/uploads\/2024\/08\/FlagCeremony-10-scaled-e1739906905339-18x12.jpg 18w, https:\/\/nhd.org\/wp-content\/uploads\/2024\/08\/FlagCeremony-10-scaled-e1739906905339-1600x944.jpg 1600w, https:\/\/nhd.org\/wp-content\/uploads\/2024\/08\/FlagCeremony-10-scaled-e1739906905339-1000x590.jpg 1000w, https:\/\/nhd.org\/wp-content\/uploads\/2024\/08\/FlagCeremony-10-scaled-e1739906905339-2000x1180.jpg 2000w\" data-sizes=\"(max-width: 400px) 100vw, 400px\" src=\"data:image\/svg+xml;base64,PHN2ZyB3aWR0aD0iMSIgaGVpZ2h0PSIxIiB4bWxucz0iaHR0cDovL3d3dy53My5vcmcvMjAwMC9zdmciPjwvc3ZnPg==\" style=\"--smush-placeholder-width: 400px; --smush-placeholder-aspect-ratio: 400\/236;\" \/><\/div><div class=\"block-content\">\n<h4  class=\"appear-on-scroll wp-block-heading has-text-align-center\" ><span class=\"text\">Kontynentalny Kongres M\u0142odych Ludzi (YPCC)<\/span><\/h4>\n\n<p  class=\"appear-on-scroll has-text-align-center\" >Ten wyj\u0105tkowy i anga\u017cuj\u0105cy program akademicki oferuje zespo\u0142om student\u00f3w i nauczycieli z ca\u0142ych Stan\u00f3w Zjednoczonych mo\u017cliwo\u015b\u0107 studiowania historii rewolucji ameryka\u0144skiej w Filadelfii w lipcu 2026 r.<\/p>\n\n\n<div class=\"wp-block-buttons is-content-justification-center is-layout-flex wp-container-core-buttons-is-layout-a89b3969 wp-block-buttons-is-layout-flex\"><div  class=\"appear-on-scroll wp-block-button\" ><a class=\"wp-block-button__link has-text-align-center wp-element-button\" href=\"https:\/\/nhd.org\/pl\/2025\/09\/22\/ypcc2026\/\"><span class=\"label\">Dowiedz si\u0119 wi\u0119cej i aplikuj do ypcc<\/span><\/a><\/div><\/div>\n\n<\/div><\/div><\/div>\n\n<div class=\"wp-block-theme-blocks-card theme-block has-background hentry has-#EAEAEA-background-color has-#000-color has-image\" style=\"--background-color:#EAEAEA;--color:#000\"><div class=\"layout\"><div class=\"block-image\"><img decoding=\"async\" width=\"400\" height=\"330\" data-src=\"https:\/\/nhd.org\/wp-content\/uploads\/2024\/08\/Website-Book-Template-1-400x330.png\" class=\"attachment-logo size-logo lazyload\" alt=\"\" data-srcset=\"https:\/\/nhd.org\/wp-content\/uploads\/2024\/08\/Website-Book-Template-1-400x330.png 400w, https:\/\/nhd.org\/wp-content\/uploads\/2024\/08\/Website-Book-Template-1-300x248.png 300w, https:\/\/nhd.org\/wp-content\/uploads\/2024\/08\/Website-Book-Template-1-1024x845.png 1024w, https:\/\/nhd.org\/wp-content\/uploads\/2024\/08\/Website-Book-Template-1-768x634.png 768w, https:\/\/nhd.org\/wp-content\/uploads\/2024\/08\/Website-Book-Template-1-15x12.png 15w, https:\/\/nhd.org\/wp-content\/uploads\/2024\/08\/Website-Book-Template-1-1000x825.png 1000w, https:\/\/nhd.org\/wp-content\/uploads\/2024\/08\/Website-Book-Template-1.png 1260w\" data-sizes=\"(max-width: 400px) 100vw, 400px\" src=\"data:image\/svg+xml;base64,PHN2ZyB3aWR0aD0iMSIgaGVpZ2h0PSIxIiB4bWxucz0iaHR0cDovL3d3dy53My5vcmcvMjAwMC9zdmciPjwvc3ZnPg==\" style=\"--smush-placeholder-width: 400px; --smush-placeholder-aspect-ratio: 400\/330;\" \/><\/div><div class=\"block-content\">\n<h4  class=\"appear-on-scroll wp-block-heading has-text-align-center\" ><span class=\"text\">Posuwanie wolno\u015bci do przodu<\/span><\/h4>\n\n<p  class=\"appear-on-scroll has-text-align-center\" >Nasza najnowsza ksi\u0105\u017cka \u017ar\u00f3d\u0142owa, <em>\u201eZ powodu koloru naszej sk\u00f3ry\u201d: 400 lat historii Afroamerykan\u00f3w<\/em>, udost\u0119pnia najnowocze\u015bniejsze stypendia i materia\u0142y do planowania lekcji dla nauczycieli.<\/p>\n\n\n<div class=\"wp-block-buttons is-content-justification-center is-layout-flex wp-container-core-buttons-is-layout-a89b3969 wp-block-buttons-is-layout-flex\"><div  class=\"appear-on-scroll wp-block-button\" ><a class=\"wp-block-button__link has-text-align-center wp-element-button\" href=\"https:\/\/nhd.org\/pl\/resources\/because-of-the-color-of-our-skin-400-years-of-african-american-history\/\"><span class=\"label\">UZYSKAJ DOST\u0118P DO KSI\u0104\u017bKI ZASOB\u00d3W<\/span><\/a><\/div><\/div>\n\n<\/div><\/div><\/div>\n\n<div class=\"wp-block-theme-blocks-card theme-block has-background hentry has-#EAEAEA-background-color has-#000-color has-image\" style=\"--background-color:#EAEAEA;--color:#000\"><div class=\"layout\"><div class=\"block-image\"><img decoding=\"async\" width=\"400\" height=\"330\" data-src=\"https:\/\/nhd.org\/wp-content\/uploads\/2022\/12\/NHD_Store_MorePerfectUnion1-400x330.jpg\" class=\"attachment-logo size-logo lazyload\" alt=\"Building a More Perfect Union: Full Lesson Plan Book\" data-srcset=\"https:\/\/nhd.org\/wp-content\/uploads\/2022\/12\/NHD_Store_MorePerfectUnion1-400x330.jpg 400w, https:\/\/nhd.org\/wp-content\/uploads\/2022\/12\/NHD_Store_MorePerfectUnion1-300x248.jpg 300w, https:\/\/nhd.org\/wp-content\/uploads\/2022\/12\/NHD_Store_MorePerfectUnion1-1024x845.jpg 1024w, https:\/\/nhd.org\/wp-content\/uploads\/2022\/12\/NHD_Store_MorePerfectUnion1-768x634.jpg 768w, https:\/\/nhd.org\/wp-content\/uploads\/2022\/12\/NHD_Store_MorePerfectUnion1-15x12.jpg 15w, https:\/\/nhd.org\/wp-content\/uploads\/2022\/12\/NHD_Store_MorePerfectUnion1-1000x825.jpg 1000w, https:\/\/nhd.org\/wp-content\/uploads\/2022\/12\/NHD_Store_MorePerfectUnion1.jpg 1260w\" data-sizes=\"(max-width: 400px) 100vw, 400px\" src=\"data:image\/svg+xml;base64,PHN2ZyB3aWR0aD0iMSIgaGVpZ2h0PSIxIiB4bWxucz0iaHR0cDovL3d3dy53My5vcmcvMjAwMC9zdmciPjwvc3ZnPg==\" style=\"--smush-placeholder-width: 400px; --smush-placeholder-aspect-ratio: 400\/330;\" \/><\/div><div class=\"block-content\">\n<h4  class=\"appear-on-scroll wp-block-heading has-text-align-center\" ><span class=\"text\">Budowanie doskonalszej unii, cz\u0119\u015bci I i II<\/span><\/h4>\n\n<p class=\"appear-on-scroll\">Nowe zasoby plan\u00f3w lekcji online dla nauczycieli \u2013 ka\u017cdy tom zawiera 15 lekcji.<\/p>\n\n\n<div class=\"wp-block-buttons is-content-justification-center is-layout-flex wp-container-core-buttons-is-layout-a89b3969 wp-block-buttons-is-layout-flex\"><div  class=\"appear-on-scroll wp-block-button\" ><a class=\"wp-block-button__link wp-element-button\" href=\"https:\/\/nhd.org\/pl\/by-topic\/building-a-more-perfect-union\/\"><span class=\"label\">dost\u0119p do zasob\u00f3w<\/span><\/a><\/div><\/div>\n\n<\/div><\/div><\/div>\n<\/div><\/div>","protected":false},"excerpt":{"rendered":"<p>Sprawd\u017a poni\u017cej aktualne programy i zasoby NHD!<\/p>","protected":false},"author":5,"featured_media":0,"parent":0,"menu_order":0,"comment_status":"closed","ping_status":"closed","template":"","meta":{"featured_image_background_position":"","post_type":"","query":"","taxonomies":"","per_page":"","columns":"","layout":"","header-background-color":"","header-color":"","show_promoted":false,"show_site_promotions":false,"footnotes":""},"class_list":["post-7108","page","type-page","status-publish","hentry"],"yoast_head":"<!-- This site is optimized with the Yoast SEO plugin v27.3 - https:\/\/yoast.com\/product\/yoast-seo-wordpress\/ -->\n<title>NHD Programs - National History Day<\/title>\n<meta name=\"robots\" content=\"index, follow, max-snippet:-1, max-image-preview:large, max-video-preview:-1\" \/>\n<link rel=\"canonical\" href=\"https:\/\/nhd.org\/pl\/programs\/\" \/>\n<meta property=\"og:locale\" content=\"pl_PL\" \/>\n<meta property=\"og:type\" content=\"article\" \/>\n<meta property=\"og:title\" content=\"NHD Programs - National History Day\" \/>\n<meta property=\"og:description\" content=\"Check out current NHD programs and resources below!\" \/>\n<meta property=\"og:url\" content=\"https:\/\/nhd.org\/pl\/programs\/\" \/>\n<meta property=\"og:site_name\" content=\"National History Day\" \/>\n<meta property=\"article:publisher\" content=\"https:\/\/www.facebook.com\/nationalhistoryday\/\" \/>\n<meta property=\"article:modified_time\" content=\"2025-11-06T17:35:33+00:00\" \/>\n<meta property=\"og:image\" content=\"https:\/\/nhd.org\/wp-content\/uploads\/2022\/09\/NHD_2022_SocialImage.jpg\" \/>\n\t<meta property=\"og:image:width\" content=\"1200\" \/>\n\t<meta property=\"og:image:height\" content=\"631\" \/>\n\t<meta property=\"og:image:type\" content=\"image\/jpeg\" \/>\n<meta name=\"twitter:card\" content=\"summary_large_image\" \/>\n<meta name=\"twitter:site\" content=\"@NationalHistory\" \/>\n<meta name=\"twitter:label1\" content=\"Szacowany czas czytania\" \/>\n\t<meta name=\"twitter:data1\" content=\"1 minuta\" \/>\n<script type=\"application\/ld+json\" class=\"yoast-schema-graph\">{\"@context\":\"https:\\\/\\\/schema.org\",\"@graph\":[{\"@type\":\"WebPage\",\"@id\":\"https:\\\/\\\/nhd.org\\\/programs\\\/\",\"url\":\"https:\\\/\\\/nhd.org\\\/programs\\\/\",\"name\":\"NHD Programs - National History Day\",\"isPartOf\":{\"@id\":\"https:\\\/\\\/nhd.org\\\/en\\\/#website\"},\"datePublished\":\"2024-08-23T12:54:56+00:00\",\"dateModified\":\"2025-11-06T17:35:33+00:00\",\"breadcrumb\":{\"@id\":\"https:\\\/\\\/nhd.org\\\/programs\\\/#breadcrumb\"},\"inLanguage\":\"pl-PL\",\"potentialAction\":[{\"@type\":\"ReadAction\",\"target\":[\"https:\\\/\\\/nhd.org\\\/programs\\\/\"]}]},{\"@type\":\"BreadcrumbList\",\"@id\":\"https:\\\/\\\/nhd.org\\\/programs\\\/#breadcrumb\",\"itemListElement\":[{\"@type\":\"ListItem\",\"position\":1,\"name\":\"Home\",\"item\":\"https:\\\/\\\/nhd.org\\\/en\\\/\"},{\"@type\":\"ListItem\",\"position\":2,\"name\":\"NHD Programs\"}]},{\"@type\":\"WebSite\",\"@id\":\"https:\\\/\\\/nhd.org\\\/en\\\/#website\",\"url\":\"https:\\\/\\\/nhd.org\\\/en\\\/\",\"name\":\"National History Day\",\"description\":\"National History Day improves the teaching and learning of history.\",\"publisher\":{\"@id\":\"https:\\\/\\\/nhd.org\\\/en\\\/#organization\"},\"potentialAction\":[{\"@type\":\"SearchAction\",\"target\":{\"@type\":\"EntryPoint\",\"urlTemplate\":\"https:\\\/\\\/nhd.org\\\/en\\\/?s={search_term_string}\"},\"query-input\":{\"@type\":\"PropertyValueSpecification\",\"valueRequired\":true,\"valueName\":\"search_term_string\"}}],\"inLanguage\":\"pl-PL\"},{\"@type\":\"Organization\",\"@id\":\"https:\\\/\\\/nhd.org\\\/en\\\/#organization\",\"name\":\"National History Day\",\"url\":\"https:\\\/\\\/nhd.org\\\/en\\\/\",\"logo\":{\"@type\":\"ImageObject\",\"inLanguage\":\"pl-PL\",\"@id\":\"https:\\\/\\\/nhd.org\\\/en\\\/#\\\/schema\\\/logo\\\/image\\\/\",\"url\":\"https:\\\/\\\/nhd.org\\\/wp-content\\\/uploads\\\/2023\\\/02\\\/NHDLogo_R_web.png\",\"contentUrl\":\"https:\\\/\\\/nhd.org\\\/wp-content\\\/uploads\\\/2023\\\/02\\\/NHDLogo_R_web.png\",\"width\":600,\"height\":503,\"caption\":\"National History Day\"},\"image\":{\"@id\":\"https:\\\/\\\/nhd.org\\\/en\\\/#\\\/schema\\\/logo\\\/image\\\/\"},\"sameAs\":[\"https:\\\/\\\/www.facebook.com\\\/nationalhistoryday\\\/\",\"https:\\\/\\\/x.com\\\/NationalHistory\",\"https:\\\/\\\/www.youtube.com\\\/c\\\/nationalhistoryday\",\"https:\\\/\\\/www.instagram.com\\\/nhdcontest\\\/\"]}]}<\/script>\n<!-- \/ Yoast SEO plugin. -->","yoast_head_json":{"title":"Programy NHD - National History Day","robots":{"index":"index","follow":"follow","max-snippet":"max-snippet:-1","max-image-preview":"max-image-preview:large","max-video-preview":"max-video-preview:-1"},"canonical":"https:\/\/nhd.org\/pl\/programs\/","og_locale":"pl_PL","og_type":"article","og_title":"NHD Programs - National History Day","og_description":"Check out current NHD programs and resources below!","og_url":"https:\/\/nhd.org\/pl\/programs\/","og_site_name":"National History Day","article_publisher":"https:\/\/www.facebook.com\/nationalhistoryday\/","article_modified_time":"2025-11-06T17:35:33+00:00","og_image":[{"width":1200,"height":631,"url":"https:\/\/nhd.org\/wp-content\/uploads\/2022\/09\/NHD_2022_SocialImage.jpg","type":"image\/jpeg"}],"twitter_card":"summary_large_image","twitter_site":"@NationalHistory","twitter_misc":{"Szacowany czas czytania":"1 minuta"},"schema":{"@context":"https:\/\/schema.org","@graph":[{"@type":"WebPage","@id":"https:\/\/nhd.org\/programs\/","url":"https:\/\/nhd.org\/programs\/","name":"Programy NHD - National History Day","isPartOf":{"@id":"https:\/\/nhd.org\/en\/#website"},"datePublished":"2024-08-23T12:54:56+00:00","dateModified":"2025-11-06T17:35:33+00:00","breadcrumb":{"@id":"https:\/\/nhd.org\/programs\/#breadcrumb"},"inLanguage":"pl-PL","potentialAction":[{"@type":"ReadAction","target":["https:\/\/nhd.org\/programs\/"]}]},{"@type":"BreadcrumbList","@id":"https:\/\/nhd.org\/programs\/#breadcrumb","itemListElement":[{"@type":"ListItem","position":1,"name":"Home","item":"https:\/\/nhd.org\/en\/"},{"@type":"ListItem","position":2,"name":"NHD Programs"}]},{"@type":"WebSite","@id":"https:\/\/nhd.org\/en\/#website","url":"https:\/\/nhd.org\/en\/","name":"National History Day","description":"National History Day usprawnia nauczanie i uczenie si\u0119 historii.","publisher":{"@id":"https:\/\/nhd.org\/en\/#organization"},"potentialAction":[{"@type":"SearchAction","target":{"@type":"EntryPoint","urlTemplate":"https:\/\/nhd.org\/en\/?s={search_term_string}"},"query-input":{"@type":"PropertyValueSpecification","valueRequired":true,"valueName":"search_term_string"}}],"inLanguage":"pl-PL"},{"@type":"Organization","@id":"https:\/\/nhd.org\/en\/#organization","name":"National History Day","url":"https:\/\/nhd.org\/en\/","logo":{"@type":"ImageObject","inLanguage":"pl-PL","@id":"https:\/\/nhd.org\/en\/#\/schema\/logo\/image\/","url":"https:\/\/nhd.org\/wp-content\/uploads\/2023\/02\/NHDLogo_R_web.png","contentUrl":"https:\/\/nhd.org\/wp-content\/uploads\/2023\/02\/NHDLogo_R_web.png","width":600,"height":503,"caption":"National History Day"},"image":{"@id":"https:\/\/nhd.org\/en\/#\/schema\/logo\/image\/"},"sameAs":["https:\/\/www.facebook.com\/nationalhistoryday\/","https:\/\/x.com\/NationalHistory","https:\/\/www.youtube.com\/c\/nationalhistoryday","https:\/\/www.instagram.com\/nhdcontest\/"]}]}},"jetpack_sharing_enabled":true,"_links":{"self":[{"href":"https:\/\/nhd.org\/pl\/wp-json\/wp\/v2\/pages\/7108","targetHints":{"allow":["GET"]}}],"collection":[{"href":"https:\/\/nhd.org\/pl\/wp-json\/wp\/v2\/pages"}],"about":[{"href":"https:\/\/nhd.org\/pl\/wp-json\/wp\/v2\/types\/page"}],"author":[{"embeddable":true,"href":"https:\/\/nhd.org\/pl\/wp-json\/wp\/v2\/users\/5"}],"replies":[{"embeddable":true,"href":"https:\/\/nhd.org\/pl\/wp-json\/wp\/v2\/comments?post=7108"}],"version-history":[{"count":20,"href":"https:\/\/nhd.org\/pl\/wp-json\/wp\/v2\/pages\/7108\/revisions"}],"predecessor-version":[{"id":8799,"href":"https:\/\/nhd.org\/pl\/wp-json\/wp\/v2\/pages\/7108\/revisions\/8799"}],"wp:attachment":[{"href":"https:\/\/nhd.org\/pl\/wp-json\/wp\/v2\/media?parent=7108"}],"curies":[{"name":"wp","href":"https:\/\/api.w.org\/{rel}","templated":true}]}}