{"id":7549,"date":"2024-11-01T18:38:53","date_gmt":"2024-11-01T18:38:53","guid":{"rendered":"https:\/\/nhd.org\/?page_id=7549"},"modified":"2025-10-21T14:03:38","modified_gmt":"2025-10-21T14:03:38","slug":"nhdteacheraward","status":"publish","type":"page","link":"https:\/\/nhd.org\/pl\/news-events\/nhdteacheraward\/","title":{"rendered":"Nominuj siebie lub wybitnego nauczyciela NHD do naszej nagrody Nauczyciela Roku"},"content":{"rendered":"<div class=\"wp-block-cover is-light has-large-font-size\" style=\"min-height:899px;aspect-ratio:unset;\"><img decoding=\"async\" width=\"1024\" height=\"679\" class=\"wp-block-cover__image-background wp-image-8741 size-large lazyload\" alt=\"2025 Teacher of the Year Award Winners\" data-src=\"https:\/\/nhd.org\/wp-content\/uploads\/2025\/10\/Special_Awards-44-scaled-e1761053122186-1024x679.jpg\" data-object-fit=\"cover\" data-srcset=\"https:\/\/nhd.org\/wp-content\/uploads\/2025\/10\/Special_Awards-44-scaled-e1761053122186-1024x679.jpg 1024w, https:\/\/nhd.org\/wp-content\/uploads\/2025\/10\/Special_Awards-44-scaled-e1761053122186-300x199.jpg 300w, https:\/\/nhd.org\/wp-content\/uploads\/2025\/10\/Special_Awards-44-scaled-e1761053122186-768x509.jpg 768w, https:\/\/nhd.org\/wp-content\/uploads\/2025\/10\/Special_Awards-44-scaled-e1761053122186-1536x1018.jpg 1536w, https:\/\/nhd.org\/wp-content\/uploads\/2025\/10\/Special_Awards-44-scaled-e1761053122186-2048x1358.jpg 2048w, https:\/\/nhd.org\/wp-content\/uploads\/2025\/10\/Special_Awards-44-scaled-e1761053122186-18x12.jpg 18w, https:\/\/nhd.org\/wp-content\/uploads\/2025\/10\/Special_Awards-44-scaled-e1761053122186-1600x1061.jpg 1600w, https:\/\/nhd.org\/wp-content\/uploads\/2025\/10\/Special_Awards-44-scaled-e1761053122186-1000x663.jpg 1000w, https:\/\/nhd.org\/wp-content\/uploads\/2025\/10\/Special_Awards-44-scaled-e1761053122186-2000x1326.jpg 2000w, https:\/\/nhd.org\/wp-content\/uploads\/2025\/10\/Special_Awards-44-scaled-e1761053122186-400x265.jpg 400w\" data-sizes=\"(max-width: 1024px) 100vw, 1024px\" src=\"data:image\/svg+xml;base64,PHN2ZyB3aWR0aD0iMSIgaGVpZ2h0PSIxIiB4bWxucz0iaHR0cDovL3d3dy53My5vcmcvMjAwMC9zdmciPjwvc3ZnPg==\" style=\"--smush-placeholder-width: 1024px; --smush-placeholder-aspect-ratio: 1024\/679;\" \/><span aria-hidden=\"true\" class=\"wp-block-cover__background has-background-dim\" style=\"background-color:#a298a1\"><\/span><div class=\"wp-block-cover__inner-container is-layout-flow wp-block-cover-is-layout-flow\"><p  class=\"appear-on-scroll has-text-align-center has-normal-font-size\" ><strong>Nagroda Nauczyciela Roku National History Day 2026<\/strong><\/p><\/div><\/div>\n\n\n\n<div style=\"height:28px\" aria-hidden=\"true\" class=\"wp-block-spacer\"><\/div>\n\n\n<p class=\"appear-on-scroll\"><strong>Opis nagrody:<\/strong><\/p>\n\n<p class=\"appear-on-scroll\">Nagroda Nauczyciela Roku National History Day przyznawana jest dw\u00f3m wybitnym nauczycielom NHD na szczeblu krajowym. Nauczyciele mog\u0105 by\u0107 nominowani przez innych lub sami, a po zako\u0144czeniu okresu zg\u0142osze\u0144 zostan\u0105 wybrani finali\u015bci nominowani przez stowarzyszonych. Dw\u00f3ch zwyci\u0119zc\u00f3w krajowych, jeden na poziomie juniorskim, a drugi na poziomie seniorskim, zostanie wybranych i og\u0142oszonych w czerwcu 2026 roku. Ka\u017cdy zwyci\u0119zca krajowy otrzyma nagrod\u0119 pieni\u0119\u017cn\u0105 w wysoko\u015bci $5000.\u00a0<\/p>\n\n<p class=\"appear-on-scroll\"><strong>Kryteria kwalifikowalno\u015bci:<\/strong><\/p>\n\n<p class=\"appear-on-scroll\">Uprawnieni nauczyciele musz\u0105 mie\u0107 uczni\u00f3w bior\u0105cych udzia\u0142 w konkursie National History Day (na dowolnym poziomie) w sezonie konkursowym 2026. Ka\u017cdy nauczyciel spe\u0142niaj\u0105cy kryteria kwalifikacyjne mo\u017ce zg\u0142osi\u0107 swoj\u0105 kandydatur\u0119.<\/p>\n\n<ul  class=\"appear-on-scroll wp-block-list\" >\n<li>Finali\u015bci nominowani przez stowarzyszenie National History Day do nagrody Nauczyciel Roku 2025 to: <strong>nie kwalifikuje si\u0119<\/strong> aby z\u0142o\u017cy\u0107 wniosek w tym roku. Kandydaci nominowani przed 2025 r. mog\u0105 by\u0107 brani pod uwag\u0119 (mi\u0119dzy nominacjami do nagrody krajowej musi up\u0142yn\u0105\u0107 co najmniej rok).&nbsp;<\/li>\n\n\n\n<li>Laureaci nagr\u00f3d Nauczyciel Roku na szczeblu krajowym, Patricia Behring Nauczyciel Roku lub MacGregor\/Harris Nauczyciel Roku to: <strong>nie kwalifikuje si\u0119<\/strong> zosta\u0107 nominowanym.&nbsp;<\/li>\n\n\n\n<li>Wszyscy nominowani musz\u0105 by\u0107 pe\u0142noetatowymi nauczycielami lub bibliotekarzami w plac\u00f3wkach publicznych, prywatnych, parafialnych, internetowych lub edukacji domowej. Je\u015bli nominowany zrezygnuje ze stanowiska przed ko\u0144cem roku akademickiego 2025\/2026, nie b\u0119dzie m\u00f3g\u0142 ubiega\u0107 si\u0119 o nagrod\u0119 krajow\u0105.&nbsp;<\/li>\n<\/ul>\n\n\n\n<p class=\"appear-on-scroll\"><strong>W procesie selekcji b\u0119d\u0105 stosowane nast\u0119puj\u0105ce kryteria oceny:<\/strong><\/p>\n\n<ol  class=\"appear-on-scroll wp-block-list\" >\n<li>Po\u015bwi\u0119cenie programowi National History Day.<\/li>\n\n\n\n<li>W\u0142\u0105czenie nauczania opartego na projektach poprzez konkurs National History Day do zaj\u0119\u0107 w klasie.<\/li>\n\n\n\n<li>Zaanga\u017cowanie w prac\u0119 ze studentami nad projektami NHD przez wiele lat w \u015brodowisku akademickim lub pozalekcyjnym.<\/li>\n\n\n\n<li>Pomaganie studentom w prezentowaniu swoich prac na szczeblu lokalnym, partnerskim i krajowym. <em>Uczniowie nie musz\u0105 awansowa\u0107 na poziom krajowy lub stowarzyszony, aby nauczyciel m\u00f3g\u0142 zosta\u0107 uznany za uprawnionego<\/em>.<\/li>\n\n\n\n<li>Promocja inspiruj\u0105cych i kreatywnych metod nauczania historii.<\/li>\n\n\n\n<li>Wykorzystanie \u017ar\u00f3de\u0142 pierwotnych w klasie.<\/li>\n\n\n\n<li>Wdra\u017canie aktywnych strategii nauczania maj\u0105cych na celu zaanga\u017cowanie uczni\u00f3w i rozwijanie umiej\u0119tno\u015bci my\u015blenia historycznego.<\/li>\n<\/ol>\n\n\n\n<p class=\"appear-on-scroll\"><strong>Proces nominacji:<\/strong><\/p>\n\n<p class=\"appear-on-scroll\">Koledzy, uczniowie, rodzice i inne osoby mog\u0105 zg\u0142asza\u0107 kandydat\u00f3w na nauczycieli National History Day. Nauczyciele mog\u0105 r\u00f3wnie\u017c zg\u0142asza\u0107 siebie. <strong>Formularz zg\u0142oszeniowy b\u0119dzie dost\u0119pny<\/strong> <strong>do poniedzia\u0142ku 5 stycznia 2026 r.<\/strong><\/p>\n\n\n<div class=\"wp-block-buttons is-layout-flex wp-block-buttons-is-layout-flex\"><div  class=\"appear-on-scroll wp-block-button\" ><a class=\"wp-block-button__link has-black-color has-text-color has-link-color has-small-font-size has-custom-font-size wp-element-button\" href=\"https:\/\/form.jotform.com\/242894556634166\"><span class=\"label\">dost\u0119p do formularza nominacyjnego<\/span><\/a><\/div><\/div>\n\n\n<p class=\"appear-on-scroll\"><em>Nagroda Nauczyciela Roku National History Day zast\u0119puje Nagrod\u0119 Nauczyciela Roku Patricii Behring. Nominowani na poziomie afiliacyjnym nie otrzymaj\u0105 stypendium.<\/em><\/p>","protected":false},"excerpt":{"rendered":"<p>Opis nagrody: Nagroda Nauczyciela Roku National History Day przyznawana jest dw\u00f3m wybitnym nauczycielom NHD na szczeblu krajowym. Nauczyciele mog\u0105 by\u0107 nominowani przez innych lub sami, \u2026<\/p>","protected":false},"author":12,"featured_media":7466,"parent":106,"menu_order":0,"comment_status":"closed","ping_status":"closed","template":"","meta":{"featured_image_background_position":"","post_type":"","query":"","taxonomies":"","per_page":"","columns":"","layout":"","header-background-color":"","header-color":"","show_promoted":false,"show_site_promotions":false,"footnotes":""},"class_list":["post-7549","page","type-page","status-publish","has-post-thumbnail","hentry"],"yoast_head":"<!-- This site is optimized with the Yoast SEO plugin v27.3 - https:\/\/yoast.com\/product\/yoast-seo-wordpress\/ -->\n<title>Nominate yourself or an outstanding NHD teacher for our Teacher of the Year Award - National History Day<\/title>\n<meta name=\"robots\" content=\"index, follow, max-snippet:-1, max-image-preview:large, max-video-preview:-1\" \/>\n<link rel=\"canonical\" href=\"https:\/\/nhd.org\/pl\/news-events\/nhdteacheraward\/\" \/>\n<meta property=\"og:locale\" content=\"pl_PL\" \/>\n<meta property=\"og:type\" content=\"article\" \/>\n<meta property=\"og:title\" content=\"Nominate yourself or an outstanding NHD teacher for our Teacher of the Year Award - National History Day\" \/>\n<meta property=\"og:description\" content=\"Award Description: The National History Day Teacher of the Year Award recognizes two outstanding NHD teachers at the national level. Teachers can be nominated by others or can nominate themselves, &hellip;\" \/>\n<meta property=\"og:url\" content=\"https:\/\/nhd.org\/pl\/news-events\/nhdteacheraward\/\" \/>\n<meta property=\"og:site_name\" content=\"National History Day\" \/>\n<meta property=\"article:publisher\" content=\"https:\/\/www.facebook.com\/nationalhistoryday\/\" \/>\n<meta property=\"article:modified_time\" content=\"2025-10-21T14:03:38+00:00\" \/>\n<meta property=\"og:image\" content=\"https:\/\/nhd.org\/wp-content\/uploads\/2024\/06\/Parade-and-Special-Awards-188-scaled.jpeg\" \/>\n\t<meta property=\"og:image:width\" content=\"2560\" \/>\n\t<meta property=\"og:image:height\" content=\"1703\" \/>\n\t<meta property=\"og:image:type\" content=\"image\/jpeg\" \/>\n<meta name=\"twitter:card\" content=\"summary_large_image\" \/>\n<meta name=\"twitter:site\" content=\"@NationalHistory\" \/>\n<meta name=\"twitter:label1\" content=\"Szacowany czas czytania\" \/>\n\t<meta name=\"twitter:data1\" content=\"3 minuty\" \/>\n<script type=\"application\/ld+json\" class=\"yoast-schema-graph\">{\"@context\":\"https:\\\/\\\/schema.org\",\"@graph\":[{\"@type\":\"WebPage\",\"@id\":\"https:\\\/\\\/nhd.org\\\/news-events\\\/nhdteacheraward\\\/\",\"url\":\"https:\\\/\\\/nhd.org\\\/news-events\\\/nhdteacheraward\\\/\",\"name\":\"Nominate yourself or an outstanding NHD teacher for our Teacher of the Year Award - National History Day\",\"isPartOf\":{\"@id\":\"https:\\\/\\\/nhd.org\\\/en\\\/#website\"},\"primaryImageOfPage\":{\"@id\":\"https:\\\/\\\/nhd.org\\\/news-events\\\/nhdteacheraward\\\/#primaryimage\"},\"image\":{\"@id\":\"https:\\\/\\\/nhd.org\\\/news-events\\\/nhdteacheraward\\\/#primaryimage\"},\"thumbnailUrl\":\"https:\\\/\\\/nhd.org\\\/wp-content\\\/uploads\\\/2024\\\/06\\\/Parade-and-Special-Awards-188-scaled.jpeg\",\"datePublished\":\"2024-11-01T18:38:53+00:00\",\"dateModified\":\"2025-10-21T14:03:38+00:00\",\"breadcrumb\":{\"@id\":\"https:\\\/\\\/nhd.org\\\/news-events\\\/nhdteacheraward\\\/#breadcrumb\"},\"inLanguage\":\"pl-PL\",\"potentialAction\":[{\"@type\":\"ReadAction\",\"target\":[\"https:\\\/\\\/nhd.org\\\/news-events\\\/nhdteacheraward\\\/\"]}]},{\"@type\":\"ImageObject\",\"inLanguage\":\"pl-PL\",\"@id\":\"https:\\\/\\\/nhd.org\\\/news-events\\\/nhdteacheraward\\\/#primaryimage\",\"url\":\"https:\\\/\\\/nhd.org\\\/wp-content\\\/uploads\\\/2024\\\/06\\\/Parade-and-Special-Awards-188-scaled.jpeg\",\"contentUrl\":\"https:\\\/\\\/nhd.org\\\/wp-content\\\/uploads\\\/2024\\\/06\\\/Parade-and-Special-Awards-188-scaled.jpeg\",\"width\":2560,\"height\":1703},{\"@type\":\"BreadcrumbList\",\"@id\":\"https:\\\/\\\/nhd.org\\\/news-events\\\/nhdteacheraward\\\/#breadcrumb\",\"itemListElement\":[{\"@type\":\"ListItem\",\"position\":1,\"name\":\"Home\",\"item\":\"https:\\\/\\\/nhd.org\\\/en\\\/\"},{\"@type\":\"ListItem\",\"position\":2,\"name\":\"News &#038; Events\",\"item\":\"https:\\\/\\\/nhd.org\\\/en\\\/news-events\\\/\"},{\"@type\":\"ListItem\",\"position\":3,\"name\":\"Nominate yourself or an outstanding NHD teacher for our Teacher of the Year Award\"}]},{\"@type\":\"WebSite\",\"@id\":\"https:\\\/\\\/nhd.org\\\/en\\\/#website\",\"url\":\"https:\\\/\\\/nhd.org\\\/en\\\/\",\"name\":\"National History Day\",\"description\":\"National History Day improves the teaching and learning of history.\",\"publisher\":{\"@id\":\"https:\\\/\\\/nhd.org\\\/en\\\/#organization\"},\"potentialAction\":[{\"@type\":\"SearchAction\",\"target\":{\"@type\":\"EntryPoint\",\"urlTemplate\":\"https:\\\/\\\/nhd.org\\\/en\\\/?s={search_term_string}\"},\"query-input\":{\"@type\":\"PropertyValueSpecification\",\"valueRequired\":true,\"valueName\":\"search_term_string\"}}],\"inLanguage\":\"pl-PL\"},{\"@type\":\"Organization\",\"@id\":\"https:\\\/\\\/nhd.org\\\/en\\\/#organization\",\"name\":\"National History Day\",\"url\":\"https:\\\/\\\/nhd.org\\\/en\\\/\",\"logo\":{\"@type\":\"ImageObject\",\"inLanguage\":\"pl-PL\",\"@id\":\"https:\\\/\\\/nhd.org\\\/en\\\/#\\\/schema\\\/logo\\\/image\\\/\",\"url\":\"https:\\\/\\\/nhd.org\\\/wp-content\\\/uploads\\\/2023\\\/02\\\/NHDLogo_R_web.png\",\"contentUrl\":\"https:\\\/\\\/nhd.org\\\/wp-content\\\/uploads\\\/2023\\\/02\\\/NHDLogo_R_web.png\",\"width\":600,\"height\":503,\"caption\":\"National History Day\"},\"image\":{\"@id\":\"https:\\\/\\\/nhd.org\\\/en\\\/#\\\/schema\\\/logo\\\/image\\\/\"},\"sameAs\":[\"https:\\\/\\\/www.facebook.com\\\/nationalhistoryday\\\/\",\"https:\\\/\\\/x.com\\\/NationalHistory\",\"https:\\\/\\\/www.youtube.com\\\/c\\\/nationalhistoryday\",\"https:\\\/\\\/www.instagram.com\\\/nhdcontest\\\/\"]}]}<\/script>\n<!-- \/ Yoast SEO plugin. -->","yoast_head_json":{"title":"Nominuj siebie lub wybitnego nauczyciela NHD do nagrody Nauczyciela Roku - National History Day","robots":{"index":"index","follow":"follow","max-snippet":"max-snippet:-1","max-image-preview":"max-image-preview:large","max-video-preview":"max-video-preview:-1"},"canonical":"https:\/\/nhd.org\/pl\/news-events\/nhdteacheraward\/","og_locale":"pl_PL","og_type":"article","og_title":"Nominate yourself or an outstanding NHD teacher for our Teacher of the Year Award - National History Day","og_description":"Award Description: The National History Day Teacher of the Year Award recognizes two outstanding NHD teachers at the national level. Teachers can be nominated by others or can nominate themselves, &hellip;","og_url":"https:\/\/nhd.org\/pl\/news-events\/nhdteacheraward\/","og_site_name":"National History Day","article_publisher":"https:\/\/www.facebook.com\/nationalhistoryday\/","article_modified_time":"2025-10-21T14:03:38+00:00","og_image":[{"width":2560,"height":1703,"url":"https:\/\/nhd.org\/wp-content\/uploads\/2024\/06\/Parade-and-Special-Awards-188-scaled.jpeg","type":"image\/jpeg"}],"twitter_card":"summary_large_image","twitter_site":"@NationalHistory","twitter_misc":{"Szacowany czas czytania":"3 minuty"},"schema":{"@context":"https:\/\/schema.org","@graph":[{"@type":"WebPage","@id":"https:\/\/nhd.org\/news-events\/nhdteacheraward\/","url":"https:\/\/nhd.org\/news-events\/nhdteacheraward\/","name":"Nominuj siebie lub wybitnego nauczyciela NHD do nagrody Nauczyciela Roku - National History Day","isPartOf":{"@id":"https:\/\/nhd.org\/en\/#website"},"primaryImageOfPage":{"@id":"https:\/\/nhd.org\/news-events\/nhdteacheraward\/#primaryimage"},"image":{"@id":"https:\/\/nhd.org\/news-events\/nhdteacheraward\/#primaryimage"},"thumbnailUrl":"https:\/\/nhd.org\/wp-content\/uploads\/2024\/06\/Parade-and-Special-Awards-188-scaled.jpeg","datePublished":"2024-11-01T18:38:53+00:00","dateModified":"2025-10-21T14:03:38+00:00","breadcrumb":{"@id":"https:\/\/nhd.org\/news-events\/nhdteacheraward\/#breadcrumb"},"inLanguage":"pl-PL","potentialAction":[{"@type":"ReadAction","target":["https:\/\/nhd.org\/news-events\/nhdteacheraward\/"]}]},{"@type":"ImageObject","inLanguage":"pl-PL","@id":"https:\/\/nhd.org\/news-events\/nhdteacheraward\/#primaryimage","url":"https:\/\/nhd.org\/wp-content\/uploads\/2024\/06\/Parade-and-Special-Awards-188-scaled.jpeg","contentUrl":"https:\/\/nhd.org\/wp-content\/uploads\/2024\/06\/Parade-and-Special-Awards-188-scaled.jpeg","width":2560,"height":1703},{"@type":"BreadcrumbList","@id":"https:\/\/nhd.org\/news-events\/nhdteacheraward\/#breadcrumb","itemListElement":[{"@type":"ListItem","position":1,"name":"Home","item":"https:\/\/nhd.org\/en\/"},{"@type":"ListItem","position":2,"name":"News &#038; Events","item":"https:\/\/nhd.org\/en\/news-events\/"},{"@type":"ListItem","position":3,"name":"Nominate yourself or an outstanding NHD teacher for our Teacher of the Year Award"}]},{"@type":"WebSite","@id":"https:\/\/nhd.org\/en\/#website","url":"https:\/\/nhd.org\/en\/","name":"National History Day","description":"National History Day usprawnia nauczanie i uczenie si\u0119 historii.","publisher":{"@id":"https:\/\/nhd.org\/en\/#organization"},"potentialAction":[{"@type":"SearchAction","target":{"@type":"EntryPoint","urlTemplate":"https:\/\/nhd.org\/en\/?s={search_term_string}"},"query-input":{"@type":"PropertyValueSpecification","valueRequired":true,"valueName":"search_term_string"}}],"inLanguage":"pl-PL"},{"@type":"Organization","@id":"https:\/\/nhd.org\/en\/#organization","name":"National History Day","url":"https:\/\/nhd.org\/en\/","logo":{"@type":"ImageObject","inLanguage":"pl-PL","@id":"https:\/\/nhd.org\/en\/#\/schema\/logo\/image\/","url":"https:\/\/nhd.org\/wp-content\/uploads\/2023\/02\/NHDLogo_R_web.png","contentUrl":"https:\/\/nhd.org\/wp-content\/uploads\/2023\/02\/NHDLogo_R_web.png","width":600,"height":503,"caption":"National History Day"},"image":{"@id":"https:\/\/nhd.org\/en\/#\/schema\/logo\/image\/"},"sameAs":["https:\/\/www.facebook.com\/nationalhistoryday\/","https:\/\/x.com\/NationalHistory","https:\/\/www.youtube.com\/c\/nationalhistoryday","https:\/\/www.instagram.com\/nhdcontest\/"]}]}},"jetpack_sharing_enabled":true,"_links":{"self":[{"href":"https:\/\/nhd.org\/pl\/wp-json\/wp\/v2\/pages\/7549","targetHints":{"allow":["GET"]}}],"collection":[{"href":"https:\/\/nhd.org\/pl\/wp-json\/wp\/v2\/pages"}],"about":[{"href":"https:\/\/nhd.org\/pl\/wp-json\/wp\/v2\/types\/page"}],"author":[{"embeddable":true,"href":"https:\/\/nhd.org\/pl\/wp-json\/wp\/v2\/users\/12"}],"replies":[{"embeddable":true,"href":"https:\/\/nhd.org\/pl\/wp-json\/wp\/v2\/comments?post=7549"}],"version-history":[{"count":13,"href":"https:\/\/nhd.org\/pl\/wp-json\/wp\/v2\/pages\/7549\/revisions"}],"predecessor-version":[{"id":8750,"href":"https:\/\/nhd.org\/pl\/wp-json\/wp\/v2\/pages\/7549\/revisions\/8750"}],"up":[{"embeddable":true,"href":"https:\/\/nhd.org\/pl\/wp-json\/wp\/v2\/pages\/106"}],"wp:featuredmedia":[{"embeddable":true,"href":"https:\/\/nhd.org\/pl\/wp-json\/wp\/v2\/media\/7466"}],"wp:attachment":[{"href":"https:\/\/nhd.org\/pl\/wp-json\/wp\/v2\/media?parent=7549"}],"curies":[{"name":"wp","href":"https:\/\/api.w.org\/{rel}","templated":true}]}}